{"id":28403,"date":"2026-04-14T09:31:34","date_gmt":"2026-04-14T07:31:34","guid":{"rendered":"https:\/\/biblioteka.sum.edu.pl\/?page_id=28403"},"modified":"2026-04-16T08:06:15","modified_gmt":"2026-04-16T06:06:15","slug":"biuletyn-informacyjny-archiwum","status":"publish","type":"page","link":"https:\/\/biblioteka.sum.edu.pl\/en\/zasoby\/inne-bazy-wlasne\/biuletyn-informacyjny-archiwum\/","title":{"rendered":"Biuletyn Informacyjny Archiwum"},"content":{"rendered":"<h2 class=\"wp-block-heading\">Biuletyn Informacyjny \u015al\u0105skiej Akademii Medycznej w Katowicach <br>(\u015al\u0105skiego Uniwersytetu Medycznego w Katowicach)<br>Lata 2000-2005<\/h2>\n\n\n\n<div class=\"wp-block-columns is-layout-flex wp-container-core-columns-is-layout-28f84493 wp-block-columns-is-layout-flex\">\n<div class=\"wp-block-column is-layout-flow wp-block-column-is-layout-flow\" style=\"flex-basis:100%\">\n<div class=\"wp-block-essential-blocks-flex-container eb-flex-container-block root-eb-flex-container-ee0n0\"><div class=\"eb-parent-wrapper eb-parent-flex-container eb-parent-eb-flex-container-ee0n0\"><div class=\"eb-flex-container eb-flex-container-ee0n0\"><div class=\"eb-flex-container-inner\">\n<div class=\"wp-block-essential-blocks-flex-container eb-flex-container-block root-eb-flex-container-5j1yb\"><div class=\"eb-parent-wrapper eb-parent-flex-container eb-parent-eb-flex-container-5j1yb\"><div class=\"eb-flex-container eb-flex-container-5j1yb\"><div class=\"eb-flex-container-inner\">\n<h3 class=\"wp-block-heading\">Rok 2000<\/h3>\n<\/div><\/div><\/div><\/div>\n\n\n\n<div class=\"wp-block-essential-blocks-flex-container eb-flex-container-block root-eb-flex-container-mz352\"><div class=\"eb-parent-wrapper eb-parent-flex-container eb-parent-eb-flex-container-mz352\"><div class=\"eb-flex-container eb-flex-container-mz352\"><div class=\"eb-flex-container-inner\">\n<p class=\"has-text-align-right\">Nr 2000 \/ 1<br>Nr 2000 \/ 2<br>Nr 2000 \/ 3<br>Nr 2000 \/ 4<\/p>\n<\/div><\/div><\/div><\/div>\n\n\n\n<div class=\"wp-block-essential-blocks-flex-container eb-flex-container-block root-eb-flex-container-bx2w3\"><div class=\"eb-parent-wrapper eb-parent-flex-container eb-parent-eb-flex-container-bx2w3\"><div class=\"eb-flex-container eb-flex-container-bx2w3\"><div class=\"eb-flex-container-inner\">\n<p><a href=\"https:\/\/biblioteka.sum.edu.pl\/wp-content\/uploads\/2026\/04\/2000_1_BI_compressed.pdf\">Pobierz plik (pdf, 8 MB)<br><\/a><a href=\"https:\/\/biblioteka.sum.edu.pl\/wp-content\/uploads\/2026\/04\/2000_2_BI_compressed.pdf\">Pobierz plik (pdf, 10 MB)<br><\/a><a href=\"https:\/\/biblioteka.sum.edu.pl\/wp-content\/uploads\/2026\/04\/2000_3_BI_compressed.pdf\">Pobierz plik (pdf, 18 MB)<br><\/a><a href=\"https:\/\/biblioteka.sum.edu.pl\/wp-content\/uploads\/2026\/04\/2000_-4_BI_compressed.pdf\">Pobierz plik (pdf, 13 MB)<\/a><\/p>\n<\/div><\/div><\/div><\/div>\n<\/div><\/div><\/div><\/div>\n\n\n\n<div class=\"wp-block-essential-blocks-flex-container eb-flex-container-block root-eb-flex-container-eo0to\"><div class=\"eb-parent-wrapper eb-parent-flex-container eb-parent-eb-flex-container-eo0to\"><div class=\"eb-flex-container eb-flex-container-eo0to\"><div class=\"eb-flex-container-inner\">\n<div class=\"wp-block-essential-blocks-flex-container eb-flex-container-block root-eb-flex-container-13a3s\"><div class=\"eb-parent-wrapper eb-parent-flex-container eb-parent-eb-flex-container-13a3s\"><div class=\"eb-flex-container eb-flex-container-13a3s\"><div class=\"eb-flex-container-inner\">\n<h3 class=\"wp-block-heading\">Rok 2001<\/h3>\n<\/div><\/div><\/div><\/div>\n\n\n\n<div class=\"wp-block-essential-blocks-flex-container eb-flex-container-block root-eb-flex-container-ly97v\"><div class=\"eb-parent-wrapper eb-parent-flex-container eb-parent-eb-flex-container-ly97v\"><div class=\"eb-flex-container eb-flex-container-ly97v\"><div class=\"eb-flex-container-inner\">\n<p class=\"has-text-align-right\">Nr 2001 \/ 1<br>Nr 2001 \/ 2<br>Nr 2001 \/ 3<br>Nr 2001 \/ 4<br>Nr 2001 \/ 5<\/p>\n<\/div><\/div><\/div><\/div>\n\n\n\n<div class=\"wp-block-essential-blocks-flex-container eb-flex-container-block root-eb-flex-container-pban7\"><div class=\"eb-parent-wrapper eb-parent-flex-container eb-parent-eb-flex-container-pban7\"><div class=\"eb-flex-container eb-flex-container-pban7\"><div class=\"eb-flex-container-inner\">\n<p><a href=\"https:\/\/biblioteka.sum.edu.pl\/wp-content\/uploads\/2026\/04\/2001_1_BI_compressed.pdf\">Pobierz plik (pdf, 16 MB)<br><\/a><a href=\"https:\/\/biblioteka.sum.edu.pl\/wp-content\/uploads\/2026\/04\/2001_2_BI_compressed.pdf\">Pobierz plik (pdf, 18 MB)<br><\/a><a href=\"https:\/\/biblioteka.sum.edu.pl\/wp-content\/uploads\/2026\/04\/2001_3_BI_compressed.pdf\">Pobierz plik (pdf, 15 MB)<br><\/a><a href=\"https:\/\/biblioteka.sum.edu.pl\/wp-content\/uploads\/2026\/04\/2001_4_BI_compressed.pdf\">Pobierz plik (pdf, 21 MB)<br><\/a><a href=\"https:\/\/biblioteka.sum.edu.pl\/wp-content\/uploads\/2026\/04\/2001_5_BI_compressed.pdf\">Pobierz plik (pdf, 12 MB)<\/a><\/p>\n<\/div><\/div><\/div><\/div>\n<\/div><\/div><\/div><\/div>\n\n\n\n<div class=\"wp-block-essential-blocks-flex-container eb-flex-container-block root-eb-flex-container-ufguh\"><div class=\"eb-parent-wrapper eb-parent-flex-container eb-parent-eb-flex-container-ufguh\"><div class=\"eb-flex-container eb-flex-container-ufguh\"><div class=\"eb-flex-container-inner\">\n<div class=\"wp-block-essential-blocks-flex-container eb-flex-container-block root-eb-flex-container-aqbwf\"><div class=\"eb-parent-wrapper eb-parent-flex-container eb-parent-eb-flex-container-aqbwf\"><div class=\"eb-flex-container eb-flex-container-aqbwf\"><div class=\"eb-flex-container-inner\">\n<h3 class=\"wp-block-heading\">Rok 2002<\/h3>\n<\/div><\/div><\/div><\/div>\n\n\n\n<div class=\"wp-block-essential-blocks-flex-container eb-flex-container-block root-eb-flex-container-kuu4z\"><div class=\"eb-parent-wrapper eb-parent-flex-container eb-parent-eb-flex-container-kuu4z\"><div class=\"eb-flex-container eb-flex-container-kuu4z\"><div class=\"eb-flex-container-inner\">\n<p class=\"has-text-align-right\">Nr 2002 \/ 1<br>Nr 2002 \/ 2<br>Nr  2002 \/ 3<br>Nr 2002 \/ 4<\/p>\n<\/div><\/div><\/div><\/div>\n\n\n\n<div class=\"wp-block-essential-blocks-flex-container eb-flex-container-block root-eb-flex-container-chlna\"><div class=\"eb-parent-wrapper eb-parent-flex-container eb-parent-eb-flex-container-chlna\"><div class=\"eb-flex-container eb-flex-container-chlna\"><div class=\"eb-flex-container-inner\">\n<p><a href=\"https:\/\/biblioteka.sum.edu.pl\/wp-content\/uploads\/2026\/04\/2002_1_BI_compressed.pdf\">Pobierz plik (pdf, 20 MB)<br><\/a><a href=\"https:\/\/biblioteka.sum.edu.pl\/wp-content\/uploads\/2026\/04\/2002_2_BI_compressed.pdf\">Pobierz plik (pdf, 27 MB)<br><\/a><a href=\"https:\/\/biblioteka.sum.edu.pl\/wp-content\/uploads\/2026\/04\/2002_3_BI_compressed.pdf\">Pobierz plik (pdf, 18 MB)<br><\/a><a href=\"https:\/\/biblioteka.sum.edu.pl\/wp-content\/uploads\/2026\/04\/2002_4_BI_compressed.pdf\">Pobierz plik (pdf, 19 MB)<\/a><\/p>\n<\/div><\/div><\/div><\/div>\n<\/div><\/div><\/div><\/div>\n\n\n\n<div class=\"wp-block-essential-blocks-flex-container eb-flex-container-block root-eb-flex-container-pndi5\"><div class=\"eb-parent-wrapper eb-parent-flex-container eb-parent-eb-flex-container-pndi5\"><div class=\"eb-flex-container eb-flex-container-pndi5\"><div class=\"eb-flex-container-inner\">\n<div class=\"wp-block-essential-blocks-flex-container eb-flex-container-block root-eb-flex-container-xweqr\"><div class=\"eb-parent-wrapper eb-parent-flex-container eb-parent-eb-flex-container-xweqr\"><div class=\"eb-flex-container eb-flex-container-xweqr\"><div class=\"eb-flex-container-inner\">\n<h3 class=\"wp-block-heading\">Rok 2003<\/h3>\n<\/div><\/div><\/div><\/div>\n\n\n\n<div class=\"wp-block-essential-blocks-flex-container eb-flex-container-block root-eb-flex-container-tuq3l\"><div class=\"eb-parent-wrapper eb-parent-flex-container eb-parent-eb-flex-container-tuq3l\"><div class=\"eb-flex-container eb-flex-container-tuq3l\"><div class=\"eb-flex-container-inner\">\n<p class=\"has-text-align-right\">Nr  2003 \/ 1<br>Nr 2003 \/ 2<br>Nr 2003 \/ 3<br>Nr 2003 \/ 4<\/p>\n<\/div><\/div><\/div><\/div>\n\n\n\n<div class=\"wp-block-essential-blocks-flex-container eb-flex-container-block root-eb-flex-container-gfbtm\"><div class=\"eb-parent-wrapper eb-parent-flex-container eb-parent-eb-flex-container-gfbtm\"><div class=\"eb-flex-container eb-flex-container-gfbtm\"><div class=\"eb-flex-container-inner\">\n<p><a href=\"https:\/\/biblioteka.sum.edu.pl\/wp-content\/uploads\/2026\/04\/2003_1_BI_compressed.pdf\">Pobierz plik (pdf, 9 MB)<br><\/a><a href=\"https:\/\/biblioteka.sum.edu.pl\/wp-content\/uploads\/2026\/04\/2003_2_BI_compressed.pdf\">Pobierz plik (pdf, 18 MB)<br><\/a><a href=\"https:\/\/biblioteka.sum.edu.pl\/wp-content\/uploads\/2026\/04\/2003_3_BI_compressed.pdf\">Pobierz plik (pdf, 30 MB)<br><\/a><a href=\"https:\/\/biblioteka.sum.edu.pl\/wp-content\/uploads\/2026\/04\/2003_4_BI_compressed.pdf\">Pobierz plik (pdf, 17 MB)<\/a><\/p>\n<\/div><\/div><\/div><\/div>\n<\/div><\/div><\/div><\/div>\n\n\n\n<div class=\"wp-block-essential-blocks-flex-container eb-flex-container-block root-eb-flex-container-2arl5\"><div class=\"eb-parent-wrapper eb-parent-flex-container eb-parent-eb-flex-container-2arl5\"><div class=\"eb-flex-container eb-flex-container-2arl5\"><div class=\"eb-flex-container-inner\">\n<div class=\"wp-block-essential-blocks-flex-container eb-flex-container-block root-eb-flex-container-etkhw\"><div class=\"eb-parent-wrapper eb-parent-flex-container eb-parent-eb-flex-container-etkhw\"><div class=\"eb-flex-container eb-flex-container-etkhw\"><div class=\"eb-flex-container-inner\">\n<h3 class=\"wp-block-heading\">Rok 2004<\/h3>\n<\/div><\/div><\/div><\/div>\n\n\n\n<div class=\"wp-block-essential-blocks-flex-container eb-flex-container-block root-eb-flex-container-p37ng\"><div class=\"eb-parent-wrapper eb-parent-flex-container eb-parent-eb-flex-container-p37ng\"><div class=\"eb-flex-container eb-flex-container-p37ng\"><div class=\"eb-flex-container-inner\">\n<p class=\"has-text-align-right\">Nr 2004 \/ 1<br>Nr 2004 \/ 2<br>Nr 2004 \/ 3<br>Nr 2004 \/ 4<\/p>\n<\/div><\/div><\/div><\/div>\n\n\n\n<div class=\"wp-block-essential-blocks-flex-container eb-flex-container-block root-eb-flex-container-etb6h\"><div class=\"eb-parent-wrapper eb-parent-flex-container eb-parent-eb-flex-container-etb6h\"><div class=\"eb-flex-container eb-flex-container-etb6h\"><div class=\"eb-flex-container-inner\">\n<p><a href=\"https:\/\/biblioteka.sum.edu.pl\/wp-content\/uploads\/2026\/04\/2004_1_BI_compressed.pdf\">Pobierz plik (pdf, 13 MB)<br><\/a><a href=\"https:\/\/biblioteka.sum.edu.pl\/wp-content\/uploads\/2026\/04\/2004_2_BI_compressed.pdf\">Pobierz plik (pdf, 23 MB)<br><\/a><a href=\"https:\/\/biblioteka.sum.edu.pl\/wp-content\/uploads\/2026\/04\/2004_3_BI_compressed.pdf\">Pobierz plik (pdf, 25 MB)<br><\/a><a href=\"https:\/\/biblioteka.sum.edu.pl\/wp-content\/uploads\/2026\/04\/2004_4_BI_compressed.pdf\">Pobierz plik (pdf, 15 MB)<\/a><\/p>\n<\/div><\/div><\/div><\/div>\n<\/div><\/div><\/div><\/div>\n\n\n\n<div class=\"wp-block-essential-blocks-flex-container eb-flex-container-block root-eb-flex-container-ph5xn\"><div class=\"eb-parent-wrapper eb-parent-flex-container eb-parent-eb-flex-container-ph5xn\"><div class=\"eb-flex-container eb-flex-container-ph5xn\"><div class=\"eb-flex-container-inner\">\n<div class=\"wp-block-essential-blocks-flex-container eb-flex-container-block root-eb-flex-container-xjif3\"><div class=\"eb-parent-wrapper eb-parent-flex-container eb-parent-eb-flex-container-xjif3\"><div class=\"eb-flex-container eb-flex-container-xjif3\"><div class=\"eb-flex-container-inner\">\n<h3 class=\"wp-block-heading\">Rok 2005<\/h3>\n<\/div><\/div><\/div><\/div>\n\n\n\n<div class=\"wp-block-essential-blocks-flex-container eb-flex-container-block root-eb-flex-container-6hnkb\"><div class=\"eb-parent-wrapper eb-parent-flex-container eb-parent-eb-flex-container-6hnkb\"><div class=\"eb-flex-container eb-flex-container-6hnkb\"><div class=\"eb-flex-container-inner\">\n<p class=\"has-text-align-right\">Nr  2005 \/ 1<br>Nr 2005 \/ 1 Dodatek<br>Nr 2005 \/ 2<br>Nr 2005 \/ 3<br>Nr 2005 \/ 4<\/p>\n<\/div><\/div><\/div><\/div>\n\n\n\n<div class=\"wp-block-essential-blocks-flex-container eb-flex-container-block root-eb-flex-container-m37y2\"><div class=\"eb-parent-wrapper eb-parent-flex-container eb-parent-eb-flex-container-m37y2\"><div class=\"eb-flex-container eb-flex-container-m37y2\"><div class=\"eb-flex-container-inner\">\n<p><a href=\"https:\/\/biblioteka.sum.edu.pl\/wp-content\/uploads\/2026\/04\/2005_1_BI_compressed.pdf\">Pobierz plik (pdf, 23 MB)<br><\/a><a href=\"https:\/\/biblioteka.sum.edu.pl\/wp-content\/uploads\/2026\/04\/2005_1_dodatek_compressed.pdf\">Pobierz plik (pdf, 7 MB)<br><\/a><a href=\"https:\/\/biblioteka.sum.edu.pl\/wp-content\/uploads\/2026\/04\/2005_2_BI_compressed.pdf\">Pobierz plik (pdf, 32 MB)<br><\/a><a href=\"https:\/\/biblioteka.sum.edu.pl\/wp-content\/uploads\/2026\/04\/2005_3_BI_compressed.pdf\">Pobierz plik (pdf, 29 MB)<br><\/a><a href=\"https:\/\/biblioteka.sum.edu.pl\/wp-content\/uploads\/2026\/04\/2005_4_BI_compressed.pdf\">Pobierz plik (pdf, 21 MB)<\/a><\/p>\n<\/div><\/div><\/div><\/div>\n<\/div><\/div><\/div><\/div>\n<\/div>\n<\/div>\n\n\n\n<p><strong><a href=\"https:\/\/biblioteka.sum.edu.pl\/en\/zasoby\/inne-bazy-wlasne\/biuletyn-informacyjny\/\">Numery za lata 2006-2012<\/a><\/strong><\/p>\n\n\n\n<p><strong><a href=\"https:\/\/www.sbc.org.pl\/dlibra\/results?q=biuletyn+informacyjny+%C5%9Bl%C4%85ska+akademia+medyczna&amp;action=SimpleSearchAction&amp;type=-6&amp;p=0&amp;qf1=collections%3A75\">Numery archiwalne za lata 1991-1999 dost\u0119pne w \u015al\u0105skiej Bibliotece Cyfrowej<\/a><\/strong><\/p>\n\n\n\n<p><\/p>","protected":false},"excerpt":{"rendered":"<p>Biuletyn Informacyjny \u015al\u0105skiej Akademii Medycznej w Katowicach (\u015al\u0105skiego Uniwersytetu Medycznego w Katowicach)Lata 2000-2005 Numery za lata 2006-2012 Numery archiwalne za lata 1991-1999 dost\u0119pne w \u015al\u0105skiej Bibliotece Cyfrowej<\/p>","protected":false},"author":3,"featured_media":0,"parent":20788,"menu_order":0,"comment_status":"closed","ping_status":"closed","template":"","meta":{"_eb_attr":"","footnotes":""},"categories":[],"tags":[],"class_list":["post-28403","page","type-page","status-publish","hentry"],"publishpress_future_action":{"enabled":false,"date":"2026-05-02 11:30:03","action":"change-status","newStatus":"draft","terms":[],"taxonomy":"category","extraData":[]},"publishpress_future_workflow_manual_trigger":{"enabledWorkflows":[]},"_links":{"self":[{"href":"https:\/\/biblioteka.sum.edu.pl\/en\/wp-json\/wp\/v2\/pages\/28403","targetHints":{"allow":["GET"]}}],"collection":[{"href":"https:\/\/biblioteka.sum.edu.pl\/en\/wp-json\/wp\/v2\/pages"}],"about":[{"href":"https:\/\/biblioteka.sum.edu.pl\/en\/wp-json\/wp\/v2\/types\/page"}],"author":[{"embeddable":true,"href":"https:\/\/biblioteka.sum.edu.pl\/en\/wp-json\/wp\/v2\/users\/3"}],"replies":[{"embeddable":true,"href":"https:\/\/biblioteka.sum.edu.pl\/en\/wp-json\/wp\/v2\/comments?post=28403"}],"version-history":[{"count":7,"href":"https:\/\/biblioteka.sum.edu.pl\/en\/wp-json\/wp\/v2\/pages\/28403\/revisions"}],"predecessor-version":[{"id":28463,"href":"https:\/\/biblioteka.sum.edu.pl\/en\/wp-json\/wp\/v2\/pages\/28403\/revisions\/28463"}],"up":[{"embeddable":true,"href":"https:\/\/biblioteka.sum.edu.pl\/en\/wp-json\/wp\/v2\/pages\/20788"}],"wp:attachment":[{"href":"https:\/\/biblioteka.sum.edu.pl\/en\/wp-json\/wp\/v2\/media?parent=28403"}],"wp:term":[{"taxonomy":"category","embeddable":true,"href":"https:\/\/biblioteka.sum.edu.pl\/en\/wp-json\/wp\/v2\/categories?post=28403"},{"taxonomy":"post_tag","embeddable":true,"href":"https:\/\/biblioteka.sum.edu.pl\/en\/wp-json\/wp\/v2\/tags?post=28403"}],"curies":[{"name":"wp","href":"https:\/\/api.w.org\/{rel}","templated":true}]}}