{"id":28025,"date":"2026-03-25T08:11:37","date_gmt":"2026-03-25T07:11:37","guid":{"rendered":"https:\/\/biblioteka.sum.edu.pl\/?page_id=28025"},"modified":"2026-03-25T08:13:42","modified_gmt":"2026-03-25T07:13:42","slug":"zespol-ds-promocji-biblioteki","status":"publish","type":"page","link":"https:\/\/biblioteka.sum.edu.pl\/en\/zespol-ds-promocji-biblioteki\/","title":{"rendered":"Working Group for the Library Promotion"},"content":{"rendered":"<h2 class=\"wp-block-heading\">Working Group for the Library Promotion<\/h2>\n\n\n\n<p>Agnieszka Kwiatkowska-Bory\u015b (koordynator)<br>Karolina Barglik<br>Katarzyna Cukierska<br>Maria Derda<br>Anna Dyszka<br>Anna Starzykowska<br>Natalia Szopa<\/p>\n\n\n\n<p><\/p>","protected":false},"excerpt":{"rendered":"<p>Zesp\u00f3\u0142 ds. Promocji Biblioteki Agnieszka Kwiatkowska-Bory\u015b (koordynator)Karolina BarglikKatarzyna CukierskaMaria DerdaAnna DyszkaAnna StarzykowskaNatalia Szopa<\/p>","protected":false},"author":3,"featured_media":0,"parent":0,"menu_order":0,"comment_status":"closed","ping_status":"closed","template":"","meta":{"_eb_attr":"","footnotes":""},"categories":[],"tags":[],"class_list":["post-28025","page","type-page","status-publish","hentry"],"publishpress_future_action":{"enabled":false,"date":"2026-04-12 16:30:05","action":"change-status","newStatus":"draft","terms":[],"taxonomy":"category","extraData":[]},"publishpress_future_workflow_manual_trigger":{"enabledWorkflows":[]},"_links":{"self":[{"href":"https:\/\/biblioteka.sum.edu.pl\/en\/wp-json\/wp\/v2\/pages\/28025","targetHints":{"allow":["GET"]}}],"collection":[{"href":"https:\/\/biblioteka.sum.edu.pl\/en\/wp-json\/wp\/v2\/pages"}],"about":[{"href":"https:\/\/biblioteka.sum.edu.pl\/en\/wp-json\/wp\/v2\/types\/page"}],"author":[{"embeddable":true,"href":"https:\/\/biblioteka.sum.edu.pl\/en\/wp-json\/wp\/v2\/users\/3"}],"replies":[{"embeddable":true,"href":"https:\/\/biblioteka.sum.edu.pl\/en\/wp-json\/wp\/v2\/comments?post=28025"}],"version-history":[{"count":4,"href":"https:\/\/biblioteka.sum.edu.pl\/en\/wp-json\/wp\/v2\/pages\/28025\/revisions"}],"predecessor-version":[{"id":28030,"href":"https:\/\/biblioteka.sum.edu.pl\/en\/wp-json\/wp\/v2\/pages\/28025\/revisions\/28030"}],"wp:attachment":[{"href":"https:\/\/biblioteka.sum.edu.pl\/en\/wp-json\/wp\/v2\/media?parent=28025"}],"wp:term":[{"taxonomy":"category","embeddable":true,"href":"https:\/\/biblioteka.sum.edu.pl\/en\/wp-json\/wp\/v2\/categories?post=28025"},{"taxonomy":"post_tag","embeddable":true,"href":"https:\/\/biblioteka.sum.edu.pl\/en\/wp-json\/wp\/v2\/tags?post=28025"}],"curies":[{"name":"wp","href":"https:\/\/api.w.org\/{rel}","templated":true}]}}