{"id":27872,"date":"2026-02-19T15:03:41","date_gmt":"2026-02-19T14:03:41","guid":{"rendered":"https:\/\/biblioteka.sum.edu.pl\/?page_id=27872"},"modified":"2026-02-19T15:04:22","modified_gmt":"2026-02-19T14:04:22","slug":"narzedzia-edukacyjne-sum","status":"publish","type":"page","link":"https:\/\/biblioteka.sum.edu.pl\/en\/zasoby\/najczesciej-uzywane-bazy\/narzedzia-edukacyjne-sum\/","title":{"rendered":"Narz\u0119dzia edukacyjne \u015aUM"},"content":{"rendered":"<h2 class=\"wp-block-heading\">Narz\u0119dzia edukacyjne \u015aUM<\/h2>\n\n\n\n<p class=\"has-text-align-left\">Narz\u0119dzia dost\u0119pne s\u0105 w serwisie <a href=\"https:\/\/elearning.sum.edu.pl\/\">https:\/\/elearning.sum.edu.pl\/<\/a> &#8211; po zalogowaniu.<\/p>\n\n\n\n<ol class=\"wp-block-list\">\n<li><a href=\"https:\/\/elearning.sum.edu.pl\/course\/view.php?id=13053\">Przegl\u0105darka Preparat\u00f3w Histologicznych &#8211; AI<\/a><\/li>\n\n\n\n<li><a href=\"https:\/\/elearning.sum.edu.pl\/course\/view.php?id=13049\">Preparaty Anatomiczne 3D &#8211; SZPILKI<\/a><\/li>\n\n\n\n<li><a href=\"https:\/\/elearning.sum.edu.pl\/course\/view.php?id=13038\">Atlas porodu 3D<\/a><\/li>\n\n\n\n<li><a href=\"https:\/\/elearning.sum.edu.pl\/course\/view.php?id=12496\">Maluszkowy Start<\/a><\/li>\n\n\n\n<li><a href=\"https:\/\/elearning.sum.edu.pl\/course\/view.php?id=12353\">Przegl\u0105darka Preparat\u00f3w Anatomicznych 3D - Anatomy Structure Viewer 3D<\/a><\/li>\n<\/ol>","protected":false},"excerpt":{"rendered":"<p>Narz\u0119dzia edukacyjne \u015aUM Narz\u0119dzia dost\u0119pne s\u0105 w serwisie https:\/\/elearning.sum.edu.pl\/ &#8211; po zalogowaniu.<\/p>","protected":false},"author":3,"featured_media":0,"parent":23302,"menu_order":0,"comment_status":"closed","ping_status":"closed","template":"","meta":{"_eb_attr":"","footnotes":""},"categories":[],"tags":[],"class_list":["post-27872","page","type-page","status-publish","hentry"],"publishpress_future_action":{"enabled":false,"date":"2026-04-12 16:12:31","action":"change-status","newStatus":"draft","terms":[],"taxonomy":"category","extraData":[]},"publishpress_future_workflow_manual_trigger":{"enabledWorkflows":[]},"_links":{"self":[{"href":"https:\/\/biblioteka.sum.edu.pl\/en\/wp-json\/wp\/v2\/pages\/27872","targetHints":{"allow":["GET"]}}],"collection":[{"href":"https:\/\/biblioteka.sum.edu.pl\/en\/wp-json\/wp\/v2\/pages"}],"about":[{"href":"https:\/\/biblioteka.sum.edu.pl\/en\/wp-json\/wp\/v2\/types\/page"}],"author":[{"embeddable":true,"href":"https:\/\/biblioteka.sum.edu.pl\/en\/wp-json\/wp\/v2\/users\/3"}],"replies":[{"embeddable":true,"href":"https:\/\/biblioteka.sum.edu.pl\/en\/wp-json\/wp\/v2\/comments?post=27872"}],"version-history":[{"count":3,"href":"https:\/\/biblioteka.sum.edu.pl\/en\/wp-json\/wp\/v2\/pages\/27872\/revisions"}],"predecessor-version":[{"id":27875,"href":"https:\/\/biblioteka.sum.edu.pl\/en\/wp-json\/wp\/v2\/pages\/27872\/revisions\/27875"}],"up":[{"embeddable":true,"href":"https:\/\/biblioteka.sum.edu.pl\/en\/wp-json\/wp\/v2\/pages\/23302"}],"wp:attachment":[{"href":"https:\/\/biblioteka.sum.edu.pl\/en\/wp-json\/wp\/v2\/media?parent=27872"}],"wp:term":[{"taxonomy":"category","embeddable":true,"href":"https:\/\/biblioteka.sum.edu.pl\/en\/wp-json\/wp\/v2\/categories?post=27872"},{"taxonomy":"post_tag","embeddable":true,"href":"https:\/\/biblioteka.sum.edu.pl\/en\/wp-json\/wp\/v2\/tags?post=27872"}],"curies":[{"name":"wp","href":"https:\/\/api.w.org\/{rel}","templated":true}]}}