{"id":27596,"date":"2026-01-27T12:10:22","date_gmt":"2026-01-27T11:10:22","guid":{"rendered":"https:\/\/biblioteka.sum.edu.pl\/?page_id=27596"},"modified":"2026-01-30T13:28:10","modified_gmt":"2026-01-30T12:28:10","slug":"love-data-week","status":"publish","type":"page","link":"https:\/\/biblioteka.sum.edu.pl\/en\/dla-publikujacych\/open-access\/love-data-week\/","title":{"rendered":"Love Data Week 2026 w \u015aUM\u00a0"},"content":{"rendered":"<figure class=\"wp-block-image size-large\"><img loading=\"lazy\" decoding=\"async\" width=\"1024\" height=\"256\" src=\"https:\/\/biblioteka.sum.edu.pl\/wp-content\/uploads\/2026\/01\/grafika_baner-1-1024x256.jpg\" alt=\"\" class=\"wp-image-27613\" srcset=\"https:\/\/biblioteka.sum.edu.pl\/wp-content\/uploads\/2026\/01\/grafika_baner-1-1024x256.jpg 1024w, https:\/\/biblioteka.sum.edu.pl\/wp-content\/uploads\/2026\/01\/grafika_baner-1-300x75.jpg 300w, https:\/\/biblioteka.sum.edu.pl\/wp-content\/uploads\/2026\/01\/grafika_baner-1-768x192.jpg 768w, https:\/\/biblioteka.sum.edu.pl\/wp-content\/uploads\/2026\/01\/grafika_baner-1-1536x384.jpg 1536w, https:\/\/biblioteka.sum.edu.pl\/wp-content\/uploads\/2026\/01\/grafika_baner-1-18x5.jpg 18w, https:\/\/biblioteka.sum.edu.pl\/wp-content\/uploads\/2026\/01\/grafika_baner-1.jpg 1584w\" sizes=\"auto, (max-width: 1024px) 100vw, 1024px\" \/><\/figure>\n\n\n\n<h5 class=\"wp-block-heading has-text-align-center\"><strong>9-13.02.2025<\/strong><\/h5>\n\n\n\n<div class=\"wp-block-kadence-accordion alignnone\"><div class=\"kt-accordion-wrap kt-accordion-id27596_04d2f3-8e kt-accordion-has-16-panes kt-active-pane-0 kt-accordion-block kt-pane-header-alignment-left kt-accodion-icon-style-arrow kt-accodion-icon-side-right\" style=\"max-width:none\"><div class=\"kt-accordion-inner-wrap\" data-allow-multiple-open=\"false\" data-start-open=\"none\">\n<div class=\"wp-block-kadence-pane kt-accordion-pane kt-accordion-pane-13 kt-pane27596_947a7b-bf\"><div class=\"kt-accordion-header-wrap\"><button class=\"kt-blocks-accordion-header kt-acccordion-button-label-show\" type=\"button\"><span class=\"kt-blocks-accordion-title-wrap\"><span class=\"kt-blocks-accordion-title\"><strong>Where\u2019s&nbsp;the Data?<\/strong>&nbsp;<\/span><\/span><span class=\"kt-blocks-accordion-icon-trigger\"><\/span><\/button><\/div><div class=\"kt-accordion-panel kt-accordion-panel-hidden\"><div class=\"kt-accordion-panel-inner\">\n<p><strong>9\u201313 February 2026 | Medical University of Silesia in Katowice<\/strong>&nbsp;<\/p>\n\n\n\n<p>Love Data Week is an international initiative launched by&nbsp;<strong>ICPSR (Inter-university&nbsp;Consortium&nbsp;for&nbsp;Political&nbsp;and&nbsp;Social&nbsp;Research)<\/strong>, which aims to promote good practices in the field of&nbsp;<strong>research data management<\/strong>, their sharing and reuse.&nbsp;<\/p>\n\n\n\n<p>The theme of the 2026 edition is:&nbsp; <strong>Where\u2019s&nbsp;the Data?<\/strong>&nbsp;<\/p>\n\n\n\n<p>This is a question that is being asked with increasing frequency, not only in discussions about research integrity, but also in the context of grant requirements, the evaluation of research output and scientific transparency.&nbsp; <\/p>\n\n\n\n<p>At the Medical University of Silesia, we are dedicating Love Data Week 2026 to&nbsp;<strong>the practical aspects of open research data<\/strong>&nbsp;\u2014 without getting bogged down in theory, but with practical support for researchers.&nbsp;<\/p>\n<\/div><\/div><\/div>\n\n\n\n<div class=\"wp-block-kadence-pane kt-accordion-pane kt-accordion-pane-2 kt-pane27596_06fb36-53\"><div class=\"kt-accordion-header-wrap\"><button class=\"kt-blocks-accordion-header kt-acccordion-button-label-show\" type=\"button\"><span class=\"kt-blocks-accordion-title-wrap\"><span class=\"kt-blocks-accordion-title\"><strong>What is open research data?<\/strong>&nbsp;<\/span><\/span><span class=\"kt-blocks-accordion-icon-trigger\"><\/span><\/button><\/div><div class=\"kt-accordion-panel kt-accordion-panel-hidden\"><div class=\"kt-accordion-panel-inner\">\n<p><strong>Open\u00a0Research\u00a0Data<\/strong>&nbsp;to dane uzyskane lub wytworzone w procesie badawczym, kt\u00f3re zosta\u0142y wykorzystane w pracy naukowej i s\u0105 udost\u0119pniane w spos\u00f3b umo\u017cliwiaj\u0105cy:&nbsp;<\/p>\n\n\n\n<ul class=\"wp-block-list\">\n<li>free access,&nbsp;<\/li>\n\n\n\n<li>reuse,&nbsp;<\/li>\n\n\n\n<li>verification of test results,&nbsp;<\/li>\n\n\n\n<li>replication or further analysis of the data.&nbsp;<\/li>\n<\/ul>\n\n\n\n<p>Open research data can take various forms \u2014 from numerical and tabular data, through text, images and multimedia materials, to structured data and research documentation.&nbsp;<br>The key point is that&nbsp;<strong>information regarding the existence of the data should be publicly available<\/strong>, even if the data itself \u2014 for legitimate reasons \u2014 cannot be made fully open.&nbsp;<\/p>\n\n\n\n<p>Research data is collected and made available in, among other places:&nbsp;<\/p>\n\n\n\n<ul class=\"wp-block-list\">\n<li>research data repositories,&nbsp;<\/li>\n\n\n\n<li>magazines of the type&nbsp;<em>data&nbsp;journals<\/em>.&nbsp;<\/li>\n<\/ul>\n<\/div><\/div><\/div>\n\n\n\n<div class=\"wp-block-kadence-pane kt-accordion-pane kt-accordion-pane-14 kt-pane27596_067051-4b\"><div class=\"kt-accordion-header-wrap\"><button class=\"kt-blocks-accordion-header kt-acccordion-button-label-show\" type=\"button\"><span class=\"kt-blocks-accordion-title-wrap\"><span class=\"kt-blocks-accordion-title\"><strong>Why is research data so important today?<\/strong>&nbsp;<\/span><\/span><span class=\"kt-blocks-accordion-icon-trigger\"><\/span><\/button><\/div><div class=\"kt-accordion-panel kt-accordion-panel-hidden\"><div class=\"kt-accordion-panel-inner\">\n<p>Opening up research data is not just a matter of goodwill or trends in science. It is&nbsp;<strong>the consequence of systemic changes<\/strong>, which include research funding, grant-awarding bodies\u2019 policies and expectations of research institutions.&nbsp;<\/p>\n\n\n\n<p>The benefits for science include, amongst others:&nbsp;<\/p>\n\n\n\n<ul class=\"wp-block-list\">\n<li>improving the quality and reliability of research,&nbsp;<\/li>\n\n\n\n<li>increasing the transparency of the research process,&nbsp;<\/li>\n\n\n\n<li>reducing duplication of tests,&nbsp;<\/li>\n\n\n\n<li>the opportunity to utilise unique data that cannot be collected again,&nbsp;<\/li>\n\n\n\n<li>better reproducibility and consistency of results,&nbsp;<\/li>\n\n\n\n<li>the development of interdisciplinary cooperation,&nbsp;<\/li>\n\n\n\n<li>increased visibility and citation rates of research,&nbsp;<\/li>\n\n\n\n<li>an increase in public confidence in science,&nbsp;<\/li>\n\n\n\n<li>preparing data for analysis using AI technology,&nbsp;<\/li>\n\n\n\n<li>the development of<em>citizen&nbsp;science<\/em>).&nbsp;<\/li>\n<\/ul>\n<\/div><\/div><\/div>\n\n\n\n<div class=\"wp-block-kadence-pane kt-accordion-pane kt-accordion-pane-15 kt-pane27596_51a4a9-7e\"><div class=\"kt-accordion-header-wrap\"><button class=\"kt-blocks-accordion-header kt-acccordion-button-label-show\" type=\"button\"><span class=\"kt-blocks-accordion-title-wrap\"><span class=\"kt-blocks-accordion-title\"><strong>Open access policy for research data<\/strong>&nbsp;<\/span><\/span><span class=\"kt-blocks-accordion-icon-trigger\"><\/span><\/button><\/div><div class=\"kt-accordion-panel kt-accordion-panel-hidden\"><div class=\"kt-accordion-panel-inner\">\n<p><strong>Ministry of Science and Higher Education (2025)<\/strong>&nbsp;<\/p>\n\n\n\n<p>In 2025, the Ministry of Science and Higher Education published a document\u00a0<br><a href=\"https:\/\/www.gov.pl\/web\/nauka\/polityka-otwartego-dostepu-do-danych-badawczych-finansowanych-ze-srodkow-publicznych2\" data-type=\"link\" data-id=\"https:\/\/www.gov.pl\/web\/nauka\/polityka-otwartego-dostepu-do-danych-badawczych-finansowanych-ze-srodkow-publicznych2\"><strong>\u2018Policy on open access to publicly funded research data\u2019<\/strong>.\u00a0<\/a><\/p>\n\n\n\n<p>This document&nbsp;<strong>is not prescriptive<\/strong>, but:&nbsp;<\/p>\n\n\n\n<ul class=\"wp-block-list\">\n<li>sets the direction for action,&nbsp;<\/li>\n\n\n\n<li>brings existing initiatives under one umbrella,&nbsp;<\/li>\n\n\n\n<li>sets out the objectives and a plan for achieving them.&nbsp;<\/li>\n<\/ul>\n\n\n\n<p>G\u0142\u00f3wnym celem polityki jest stworzenie ram zapewniaj\u0105cych&nbsp;<strong>the security and accessibility of publicly funded research data<\/strong>, in accordance with the principle:&nbsp;<\/p>\n\n\n\n<p class=\"has-text-align-center\"><strong>\u201cAs open as possible, as closed as necessary\u201d<\/strong>&nbsp;<br>(<em>as open as&nbsp;possible, as&nbsp;closed&nbsp;as&nbsp;necessary<\/em>)&nbsp;<\/p>\n\n\n\n<p>This policy is aimed at:&nbsp;<\/p>\n\n\n\n<ul class=\"wp-block-list\">\n<li>universities and research institutes,&nbsp;<\/li>\n\n\n\n<li>research funding agencies (NCN, NCBR),&nbsp;<\/li>\n\n\n\n<li>scientists,&nbsp;<\/li>\n\n\n\n<li>the private and education sectors,&nbsp;<\/li>\n\n\n\n<li>participants in civic education.&nbsp;<\/li>\n<\/ul>\n<\/div><\/div><\/div>\n\n\n\n<div class=\"wp-block-kadence-pane kt-accordion-pane kt-accordion-pane-16 kt-pane27596_d3701a-ae\"><div class=\"kt-accordion-header-wrap\"><button class=\"kt-blocks-accordion-header kt-acccordion-button-label-show\" type=\"button\"><span class=\"kt-blocks-accordion-title-wrap\"><span class=\"kt-blocks-accordion-title\"><strong>National Science Centre \u2013 research data&nbsp;<\/strong>&nbsp;<\/span><\/span><span class=\"kt-blocks-accordion-icon-trigger\"><\/span><\/button><\/div><div class=\"kt-accordion-panel kt-accordion-panel-hidden\"><div class=\"kt-accordion-panel-inner\">\n<p>At national level, it is of key importance that\u00a0<strong><a href=\"https:\/\/www.ncn.gov.pl\/aktualnosci\/2025-06-26-nowe-zasady-open-access-w-ncn\" data-type=\"link\" data-id=\"https:\/\/www.ncn.gov.pl\/aktualnosci\/2025-06-26-nowe-zasady-open-access-w-ncn\">Order No. 39\/2025 of the Director of the National Science Centre dated 26 June 2025<\/a><\/strong>\u00a0regarding the policy on the publication of research results.\u00a0<\/p>\n\n\n\n<p>Although certain rules regarding Open Access publishing were relaxed in 2025 (for example, publications under the closed-access model were permitted)&nbsp;<strong>the rules concerning research data remained unchanged<\/strong>:&nbsp;<\/p>\n\n\n\n<p><strong>Research data should be made available regardless of the article\u2019s publication model<\/strong>,&nbsp;<br>provided there are no substantive grounds for restricting their availability&nbsp;<\/p>\n\n\n\n<p>For years, the NCN has also required&nbsp;<strong>planu zarz\u0105dzania danymi (DMP)<\/strong>&nbsp;as part of grant applications.&nbsp;<br>The NCN guidelines can be regarded as&nbsp;<strong>a practical framework for DMP<\/strong>, which is then developed during the project implementation phase.&nbsp;<\/p>\n<\/div><\/div><\/div>\n\n\n\n<div class=\"wp-block-kadence-pane kt-accordion-pane kt-accordion-pane-6 kt-pane27596_733b9b-4e\"><div class=\"kt-accordion-header-wrap\"><button class=\"kt-blocks-accordion-header kt-acccordion-button-label-show\" type=\"button\"><span class=\"kt-blocks-accordion-title-wrap\"><span class=\"kt-blocks-accordion-title\"><strong>Horizon Europe and the FAIR principles<\/strong>&nbsp;<\/span><\/span><span class=\"kt-blocks-accordion-icon-trigger\"><\/span><\/button><\/div><div class=\"kt-accordion-panel kt-accordion-panel-hidden\"><div class=\"kt-accordion-panel-inner\">\n<p>On the programme&nbsp;<strong>Horyzont Europa<\/strong>&nbsp;The European Commission requires beneficiaries to:&nbsp;<\/p>\n\n\n\n<ul class=\"wp-block-list\">\n<li>open access to academic publications,&nbsp;<\/li>\n\n\n\n<li>responsible management of research data,&nbsp;<\/li>\n\n\n\n<li>to ensure that data complies with the rules&nbsp;<strong>FAIR<\/strong>.&nbsp;<\/li>\n<\/ul>\n\n\n\n<p>FAIR means that data should be:&nbsp;<\/p>\n\n\n\n<ul class=\"wp-block-list\">\n<li><strong>Findable<\/strong>&nbsp;\u2013 mo\u017cliwe do odnalezienia,&nbsp;<\/li>\n\n\n\n<li><strong>Accessible<\/strong>&nbsp;\u2013 dost\u0119pne,&nbsp;<\/li>\n\n\n\n<li><strong>Interoperable<\/strong>&nbsp;\u2013&nbsp;interoperacyjne,&nbsp;<\/li>\n\n\n\n<li><strong>Reusable<\/strong>&nbsp;\u2013 mo\u017cliwe do ponownego wykorzystania.&nbsp;<\/li>\n<\/ul>\n\n\n\n<p>Research data repositories, such as\u00a0<strong><a href=\"https:\/\/ppm.sum.edu.pl\/index.seam?lang=en&amp;cid=38682\" data-type=\"link\" data-id=\"https:\/\/ppm.sum.edu.pl\">PPM \u015aUM<\/a><\/strong>are one of the key tools for putting these principles into practice.\u00a0<\/p>\n<\/div><\/div><\/div>\n\n\n\n<div class=\"wp-block-kadence-pane kt-accordion-pane kt-accordion-pane-16 kt-pane27596_e8560b-fe\"><div class=\"kt-accordion-header-wrap\"><button class=\"kt-blocks-accordion-header kt-acccordion-button-label-show\" type=\"button\"><span class=\"kt-blocks-accordion-title-wrap\"><span class=\"kt-blocks-accordion-title\"><strong>PPM \u015aUM \u2013 a repository of publications and research data<\/strong>&nbsp;<\/span><\/span><span class=\"kt-blocks-accordion-icon-trigger\"><\/span><\/button><\/div><div class=\"kt-accordion-panel kt-accordion-panel-hidden\"><div class=\"kt-accordion-panel-inner\">\n<p><strong><a href=\"https:\/\/ppm.sum.edu.pl\/index.seam?lang=en&amp;cid=38682\" data-type=\"link\" data-id=\"https:\/\/ppm.sum.edu.pl\">\u015aUM Medical Platform (PPM \u015aUM)<\/a><\/strong>\u00a0is the university\u2019s repository, which serves a dual purpose:\u00a0<\/p>\n\n\n\n<p><strong>Research data repository<\/strong>&nbsp;<\/p>\n\n\n\n<p>This is a systematically managed digital platform that enables:&nbsp;<\/p>\n\n\n\n<ul class=\"wp-block-list\">\n<li>storage,&nbsp;<\/li>\n\n\n\n<li>sharing,&nbsp;<\/li>\n\n\n\n<li>archiving of research data,&nbsp;<\/li>\n\n\n\n<li>long-term data availability,&nbsp;<\/li>\n\n\n\n<li>linking data to publications and research projects.&nbsp;<\/li>\n<\/ul>\n\n\n\n<p><strong>Publications repository<\/strong>&nbsp;<\/p>\n\n\n\n<p>The platform provides permanent access to:&nbsp;<\/p>\n\n\n\n<ul class=\"wp-block-list\">\n<li>scientific articles,&nbsp;<\/li>\n\n\n\n<li>reports,&nbsp;<\/li>\n\n\n\n<li>other research materials,  promoting open access and the visibility of the University of Silesia\u2019s research output.&nbsp;<\/li>\n<\/ul>\n<\/div><\/div><\/div>\n\n\n\n<div class=\"wp-block-kadence-pane kt-accordion-pane kt-accordion-pane-16 kt-pane27596_84603d-18\"><div class=\"kt-accordion-header-wrap\"><button class=\"kt-blocks-accordion-header kt-acccordion-button-label-show\" type=\"button\"><span class=\"kt-blocks-accordion-title-wrap\"><span class=\"kt-blocks-accordion-title\"><strong>Open research data in the internal records of the Medical University of Silesia<\/strong>&nbsp;<\/span><\/span><span class=\"kt-blocks-accordion-icon-trigger\"><\/span><\/button><\/div><div class=\"kt-accordion-panel kt-accordion-panel-hidden\"><div class=\"kt-accordion-panel-inner\">\n<p><strong><a href=\"https:\/\/aktyprawne.sum.edu.pl\/?number=127%2F2018\">Resolution No. 127\/2018 of the Senate of the Medical University of Silesia dated 24 October 2018 (in Polish)<\/a><\/strong>\u00a0<\/p>\n\n\n\n<p>Open-door policy <a href=\"https:\/\/ppm.sum.edu.pl\/index.seam?lang=en&amp;cid=38682\">Polskiej Platformy Medycznej \u015aUM<\/a> refers directly to the research data.\u00a0<\/p>\n\n\n\n<p>The resolution emphasises, among other things:&nbsp;<\/p>\n\n\n\n<ul class=\"wp-block-list\">\n<li>the need to draw up and update data management plans,&nbsp;<\/li>\n\n\n\n<li>the aim of making data and metadata openly available,&nbsp;<\/li>\n\n\n\n<li>the importance of long-term data archiving,&nbsp;<\/li>\n\n\n\n<li>the responsibility of data creators for the accuracy, traceability and usability of the data,&nbsp;<\/li>\n\n\n\n<li>the role of a repository as the primary repository for research data.&nbsp;<\/li>\n<\/ul>\n<\/div><\/div><\/div>\n\n\n\n<div class=\"wp-block-kadence-pane kt-accordion-pane kt-accordion-pane-16 kt-pane27596_c11175-13\"><div class=\"kt-accordion-header-wrap\"><button class=\"kt-blocks-accordion-header kt-acccordion-button-label-show\" type=\"button\"><span class=\"kt-blocks-accordion-title-wrap\"><span class=\"kt-blocks-accordion-title\"><strong>How do I deposit research data with PPM \u015aUM?<\/strong>&nbsp;<\/span><\/span><span class=\"kt-blocks-accordion-icon-trigger\"><\/span><\/button><\/div><div class=\"kt-accordion-panel kt-accordion-panel-hidden\"><div class=\"kt-accordion-panel-inner\">\n<p><strong>Repository and Open Science Promotion Department<\/strong>&nbsp;supports researchers at the Medical University of Silesia&nbsp;<strong>at every stage of research data deposit<\/strong>.&nbsp;<br>The whole process can be carried out&nbsp;<strong>remotely, by email<\/strong>, without having to navigate the procedures yourself.&nbsp;<\/p>\n\n\n\n<p class=\"has-text-align-center\"><strong>What do you need to prepare?<\/strong>&nbsp;<\/p>\n\n\n\n<p><strong>Data information:<\/strong>&nbsp;<\/p>\n\n\n\n<ul class=\"wp-block-list\">\n<li>Creator \/ author of the data&nbsp;<\/li>\n\n\n\n<li>Responsible unit&nbsp;<\/li>\n\n\n\n<li>Data title (PL and EN)&nbsp;<\/li>\n\n\n\n<li>Year of establishment&nbsp;<\/li>\n\n\n\n<li>Keywords (PL and EN)&nbsp;<\/li>\n\n\n\n<li>Academic discipline (in accordance with Act 2.0)&nbsp;<\/li>\n\n\n\n<li>Abstract (PL and EN)&nbsp;<\/li>\n\n\n\n<li>Related publication (if any)&nbsp;<\/li>\n\n\n\n<li>Research project and project leader (if applicable)&nbsp;<\/li>\n<\/ul>\n\n\n\n<p><strong>Information regarding the licence agreement:<\/strong>&nbsp;<\/p>\n\n\n\n<ul class=\"wp-block-list\">\n<li>first name and surname,&nbsp;<\/li>\n\n\n\n<li>place of residence,&nbsp;<\/li>\n\n\n\n<li>work email address.&nbsp;<\/li>\n<\/ul>\n\n\n\n<p><strong>Data formats:<\/strong>&nbsp;<br>Zalecane s\u0105&nbsp;<strong>open formats<\/strong>, enabling long-term access to and reuse of data (e.g. CSV, PDF, TIFF, XML).&nbsp;<\/p>\n\n\n\n<p><strong>What does PPM \u015aUM offer? <a href=\"https:\/\/ppm.sum.edu.pl\/index.seam?lang=en&amp;cid=38682\">PPM \u015aUM<\/a>?<\/strong>\u00a0<\/p>\n\n\n\n<p>Once the data has been submitted:&nbsp;<\/p>\n\n\n\n<ul class=\"wp-block-list\">\n<li>a permanent DOI identifier is assigned&nbsp;<strong>DOI<\/strong>,&nbsp;<\/li>\n\n\n\n<li>the data may be made available in&nbsp;<strong>the  Open Access model<\/strong>,&nbsp;<\/li>\n\n\n\n<li>you can choose a licence (e.g. CC BY),&nbsp;<\/li>\n\n\n\n<li>long-term storage is guaranteed,&nbsp;<\/li>\n\n\n\n<li>the data complies with the rules&nbsp;<strong>FAIR<\/strong>,&nbsp;<\/li>\n\n\n\n<li>The record contains information on funding (e.g. NCN).&nbsp;<\/li>\n<\/ul>\n\n\n\n<p><strong>Contact:<\/strong>&nbsp;<br>Krzysztof Go\u015bciniak&nbsp;<br>Open Science Repository and Promotion Department\u202f&nbsp;<br>kgosciniak@sum.edu.pl<\/p>\n<\/div><\/div><\/div>\n\n\n\n<div class=\"wp-block-kadence-pane kt-accordion-pane kt-accordion-pane-16 kt-pane27596_9cd2bd-45\"><div class=\"kt-accordion-header-wrap\"><button class=\"kt-blocks-accordion-header kt-acccordion-button-label-show\" type=\"button\"><span class=\"kt-blocks-accordion-title-wrap\"><span class=\"kt-blocks-accordion-title\"><strong>Online training: depositing open research data&nbsp;<br>SUM Repository<\/strong><\/span><\/span><span class=\"kt-blocks-accordion-icon-trigger\"><\/span><\/button><\/div><div class=\"kt-accordion-panel kt-accordion-panel-hidden\"><div class=\"kt-accordion-panel-inner\">\n<p>We invite researchers, PhD students and members of research societies to&nbsp;<strong>online training (in Polish)<\/strong>:&nbsp;<br>&nbsp;<br><em>Open research data in practice: how to deposit data in the Medical University of Silesia Repository \u2013 <a href=\"https:\/\/ppm.sum.edu.pl\/index.seam?lang=en&amp;cid=38682\" data-type=\"link\" data-id=\"https:\/\/ppm.sum.edu.pl\">Polish Medical Platform \u015aUM <\/a><\/em><\/p>\n\n\n\n<p><br>The training will help participants\u00a0<strong>to deposit research data efficiently and securely in the Medical University of Silesia Repository \u2013 <a href=\"https:\/\/ppm.sum.edu.pl\/index.seam?lang=en&amp;cid=38682\">Polish Medical Platform \u015aUM<\/a><\/strong>. During the classes, we will discuss:\u00a0<\/p>\n\n\n\n<ul class=\"wp-block-list\">\n<li>obligations arising from the guidelines&nbsp;<strong>National Science Centre, Ministry of Science and Higher Education<\/strong>&nbsp;and European programmes,&nbsp;<\/li>\n\n\n\n<li>practical aspects of creation&nbsp;<strong>data management plans (DMPs)<\/strong>,&nbsp;<\/li>\n\n\n\n<li>requirements concerning&nbsp;<strong>data and metadata formats<\/strong>,&nbsp;<\/li>\n\n\n\n<li>data deposit process&nbsp;<strong>step by step<\/strong>,&nbsp;<\/li>\n\n\n\n<li>role&nbsp;<strong>SUM Library<\/strong>&nbsp;as substantive and organisational support.&nbsp;<\/li>\n\n\n\n<li>rules&nbsp;<strong>FAIR&nbsp;<\/strong>data&nbsp;<\/li>\n<\/ul>\n\n\n\n<p>The training is&nbsp;<strong>practical<\/strong>&nbsp;and responds to the real needs of scientists carrying out research projects.&nbsp;<\/p>\n\n\n\n<p><strong>Dates and registration:<\/strong>&nbsp;<\/p>\n\n\n\n<ul class=\"wp-block-list\">\n<li><a href=\"https:\/\/events.teams.microsoft.com\/event\/8696d281-58d8-4255-a510-353fe3ff52b8@5be3283e-e466-475b-938a-c376a9b7b993\" data-type=\"link\" data-id=\"https:\/\/events.teams.microsoft.com\/event\/8696d281-58d8-4255-a510-353fe3ff52b8@5be3283e-e466-475b-938a-c376a9b7b993\">12 February (Thursday), 4:00 p.m. \u2013 5:00 p.m.<\/a>&nbsp;<\/li>\n\n\n\n<li><a href=\"https:\/\/events.teams.microsoft.com\/event\/bc2132ca-74e1-452d-b0a5-565a95307279@5be3283e-e466-475b-938a-c376a9b7b993\" data-type=\"link\" data-id=\"https:\/\/events.teams.microsoft.com\/event\/bc2132ca-74e1-452d-b0a5-565a95307279@5be3283e-e466-475b-938a-c376a9b7b993\">19 February (Thursday), 4:00 p.m. \u2013 5:00 p.m.<\/a>&nbsp;<br>&nbsp;&nbsp;<\/li>\n<\/ul>\n<\/div><\/div><\/div>\n\n\n\n<div class=\"wp-block-kadence-pane kt-accordion-pane kt-accordion-pane-17 kt-pane27596_05a396-45\"><div class=\"kt-accordion-header-wrap\"><button class=\"kt-blocks-accordion-header kt-acccordion-button-label-show\" type=\"button\"><span class=\"kt-blocks-accordion-title-wrap\"><span class=\"kt-blocks-accordion-title\"><strong>Contact<\/strong><\/span><\/span><span class=\"kt-blocks-accordion-icon-trigger\"><\/span><\/button><\/div><div class=\"kt-accordion-panel kt-accordion-panel-hidden\"><div class=\"kt-accordion-panel-inner\">\n<h5 class=\"wp-block-heading\"><strong>Repository and Open Science Promotion Department<\/strong><\/h5>\n\n\n\n<p><strong>Krzysztof Go\u015bciniak, MA<\/strong><br>Head of Department, Open Science Team Coordinator<br>tel.\u00a032 208 36 33<br>email: kgosciniak@sum.edu.pl, ppm@sum.edu.pl<\/p>\n\n\n\n<p>The department team includes:<\/p>\n\n\n\n<p><strong>Joanna Gubernat, MA<br>Monika Matysik, MA<br>Ewa Nale\u015bnik, MA<\/strong><br><strong>Anna Starzykowska, BA<\/strong><\/p>\n\n\n\n<p>tel.\u00a032\u00a0208\u00a036\u00a075<br>First floor, rooms 2.2 and 2.3<br>email: ppm@sum.edu.pl<\/p>\n<\/div><\/div><\/div>\n<\/div><\/div><\/div>\n\n\n\n<p><br><\/p>\n\n\n\n<p><\/p>","protected":false},"excerpt":{"rendered":"<p>9-13.02.2025<\/p>","protected":false},"author":4,"featured_media":0,"parent":18684,"menu_order":0,"comment_status":"closed","ping_status":"closed","template":"","meta":{"_eb_attr":"","footnotes":""},"categories":[5],"tags":[],"class_list":["post-27596","page","type-page","status-publish","hentry","category-aktualnosci"],"publishpress_future_action":{"enabled":false,"date":"2026-04-12 18:57:12","action":"change-status","newStatus":"draft","terms":[],"taxonomy":"category","extraData":[]},"publishpress_future_workflow_manual_trigger":{"enabledWorkflows":[]},"_links":{"self":[{"href":"https:\/\/biblioteka.sum.edu.pl\/en\/wp-json\/wp\/v2\/pages\/27596","targetHints":{"allow":["GET"]}}],"collection":[{"href":"https:\/\/biblioteka.sum.edu.pl\/en\/wp-json\/wp\/v2\/pages"}],"about":[{"href":"https:\/\/biblioteka.sum.edu.pl\/en\/wp-json\/wp\/v2\/types\/page"}],"author":[{"embeddable":true,"href":"https:\/\/biblioteka.sum.edu.pl\/en\/wp-json\/wp\/v2\/users\/4"}],"replies":[{"embeddable":true,"href":"https:\/\/biblioteka.sum.edu.pl\/en\/wp-json\/wp\/v2\/comments?post=27596"}],"version-history":[{"count":14,"href":"https:\/\/biblioteka.sum.edu.pl\/en\/wp-json\/wp\/v2\/pages\/27596\/revisions"}],"predecessor-version":[{"id":27646,"href":"https:\/\/biblioteka.sum.edu.pl\/en\/wp-json\/wp\/v2\/pages\/27596\/revisions\/27646"}],"up":[{"embeddable":true,"href":"https:\/\/biblioteka.sum.edu.pl\/en\/wp-json\/wp\/v2\/pages\/18684"}],"wp:attachment":[{"href":"https:\/\/biblioteka.sum.edu.pl\/en\/wp-json\/wp\/v2\/media?parent=27596"}],"wp:term":[{"taxonomy":"category","embeddable":true,"href":"https:\/\/biblioteka.sum.edu.pl\/en\/wp-json\/wp\/v2\/categories?post=27596"},{"taxonomy":"post_tag","embeddable":true,"href":"https:\/\/biblioteka.sum.edu.pl\/en\/wp-json\/wp\/v2\/tags?post=27596"}],"curies":[{"name":"wp","href":"https:\/\/api.w.org\/{rel}","templated":true}]}}