{"id":26803,"date":"2025-07-03T14:23:10","date_gmt":"2025-07-03T12:23:10","guid":{"rendered":"https:\/\/biblioteka.sum.edu.pl\/?page_id=26803"},"modified":"2025-07-03T14:54:10","modified_gmt":"2025-07-03T12:54:10","slug":"mdpi-warsztaty-dla-publikujacych","status":"publish","type":"page","link":"https:\/\/biblioteka.sum.edu.pl\/en\/mdpi-warsztaty-dla-publikujacych\/","title":{"rendered":"MDPI Scientific Publishing Workshop at the Medical University of Silesia"},"content":{"rendered":"<div class=\"wp-block-group has-ti-bg-alt-background-color has-background is-layout-constrained wp-container-core-group-is-layout-5edc43e1 wp-block-group-is-layout-constrained\" style=\"margin-top:0px;margin-bottom:0px;padding-top:64px;padding-bottom:64px\">\n<div class=\"wp-block-columns alignwide is-layout-flex wp-container-core-columns-is-layout-28f84493 wp-block-columns-is-layout-flex\">\n<div class=\"wp-block-column is-vertically-aligned-center is-layout-flow wp-block-column-is-layout-flow\">\n<h2 class=\"wp-block-heading\">MDPI Workshop<\/h2>\n\n\n\n<p class=\"has-text-align-left\">We invite you to view the official MDPI Publisher training: \u201eMDPI Scientific Publishing Workshop at the Medical University of Silesia\" (YouTube, 2h 46 min. 42 sec., recorded 17.06.2025).<\/p>\n<\/div>\n\n\n\n<div class=\"wp-block-column is-layout-flow wp-block-column-is-layout-flow\">\n<figure class=\"wp-block-image size-full\"><img loading=\"lazy\" decoding=\"async\" width=\"320\" height=\"320\" src=\"https:\/\/biblioteka.sum.edu.pl\/wp-content\/uploads\/2025\/07\/MDPI-logo.jpg\" alt=\"\" class=\"wp-image-26806\" srcset=\"https:\/\/biblioteka.sum.edu.pl\/wp-content\/uploads\/2025\/07\/MDPI-logo.jpg 320w, https:\/\/biblioteka.sum.edu.pl\/wp-content\/uploads\/2025\/07\/MDPI-logo-300x300.jpg 300w, https:\/\/biblioteka.sum.edu.pl\/wp-content\/uploads\/2025\/07\/MDPI-logo-150x150.jpg 150w, https:\/\/biblioteka.sum.edu.pl\/wp-content\/uploads\/2025\/07\/MDPI-logo-12x12.jpg 12w\" sizes=\"auto, (max-width: 320px) 100vw, 320px\" \/><\/figure>\n<\/div>\n<\/div>\n\n\n\n<div class=\"wp-block-kadence-advancedbtn kb-buttons-wrap kb-btns26803_665b50-a8\"><a class=\"kb-button kt-button button kb-btn26803_80ce89-36 kt-btn-size-standard kt-btn-width-type-auto kb-btn-global-fill  kt-btn-has-text-true kt-btn-has-svg-false  wp-block-kadence-singlebtn\" href=\"https:\/\/youtu.be\/l9-qpQvQWL0?si=p_hmqaAHVvwvdexH\"><span class=\"kt-btn-inner-text\">Watch<\/span><\/a><\/div>\n<\/div>\n\n\n\n<p><\/p>\n\n\n\n<p>Click the appropriate link to go to the section of the training that interests you:<\/p>\n\n\n\n<p><\/p>\n\n\n\n<div class=\"wp-block-kadence-iconlist kt-svg-icon-list-items kt-svg-icon-list-items26803_4dbd52-2e kt-svg-icon-list-columns-1 alignnone\"><ul class=\"kt-svg-icon-list\">\n<li class=\"wp-block-kadence-listitem kt-svg-icon-list-item-wrap kt-svg-icon-list-item-26803_7d90c9-7a\"><span class=\"kb-svg-icon-wrap kb-svg-icon-fe_checkCircle kt-svg-icon-list-single\"><svg viewbox=\"0 0 24 24\"  fill=\"none\" stroke=\"currentColor\" stroke-width=\"2\" stroke-linecap=\"round\" stroke-linejoin=\"round\" xmlns=\"http:\/\/www.w3.org\/2000\/svg\"  aria-hidden=\"true\"><path d=\"M22 11.08V12a10 10 0 1 1-5.93-9.14\"\/><polyline points=\"22 4 12 14.01 9 11.01\"\/><\/svg><\/span><span class=\"kt-svg-icon-list-text\">\u00a0<a href=\"https:\/\/youtu.be\/l9-qpQvQWL0?si=UR1XSQtBo0aSacPE&amp;t=318\">Before you start, prepare the literature and plan the article. Build awareness of the topic.<\/a><\/span><\/li>\n<\/ul><\/div>\n\n\n\n<div class=\"wp-block-kadence-iconlist kt-svg-icon-list-items kt-svg-icon-list-items26803_4cb6a6-15 kt-svg-icon-list-columns-1 alignnone\"><ul class=\"kt-svg-icon-list\">\n<li class=\"wp-block-kadence-listitem kt-svg-icon-list-item-wrap kt-svg-icon-list-item-26803_71589f-aa\"><span class=\"kb-svg-icon-wrap kb-svg-icon-fe_checkCircle kt-svg-icon-list-single\"><svg viewbox=\"0 0 24 24\"  fill=\"none\" stroke=\"currentColor\" stroke-width=\"2\" stroke-linecap=\"round\" stroke-linejoin=\"round\" xmlns=\"http:\/\/www.w3.org\/2000\/svg\"  aria-hidden=\"true\"><path d=\"M22 11.08V12a10 10 0 1 1-5.93-9.14\"\/><polyline points=\"22 4 12 14.01 9 11.01\"\/><\/svg><\/span><span class=\"kt-svg-icon-list-text\"><a href=\"https:\/\/youtu.be\/l9-qpQvQWL0?si=fj5K4wogpK2ZeksW&amp;t=1024\">The article's composition.\nThe article's content.<\/a><\/span><\/li>\n<\/ul><\/div>\n\n\n\n<div class=\"wp-block-kadence-iconlist kt-svg-icon-list-items kt-svg-icon-list-items26803_db305d-78 kt-svg-icon-list-columns-1 alignnone\"><ul class=\"kt-svg-icon-list\">\n<li class=\"wp-block-kadence-listitem kt-svg-icon-list-item-wrap kt-svg-icon-list-item-26803_461abc-1f\"><span class=\"kb-svg-icon-wrap kb-svg-icon-fe_checkCircle kt-svg-icon-list-single\"><svg viewbox=\"0 0 24 24\"  fill=\"none\" stroke=\"currentColor\" stroke-width=\"2\" stroke-linecap=\"round\" stroke-linejoin=\"round\" xmlns=\"http:\/\/www.w3.org\/2000\/svg\"  aria-hidden=\"true\"><path d=\"M22 11.08V12a10 10 0 1 1-5.93-9.14\"\/><polyline points=\"22 4 12 14.01 9 11.01\"\/><\/svg><\/span><span class=\"kt-svg-icon-list-text\"><a href=\"https:\/\/youtu.be\/l9-qpQvQWL0?si=cv9q-nbrl-uPV29H&amp;t=3848\">Indexing scholarly journals.<\/a><\/span><\/li>\n<\/ul><\/div>\n\n\n\n<div class=\"wp-block-kadence-iconlist kt-svg-icon-list-items kt-svg-icon-list-items26803_403f04-f6 kt-svg-icon-list-columns-1 alignnone\"><ul class=\"kt-svg-icon-list\">\n<li class=\"wp-block-kadence-listitem kt-svg-icon-list-item-wrap kt-svg-icon-list-item-26803_9fa7ae-b1\"><span class=\"kb-svg-icon-wrap kb-svg-icon-fe_checkCircle kt-svg-icon-list-single\"><svg viewbox=\"0 0 24 24\"  fill=\"none\" stroke=\"currentColor\" stroke-width=\"2\" stroke-linecap=\"round\" stroke-linejoin=\"round\" xmlns=\"http:\/\/www.w3.org\/2000\/svg\"  aria-hidden=\"true\"><path d=\"M22 11.08V12a10 10 0 1 1-5.93-9.14\"\/><polyline points=\"22 4 12 14.01 9 11.01\"\/><\/svg><\/span><span class=\"kt-svg-icon-list-text\"><a href=\"https:\/\/youtu.be\/l9-qpQvQWL0?si=WYHJqrYoAemDuAqM&amp;t=4892\">How to avoid rejection of your article.<\/a><\/span><\/li>\n<\/ul><\/div>\n\n\n\n<div class=\"wp-block-kadence-iconlist kt-svg-icon-list-items kt-svg-icon-list-items26803_d48e01-48 kt-svg-icon-list-columns-1 alignnone\"><ul class=\"kt-svg-icon-list\">\n<li class=\"wp-block-kadence-listitem kt-svg-icon-list-item-wrap kt-svg-icon-list-item-26803_d831cd-0c\"><span class=\"kb-svg-icon-wrap kb-svg-icon-fe_checkCircle kt-svg-icon-list-single\"><svg viewbox=\"0 0 24 24\"  fill=\"none\" stroke=\"currentColor\" stroke-width=\"2\" stroke-linecap=\"round\" stroke-linejoin=\"round\" xmlns=\"http:\/\/www.w3.org\/2000\/svg\"  aria-hidden=\"true\"><path d=\"M22 11.08V12a10 10 0 1 1-5.93-9.14\"\/><polyline points=\"22 4 12 14.01 9 11.01\"\/><\/svg><\/span><span class=\"kt-svg-icon-list-text\"><a href=\"https:\/\/youtu.be\/l9-qpQvQWL0?si=SG_yoKxZgM1raBcZ&amp;t=7320\">Regarding the substantial update (\"Major Revision\").<\/a><\/span><\/li>\n<\/ul><\/div>\n\n\n\n<div class=\"wp-block-kadence-iconlist kt-svg-icon-list-items kt-svg-icon-list-items26803_2939b3-e7 kt-svg-icon-list-columns-1 alignnone\"><ul class=\"kt-svg-icon-list\">\n<li class=\"wp-block-kadence-listitem kt-svg-icon-list-item-wrap kt-svg-icon-list-item-26803_a563a4-3b\"><span class=\"kb-svg-icon-wrap kb-svg-icon-fe_checkCircle kt-svg-icon-list-single\"><svg viewbox=\"0 0 24 24\"  fill=\"none\" stroke=\"currentColor\" stroke-width=\"2\" stroke-linecap=\"round\" stroke-linejoin=\"round\" xmlns=\"http:\/\/www.w3.org\/2000\/svg\"  aria-hidden=\"true\"><path d=\"M22 11.08V12a10 10 0 1 1-5.93-9.14\"\/><polyline points=\"22 4 12 14.01 9 11.01\"\/><\/svg><\/span><span class=\"kt-svg-icon-list-text\"><a href=\"https:\/\/youtu.be\/l9-qpQvQWL0?si=0L_1uzoCgD8j7NMt&amp;t=9089\">About MDPI.<\/a><\/span><\/li>\n<\/ul><\/div>\n\n\n\n<p><\/p>\n\n\n\n<p><\/p>","protected":false},"excerpt":{"rendered":"<p>WARSZTATY Zach\u0119camy Pa\u0144stwa do obejrzenia oficjalnego szkolenia Wydawnictwa MDPI: \u201eWspieranie rozwoju akademickiego z MDPI. Warsztaty publikacji naukowych dla \u015al\u0105skiego Uniwersytetu Medycznego\u201d (YouTube, 2h 46 min. 42 sek., nagrano 17.06.2025) Aby przej\u015b\u0107 do interesuj\u0105cego nas fragmentu szkolenia, wystarczy klikn\u0105\u0107 odpowiedni link:<\/p>","protected":false},"author":5,"featured_media":0,"parent":0,"menu_order":0,"comment_status":"closed","ping_status":"closed","template":"","meta":{"_eb_attr":"","footnotes":""},"categories":[],"tags":[],"class_list":["post-26803","page","type-page","status-publish","hentry"],"publishpress_future_action":{"enabled":false,"date":"2026-04-12 18:58:36","action":"change-status","newStatus":"draft","terms":[],"taxonomy":"category","extraData":[]},"publishpress_future_workflow_manual_trigger":{"enabledWorkflows":[]},"_links":{"self":[{"href":"https:\/\/biblioteka.sum.edu.pl\/en\/wp-json\/wp\/v2\/pages\/26803","targetHints":{"allow":["GET"]}}],"collection":[{"href":"https:\/\/biblioteka.sum.edu.pl\/en\/wp-json\/wp\/v2\/pages"}],"about":[{"href":"https:\/\/biblioteka.sum.edu.pl\/en\/wp-json\/wp\/v2\/types\/page"}],"author":[{"embeddable":true,"href":"https:\/\/biblioteka.sum.edu.pl\/en\/wp-json\/wp\/v2\/users\/5"}],"replies":[{"embeddable":true,"href":"https:\/\/biblioteka.sum.edu.pl\/en\/wp-json\/wp\/v2\/comments?post=26803"}],"version-history":[{"count":18,"href":"https:\/\/biblioteka.sum.edu.pl\/en\/wp-json\/wp\/v2\/pages\/26803\/revisions"}],"predecessor-version":[{"id":26823,"href":"https:\/\/biblioteka.sum.edu.pl\/en\/wp-json\/wp\/v2\/pages\/26803\/revisions\/26823"}],"wp:attachment":[{"href":"https:\/\/biblioteka.sum.edu.pl\/en\/wp-json\/wp\/v2\/media?parent=26803"}],"wp:term":[{"taxonomy":"category","embeddable":true,"href":"https:\/\/biblioteka.sum.edu.pl\/en\/wp-json\/wp\/v2\/categories?post=26803"},{"taxonomy":"post_tag","embeddable":true,"href":"https:\/\/biblioteka.sum.edu.pl\/en\/wp-json\/wp\/v2\/tags?post=26803"}],"curies":[{"name":"wp","href":"https:\/\/api.w.org\/{rel}","templated":true}]}}