{"id":26670,"date":"2025-05-22T14:35:40","date_gmt":"2025-05-22T12:35:40","guid":{"rendered":"https:\/\/biblioteka.sum.edu.pl\/?page_id=26670"},"modified":"2025-05-22T14:35:40","modified_gmt":"2025-05-22T12:35:40","slug":"noc-muzeow-2025-galeria-zdjec","status":"publish","type":"page","link":"https:\/\/biblioteka.sum.edu.pl\/en\/noc-muzeow-2025-galeria-zdjec\/","title":{"rendered":"Noc Muze\u00f3w 2025 &#8211; galeria zdj\u0119\u0107"},"content":{"rendered":"<div class=\"wp-block-essential-blocks-image-gallery  root-eb-image-gallery-xuu5r\"><div class=\"eb-parent-wrapper eb-parent-eb-image-gallery-xuu5r\"><div class=\"eb-gallery-img-wrapper eb-image-gallery-xuu5r default v2 grid null enable-isotope   overlay-bottom caption-style-0\" data-id=\"eb-image-gallery-xuu5r\" data-searchfilter=\"false\"><a href=\"https:\/\/biblioteka.sum.edu.pl\/wp-content\/uploads\/2025\/05\/DSC00750-scaled.jpg\" rel=\"noopener\" data-fslightbox=\"gallery\" data-type=\"image\" class=\"eb-gallery-img-content  eb-filter-img-\"><span class=\"eb-gallery-link-wrapper\"><img decoding=\"async\" class=\"eb-gallery-img\" src=\"https:\/\/biblioteka.sum.edu.pl\/wp-content\/uploads\/2025\/05\/DSC00750-scaled.jpg\" image-index=\"0\" alt=\"\"\/><span class=\"eb-img-gallery-content center bottom\"><\/span><\/span><\/a><a href=\"https:\/\/biblioteka.sum.edu.pl\/wp-content\/uploads\/2025\/05\/DSC00756-scaled.jpg\" rel=\"noopener\" data-fslightbox=\"gallery\" data-type=\"image\" class=\"eb-gallery-img-content  eb-filter-img-\"><span class=\"eb-gallery-link-wrapper\"><img decoding=\"async\" class=\"eb-gallery-img\" src=\"https:\/\/biblioteka.sum.edu.pl\/wp-content\/uploads\/2025\/05\/DSC00756-scaled.jpg\" image-index=\"1\" alt=\"\"\/><span class=\"eb-img-gallery-content center bottom\"><\/span><\/span><\/a><a href=\"https:\/\/biblioteka.sum.edu.pl\/wp-content\/uploads\/2025\/05\/DSC00669-scaled.jpg\" rel=\"noopener\" data-fslightbox=\"gallery\" data-type=\"image\" class=\"eb-gallery-img-content  eb-filter-img-\"><span class=\"eb-gallery-link-wrapper\"><img decoding=\"async\" class=\"eb-gallery-img\" src=\"https:\/\/biblioteka.sum.edu.pl\/wp-content\/uploads\/2025\/05\/DSC00669-scaled.jpg\" image-index=\"2\" alt=\"\"\/><span class=\"eb-img-gallery-content center bottom\"><\/span><\/span><\/a><a href=\"https:\/\/biblioteka.sum.edu.pl\/wp-content\/uploads\/2025\/05\/DSC00841-1-scaled.jpg\" rel=\"noopener\" data-fslightbox=\"gallery\" data-type=\"image\" class=\"eb-gallery-img-content  eb-filter-img-\"><span class=\"eb-gallery-link-wrapper\"><img decoding=\"async\" class=\"eb-gallery-img\" src=\"https:\/\/biblioteka.sum.edu.pl\/wp-content\/uploads\/2025\/05\/DSC00841-1-scaled.jpg\" image-index=\"3\" alt=\"\"\/><span class=\"eb-img-gallery-content center bottom\"><\/span><\/span><\/a><a href=\"https:\/\/biblioteka.sum.edu.pl\/wp-content\/uploads\/2025\/05\/DSC00754-scaled.jpg\" rel=\"noopener\" data-fslightbox=\"gallery\" data-type=\"image\" class=\"eb-gallery-img-content  eb-filter-img-\"><span class=\"eb-gallery-link-wrapper\"><img decoding=\"async\" class=\"eb-gallery-img\" src=\"https:\/\/biblioteka.sum.edu.pl\/wp-content\/uploads\/2025\/05\/DSC00754-scaled.jpg\" image-index=\"4\" alt=\"\"\/><span class=\"eb-img-gallery-content center bottom\"><\/span><\/span><\/a><a href=\"https:\/\/biblioteka.sum.edu.pl\/wp-content\/uploads\/2025\/05\/DSC00678-scaled.jpg\" rel=\"noopener\" data-fslightbox=\"gallery\" data-type=\"image\" class=\"eb-gallery-img-content  eb-filter-img-\"><span class=\"eb-gallery-link-wrapper\"><img decoding=\"async\" class=\"eb-gallery-img\" src=\"https:\/\/biblioteka.sum.edu.pl\/wp-content\/uploads\/2025\/05\/DSC00678-scaled.jpg\" image-index=\"5\" alt=\"\"\/><span class=\"eb-img-gallery-content center bottom\"><\/span><\/span><\/a><a href=\"https:\/\/biblioteka.sum.edu.pl\/wp-content\/uploads\/2025\/05\/DSC00671-scaled.jpg\" rel=\"noopener\" data-fslightbox=\"gallery\" data-type=\"image\" class=\"eb-gallery-img-content  eb-filter-img-\"><span class=\"eb-gallery-link-wrapper\"><img decoding=\"async\" class=\"eb-gallery-img\" src=\"https:\/\/biblioteka.sum.edu.pl\/wp-content\/uploads\/2025\/05\/DSC00671-scaled.jpg\" image-index=\"6\" alt=\"\"\/><span class=\"eb-img-gallery-content center bottom\"><\/span><\/span><\/a><a href=\"https:\/\/biblioteka.sum.edu.pl\/wp-content\/uploads\/2025\/05\/DSC00888-scaled.jpg\" rel=\"noopener\" data-fslightbox=\"gallery\" data-type=\"image\" class=\"eb-gallery-img-content  eb-filter-img-\"><span class=\"eb-gallery-link-wrapper\"><img decoding=\"async\" class=\"eb-gallery-img\" src=\"https:\/\/biblioteka.sum.edu.pl\/wp-content\/uploads\/2025\/05\/DSC00888-scaled.jpg\" image-index=\"7\" alt=\"\"\/><span class=\"eb-img-gallery-content center bottom\"><\/span><\/span><\/a><a href=\"https:\/\/biblioteka.sum.edu.pl\/wp-content\/uploads\/2025\/05\/DSC00636-scaled.jpg\" rel=\"noopener\" data-fslightbox=\"gallery\" data-type=\"image\" class=\"eb-gallery-img-content  eb-filter-img-\"><span class=\"eb-gallery-link-wrapper\"><img decoding=\"async\" class=\"eb-gallery-img\" src=\"https:\/\/biblioteka.sum.edu.pl\/wp-content\/uploads\/2025\/05\/DSC00636-scaled.jpg\" image-index=\"8\" alt=\"\"\/><span class=\"eb-img-gallery-content center bottom\"><\/span><\/span><\/a><a href=\"https:\/\/biblioteka.sum.edu.pl\/wp-content\/uploads\/2025\/05\/DSC00634-scaled.jpg\" rel=\"noopener\" data-fslightbox=\"gallery\" data-type=\"image\" class=\"eb-gallery-img-content  eb-filter-img-\"><span class=\"eb-gallery-link-wrapper\"><img decoding=\"async\" class=\"eb-gallery-img\" src=\"https:\/\/biblioteka.sum.edu.pl\/wp-content\/uploads\/2025\/05\/DSC00634-scaled.jpg\" image-index=\"9\" alt=\"\"\/><span class=\"eb-img-gallery-content center bottom\"><\/span><\/span><\/a><a href=\"https:\/\/biblioteka.sum.edu.pl\/wp-content\/uploads\/2025\/05\/DSC00745-scaled.jpg\" rel=\"noopener\" data-fslightbox=\"gallery\" data-type=\"image\" class=\"eb-gallery-img-content  eb-filter-img-\"><span class=\"eb-gallery-link-wrapper\"><img decoding=\"async\" class=\"eb-gallery-img\" src=\"https:\/\/biblioteka.sum.edu.pl\/wp-content\/uploads\/2025\/05\/DSC00745-scaled.jpg\" image-index=\"10\" alt=\"\"\/><span class=\"eb-img-gallery-content center bottom\"><\/span><\/span><\/a><a href=\"https:\/\/biblioteka.sum.edu.pl\/wp-content\/uploads\/2025\/05\/DSC00725-scaled.jpg\" rel=\"noopener\" data-fslightbox=\"gallery\" data-type=\"image\" class=\"eb-gallery-img-content  eb-filter-img-\"><span class=\"eb-gallery-link-wrapper\"><img decoding=\"async\" class=\"eb-gallery-img\" src=\"https:\/\/biblioteka.sum.edu.pl\/wp-content\/uploads\/2025\/05\/DSC00725-scaled.jpg\" image-index=\"11\" alt=\"\"\/><span class=\"eb-img-gallery-content center bottom\"><\/span><\/span><\/a><\/div><\/div><\/div>","protected":false},"excerpt":{"rendered":"","protected":false},"author":5,"featured_media":0,"parent":0,"menu_order":0,"comment_status":"closed","ping_status":"closed","template":"","meta":{"_eb_attr":"","footnotes":""},"categories":[],"tags":[],"class_list":["post-26670","page","type-page","status-publish","hentry"],"publishpress_future_action":{"enabled":false,"date":"2026-04-12 22:33:10","action":"change-status","newStatus":"draft","terms":[],"taxonomy":"category","extraData":[]},"publishpress_future_workflow_manual_trigger":{"enabledWorkflows":[]},"_links":{"self":[{"href":"https:\/\/biblioteka.sum.edu.pl\/en\/wp-json\/wp\/v2\/pages\/26670","targetHints":{"allow":["GET"]}}],"collection":[{"href":"https:\/\/biblioteka.sum.edu.pl\/en\/wp-json\/wp\/v2\/pages"}],"about":[{"href":"https:\/\/biblioteka.sum.edu.pl\/en\/wp-json\/wp\/v2\/types\/page"}],"author":[{"embeddable":true,"href":"https:\/\/biblioteka.sum.edu.pl\/en\/wp-json\/wp\/v2\/users\/5"}],"replies":[{"embeddable":true,"href":"https:\/\/biblioteka.sum.edu.pl\/en\/wp-json\/wp\/v2\/comments?post=26670"}],"version-history":[{"count":1,"href":"https:\/\/biblioteka.sum.edu.pl\/en\/wp-json\/wp\/v2\/pages\/26670\/revisions"}],"predecessor-version":[{"id":26681,"href":"https:\/\/biblioteka.sum.edu.pl\/en\/wp-json\/wp\/v2\/pages\/26670\/revisions\/26681"}],"wp:attachment":[{"href":"https:\/\/biblioteka.sum.edu.pl\/en\/wp-json\/wp\/v2\/media?parent=26670"}],"wp:term":[{"taxonomy":"category","embeddable":true,"href":"https:\/\/biblioteka.sum.edu.pl\/en\/wp-json\/wp\/v2\/categories?post=26670"},{"taxonomy":"post_tag","embeddable":true,"href":"https:\/\/biblioteka.sum.edu.pl\/en\/wp-json\/wp\/v2\/tags?post=26670"}],"curies":[{"name":"wp","href":"https:\/\/api.w.org\/{rel}","templated":true}]}}