{"id":26573,"date":"2025-05-06T10:25:19","date_gmt":"2025-05-06T08:25:19","guid":{"rendered":"https:\/\/biblioteka.sum.edu.pl\/?page_id=26573"},"modified":"2025-10-24T11:32:24","modified_gmt":"2025-10-24T09:32:24","slug":"wiley-open-access-agreement-woaa","status":"publish","type":"page","link":"https:\/\/biblioteka.sum.edu.pl\/en\/dla-publikujacych\/programy-otwartego-publikowania\/wiley-open-access-agreement-woaa\/","title":{"rendered":"Wiley Open Access Agreement (WOAA)"},"content":{"rendered":"<h2 class=\"wp-block-heading\">Wiley Open Access Agreement (WOAA)<\/h2>\n\n\n\n<p>On April 28, 2025, the Medical University of Silesia in Katowice joined the Wiley Open Access Agreement (WOAA) program, which enables authors affiliated with the University to receive funding from the University for open access publishing in Wiley journals.<\/p>\n\n\n\n<p>Before registering the publication with the publisher, the author should obtain the consent of the University authorities to publish the article as part of the program, i.e., \n\nTranslated with DeepL.com (free version) <strong>submit a request<\/strong> for funding for the publication to the Research Section of the Center for Science and International Cooperation of the Medical University of Silesia, in accordance with the procedures in force at the University.<\/p>\n\n\n\n<p>After obtaining approval for publication funding, the author registers the publication on the publisher's website (submission). The final decision on eligibility for the program is made on the publisher's website by the program administrator at the Library of the Medical University of Silesia on the basis of information about the approval for publication provided by the Research Section.<\/p>\n\n\n\n<p><a href=\"https:\/\/authorservices.wiley.com\/author-resources\/Journal-Authors\/open-access\/affiliation-policies-payments\/institutional-funder-payments.html\">Information on the Wiley publishing house website<\/a><\/p>\n\n\n\n<hr class=\"wp-block-separator has-alpha-channel-opacity\"\/>\n\n\n\n<p>Contact: Krzysztof Go\u015bciniak, MA<br>phone no. +48 32 208 36 33<br><a href=\"mailto:publikowanieotwarte@sum.edu.pl\">publikowanieotwarte@sum.edu.pl<\/a><\/p>","protected":false},"excerpt":{"rendered":"<p>Wiley Open Access Agreement (WOAA) 28 kwietnia 2025 r. \u015al\u0105ski Uniwersytet Medyczny w Katowicach przyst\u0105pi\u0142 do programu Wiley Open Access Agreement (WOAA), kt\u00f3ry umo\u017cliwia autorom afiliowanym w \u015aUM finansowanie przez Uczelni\u0119 publikowania w modelu otwartym w czasopismach Wiley. Przed zarejestrowaniem publikacji u wydawcy, autor powinien uzyska\u0107 zgod\u0119 w\u0142adz Uczelni na opublikowanie artyku\u0142u w ramach programu [&hellip;]<\/p>","protected":false},"author":3,"featured_media":0,"parent":18650,"menu_order":0,"comment_status":"closed","ping_status":"closed","template":"","meta":{"_eb_attr":"","footnotes":""},"categories":[],"tags":[],"class_list":["post-26573","page","type-page","status-publish","hentry"],"publishpress_future_action":{"enabled":false,"date":"2026-04-12 18:58:28","action":"change-status","newStatus":"draft","terms":[],"taxonomy":"category","extraData":[]},"publishpress_future_workflow_manual_trigger":{"enabledWorkflows":[]},"_links":{"self":[{"href":"https:\/\/biblioteka.sum.edu.pl\/en\/wp-json\/wp\/v2\/pages\/26573","targetHints":{"allow":["GET"]}}],"collection":[{"href":"https:\/\/biblioteka.sum.edu.pl\/en\/wp-json\/wp\/v2\/pages"}],"about":[{"href":"https:\/\/biblioteka.sum.edu.pl\/en\/wp-json\/wp\/v2\/types\/page"}],"author":[{"embeddable":true,"href":"https:\/\/biblioteka.sum.edu.pl\/en\/wp-json\/wp\/v2\/users\/3"}],"replies":[{"embeddable":true,"href":"https:\/\/biblioteka.sum.edu.pl\/en\/wp-json\/wp\/v2\/comments?post=26573"}],"version-history":[{"count":9,"href":"https:\/\/biblioteka.sum.edu.pl\/en\/wp-json\/wp\/v2\/pages\/26573\/revisions"}],"predecessor-version":[{"id":27277,"href":"https:\/\/biblioteka.sum.edu.pl\/en\/wp-json\/wp\/v2\/pages\/26573\/revisions\/27277"}],"up":[{"embeddable":true,"href":"https:\/\/biblioteka.sum.edu.pl\/en\/wp-json\/wp\/v2\/pages\/18650"}],"wp:attachment":[{"href":"https:\/\/biblioteka.sum.edu.pl\/en\/wp-json\/wp\/v2\/media?parent=26573"}],"wp:term":[{"taxonomy":"category","embeddable":true,"href":"https:\/\/biblioteka.sum.edu.pl\/en\/wp-json\/wp\/v2\/categories?post=26573"},{"taxonomy":"post_tag","embeddable":true,"href":"https:\/\/biblioteka.sum.edu.pl\/en\/wp-json\/wp\/v2\/tags?post=26573"}],"curies":[{"name":"wp","href":"https:\/\/api.w.org\/{rel}","templated":true}]}}