{"id":26332,"date":"2025-03-06T13:10:57","date_gmt":"2025-03-06T12:10:57","guid":{"rendered":"https:\/\/biblioteka.sum.edu.pl\/?page_id=26332"},"modified":"2026-03-25T16:04:13","modified_gmt":"2026-03-25T15:04:13","slug":"systematic-review","status":"publish","type":"page","link":"https:\/\/biblioteka.sum.edu.pl\/en\/zasoby\/systematic-review\/","title":{"rendered":"Systematic Review"},"content":{"rendered":"<h2 class=\"wp-block-heading translation-block\">Systematic Reviews<\/h2>\n\n\n\n<p><strong>Systematic reviews<\/strong> are a key tool in modern medicine for gathering, evaluating and synthesizing the results of scientific research on a specific topic. This allows doctors, researchers and decision-makers to make informed decisions based on the latest and most <strong>reliable scientific evidence.<\/strong>.&nbsp;<\/p>\n\n\n\n<hr class=\"wp-block-separator has-alpha-channel-opacity\"\/>\n\n\n\n<h3 class=\"wp-block-heading has-text-align-center has-medium-font-size\"><strong><mark style=\"background-color:rgba(0, 0, 0, 0);color:#00395f\" class=\"has-inline-color\">Kompendium wiedzy na temat przeprowadzania przegl\u0105d\u00f3w systematycznych i innych form syntezy wiedzy.<\/mark><\/strong><\/h3>\n\n\n\n<p>Developed by the Information and Library Center, Medical University of Lodz.<\/p>\n\n\n\n<ul class=\"wp-block-list\">\n<li><a href=\"https:\/\/systematicreview.umed.pl\/wstep-do-sr-ps\/\">Introduction<\/a><\/li>\n\n\n\n<li><a href=\"https:\/\/systematicreview.umed.pl\/zasoby\/\">Resources<\/a><\/li>\n\n\n\n<li><a href=\"https:\/\/systematicreview.umed.pl\/zrodla-wyszukiwania\/\">Search sources (databases)<\/a><\/li>\n\n\n\n<li><a href=\"https:\/\/systematicreview.umed.pl\/strategia-wyszukiwania\/\">Search strategy<\/a><\/li>\n\n\n\n<li><a href=\"https:\/\/systematicreview.umed.pl\/dla-bibliotekarzy-2\/\">For librarians<\/a><\/li>\n<\/ul>\n\n\n\n<hr class=\"wp-block-separator has-alpha-channel-opacity\"\/>\n\n\n\n<h3 class=\"wp-block-heading has-text-align-center has-medium-font-size\"><strong><mark style=\"background-color:rgba(0, 0, 0, 0);color:#00395f\" class=\"has-inline-color\">Systematic review textbooks <br>available at the \u015aUM Library<\/mark><\/strong><\/h3>\n\n\n\n<p><a href=\"https:\/\/primo-48slam.hosted.exlibrisgroup.com\/permalink\/f\/12cmtm9\/48SLAM_Aleph_SLA01000059909\">Booth, Andrew, et al. <em><strong>Systematic Approaches to a Successful Literature Review<\/strong><\/em>. Third. Los Angeles [i pozosta\u0142e]: SAGE, 2022. Print.<\/a><\/p>\n\n\n\n<p><a href=\"https:\/\/primo-48slam.hosted.exlibrisgroup.com\/permalink\/f\/12cmtm9\/48SLAM_Aleph_SLA01000060782\">Posadzki, Pawe\u0142., and DM Sorus. Wydawca. <em><strong>Evidence-Based Medicine\/Practice i Systematyczne Przegl\u0105Dy Literatury\u202f: Praktyczny Podr\u0119Cznik<\/strong><\/em>. Wydanie I. Pozna\u0144 Wydawnictwo Sorus, 2023. Print.<\/a><\/p>\n\n\n\n<p><a href=\"https:\/\/primo-48slam.hosted.exlibrisgroup.com\/permalink\/f\/12cmtm9\/48SLAM_Aleph_SLA01000057950\">Higgins, Julian.&nbsp;<em>et al.<\/em>&nbsp;(2024)&nbsp;<em><strong>Cochrane handbook for systematic reviews of interventions<\/strong><\/em>. Version 6.5 (updated 2024). Londyn]: Cochrane.<\/a><\/p>\n\n\n\n<p><a href=\"https:\/\/primo-48slam.hosted.exlibrisgroup.com\/permalink\/f\/12cmtm9\/48SLAM_Aleph_SLA01000061711\"><strong>Systematic reviews to answer health care questions<\/strong> \/ Heidi D. Nelson. Second edition. Philadelphia [i pozosta\u0142e] : Wolters Kluwer, 2025.<\/a><\/p>\n\n\n\n<hr class=\"wp-block-separator has-alpha-channel-opacity\"\/>\n\n\n\n<h3 class=\"wp-block-heading has-text-align-center has-medium-font-size translation-block\">Sources of information on systematic reviews in English.<\/h3>\n\n\n\n<p class=\"translation-block\"><a href=\"https:\/\/guides.lib.uwo.ca\/knowledgesynthesis\/guides\" target=\"_self\">Knowledge Synthesis: Systematic &amp; Scoping Reviews<\/a>. Developed by the Western Libraries, Kanada.<\/p>\n\n\n\n<p><a href=\"https:\/\/www.coursera.org\/learn\/systematic-review\">Introduction to Systematic Review and Meta-Analysis<\/a>&nbsp;Free four-part online course which introduces methods to perform systematic reviews and meta-analysis of clinical trials.<\/p>\n\n\n\n<p><a href=\"https:\/\/pressbooks.library.ryerson.ca\/graduatereviews\/\">Advanced Research Skills: Conducting Literature and Systematic Reviews<\/a>: Short self-guided course (ebook) that focuses on the research component of conducting a literature or systematic review.<\/p>\n\n\n\n<hr class=\"wp-block-separator has-alpha-channel-opacity\"\/>\n\n\n\n<h3 class=\"wp-block-heading has-text-align-center has-medium-font-size\"><strong><mark style=\"background-color:#FFFFFF;color:#00395f\" class=\"has-inline-color\">Pomoc merytoryczna<\/mark><\/strong><\/h3>\n\n\n\n<p>Osoby przygotowuj\u0105ce samodzielnie przegl\u0105d systematyczny mog\u0105 liczy\u0107 na nasz\u0105 pomoc w\u202fformie konsultacji i odpowiedzi na pytania, m.in. w zakresie:&nbsp;<\/p>\n\n\n\n<ul class=\"wp-block-list\">\n<li>dobrania w\u0142a\u015bciwego typu przegl\u0105du do problemu badawczego&nbsp;<\/li>\n\n\n\n<li>formu\u0142owania i doprecyzowywania pyta\u0144 badawczych&nbsp;<\/li>\n\n\n\n<li>orientowania si\u0119 w dost\u0119pnych bazach danych i wyboru tych, kt\u00f3re mog\u0105 by\u0107 najbardziej u\u017cyteczne&nbsp;<\/li>\n\n\n\n<li>samodzielnego budowania strategii wyszukiwania oraz rozumienia jej kluczowych element\u00f3w&nbsp;<\/li>\n\n\n\n<li>wyszukiwania szarej literatury oraz identyfikacji mniej oczywistych \u017ar\u00f3de\u0142 informacji&nbsp;<\/li>\n\n\n\n<li>zasad przeprowadzania deduplikacji i sposob\u00f3w jej samodzielnego wykonania&nbsp;<\/li>\n\n\n\n<li>korzystania z mened\u017cer\u00f3w bibliografii dost\u0119pnych na naszej uczelni&nbsp;&nbsp;<\/li>\n<\/ul>\n\n\n\n<p>Mo\u017cesz zwraca\u0107 si\u0119 do nas z pytaniami na dowolnym etapie pracy.&nbsp;<\/p>\n\n\n\n<p>Contact:<br>lic. Weronika Florczyk, mgr Martyna Kr\u00f3l<br><a href=\"mailto:systematicreview@sum.edu.pl\">systematicreview@sum.edu.pl<\/a><\/p>","protected":false},"excerpt":{"rendered":"<p>Systematic Reviews &#8211; Przegl\u0105dy systematyczne Przegl\u0105dy systematyczne (systematic review) to kluczowe narz\u0119dzie w nowoczesnej medycynie, kt\u00f3re pozwala na zebranie, ocen\u0119 i syntez\u0119 wynik\u00f3w bada\u0144 naukowych dotycz\u0105cych okre\u015blonego zagadnienia. Dzi\u0119ki temu lekarze, naukowcy i decydenci mog\u0105 podejmowa\u0107 \u015bwiadome decyzje oparte na najnowszych i najbardziej wiarygodnych dowodach naukowych.&nbsp; Kompendium wiedzy na temat przeprowadzania przegl\u0105d\u00f3w systematycznych i innych [&hellip;]<\/p>","protected":false},"author":3,"featured_media":0,"parent":132,"menu_order":0,"comment_status":"closed","ping_status":"closed","template":"","meta":{"_eb_attr":"","footnotes":""},"categories":[210],"tags":[],"class_list":["post-26332","page","type-page","status-publish","hentry","category-zasoby"],"publishpress_future_action":{"enabled":false,"date":"2026-04-12 10:59:49","action":"change-status","newStatus":"draft","terms":[],"taxonomy":"category","extraData":[]},"publishpress_future_workflow_manual_trigger":{"enabledWorkflows":[]},"_links":{"self":[{"href":"https:\/\/biblioteka.sum.edu.pl\/en\/wp-json\/wp\/v2\/pages\/26332","targetHints":{"allow":["GET"]}}],"collection":[{"href":"https:\/\/biblioteka.sum.edu.pl\/en\/wp-json\/wp\/v2\/pages"}],"about":[{"href":"https:\/\/biblioteka.sum.edu.pl\/en\/wp-json\/wp\/v2\/types\/page"}],"author":[{"embeddable":true,"href":"https:\/\/biblioteka.sum.edu.pl\/en\/wp-json\/wp\/v2\/users\/3"}],"replies":[{"embeddable":true,"href":"https:\/\/biblioteka.sum.edu.pl\/en\/wp-json\/wp\/v2\/comments?post=26332"}],"version-history":[{"count":33,"href":"https:\/\/biblioteka.sum.edu.pl\/en\/wp-json\/wp\/v2\/pages\/26332\/revisions"}],"predecessor-version":[{"id":28062,"href":"https:\/\/biblioteka.sum.edu.pl\/en\/wp-json\/wp\/v2\/pages\/26332\/revisions\/28062"}],"up":[{"embeddable":true,"href":"https:\/\/biblioteka.sum.edu.pl\/en\/wp-json\/wp\/v2\/pages\/132"}],"wp:attachment":[{"href":"https:\/\/biblioteka.sum.edu.pl\/en\/wp-json\/wp\/v2\/media?parent=26332"}],"wp:term":[{"taxonomy":"category","embeddable":true,"href":"https:\/\/biblioteka.sum.edu.pl\/en\/wp-json\/wp\/v2\/categories?post=26332"},{"taxonomy":"post_tag","embeddable":true,"href":"https:\/\/biblioteka.sum.edu.pl\/en\/wp-json\/wp\/v2\/tags?post=26332"}],"curies":[{"name":"wp","href":"https:\/\/api.w.org\/{rel}","templated":true}]}}