{"id":25642,"date":"2024-12-19T11:52:08","date_gmt":"2024-12-19T10:52:08","guid":{"rendered":"https:\/\/biblioteka.sum.edu.pl\/?page_id=25642"},"modified":"2026-03-20T09:25:29","modified_gmt":"2026-03-20T08:25:29","slug":"atlas-3d-anatomyka","status":"publish","type":"page","link":"https:\/\/biblioteka.sum.edu.pl\/en\/zasoby\/najczesciej-uzywane-bazy\/atlas-3d-anatomyka\/","title":{"rendered":"3D  Atlas Anatomyka"},"content":{"rendered":"<h2 class=\"wp-block-heading\">3D  Atlas Anatomyka<\/h2>\n\n\n\n<p>The atlas includes&nbsp;<strong>Polish&nbsp;<\/strong>anatomical terminology.<br>The descriptions are based on&nbsp;<strong>Memorix Anatomy<\/strong>.<\/p>\n\n\n\n<div class=\"wp-block-essential-blocks-notice  root-eb-notice-y2mja7u\"><div class=\"eb-parent-wrapper eb-parent-eb-notice-y2mja7u\"><div class=\"eb-notice-wrapper eb-notice-y2mja7u\" data-id=\"eb-notice-y2mja7u\" data-show-again=\"false\"><div class=\"eb-notice-title-wrapper\"><div class=\"eb-notice-title\">Please, note!<\/div><\/div><span class=\"eb-notice-dismiss\" style=\"cursor:pointer\"><\/span><div><div class=\"eb-notice-text\">In order to access the atlas, you must create an account. Detailed instructions are provided below.<\/div><\/div><\/div><\/div><\/div>\n\n\n\n<ol class=\"wp-block-list\">\n<li>If you already have an account, log in <a href=\"https:\/\/portal.anatomyka.com\/\" target=\"_blank\" rel=\"noreferrer noopener\">https:\/\/portal.anatomyka.com\/<\/a>. If you do not have an account, register and create an account <a href=\"https:\/\/portal.anatomyka.com\/pl\/rejestracja\/\">https:\/\/portal.anatomyka.com\/pl\/rejestracja\/<\/a> Note: When creating an account <strong>enter your student\/workplace email address <\/strong>eg. s12345@365.sum.edu.pl<\/li>\n\n\n\n<li>Go to My Profile tab&gt; <strong>Join the group<\/strong>.<\/li>\n\n\n\n<li>Enter the group code <strong>SUM-27098<\/strong> and submit it.<\/li>\n\n\n\n<li>Once the request has been submitted, the service administrator (\u015aUM Library) <strong>will confirm eligibility to use the atlas<\/strong> and assign a licence.<\/li>\n\n\n\n<li>If your eligibility is confirmed, in My Profile &gt; <strong>Licenses and Downloads<\/strong> select your group from the green drop-down menu to see your assigned licenses.<\/li>\n\n\n\n<li>Download and install the app on the device of your choice.<\/li>\n<\/ol>\n\n\n\n\n\n<div class=\"wp-block-essential-blocks-notice  root-eb-notice-9lz0n\"><div class=\"eb-parent-wrapper eb-parent-eb-notice-9lz0n\"><div class=\"eb-notice-wrapper eb-notice-9lz0n\" data-id=\"eb-notice-9lz0n\" data-show-again=\"false\"><div class=\"eb-notice-title-wrapper\"><div class=\"eb-notice-title\">Please, note!<\/div><\/div><span class=\"eb-notice-dismiss\" style=\"cursor:pointer\"><\/span><div><div class=\"eb-notice-text\"><strong>The student account <\/strong>includes one license for the Anatomyka Atlas app on a computer (running Windows or macOS) or one on a mobile device (running Android, iOS, or Huawei). Users who wish to access the Atlas on two devices are asked to send an email to: anatomyka@sum.edu.pl. <br><strong>The educator account<\/strong> includes one access to the Anatomyka Academic PRO EDU app with advanced features on a computer (windows or macOS) or one access to the Anatomyka Atlas app on a mobile device (android, huawei or iOS).<\/div><\/div><\/div><\/div><\/div>\n\n\n\n<p>If you have any questions, please contact us:<br>anatomyka@sum.edu.pl, tel. 32 208 35 08<\/p>\n\n\n\n<p><\/p>","protected":false},"excerpt":{"rendered":"<p>Atlas 3D Anatomyka Atlas uwzgl\u0119dnia&nbsp;polskie&nbsp;mianownictwo anatomiczne.Podstaw\u0105 opis\u00f3w jest&nbsp;Memorix Anatomy. W przypadku pyta\u0144, prosimy o kontakt:anatomyka@sum.edu.pl, tel. 32 208 35 08<\/p>","protected":false},"author":3,"featured_media":0,"parent":23302,"menu_order":0,"comment_status":"closed","ping_status":"closed","template":"","meta":{"_eb_attr":"","footnotes":""},"categories":[],"tags":[],"class_list":["post-25642","page","type-page","status-publish","hentry"],"publishpress_future_action":{"enabled":false,"date":"2026-04-12 16:14:44","action":"change-status","newStatus":"draft","terms":[],"taxonomy":"category","extraData":[]},"publishpress_future_workflow_manual_trigger":{"enabledWorkflows":[]},"_links":{"self":[{"href":"https:\/\/biblioteka.sum.edu.pl\/en\/wp-json\/wp\/v2\/pages\/25642","targetHints":{"allow":["GET"]}}],"collection":[{"href":"https:\/\/biblioteka.sum.edu.pl\/en\/wp-json\/wp\/v2\/pages"}],"about":[{"href":"https:\/\/biblioteka.sum.edu.pl\/en\/wp-json\/wp\/v2\/types\/page"}],"author":[{"embeddable":true,"href":"https:\/\/biblioteka.sum.edu.pl\/en\/wp-json\/wp\/v2\/users\/3"}],"replies":[{"embeddable":true,"href":"https:\/\/biblioteka.sum.edu.pl\/en\/wp-json\/wp\/v2\/comments?post=25642"}],"version-history":[{"count":23,"href":"https:\/\/biblioteka.sum.edu.pl\/en\/wp-json\/wp\/v2\/pages\/25642\/revisions"}],"predecessor-version":[{"id":27975,"href":"https:\/\/biblioteka.sum.edu.pl\/en\/wp-json\/wp\/v2\/pages\/25642\/revisions\/27975"}],"up":[{"embeddable":true,"href":"https:\/\/biblioteka.sum.edu.pl\/en\/wp-json\/wp\/v2\/pages\/23302"}],"wp:attachment":[{"href":"https:\/\/biblioteka.sum.edu.pl\/en\/wp-json\/wp\/v2\/media?parent=25642"}],"wp:term":[{"taxonomy":"category","embeddable":true,"href":"https:\/\/biblioteka.sum.edu.pl\/en\/wp-json\/wp\/v2\/categories?post=25642"},{"taxonomy":"post_tag","embeddable":true,"href":"https:\/\/biblioteka.sum.edu.pl\/en\/wp-json\/wp\/v2\/tags?post=25642"}],"curies":[{"name":"wp","href":"https:\/\/api.w.org\/{rel}","templated":true}]}}