{"id":25239,"date":"2024-10-16T13:29:12","date_gmt":"2024-10-16T11:29:12","guid":{"rendered":"https:\/\/biblioteka.sum.edu.pl\/?page_id=25239"},"modified":"2024-10-16T13:30:16","modified_gmt":"2024-10-16T11:30:16","slug":"noc-bibliotek-11-pazdziernika-2024-galeria-zdjec","status":"publish","type":"page","link":"https:\/\/biblioteka.sum.edu.pl\/en\/noc-bibliotek-11-pazdziernika-2024-galeria-zdjec\/","title":{"rendered":"Noc Bibliotek 11 pa\u017adziernika 2024 &#8211; galeria zdj\u0119\u0107"},"content":{"rendered":"<div class=\"wp-block-essential-blocks-image-gallery  root-eb-image-gallery-bq71w\"><div class=\"eb-parent-wrapper eb-parent-eb-image-gallery-bq71w\"><div class=\"eb-gallery-img-wrapper eb-image-gallery-bq71w grid overlay-bottom caption-style-0 caption-on-hover  no-isotope\" data-id=\"eb-image-gallery-bq71w\"><a href=\"https:\/\/biblioteka.sum.edu.pl\/wp-content\/uploads\/2024\/10\/Bibliotekarze-Rokitnica-scaled.jpg\" rel=\"noopener\" data-fslightbox=\"gallery\" data-type=\"image\" class=\"eb-gallery-img-content eb-filter-img-\"><span class=\"eb-gallery-link-wrapper\"><img decoding=\"async\" class=\"eb-gallery-img\" src=\"https:\/\/biblioteka.sum.edu.pl\/wp-content\/uploads\/2024\/10\/Bibliotekarze-Rokitnica-scaled.jpg\" image-index=\"0\" alt=\"\"\/><span class=\"eb-gallery-img-caption center bottom\">Bibliotekarki &#8211; Rokitnica<\/span><\/span><\/a><a href=\"https:\/\/biblioteka.sum.edu.pl\/wp-content\/uploads\/2024\/10\/Warsztaty-tworzenia-bizuterii-medycznej-Rokitnica.jpg\" rel=\"noopener\" data-fslightbox=\"gallery\" data-type=\"image\" class=\"eb-gallery-img-content eb-filter-img-\"><span class=\"eb-gallery-link-wrapper\"><img decoding=\"async\" class=\"eb-gallery-img\" src=\"https:\/\/biblioteka.sum.edu.pl\/wp-content\/uploads\/2024\/10\/Warsztaty-tworzenia-bizuterii-medycznej-Rokitnica.jpg\" image-index=\"1\" alt=\"\"\/><span class=\"eb-gallery-img-caption center bottom\">Warsztaty tworzenia bi\u017cuterii &#8211; Rokitnica<\/span><\/span><\/a><a href=\"https:\/\/biblioteka.sum.edu.pl\/wp-content\/uploads\/2024\/10\/Warsztaty-z-robienia-zakladek-Rokitnica-2-.jpg\" rel=\"noopener\" data-fslightbox=\"gallery\" data-type=\"image\" class=\"eb-gallery-img-content eb-filter-img-\"><span class=\"eb-gallery-link-wrapper\"><img decoding=\"async\" class=\"eb-gallery-img\" src=\"https:\/\/biblioteka.sum.edu.pl\/wp-content\/uploads\/2024\/10\/Warsztaty-z-robienia-zakladek-Rokitnica-2-.jpg\" image-index=\"2\" alt=\"\"\/><span class=\"eb-gallery-img-caption center bottom\">Warsztaty tworzenia zak\u0142adek &#8211; Rokitnica<\/span><\/span><\/a><a href=\"https:\/\/biblioteka.sum.edu.pl\/wp-content\/uploads\/2024\/10\/Warsztaty-z-robienia-zakladek-Rokitnica-scaled.jpg\" rel=\"noopener\" data-fslightbox=\"gallery\" data-type=\"image\" class=\"eb-gallery-img-content eb-filter-img-\"><span class=\"eb-gallery-link-wrapper\"><img decoding=\"async\" class=\"eb-gallery-img\" src=\"https:\/\/biblioteka.sum.edu.pl\/wp-content\/uploads\/2024\/10\/Warsztaty-z-robienia-zakladek-Rokitnica-scaled.jpg\" image-index=\"3\" alt=\"\"\/><span class=\"eb-gallery-img-caption center bottom\">Warsztaty tworzenia zak\u0142adek &#8211; Rokitnica<\/span><\/span><\/a><a href=\"https:\/\/biblioteka.sum.edu.pl\/wp-content\/uploads\/2024\/10\/VR-Rokitnica.jpg\" rel=\"noopener\" data-fslightbox=\"gallery\" data-type=\"image\" class=\"eb-gallery-img-content eb-filter-img-\"><span class=\"eb-gallery-link-wrapper\"><img decoding=\"async\" class=\"eb-gallery-img\" src=\"https:\/\/biblioteka.sum.edu.pl\/wp-content\/uploads\/2024\/10\/VR-Rokitnica.jpg\" image-index=\"4\" alt=\"\"\/><span class=\"eb-gallery-img-caption center bottom\">VR &#8211; Rokitnica<\/span><\/span><\/a><a href=\"https:\/\/biblioteka.sum.edu.pl\/wp-content\/uploads\/2024\/10\/VR-Rokitnica-1-scaled.jpg\" rel=\"noopener\" data-fslightbox=\"gallery\" data-type=\"image\" class=\"eb-gallery-img-content eb-filter-img-\"><span class=\"eb-gallery-link-wrapper\"><img decoding=\"async\" class=\"eb-gallery-img\" src=\"https:\/\/biblioteka.sum.edu.pl\/wp-content\/uploads\/2024\/10\/VR-Rokitnica-1-scaled.jpg\" image-index=\"5\" alt=\"\"\/><span class=\"eb-gallery-img-caption center bottom\">VR &#8211; Rokitnica<\/span><\/span><\/a><a href=\"https:\/\/biblioteka.sum.edu.pl\/wp-content\/uploads\/2024\/10\/gry-planszowe-Rokitnica-scaled.jpg\" rel=\"noopener\" data-fslightbox=\"gallery\" data-type=\"image\" class=\"eb-gallery-img-content eb-filter-img-\"><span class=\"eb-gallery-link-wrapper\"><img decoding=\"async\" class=\"eb-gallery-img\" src=\"https:\/\/biblioteka.sum.edu.pl\/wp-content\/uploads\/2024\/10\/gry-planszowe-Rokitnica-scaled.jpg\" image-index=\"6\" alt=\"\"\/><span class=\"eb-gallery-img-caption center bottom\">Gry planoszowe &#8211; Rokitnica<\/span><\/span><\/a><a href=\"https:\/\/biblioteka.sum.edu.pl\/wp-content\/uploads\/2024\/10\/LEGO-NOC-BIBLIOTEK.png\" rel=\"noopener\" data-fslightbox=\"gallery\" data-type=\"image\" class=\"eb-gallery-img-content eb-filter-img-\"><span class=\"eb-gallery-link-wrapper\"><img decoding=\"async\" class=\"eb-gallery-img\" src=\"https:\/\/biblioteka.sum.edu.pl\/wp-content\/uploads\/2024\/10\/LEGO-NOC-BIBLIOTEK.png\" image-index=\"7\" alt=\"\"\/><span class=\"eb-gallery-img-caption center bottom\">Noc Bibliotek &#8211; Ligota<\/span><\/span><\/a><a href=\"https:\/\/biblioteka.sum.edu.pl\/wp-content\/uploads\/2024\/10\/Bibliotekarze-Ligota--scaled.jpg\" rel=\"noopener\" data-fslightbox=\"gallery\" data-type=\"image\" class=\"eb-gallery-img-content eb-filter-img-\"><span class=\"eb-gallery-link-wrapper\"><img decoding=\"async\" class=\"eb-gallery-img\" src=\"https:\/\/biblioteka.sum.edu.pl\/wp-content\/uploads\/2024\/10\/Bibliotekarze-Ligota--scaled.jpg\" image-index=\"8\" alt=\"\"\/><span class=\"eb-gallery-img-caption center bottom\">Bibliotekarze &#8211; Ligota<\/span><\/span><\/a><a href=\"https:\/\/biblioteka.sum.edu.pl\/wp-content\/uploads\/2024\/10\/gry-planszowe-Ligota-2.jpg\" rel=\"noopener\" data-fslightbox=\"gallery\" data-type=\"image\" class=\"eb-gallery-img-content eb-filter-img-\"><span class=\"eb-gallery-link-wrapper\"><img decoding=\"async\" class=\"eb-gallery-img\" src=\"https:\/\/biblioteka.sum.edu.pl\/wp-content\/uploads\/2024\/10\/gry-planszowe-Ligota-2.jpg\" image-index=\"9\" alt=\"\"\/><span class=\"eb-gallery-img-caption center bottom\">Gry planszowe &#8211; Ligota<\/span><\/span><\/a><a href=\"https:\/\/biblioteka.sum.edu.pl\/wp-content\/uploads\/2024\/10\/gry-planszowe-Ligota-3.jpg\" rel=\"noopener\" data-fslightbox=\"gallery\" data-type=\"image\" class=\"eb-gallery-img-content eb-filter-img-\"><span class=\"eb-gallery-link-wrapper\"><img decoding=\"async\" class=\"eb-gallery-img\" src=\"https:\/\/biblioteka.sum.edu.pl\/wp-content\/uploads\/2024\/10\/gry-planszowe-Ligota-3.jpg\" image-index=\"10\" alt=\"\"\/><span class=\"eb-gallery-img-caption center bottom\">Gry planszowe &#8211; Ligota<\/span><\/span><\/a><a href=\"https:\/\/biblioteka.sum.edu.pl\/wp-content\/uploads\/2024\/10\/gry-planszowe-Ligota-4-.jpg\" rel=\"noopener\" data-fslightbox=\"gallery\" data-type=\"image\" class=\"eb-gallery-img-content eb-filter-img-\"><span class=\"eb-gallery-link-wrapper\"><img decoding=\"async\" class=\"eb-gallery-img\" src=\"https:\/\/biblioteka.sum.edu.pl\/wp-content\/uploads\/2024\/10\/gry-planszowe-Ligota-4-.jpg\" image-index=\"11\" alt=\"\"\/><span class=\"eb-gallery-img-caption center bottom\">Gry planszowe &#8211; Ligota<\/span><\/span><\/a><a href=\"https:\/\/biblioteka.sum.edu.pl\/wp-content\/uploads\/2024\/10\/gry-planszowe-Ligota.jpg\" rel=\"noopener\" data-fslightbox=\"gallery\" data-type=\"image\" class=\"eb-gallery-img-content eb-filter-img-\"><span class=\"eb-gallery-link-wrapper\"><img decoding=\"async\" class=\"eb-gallery-img\" src=\"https:\/\/biblioteka.sum.edu.pl\/wp-content\/uploads\/2024\/10\/gry-planszowe-Ligota.jpg\" image-index=\"12\" alt=\"\"\/><span class=\"eb-gallery-img-caption center bottom\">Gry planszowe &#8211; Ligota<\/span><\/span><\/a><a href=\"https:\/\/biblioteka.sum.edu.pl\/wp-content\/uploads\/2024\/10\/VR-Ligota-.jpg\" rel=\"noopener\" data-fslightbox=\"gallery\" data-type=\"image\" class=\"eb-gallery-img-content eb-filter-img-\"><span class=\"eb-gallery-link-wrapper\"><img decoding=\"async\" class=\"eb-gallery-img\" src=\"https:\/\/biblioteka.sum.edu.pl\/wp-content\/uploads\/2024\/10\/VR-Ligota-.jpg\" image-index=\"13\" alt=\"\"\/><span class=\"eb-gallery-img-caption center bottom\">VR &#8211; Ligota<\/span><\/span><\/a><\/div><\/div><\/div>","protected":false},"excerpt":{"rendered":"","protected":false},"author":4,"featured_media":0,"parent":0,"menu_order":0,"comment_status":"closed","ping_status":"closed","template":"","meta":{"_eb_attr":"","footnotes":""},"categories":[],"tags":[],"class_list":["post-25239","page","type-page","status-publish","hentry"],"publishpress_future_action":{"enabled":false,"date":"2026-04-13 05:33:25","action":"change-status","newStatus":"draft","terms":[],"taxonomy":"category","extraData":[]},"publishpress_future_workflow_manual_trigger":{"enabledWorkflows":[]},"_links":{"self":[{"href":"https:\/\/biblioteka.sum.edu.pl\/en\/wp-json\/wp\/v2\/pages\/25239","targetHints":{"allow":["GET"]}}],"collection":[{"href":"https:\/\/biblioteka.sum.edu.pl\/en\/wp-json\/wp\/v2\/pages"}],"about":[{"href":"https:\/\/biblioteka.sum.edu.pl\/en\/wp-json\/wp\/v2\/types\/page"}],"author":[{"embeddable":true,"href":"https:\/\/biblioteka.sum.edu.pl\/en\/wp-json\/wp\/v2\/users\/4"}],"replies":[{"embeddable":true,"href":"https:\/\/biblioteka.sum.edu.pl\/en\/wp-json\/wp\/v2\/comments?post=25239"}],"version-history":[{"count":7,"href":"https:\/\/biblioteka.sum.edu.pl\/en\/wp-json\/wp\/v2\/pages\/25239\/revisions"}],"predecessor-version":[{"id":25247,"href":"https:\/\/biblioteka.sum.edu.pl\/en\/wp-json\/wp\/v2\/pages\/25239\/revisions\/25247"}],"wp:attachment":[{"href":"https:\/\/biblioteka.sum.edu.pl\/en\/wp-json\/wp\/v2\/media?parent=25239"}],"wp:term":[{"taxonomy":"category","embeddable":true,"href":"https:\/\/biblioteka.sum.edu.pl\/en\/wp-json\/wp\/v2\/categories?post=25239"},{"taxonomy":"post_tag","embeddable":true,"href":"https:\/\/biblioteka.sum.edu.pl\/en\/wp-json\/wp\/v2\/tags?post=25239"}],"curies":[{"name":"wp","href":"https:\/\/api.w.org\/{rel}","templated":true}]}}