{"id":25010,"date":"2024-10-14T12:50:16","date_gmt":"2024-10-14T10:50:16","guid":{"rendered":"https:\/\/biblioteka.sum.edu.pl\/?page_id=25010"},"modified":"2025-02-13T15:30:34","modified_gmt":"2025-02-13T14:30:34","slug":"tydzien-informacji-galeria-zdjec","status":"publish","type":"page","link":"https:\/\/biblioteka.sum.edu.pl\/en\/tydzien-informacji-galeria-zdjec\/","title":{"rendered":"Tydzie\u0144 Informacji &#8211; galeria zdj\u0119\u0107"},"content":{"rendered":"<div class=\"wp-block-group is-layout-constrained wp-block-group-is-layout-constrained\">\n<div class=\"wp-block-essential-blocks-image-gallery  root-eb-image-gallery-kdl77\"><div class=\"eb-parent-wrapper eb-parent-eb-image-gallery-kdl77\"><div class=\"eb-gallery-img-wrapper eb-image-gallery-kdl77 default v2 grid null enable-isotope   overlay-bottom caption-style-0\" data-id=\"eb-image-gallery-kdl77\" data-searchfilter=\"false\"><a href=\"https:\/\/biblioteka.sum.edu.pl\/wp-content\/uploads\/2024\/10\/IMG-20241008-WA0004.jpg\" rel=\"noopener\" data-fslightbox=\"gallery\" data-type=\"image\" class=\"eb-gallery-img-content  eb-filter-img-\"><span class=\"eb-gallery-link-wrapper\"><img decoding=\"async\" class=\"eb-gallery-img\" src=\"https:\/\/biblioteka.sum.edu.pl\/wp-content\/uploads\/2024\/10\/IMG-20241008-WA0004.jpg\" image-index=\"0\" alt=\"\"\/><span class=\"eb-img-gallery-content center bottom\"><\/span><\/span><\/a><a href=\"https:\/\/biblioteka.sum.edu.pl\/wp-content\/uploads\/2024\/10\/IMG-20241008-WA0000.jpg\" rel=\"noopener\" data-fslightbox=\"gallery\" data-type=\"image\" class=\"eb-gallery-img-content  eb-filter-img-\"><span class=\"eb-gallery-link-wrapper\"><img decoding=\"async\" class=\"eb-gallery-img\" src=\"https:\/\/biblioteka.sum.edu.pl\/wp-content\/uploads\/2024\/10\/IMG-20241008-WA0000.jpg\" image-index=\"1\" alt=\"\"\/><span class=\"eb-img-gallery-content center bottom\"><\/span><\/span><\/a><a href=\"https:\/\/biblioteka.sum.edu.pl\/wp-content\/uploads\/2024\/10\/IMG-20241008-WA00191.jpg\" rel=\"noopener\" data-fslightbox=\"gallery\" data-type=\"image\" class=\"eb-gallery-img-content  eb-filter-img-\"><span class=\"eb-gallery-link-wrapper\"><img decoding=\"async\" class=\"eb-gallery-img\" src=\"https:\/\/biblioteka.sum.edu.pl\/wp-content\/uploads\/2024\/10\/IMG-20241008-WA00191.jpg\" image-index=\"2\" alt=\"\"\/><span class=\"eb-img-gallery-content center bottom\"><\/span><\/span><\/a><a href=\"https:\/\/biblioteka.sum.edu.pl\/wp-content\/uploads\/2024\/10\/IMG-20241008-WA00151.jpg\" rel=\"noopener\" data-fslightbox=\"gallery\" data-type=\"image\" class=\"eb-gallery-img-content  eb-filter-img-\"><span class=\"eb-gallery-link-wrapper\"><img decoding=\"async\" class=\"eb-gallery-img\" src=\"https:\/\/biblioteka.sum.edu.pl\/wp-content\/uploads\/2024\/10\/IMG-20241008-WA00151.jpg\" image-index=\"3\" alt=\"\"\/><span class=\"eb-img-gallery-content center bottom\"><\/span><\/span><\/a><a href=\"https:\/\/biblioteka.sum.edu.pl\/wp-content\/uploads\/2024\/10\/3-1.jpg\" rel=\"noopener\" data-fslightbox=\"gallery\" data-type=\"image\" class=\"eb-gallery-img-content  eb-filter-img-\"><span class=\"eb-gallery-link-wrapper\"><img decoding=\"async\" class=\"eb-gallery-img\" src=\"https:\/\/biblioteka.sum.edu.pl\/wp-content\/uploads\/2024\/10\/3-1.jpg\" image-index=\"4\" alt=\"\"\/><span class=\"eb-img-gallery-content center bottom\"><\/span><\/span><\/a><a href=\"https:\/\/biblioteka.sum.edu.pl\/wp-content\/uploads\/2024\/10\/4-1.jpg\" rel=\"noopener\" data-fslightbox=\"gallery\" data-type=\"image\" class=\"eb-gallery-img-content  eb-filter-img-\"><span class=\"eb-gallery-link-wrapper\"><img decoding=\"async\" class=\"eb-gallery-img\" src=\"https:\/\/biblioteka.sum.edu.pl\/wp-content\/uploads\/2024\/10\/4-1.jpg\" image-index=\"5\" alt=\"\"\/><span class=\"eb-img-gallery-content center bottom\"><\/span><\/span><\/a><a href=\"https:\/\/biblioteka.sum.edu.pl\/wp-content\/uploads\/2024\/10\/5-1.jpg\" rel=\"noopener\" data-fslightbox=\"gallery\" data-type=\"image\" class=\"eb-gallery-img-content  eb-filter-img-\"><span class=\"eb-gallery-link-wrapper\"><img decoding=\"async\" class=\"eb-gallery-img\" src=\"https:\/\/biblioteka.sum.edu.pl\/wp-content\/uploads\/2024\/10\/5-1.jpg\" image-index=\"6\" alt=\"\"\/><span class=\"eb-img-gallery-content center bottom\"><\/span><\/span><\/a><a href=\"https:\/\/biblioteka.sum.edu.pl\/wp-content\/uploads\/2024\/10\/6-1.jpg\" rel=\"noopener\" data-fslightbox=\"gallery\" data-type=\"image\" class=\"eb-gallery-img-content  eb-filter-img-\"><span class=\"eb-gallery-link-wrapper\"><img decoding=\"async\" class=\"eb-gallery-img\" src=\"https:\/\/biblioteka.sum.edu.pl\/wp-content\/uploads\/2024\/10\/6-1.jpg\" image-index=\"7\" alt=\"\"\/><span class=\"eb-img-gallery-content center bottom\"><\/span><\/span><\/a><a href=\"https:\/\/biblioteka.sum.edu.pl\/wp-content\/uploads\/2024\/10\/7-1.jpg\" rel=\"noopener\" data-fslightbox=\"gallery\" data-type=\"image\" class=\"eb-gallery-img-content  eb-filter-img-\"><span class=\"eb-gallery-link-wrapper\"><img decoding=\"async\" class=\"eb-gallery-img\" src=\"https:\/\/biblioteka.sum.edu.pl\/wp-content\/uploads\/2024\/10\/7-1.jpg\" image-index=\"8\" alt=\"\"\/><span class=\"eb-img-gallery-content center bottom\"><\/span><\/span><\/a><a href=\"https:\/\/biblioteka.sum.edu.pl\/wp-content\/uploads\/2024\/10\/8-1.jpg\" rel=\"noopener\" data-fslightbox=\"gallery\" data-type=\"image\" class=\"eb-gallery-img-content  eb-filter-img-\"><span class=\"eb-gallery-link-wrapper\"><img decoding=\"async\" class=\"eb-gallery-img\" src=\"https:\/\/biblioteka.sum.edu.pl\/wp-content\/uploads\/2024\/10\/8-1.jpg\" image-index=\"9\" alt=\"\"\/><span class=\"eb-img-gallery-content center bottom\"><\/span><\/span><\/a><a href=\"https:\/\/biblioteka.sum.edu.pl\/wp-content\/uploads\/2024\/10\/9-1.jpg\" rel=\"noopener\" data-fslightbox=\"gallery\" data-type=\"image\" class=\"eb-gallery-img-content  eb-filter-img-\"><span class=\"eb-gallery-link-wrapper\"><img decoding=\"async\" class=\"eb-gallery-img\" src=\"https:\/\/biblioteka.sum.edu.pl\/wp-content\/uploads\/2024\/10\/9-1.jpg\" image-index=\"10\" alt=\"\"\/><span class=\"eb-img-gallery-content center bottom\"><\/span><\/span><\/a><a href=\"https:\/\/biblioteka.sum.edu.pl\/wp-content\/uploads\/2024\/10\/10-1.jpg\" rel=\"noopener\" data-fslightbox=\"gallery\" data-type=\"image\" class=\"eb-gallery-img-content  eb-filter-img-\"><span class=\"eb-gallery-link-wrapper\"><img decoding=\"async\" class=\"eb-gallery-img\" src=\"https:\/\/biblioteka.sum.edu.pl\/wp-content\/uploads\/2024\/10\/10-1.jpg\" image-index=\"11\" alt=\"\"\/><span class=\"eb-img-gallery-content center bottom\"><\/span><\/span><\/a><a href=\"https:\/\/biblioteka.sum.edu.pl\/wp-content\/uploads\/2024\/10\/11-scaled.jpg\" rel=\"noopener\" data-fslightbox=\"gallery\" data-type=\"image\" class=\"eb-gallery-img-content  eb-filter-img-\"><span class=\"eb-gallery-link-wrapper\"><img decoding=\"async\" class=\"eb-gallery-img\" src=\"https:\/\/biblioteka.sum.edu.pl\/wp-content\/uploads\/2024\/10\/11-scaled.jpg\" image-index=\"12\" alt=\"\"\/><span class=\"eb-img-gallery-content center bottom\"><\/span><\/span><\/a><a href=\"https:\/\/biblioteka.sum.edu.pl\/wp-content\/uploads\/2024\/10\/12-scaled.jpg\" rel=\"noopener\" data-fslightbox=\"gallery\" data-type=\"image\" class=\"eb-gallery-img-content  eb-filter-img-\"><span class=\"eb-gallery-link-wrapper\"><img decoding=\"async\" class=\"eb-gallery-img\" src=\"https:\/\/biblioteka.sum.edu.pl\/wp-content\/uploads\/2024\/10\/12-scaled.jpg\" image-index=\"13\" alt=\"\"\/><span class=\"eb-img-gallery-content center bottom\"><\/span><\/span><\/a><a href=\"https:\/\/biblioteka.sum.edu.pl\/wp-content\/uploads\/2024\/10\/13-1.jpg\" rel=\"noopener\" data-fslightbox=\"gallery\" data-type=\"image\" class=\"eb-gallery-img-content  eb-filter-img-\"><span class=\"eb-gallery-link-wrapper\"><img decoding=\"async\" class=\"eb-gallery-img\" src=\"https:\/\/biblioteka.sum.edu.pl\/wp-content\/uploads\/2024\/10\/13-1.jpg\" image-index=\"14\" alt=\"\"\/><span class=\"eb-img-gallery-content center bottom\"><\/span><\/span><\/a><\/div><\/div><\/div>\n<\/div>\n\n\n\n<p><\/p>","protected":false},"excerpt":{"rendered":"","protected":false},"author":5,"featured_media":0,"parent":0,"menu_order":0,"comment_status":"closed","ping_status":"closed","template":"","meta":{"_eb_attr":"","footnotes":""},"categories":[211,5],"tags":[],"class_list":["post-25010","page","type-page","status-publish","hentry","category-50-tygodni-nauki","category-aktualnosci"],"publishpress_future_action":{"enabled":false,"date":"2026-04-13 01:56:43","action":"change-status","newStatus":"draft","terms":[],"taxonomy":"category","extraData":[]},"publishpress_future_workflow_manual_trigger":{"enabledWorkflows":[]},"_links":{"self":[{"href":"https:\/\/biblioteka.sum.edu.pl\/en\/wp-json\/wp\/v2\/pages\/25010","targetHints":{"allow":["GET"]}}],"collection":[{"href":"https:\/\/biblioteka.sum.edu.pl\/en\/wp-json\/wp\/v2\/pages"}],"about":[{"href":"https:\/\/biblioteka.sum.edu.pl\/en\/wp-json\/wp\/v2\/types\/page"}],"author":[{"embeddable":true,"href":"https:\/\/biblioteka.sum.edu.pl\/en\/wp-json\/wp\/v2\/users\/5"}],"replies":[{"embeddable":true,"href":"https:\/\/biblioteka.sum.edu.pl\/en\/wp-json\/wp\/v2\/comments?post=25010"}],"version-history":[{"count":12,"href":"https:\/\/biblioteka.sum.edu.pl\/en\/wp-json\/wp\/v2\/pages\/25010\/revisions"}],"predecessor-version":[{"id":26197,"href":"https:\/\/biblioteka.sum.edu.pl\/en\/wp-json\/wp\/v2\/pages\/25010\/revisions\/26197"}],"wp:attachment":[{"href":"https:\/\/biblioteka.sum.edu.pl\/en\/wp-json\/wp\/v2\/media?parent=25010"}],"wp:term":[{"taxonomy":"category","embeddable":true,"href":"https:\/\/biblioteka.sum.edu.pl\/en\/wp-json\/wp\/v2\/categories?post=25010"},{"taxonomy":"post_tag","embeddable":true,"href":"https:\/\/biblioteka.sum.edu.pl\/en\/wp-json\/wp\/v2\/tags?post=25010"}],"curies":[{"name":"wp","href":"https:\/\/api.w.org\/{rel}","templated":true}]}}