{"id":23891,"date":"2024-05-23T10:39:02","date_gmt":"2024-05-23T08:39:02","guid":{"rendered":"https:\/\/biblioteka.sum.edu.pl\/?page_id=23891"},"modified":"2024-05-23T11:25:04","modified_gmt":"2024-05-23T09:25:04","slug":"galeria-zdjec-noc-muzeow-2024","status":"publish","type":"page","link":"https:\/\/biblioteka.sum.edu.pl\/en\/galeria-zdjec-noc-muzeow-2024\/","title":{"rendered":"Galeria zdj\u0119\u0107 Noc Muze\u00f3w 2024"},"content":{"rendered":"<h2 class=\"wp-block-heading\">Galeria zdj\u0119\u0107 Noc Muze\u00f3w 2024<\/h2>\n\n\n\n<div class=\"wp-block-essential-blocks-image-gallery\"><div class=\"eb-parent-wrapper eb-parent-eb-image-gallery-rvwde\"><div class=\"eb-gallery-img-wrapper eb-image-gallery-rvwde grid overlay-bottom caption-style-0   no-isotope\" data-id=\"eb-image-gallery-rvwde\"><a href=\"https:\/\/biblioteka.sum.edu.pl\/wp-content\/uploads\/2024\/05\/DSC08165s.jpg\" id=\"eb-gallery-img-content\" data-fslightbox=\"gallery\" data-type=\"image\" class=\"eb-gallery-img-content eb-filter-img-\" rel=\"noopener\"><span class=\"eb-gallery-link-wrapper\"><img decoding=\"async\" class=\"eb-gallery-img\" src=\"https:\/\/biblioteka.sum.edu.pl\/wp-content\/uploads\/2024\/05\/DSC08165s.jpg\" image-index=\"0\" alt=\"\"\/><\/span><\/a><a href=\"https:\/\/biblioteka.sum.edu.pl\/wp-content\/uploads\/2024\/05\/DSC08288s.jpg\" id=\"eb-gallery-img-content\" data-fslightbox=\"gallery\" data-type=\"image\" class=\"eb-gallery-img-content eb-filter-img-\" rel=\"noopener\"><span class=\"eb-gallery-link-wrapper\"><img decoding=\"async\" class=\"eb-gallery-img\" src=\"https:\/\/biblioteka.sum.edu.pl\/wp-content\/uploads\/2024\/05\/DSC08288s.jpg\" image-index=\"1\" alt=\"\"\/><\/span><\/a><a href=\"https:\/\/biblioteka.sum.edu.pl\/wp-content\/uploads\/2024\/05\/DSC08344s.jpg\" id=\"eb-gallery-img-content\" data-fslightbox=\"gallery\" data-type=\"image\" class=\"eb-gallery-img-content eb-filter-img-\" rel=\"noopener\"><span class=\"eb-gallery-link-wrapper\"><img decoding=\"async\" class=\"eb-gallery-img\" src=\"https:\/\/biblioteka.sum.edu.pl\/wp-content\/uploads\/2024\/05\/DSC08344s.jpg\" image-index=\"2\" alt=\"\"\/><\/span><\/a><a href=\"https:\/\/biblioteka.sum.edu.pl\/wp-content\/uploads\/2024\/05\/DSC08250s.jpg\" id=\"eb-gallery-img-content\" data-fslightbox=\"gallery\" data-type=\"image\" class=\"eb-gallery-img-content eb-filter-img-\" rel=\"noopener\"><span class=\"eb-gallery-link-wrapper\"><img decoding=\"async\" class=\"eb-gallery-img\" src=\"https:\/\/biblioteka.sum.edu.pl\/wp-content\/uploads\/2024\/05\/DSC08250s.jpg\" image-index=\"3\" alt=\"\"\/><\/span><\/a><a href=\"https:\/\/biblioteka.sum.edu.pl\/wp-content\/uploads\/2024\/05\/DSC08215s.jpg\" id=\"eb-gallery-img-content\" data-fslightbox=\"gallery\" data-type=\"image\" class=\"eb-gallery-img-content eb-filter-img-\" rel=\"noopener\"><span class=\"eb-gallery-link-wrapper\"><img decoding=\"async\" class=\"eb-gallery-img\" src=\"https:\/\/biblioteka.sum.edu.pl\/wp-content\/uploads\/2024\/05\/DSC08215s.jpg\" image-index=\"4\" alt=\"\"\/><\/span><\/a><a href=\"https:\/\/biblioteka.sum.edu.pl\/wp-content\/uploads\/2024\/05\/DSC08184s.jpg\" id=\"eb-gallery-img-content\" data-fslightbox=\"gallery\" data-type=\"image\" class=\"eb-gallery-img-content eb-filter-img-\" rel=\"noopener\"><span class=\"eb-gallery-link-wrapper\"><img decoding=\"async\" class=\"eb-gallery-img\" src=\"https:\/\/biblioteka.sum.edu.pl\/wp-content\/uploads\/2024\/05\/DSC08184s.jpg\" image-index=\"5\" alt=\"\"\/><\/span><\/a><a href=\"https:\/\/biblioteka.sum.edu.pl\/wp-content\/uploads\/2024\/05\/DSC08271s.jpg\" id=\"eb-gallery-img-content\" data-fslightbox=\"gallery\" data-type=\"image\" class=\"eb-gallery-img-content eb-filter-img-\" rel=\"noopener\"><span class=\"eb-gallery-link-wrapper\"><img decoding=\"async\" class=\"eb-gallery-img\" src=\"https:\/\/biblioteka.sum.edu.pl\/wp-content\/uploads\/2024\/05\/DSC08271s.jpg\" image-index=\"6\" alt=\"\"\/><\/span><\/a><a href=\"https:\/\/biblioteka.sum.edu.pl\/wp-content\/uploads\/2024\/05\/DSC08212s.jpg\" id=\"eb-gallery-img-content\" data-fslightbox=\"gallery\" data-type=\"image\" class=\"eb-gallery-img-content eb-filter-img-\" rel=\"noopener\"><span class=\"eb-gallery-link-wrapper\"><img decoding=\"async\" class=\"eb-gallery-img\" src=\"https:\/\/biblioteka.sum.edu.pl\/wp-content\/uploads\/2024\/05\/DSC08212s.jpg\" image-index=\"7\" alt=\"\"\/><\/span><\/a><a href=\"https:\/\/biblioteka.sum.edu.pl\/wp-content\/uploads\/2024\/05\/DSC08272s.jpg\" id=\"eb-gallery-img-content\" data-fslightbox=\"gallery\" data-type=\"image\" class=\"eb-gallery-img-content eb-filter-img-\" rel=\"noopener\"><span class=\"eb-gallery-link-wrapper\"><img decoding=\"async\" class=\"eb-gallery-img\" src=\"https:\/\/biblioteka.sum.edu.pl\/wp-content\/uploads\/2024\/05\/DSC08272s.jpg\" image-index=\"8\" alt=\"\"\/><\/span><\/a><a href=\"https:\/\/biblioteka.sum.edu.pl\/wp-content\/uploads\/2024\/05\/DSC08371s.jpg\" id=\"eb-gallery-img-content\" data-fslightbox=\"gallery\" data-type=\"image\" class=\"eb-gallery-img-content eb-filter-img-\" rel=\"noopener\"><span class=\"eb-gallery-link-wrapper\"><img decoding=\"async\" class=\"eb-gallery-img\" src=\"https:\/\/biblioteka.sum.edu.pl\/wp-content\/uploads\/2024\/05\/DSC08371s.jpg\" image-index=\"9\" alt=\"\"\/><\/span><\/a><a href=\"https:\/\/biblioteka.sum.edu.pl\/wp-content\/uploads\/2024\/05\/DSC08366s.jpg\" id=\"eb-gallery-img-content\" data-fslightbox=\"gallery\" data-type=\"image\" class=\"eb-gallery-img-content eb-filter-img-\" rel=\"noopener\"><span class=\"eb-gallery-link-wrapper\"><img decoding=\"async\" class=\"eb-gallery-img\" src=\"https:\/\/biblioteka.sum.edu.pl\/wp-content\/uploads\/2024\/05\/DSC08366s.jpg\" image-index=\"10\" alt=\"\"\/><\/span><\/a><a href=\"https:\/\/biblioteka.sum.edu.pl\/wp-content\/uploads\/2024\/05\/DSC08298s.jpg\" id=\"eb-gallery-img-content\" data-fslightbox=\"gallery\" data-type=\"image\" class=\"eb-gallery-img-content eb-filter-img-\" rel=\"noopener\"><span class=\"eb-gallery-link-wrapper\"><img decoding=\"async\" class=\"eb-gallery-img\" src=\"https:\/\/biblioteka.sum.edu.pl\/wp-content\/uploads\/2024\/05\/DSC08298s.jpg\" image-index=\"11\" alt=\"\"\/><\/span><\/a><a href=\"https:\/\/biblioteka.sum.edu.pl\/wp-content\/uploads\/2024\/05\/DSC08319s.jpg\" id=\"eb-gallery-img-content\" data-fslightbox=\"gallery\" data-type=\"image\" class=\"eb-gallery-img-content eb-filter-img-\" rel=\"noopener\"><span class=\"eb-gallery-link-wrapper\"><img decoding=\"async\" class=\"eb-gallery-img\" src=\"https:\/\/biblioteka.sum.edu.pl\/wp-content\/uploads\/2024\/05\/DSC08319s.jpg\" image-index=\"12\" alt=\"\"\/><\/span><\/a><a href=\"https:\/\/biblioteka.sum.edu.pl\/wp-content\/uploads\/2024\/05\/DSC08304s.jpg\" id=\"eb-gallery-img-content\" data-fslightbox=\"gallery\" data-type=\"image\" class=\"eb-gallery-img-content eb-filter-img-\" rel=\"noopener\"><span class=\"eb-gallery-link-wrapper\"><img decoding=\"async\" class=\"eb-gallery-img\" src=\"https:\/\/biblioteka.sum.edu.pl\/wp-content\/uploads\/2024\/05\/DSC08304s.jpg\" image-index=\"13\" alt=\"\"\/><\/span><\/a><a href=\"https:\/\/biblioteka.sum.edu.pl\/wp-content\/uploads\/2024\/05\/DSC08376s.jpg\" id=\"eb-gallery-img-content\" data-fslightbox=\"gallery\" data-type=\"image\" class=\"eb-gallery-img-content eb-filter-img-\" rel=\"noopener\"><span class=\"eb-gallery-link-wrapper\"><img decoding=\"async\" class=\"eb-gallery-img\" src=\"https:\/\/biblioteka.sum.edu.pl\/wp-content\/uploads\/2024\/05\/DSC08376s.jpg\" image-index=\"14\" alt=\"\"\/><\/span><\/a><a href=\"https:\/\/biblioteka.sum.edu.pl\/wp-content\/uploads\/2024\/05\/DSC08354s.jpg\" id=\"eb-gallery-img-content\" data-fslightbox=\"gallery\" data-type=\"image\" class=\"eb-gallery-img-content eb-filter-img-\" rel=\"noopener\"><span class=\"eb-gallery-link-wrapper\"><img decoding=\"async\" class=\"eb-gallery-img\" src=\"https:\/\/biblioteka.sum.edu.pl\/wp-content\/uploads\/2024\/05\/DSC08354s.jpg\" image-index=\"15\" alt=\"\"\/><\/span><\/a><a href=\"https:\/\/biblioteka.sum.edu.pl\/wp-content\/uploads\/2024\/05\/IMG-20240520-WA0004s.jpg\" id=\"eb-gallery-img-content\" data-fslightbox=\"gallery\" data-type=\"image\" class=\"eb-gallery-img-content eb-filter-img-\" rel=\"noopener\"><span class=\"eb-gallery-link-wrapper\"><img decoding=\"async\" class=\"eb-gallery-img\" src=\"https:\/\/biblioteka.sum.edu.pl\/wp-content\/uploads\/2024\/05\/IMG-20240520-WA0004s.jpg\" image-index=\"16\" alt=\"\"\/><\/span><\/a><a href=\"https:\/\/biblioteka.sum.edu.pl\/wp-content\/uploads\/2024\/05\/IMG-20240520-WA0005s.jpg\" id=\"eb-gallery-img-content\" data-fslightbox=\"gallery\" data-type=\"image\" class=\"eb-gallery-img-content eb-filter-img-\" rel=\"noopener\"><span class=\"eb-gallery-link-wrapper\"><img decoding=\"async\" class=\"eb-gallery-img\" src=\"https:\/\/biblioteka.sum.edu.pl\/wp-content\/uploads\/2024\/05\/IMG-20240520-WA0005s.jpg\" image-index=\"17\" alt=\"\"\/><\/span><\/a><\/div><\/div><\/div>","protected":false},"excerpt":{"rendered":"<p>Galeria zdj\u0119\u0107 Noc Muze\u00f3w 2024<\/p>","protected":false},"author":3,"featured_media":0,"parent":0,"menu_order":0,"comment_status":"closed","ping_status":"closed","template":"","meta":{"_eb_attr":"","footnotes":""},"categories":[],"tags":[],"class_list":["post-23891","page","type-page","status-publish","hentry"],"publishpress_future_action":{"enabled":false,"date":"2026-04-13 05:11:00","action":"change-status","newStatus":"draft","terms":[],"taxonomy":"category","extraData":[]},"publishpress_future_workflow_manual_trigger":{"enabledWorkflows":[]},"_links":{"self":[{"href":"https:\/\/biblioteka.sum.edu.pl\/en\/wp-json\/wp\/v2\/pages\/23891","targetHints":{"allow":["GET"]}}],"collection":[{"href":"https:\/\/biblioteka.sum.edu.pl\/en\/wp-json\/wp\/v2\/pages"}],"about":[{"href":"https:\/\/biblioteka.sum.edu.pl\/en\/wp-json\/wp\/v2\/types\/page"}],"author":[{"embeddable":true,"href":"https:\/\/biblioteka.sum.edu.pl\/en\/wp-json\/wp\/v2\/users\/3"}],"replies":[{"embeddable":true,"href":"https:\/\/biblioteka.sum.edu.pl\/en\/wp-json\/wp\/v2\/comments?post=23891"}],"version-history":[{"count":7,"href":"https:\/\/biblioteka.sum.edu.pl\/en\/wp-json\/wp\/v2\/pages\/23891\/revisions"}],"predecessor-version":[{"id":23921,"href":"https:\/\/biblioteka.sum.edu.pl\/en\/wp-json\/wp\/v2\/pages\/23891\/revisions\/23921"}],"wp:attachment":[{"href":"https:\/\/biblioteka.sum.edu.pl\/en\/wp-json\/wp\/v2\/media?parent=23891"}],"wp:term":[{"taxonomy":"category","embeddable":true,"href":"https:\/\/biblioteka.sum.edu.pl\/en\/wp-json\/wp\/v2\/categories?post=23891"},{"taxonomy":"post_tag","embeddable":true,"href":"https:\/\/biblioteka.sum.edu.pl\/en\/wp-json\/wp\/v2\/tags?post=23891"}],"curies":[{"name":"wp","href":"https:\/\/api.w.org\/{rel}","templated":true}]}}