{"id":23748,"date":"2024-05-13T14:19:03","date_gmt":"2024-05-13T12:19:03","guid":{"rendered":"https:\/\/biblioteka.sum.edu.pl\/?page_id=23748"},"modified":"2024-05-14T09:49:33","modified_gmt":"2024-05-14T07:49:33","slug":"galeria-zdjec-tydzien-ksiazki-6-12-maja-2024-r","status":"publish","type":"page","link":"https:\/\/biblioteka.sum.edu.pl\/en\/galeria-zdjec-tydzien-ksiazki-6-12-maja-2024-r\/","title":{"rendered":"Galeria zdj\u0119\u0107 Tydzie\u0144 Ksi\u0105\u017cki 6-12\u00a0maja 2024\u00a0r."},"content":{"rendered":"<h2 class=\"wp-block-heading\">Photo gallery <br>the Book Week <br>May 6th to 12th, 2024<\/h2>\n\n\n\n<div class=\"wp-block-essential-blocks-image-gallery\"><div class=\"eb-parent-wrapper eb-parent-eb-image-gallery-rtimr\"><div class=\"eb-gallery-img-wrapper eb-image-gallery-rtimr grid overlay-bottom caption-style-0 caption-on-hover  no-isotope\" data-id=\"eb-image-gallery-rtimr\"><a href=\"https:\/\/biblioteka.sum.edu.pl\/wp-content\/uploads\/2024\/04\/kwadaraty_Partnerzy_6_10.png\" id=\"eb-gallery-img-content\" data-fslightbox=\"gallery\" data-type=\"image\" class=\"eb-gallery-img-content eb-filter-img-\" rel=\"noopener\"><span class=\"eb-gallery-link-wrapper\"><img decoding=\"async\" class=\"eb-gallery-img\" src=\"https:\/\/biblioteka.sum.edu.pl\/wp-content\/uploads\/2024\/04\/kwadaraty_Partnerzy_6_10.png\" image-index=\"0\" alt=\"\"\/><span class=\"eb-gallery-img-caption center bottom\">the Book Week<\/span><\/span><\/a><a href=\"https:\/\/biblioteka.sum.edu.pl\/wp-content\/uploads\/2024\/05\/20240507_181108.jpg\" id=\"eb-gallery-img-content\" data-fslightbox=\"gallery\" data-type=\"image\" class=\"eb-gallery-img-content eb-filter-img-\" rel=\"noopener\"><span class=\"eb-gallery-link-wrapper\"><img decoding=\"async\" class=\"eb-gallery-img\" src=\"https:\/\/biblioteka.sum.edu.pl\/wp-content\/uploads\/2024\/05\/20240507_181108.jpg\" image-index=\"1\" alt=\"\"\/><span class=\"eb-gallery-img-caption center bottom\">Modele anatomiczne<\/span><\/span><\/a><a href=\"https:\/\/biblioteka.sum.edu.pl\/wp-content\/uploads\/2024\/05\/20240506_105025.jpg\" id=\"eb-gallery-img-content\" data-fslightbox=\"gallery\" data-type=\"image\" class=\"eb-gallery-img-content eb-filter-img-\" rel=\"noopener\"><span class=\"eb-gallery-link-wrapper\"><img decoding=\"async\" class=\"eb-gallery-img\" src=\"https:\/\/biblioteka.sum.edu.pl\/wp-content\/uploads\/2024\/05\/20240506_105025.jpg\" image-index=\"2\" alt=\"\"\/><span class=\"eb-gallery-img-caption center bottom\">Modele anatomiczne<\/span><\/span><\/a><a href=\"https:\/\/biblioteka.sum.edu.pl\/wp-content\/uploads\/2024\/05\/20240506_105100.jpg\" id=\"eb-gallery-img-content\" data-fslightbox=\"gallery\" data-type=\"image\" class=\"eb-gallery-img-content eb-filter-img-\" rel=\"noopener\"><span class=\"eb-gallery-link-wrapper\"><img decoding=\"async\" class=\"eb-gallery-img\" src=\"https:\/\/biblioteka.sum.edu.pl\/wp-content\/uploads\/2024\/05\/20240506_105100.jpg\" image-index=\"3\" alt=\"\"\/><span class=\"eb-gallery-img-caption center bottom\">Modele anatomiczne<\/span><\/span><\/a><a href=\"https:\/\/biblioteka.sum.edu.pl\/wp-content\/uploads\/2024\/05\/20240507_114830.jpg\" id=\"eb-gallery-img-content\" data-fslightbox=\"gallery\" data-type=\"image\" class=\"eb-gallery-img-content eb-filter-img-\" rel=\"noopener\"><span class=\"eb-gallery-link-wrapper\"><img decoding=\"async\" class=\"eb-gallery-img\" src=\"https:\/\/biblioteka.sum.edu.pl\/wp-content\/uploads\/2024\/05\/20240507_114830.jpg\" image-index=\"4\" alt=\"\"\/><span class=\"eb-gallery-img-caption center bottom\">Modele anatomiczne<\/span><\/span><\/a><a href=\"https:\/\/biblioteka.sum.edu.pl\/wp-content\/uploads\/2024\/05\/20240509_121528-Warsztaty8.jpg\" id=\"eb-gallery-img-content\" data-fslightbox=\"gallery\" data-type=\"image\" class=\"eb-gallery-img-content eb-filter-img-\" rel=\"noopener\"><span class=\"eb-gallery-link-wrapper\"><img decoding=\"async\" class=\"eb-gallery-img\" src=\"https:\/\/biblioteka.sum.edu.pl\/wp-content\/uploads\/2024\/05\/20240509_121528-Warsztaty8.jpg\" image-index=\"5\" alt=\"\"\/><span class=\"eb-gallery-img-caption center bottom\">Warsztaty atlasy online<\/span><\/span><\/a><a href=\"https:\/\/biblioteka.sum.edu.pl\/wp-content\/uploads\/2024\/05\/20240509.jpg\" id=\"eb-gallery-img-content\" data-fslightbox=\"gallery\" data-type=\"image\" class=\"eb-gallery-img-content eb-filter-img-\" rel=\"noopener\"><span class=\"eb-gallery-link-wrapper\"><img decoding=\"async\" class=\"eb-gallery-img\" src=\"https:\/\/biblioteka.sum.edu.pl\/wp-content\/uploads\/2024\/05\/20240509.jpg\" image-index=\"6\" alt=\"\"\/><span class=\"eb-gallery-img-caption center bottom\">Warsztaty atlasy online<\/span><\/span><\/a><a href=\"https:\/\/biblioteka.sum.edu.pl\/wp-content\/uploads\/2024\/05\/1715593590777.jpg\" id=\"eb-gallery-img-content\" data-fslightbox=\"gallery\" data-type=\"image\" class=\"eb-gallery-img-content eb-filter-img-\" rel=\"noopener\"><span class=\"eb-gallery-link-wrapper\"><img decoding=\"async\" class=\"eb-gallery-img\" src=\"https:\/\/biblioteka.sum.edu.pl\/wp-content\/uploads\/2024\/05\/1715593590777.jpg\" image-index=\"7\" alt=\"\"\/><span class=\"eb-gallery-img-caption center bottom\">Ksi\u0105\u017cka miniaturowa<\/span><\/span><\/a><a href=\"https:\/\/biblioteka.sum.edu.pl\/wp-content\/uploads\/2024\/05\/1715593590632.jpg\" id=\"eb-gallery-img-content\" data-fslightbox=\"gallery\" data-type=\"image\" class=\"eb-gallery-img-content eb-filter-img-\" rel=\"noopener\"><span class=\"eb-gallery-link-wrapper\"><img decoding=\"async\" class=\"eb-gallery-img\" src=\"https:\/\/biblioteka.sum.edu.pl\/wp-content\/uploads\/2024\/05\/1715593590632.jpg\" image-index=\"8\" alt=\"\"\/><span class=\"eb-gallery-img-caption center bottom\">Ksi\u0105\u017cka miniaturowa<\/span><\/span><\/a><a href=\"https:\/\/biblioteka.sum.edu.pl\/wp-content\/uploads\/2024\/05\/1715593590666.jpg\" id=\"eb-gallery-img-content\" data-fslightbox=\"gallery\" data-type=\"image\" class=\"eb-gallery-img-content eb-filter-img-\" rel=\"noopener\"><span class=\"eb-gallery-link-wrapper\"><img decoding=\"async\" class=\"eb-gallery-img\" src=\"https:\/\/biblioteka.sum.edu.pl\/wp-content\/uploads\/2024\/05\/1715593590666.jpg\" image-index=\"9\" alt=\"\"\/><span class=\"eb-gallery-img-caption center bottom\">Ksi\u0105\u017cka miniaturowa<\/span><\/span><\/a><a href=\"https:\/\/biblioteka.sum.edu.pl\/wp-content\/uploads\/2024\/05\/1715593590865.jpg\" id=\"eb-gallery-img-content\" data-fslightbox=\"gallery\" data-type=\"image\" class=\"eb-gallery-img-content eb-filter-img-\" rel=\"noopener\"><span class=\"eb-gallery-link-wrapper\"><img decoding=\"async\" class=\"eb-gallery-img\" src=\"https:\/\/biblioteka.sum.edu.pl\/wp-content\/uploads\/2024\/05\/1715593590865.jpg\" image-index=\"10\" alt=\"\"\/><span class=\"eb-gallery-img-caption center bottom\">Ksi\u0105\u017cka miniaturowa<\/span><\/span><\/a><a href=\"https:\/\/biblioteka.sum.edu.pl\/wp-content\/uploads\/2024\/05\/1715593590904.jpg\" id=\"eb-gallery-img-content\" data-fslightbox=\"gallery\" data-type=\"image\" class=\"eb-gallery-img-content eb-filter-img-\" rel=\"noopener\"><span class=\"eb-gallery-link-wrapper\"><img decoding=\"async\" class=\"eb-gallery-img\" src=\"https:\/\/biblioteka.sum.edu.pl\/wp-content\/uploads\/2024\/05\/1715593590904.jpg\" image-index=\"11\" alt=\"\"\/><span class=\"eb-gallery-img-caption center bottom\">Ksi\u0105\u017cka miniaturowa<\/span><\/span><\/a><a href=\"https:\/\/biblioteka.sum.edu.pl\/wp-content\/uploads\/2024\/05\/1715593590823.jpg\" id=\"eb-gallery-img-content\" data-fslightbox=\"gallery\" data-type=\"image\" class=\"eb-gallery-img-content eb-filter-img-\" rel=\"noopener\"><span class=\"eb-gallery-link-wrapper\"><img decoding=\"async\" class=\"eb-gallery-img\" src=\"https:\/\/biblioteka.sum.edu.pl\/wp-content\/uploads\/2024\/05\/1715593590823.jpg\" image-index=\"12\" alt=\"\"\/><span class=\"eb-gallery-img-caption center bottom\">Ksi\u0105\u017cka miniaturowa<\/span><\/span><\/a><a href=\"https:\/\/biblioteka.sum.edu.pl\/wp-content\/uploads\/2024\/05\/1715593590701.jpg\" id=\"eb-gallery-img-content\" data-fslightbox=\"gallery\" data-type=\"image\" class=\"eb-gallery-img-content eb-filter-img-\" rel=\"noopener\"><span class=\"eb-gallery-link-wrapper\"><img decoding=\"async\" class=\"eb-gallery-img\" src=\"https:\/\/biblioteka.sum.edu.pl\/wp-content\/uploads\/2024\/05\/1715593590701.jpg\" image-index=\"13\" alt=\"\"\/><span class=\"eb-gallery-img-caption center bottom\">Ksi\u0105\u017cka miniaturowa<\/span><\/span><\/a><a href=\"https:\/\/biblioteka.sum.edu.pl\/wp-content\/uploads\/2024\/05\/1715593590739.jpg\" id=\"eb-gallery-img-content\" data-fslightbox=\"gallery\" data-type=\"image\" class=\"eb-gallery-img-content eb-filter-img-\" rel=\"noopener\"><span class=\"eb-gallery-link-wrapper\"><img decoding=\"async\" class=\"eb-gallery-img\" src=\"https:\/\/biblioteka.sum.edu.pl\/wp-content\/uploads\/2024\/05\/1715593590739.jpg\" image-index=\"14\" alt=\"\"\/><span class=\"eb-gallery-img-caption center bottom\">Ksi\u0105\u017cka miniaturowa<\/span><\/span><\/a><a href=\"https:\/\/biblioteka.sum.edu.pl\/wp-content\/uploads\/2024\/05\/20240506_123248.jpg\" id=\"eb-gallery-img-content\" data-fslightbox=\"gallery\" data-type=\"image\" class=\"eb-gallery-img-content eb-filter-img-\" rel=\"noopener\"><span class=\"eb-gallery-link-wrapper\"><img decoding=\"async\" class=\"eb-gallery-img\" src=\"https:\/\/biblioteka.sum.edu.pl\/wp-content\/uploads\/2024\/05\/20240506_123248.jpg\" image-index=\"15\" alt=\"\"\/><span class=\"eb-gallery-img-caption center bottom\">Ksi\u0105\u017cka miniaturowa<\/span><\/span><\/a><a href=\"https:\/\/biblioteka.sum.edu.pl\/wp-content\/uploads\/2024\/05\/20240508_122136.jpg\" id=\"eb-gallery-img-content\" data-fslightbox=\"gallery\" data-type=\"image\" class=\"eb-gallery-img-content eb-filter-img-\" rel=\"noopener\"><span class=\"eb-gallery-link-wrapper\"><img decoding=\"async\" class=\"eb-gallery-img\" src=\"https:\/\/biblioteka.sum.edu.pl\/wp-content\/uploads\/2024\/05\/20240508_122136.jpg\" image-index=\"16\" alt=\"\"\/><span class=\"eb-gallery-img-caption center bottom\">Ksi\u0105\u017cka miniaturowa<\/span><\/span><\/a><a href=\"https:\/\/biblioteka.sum.edu.pl\/wp-content\/uploads\/2024\/05\/1715594538360.jpg\" id=\"eb-gallery-img-content\" data-fslightbox=\"gallery\" data-type=\"image\" class=\"eb-gallery-img-content eb-filter-img-\" rel=\"noopener\"><span class=\"eb-gallery-link-wrapper\"><img decoding=\"async\" class=\"eb-gallery-img\" src=\"https:\/\/biblioteka.sum.edu.pl\/wp-content\/uploads\/2024\/05\/1715594538360.jpg\" image-index=\"17\" alt=\"\"\/><span class=\"eb-gallery-img-caption center bottom\">Atlasy anatomiczne wczoraj i dzi\u015b<\/span><\/span><\/a><a href=\"https:\/\/biblioteka.sum.edu.pl\/wp-content\/uploads\/2024\/05\/1715594538329.jpg\" id=\"eb-gallery-img-content\" data-fslightbox=\"gallery\" data-type=\"image\" class=\"eb-gallery-img-content eb-filter-img-\" rel=\"noopener\"><span class=\"eb-gallery-link-wrapper\"><img decoding=\"async\" class=\"eb-gallery-img\" src=\"https:\/\/biblioteka.sum.edu.pl\/wp-content\/uploads\/2024\/05\/1715594538329.jpg\" image-index=\"18\" alt=\"\"\/><span class=\"eb-gallery-img-caption center bottom\">Atlasy anatomiczne wczoraj i dzi\u015b<\/span><\/span><\/a><a href=\"https:\/\/biblioteka.sum.edu.pl\/wp-content\/uploads\/2024\/05\/1715594538300.jpg\" id=\"eb-gallery-img-content\" data-fslightbox=\"gallery\" data-type=\"image\" class=\"eb-gallery-img-content eb-filter-img-\" rel=\"noopener\"><span class=\"eb-gallery-link-wrapper\"><img decoding=\"async\" class=\"eb-gallery-img\" src=\"https:\/\/biblioteka.sum.edu.pl\/wp-content\/uploads\/2024\/05\/1715594538300.jpg\" image-index=\"19\" alt=\"\"\/><span class=\"eb-gallery-img-caption center bottom\">Atlasy anatomiczne wczoraj i dzi\u015b<\/span><\/span><\/a><a href=\"https:\/\/biblioteka.sum.edu.pl\/wp-content\/uploads\/2024\/05\/1715594538263.jpg\" id=\"eb-gallery-img-content\" data-fslightbox=\"gallery\" data-type=\"image\" class=\"eb-gallery-img-content eb-filter-img-\" rel=\"noopener\"><span class=\"eb-gallery-link-wrapper\"><img decoding=\"async\" class=\"eb-gallery-img\" src=\"https:\/\/biblioteka.sum.edu.pl\/wp-content\/uploads\/2024\/05\/1715594538263.jpg\" image-index=\"20\" alt=\"\"\/><span class=\"eb-gallery-img-caption center bottom\">Atlasy anatomiczne wczoraj i dzi\u015b<\/span><\/span><\/a><a href=\"https:\/\/biblioteka.sum.edu.pl\/wp-content\/uploads\/2024\/05\/20240506_160235.jpg\" id=\"eb-gallery-img-content\" data-fslightbox=\"gallery\" data-type=\"image\" class=\"eb-gallery-img-content eb-filter-img-\" rel=\"noopener\"><span class=\"eb-gallery-link-wrapper\"><img decoding=\"async\" class=\"eb-gallery-img\" src=\"https:\/\/biblioteka.sum.edu.pl\/wp-content\/uploads\/2024\/05\/20240506_160235.jpg\" image-index=\"21\" alt=\"\"\/><span class=\"eb-gallery-img-caption center bottom\">Atlasy anatomiczne wczoraj i dzi\u015b<\/span><\/span><\/a><a href=\"https:\/\/biblioteka.sum.edu.pl\/wp-content\/uploads\/2024\/05\/1714033158846.jpg\" id=\"eb-gallery-img-content\" data-fslightbox=\"gallery\" data-type=\"image\" class=\"eb-gallery-img-content eb-filter-img-\" rel=\"noopener\"><span class=\"eb-gallery-link-wrapper\"><img decoding=\"async\" class=\"eb-gallery-img\" src=\"https:\/\/biblioteka.sum.edu.pl\/wp-content\/uploads\/2024\/05\/1714033158846.jpg\" image-index=\"22\" alt=\"\"\/><span class=\"eb-gallery-img-caption center bottom\">Historia ilustracji medycznej<\/span><\/span><\/a><a href=\"https:\/\/biblioteka.sum.edu.pl\/wp-content\/uploads\/2024\/05\/1714033236278.jpg\" id=\"eb-gallery-img-content\" data-fslightbox=\"gallery\" data-type=\"image\" class=\"eb-gallery-img-content eb-filter-img-\" rel=\"noopener\"><span class=\"eb-gallery-link-wrapper\"><img decoding=\"async\" class=\"eb-gallery-img\" src=\"https:\/\/biblioteka.sum.edu.pl\/wp-content\/uploads\/2024\/05\/1714033236278.jpg\" image-index=\"23\" alt=\"\"\/><span class=\"eb-gallery-img-caption center bottom\">Historia ilustracji medycznej<\/span><\/span><\/a><a href=\"https:\/\/biblioteka.sum.edu.pl\/wp-content\/uploads\/2024\/05\/1714032868413.jpg\" id=\"eb-gallery-img-content\" data-fslightbox=\"gallery\" data-type=\"image\" class=\"eb-gallery-img-content eb-filter-img-\" rel=\"noopener\"><span class=\"eb-gallery-link-wrapper\"><img decoding=\"async\" class=\"eb-gallery-img\" src=\"https:\/\/biblioteka.sum.edu.pl\/wp-content\/uploads\/2024\/05\/1714032868413.jpg\" image-index=\"24\" alt=\"\"\/><span class=\"eb-gallery-img-caption center bottom\">Historia ilustracji medycznej<\/span><\/span><\/a><a href=\"https:\/\/biblioteka.sum.edu.pl\/wp-content\/uploads\/2024\/05\/1714032868445.jpg\" id=\"eb-gallery-img-content\" data-fslightbox=\"gallery\" data-type=\"image\" class=\"eb-gallery-img-content eb-filter-img-\" rel=\"noopener\"><span class=\"eb-gallery-link-wrapper\"><img decoding=\"async\" class=\"eb-gallery-img\" src=\"https:\/\/biblioteka.sum.edu.pl\/wp-content\/uploads\/2024\/05\/1714032868445.jpg\" image-index=\"25\" alt=\"\"\/><span class=\"eb-gallery-img-caption center bottom\">Historia ilustracji medycznej<\/span><\/span><\/a><a href=\"https:\/\/biblioteka.sum.edu.pl\/wp-content\/uploads\/2024\/05\/1714032868382.jpg\" id=\"eb-gallery-img-content\" data-fslightbox=\"gallery\" data-type=\"image\" class=\"eb-gallery-img-content eb-filter-img-\" rel=\"noopener\"><span class=\"eb-gallery-link-wrapper\"><img decoding=\"async\" class=\"eb-gallery-img\" src=\"https:\/\/biblioteka.sum.edu.pl\/wp-content\/uploads\/2024\/05\/1714032868382.jpg\" image-index=\"26\" alt=\"\"\/><span class=\"eb-gallery-img-caption center bottom\">Historia ilustracji medycznej<\/span><\/span><\/a><a href=\"https:\/\/biblioteka.sum.edu.pl\/wp-content\/uploads\/2024\/05\/20240507_170035.jpg\" id=\"eb-gallery-img-content\" data-fslightbox=\"gallery\" data-type=\"image\" class=\"eb-gallery-img-content eb-filter-img-\" rel=\"noopener\"><span class=\"eb-gallery-link-wrapper\"><img decoding=\"async\" class=\"eb-gallery-img\" src=\"https:\/\/biblioteka.sum.edu.pl\/wp-content\/uploads\/2024\/05\/20240507_170035.jpg\" image-index=\"27\" alt=\"\"\/><span class=\"eb-gallery-img-caption center bottom\">Historia ilustracji medycznej<\/span><\/span><\/a><a href=\"https:\/\/biblioteka.sum.edu.pl\/wp-content\/uploads\/2024\/05\/4380951711.jpg\" id=\"eb-gallery-img-content\" data-fslightbox=\"gallery\" data-type=\"image\" class=\"eb-gallery-img-content eb-filter-img-\" rel=\"noopener\"><span class=\"eb-gallery-link-wrapper\"><img decoding=\"async\" class=\"eb-gallery-img\" src=\"https:\/\/biblioteka.sum.edu.pl\/wp-content\/uploads\/2024\/05\/4380951711.jpg\" image-index=\"28\" alt=\"\"\/><span class=\"eb-gallery-img-caption center bottom\">Gra planszow\u0105 Gutenberg<\/span><\/span><\/a><a href=\"https:\/\/biblioteka.sum.edu.pl\/wp-content\/uploads\/2024\/05\/4380838099.jpg\" id=\"eb-gallery-img-content\" data-fslightbox=\"gallery\" data-type=\"image\" class=\"eb-gallery-img-content eb-filter-img-\" rel=\"noopener\"><span class=\"eb-gallery-link-wrapper\"><img decoding=\"async\" class=\"eb-gallery-img\" src=\"https:\/\/biblioteka.sum.edu.pl\/wp-content\/uploads\/2024\/05\/4380838099.jpg\" image-index=\"29\" alt=\"\"\/><span class=\"eb-gallery-img-caption center bottom\">Gra planszow\u0105 Gutenberg<\/span><\/span><\/a><a href=\"https:\/\/biblioteka.sum.edu.pl\/wp-content\/uploads\/2024\/05\/4399430877.jpg\" id=\"eb-gallery-img-content\" data-fslightbox=\"gallery\" data-type=\"image\" class=\"eb-gallery-img-content eb-filter-img-\" rel=\"noopener\"><span class=\"eb-gallery-link-wrapper\"><img decoding=\"async\" class=\"eb-gallery-img\" src=\"https:\/\/biblioteka.sum.edu.pl\/wp-content\/uploads\/2024\/05\/4399430877.jpg\" image-index=\"30\" alt=\"\"\/><span class=\"eb-gallery-img-caption center bottom\">Dokt\u00f3rka od familok\u00f3w &#8211; Magdalena Majcher<\/span><\/span><\/a><a href=\"https:\/\/biblioteka.sum.edu.pl\/wp-content\/uploads\/2024\/05\/4424940655.jpg\" id=\"eb-gallery-img-content\" data-fslightbox=\"gallery\" data-type=\"image\" class=\"eb-gallery-img-content eb-filter-img-\" rel=\"noopener\"><span class=\"eb-gallery-link-wrapper\"><img decoding=\"async\" class=\"eb-gallery-img\" src=\"https:\/\/biblioteka.sum.edu.pl\/wp-content\/uploads\/2024\/05\/4424940655.jpg\" image-index=\"31\" alt=\"\"\/><span class=\"eb-gallery-img-caption center bottom\">Dokt\u00f3rka od familok\u00f3w &#8211; Magdalena Majcher<\/span><\/span><\/a><a href=\"https:\/\/biblioteka.sum.edu.pl\/wp-content\/uploads\/2024\/05\/438065316-1.jpg\" id=\"eb-gallery-img-content\" data-fslightbox=\"gallery\" data-type=\"image\" class=\"eb-gallery-img-content eb-filter-img-\" rel=\"noopener\"><span class=\"eb-gallery-link-wrapper\"><img decoding=\"async\" class=\"eb-gallery-img\" src=\"https:\/\/biblioteka.sum.edu.pl\/wp-content\/uploads\/2024\/05\/438065316-1.jpg\" image-index=\"32\" alt=\"\"\/><span class=\"eb-gallery-img-caption center bottom\">Fraszkoterapia bez recepty<\/span><\/span><\/a><a href=\"https:\/\/biblioteka.sum.edu.pl\/wp-content\/uploads\/2024\/05\/438095050-1.jpg\" id=\"eb-gallery-img-content\" data-fslightbox=\"gallery\" data-type=\"image\" class=\"eb-gallery-img-content eb-filter-img-\" rel=\"noopener\"><span class=\"eb-gallery-link-wrapper\"><img decoding=\"async\" class=\"eb-gallery-img\" src=\"https:\/\/biblioteka.sum.edu.pl\/wp-content\/uploads\/2024\/05\/438095050-1.jpg\" image-index=\"33\" alt=\"\"\/><span class=\"eb-gallery-img-caption center bottom\">Fraszkoterapia bez recepty<\/span><\/span><\/a><a href=\"https:\/\/biblioteka.sum.edu.pl\/wp-content\/uploads\/2024\/05\/438101898.jpg\" id=\"eb-gallery-img-content\" data-fslightbox=\"gallery\" data-type=\"image\" class=\"eb-gallery-img-content eb-filter-img-\" rel=\"noopener\"><span class=\"eb-gallery-link-wrapper\"><img decoding=\"async\" class=\"eb-gallery-img\" src=\"https:\/\/biblioteka.sum.edu.pl\/wp-content\/uploads\/2024\/05\/438101898.jpg\" image-index=\"34\" alt=\"\"\/><span class=\"eb-gallery-img-caption center bottom\">Spotkanie integracyjne bibliotekarzy<\/span><\/span><\/a><a href=\"https:\/\/biblioteka.sum.edu.pl\/wp-content\/uploads\/2024\/05\/4380517155.jpg\" id=\"eb-gallery-img-content\" data-fslightbox=\"gallery\" data-type=\"image\" class=\"eb-gallery-img-content eb-filter-img-\" rel=\"noopener\"><span class=\"eb-gallery-link-wrapper\"><img decoding=\"async\" class=\"eb-gallery-img\" src=\"https:\/\/biblioteka.sum.edu.pl\/wp-content\/uploads\/2024\/05\/4380517155.jpg\" image-index=\"35\" alt=\"\"\/><span class=\"eb-gallery-img-caption center bottom\">Spotkanie integracyjne bibliotekarzy<\/span><\/span><\/a><a href=\"https:\/\/biblioteka.sum.edu.pl\/wp-content\/uploads\/2024\/05\/4380604399.jpg\" id=\"eb-gallery-img-content\" data-fslightbox=\"gallery\" data-type=\"image\" class=\"eb-gallery-img-content eb-filter-img-\" rel=\"noopener\"><span class=\"eb-gallery-link-wrapper\"><img decoding=\"async\" class=\"eb-gallery-img\" src=\"https:\/\/biblioteka.sum.edu.pl\/wp-content\/uploads\/2024\/05\/4380604399.jpg\" image-index=\"36\" alt=\"\"\/><span class=\"eb-gallery-img-caption center bottom\">Spotkanie integracyjne bibliotekarzy<\/span><\/span><\/a><\/div><\/div><\/div>","protected":false},"excerpt":{"rendered":"<p>Galeria zdj\u0119\u0107 Tydzie\u0144 Ksi\u0105\u017cki 6-12&nbsp;maja 2024&nbsp;r.<\/p>","protected":false},"author":3,"featured_media":0,"parent":0,"menu_order":0,"comment_status":"closed","ping_status":"closed","template":"","meta":{"_eb_attr":"","footnotes":""},"categories":[],"tags":[],"class_list":["post-23748","page","type-page","status-publish","hentry"],"publishpress_future_action":{"enabled":false,"date":"2026-04-13 03:35:17","action":"change-status","newStatus":"draft","terms":[],"taxonomy":"category","extraData":[]},"publishpress_future_workflow_manual_trigger":{"enabledWorkflows":[]},"_links":{"self":[{"href":"https:\/\/biblioteka.sum.edu.pl\/en\/wp-json\/wp\/v2\/pages\/23748","targetHints":{"allow":["GET"]}}],"collection":[{"href":"https:\/\/biblioteka.sum.edu.pl\/en\/wp-json\/wp\/v2\/pages"}],"about":[{"href":"https:\/\/biblioteka.sum.edu.pl\/en\/wp-json\/wp\/v2\/types\/page"}],"author":[{"embeddable":true,"href":"https:\/\/biblioteka.sum.edu.pl\/en\/wp-json\/wp\/v2\/users\/3"}],"replies":[{"embeddable":true,"href":"https:\/\/biblioteka.sum.edu.pl\/en\/wp-json\/wp\/v2\/comments?post=23748"}],"version-history":[{"count":18,"href":"https:\/\/biblioteka.sum.edu.pl\/en\/wp-json\/wp\/v2\/pages\/23748\/revisions"}],"predecessor-version":[{"id":23892,"href":"https:\/\/biblioteka.sum.edu.pl\/en\/wp-json\/wp\/v2\/pages\/23748\/revisions\/23892"}],"wp:attachment":[{"href":"https:\/\/biblioteka.sum.edu.pl\/en\/wp-json\/wp\/v2\/media?parent=23748"}],"wp:term":[{"taxonomy":"category","embeddable":true,"href":"https:\/\/biblioteka.sum.edu.pl\/en\/wp-json\/wp\/v2\/categories?post=23748"},{"taxonomy":"post_tag","embeddable":true,"href":"https:\/\/biblioteka.sum.edu.pl\/en\/wp-json\/wp\/v2\/tags?post=23748"}],"curies":[{"name":"wp","href":"https:\/\/api.w.org\/{rel}","templated":true}]}}