{"id":23570,"date":"2024-04-23T09:23:05","date_gmt":"2024-04-23T07:23:05","guid":{"rendered":"https:\/\/biblioteka.sum.edu.pl\/?page_id=23570"},"modified":"2026-02-10T13:53:50","modified_gmt":"2026-02-10T12:53:50","slug":"przegladarka-preparatow-anatomicznych","status":"publish","type":"page","link":"https:\/\/biblioteka.sum.edu.pl\/en\/zasoby\/nowe-technologie\/przegladarka-preparatow-anatomicznych\/","title":{"rendered":"Viewer for anatomical preparations"},"content":{"rendered":"<h2 class=\"wp-block-heading\">Viewer for anatomical preparations<\/h2>\n\n\n\n<p>The preparation viewer is one of the latest projects of the <a href=\"https:\/\/ckz.sum.edu.pl\/\" data-type=\"link\" data-id=\"https:\/\/ckz.sum.edu.pl\/\">Centre for Distance Learning and Analysis of Educational Outcomes.<\/a> It can be used on computers in the reading room of the <a href=\"https:\/\/biblioteka.sum.edu.pl\/en\/oddzial-biblioteki-sum-w-katowicach-ligocie-z-czytelnia-w-katowicach-i-bielsku-bialej\/\" data-type=\"link\" data-id=\"https:\/\/biblioteka.sum.edu.pl\/oddzial-biblioteki-sum-w-katowicach-ligocie-z-czytelnia-w-katowicach-i-bielsku-bialej\/\"><strong>Oddzia\u0142u Biblioteki SUM w Katowicach-Ligocie<\/strong>.<\/a> This tool redefines the process of individual student learning through independent access to materials of a quality not previously available. The prepared repository allows each student to rework and consolidate the knowledge acquired in traditional classes in the section rooms, at their own pace and at any time, based on the materials used previously in class.<\/p>\n\n\n\n<p>The faithful reproduction of real preparations in the form of 3D models, which can be zoomed, rotated and moved at will, reduces learning time while maximising the knowledge gained in anatomy. Currently available are modules related to the thorax and abdomen.<\/p>\n\n\n\n<p>For more information visit the <a href=\"https:\/\/ckz.sum.edu.pl\/przegladarka-preparatow-anatomicznych\/\">Centre for Distance Learning and Analysis of Educational Outcomes (Polish version only)<\/a>.<\/p>\n\n\n\n<p><\/p>\n\n\n\n<figure class=\"wp-block-image size-large\"><img loading=\"lazy\" decoding=\"async\" width=\"1024\" height=\"512\" src=\"https:\/\/biblioteka.sum.edu.pl\/wp-content\/uploads\/2024\/04\/preparty-1024x512.png\" alt=\"\" class=\"wp-image-23571\" srcset=\"https:\/\/biblioteka.sum.edu.pl\/wp-content\/uploads\/2024\/04\/preparty-1024x512.png 1024w, https:\/\/biblioteka.sum.edu.pl\/wp-content\/uploads\/2024\/04\/preparty-300x150.png 300w, https:\/\/biblioteka.sum.edu.pl\/wp-content\/uploads\/2024\/04\/preparty-768x384.png 768w, https:\/\/biblioteka.sum.edu.pl\/wp-content\/uploads\/2024\/04\/preparty-18x9.png 18w, https:\/\/biblioteka.sum.edu.pl\/wp-content\/uploads\/2024\/04\/preparty.png 1200w\" sizes=\"auto, (max-width: 1024px) 100vw, 1024px\" \/><\/figure>","protected":false},"excerpt":{"rendered":"<p>Przegl\u0105darka preparat\u00f3w anatomicznych Przegl\u0105darka preparat\u00f3w to jeden z najnowszych projekt\u00f3w Centrum Kszta\u0142cenia Zdalnego i Analiz Efekt\u00f3w Edukacyjnych SUM. Korzysta\u0107 z niej mo\u017cna na komputerach w czytelni Oddzia\u0142u Biblioteki SUM w Katowicach-Ligocie. Narz\u0119dzie to redefiniuje proces indywidualnego uczenia si\u0119 student\u00f3w poprzez samodzielny dost\u0119p do materia\u0142\u00f3w w jako\u015bci nieosi\u0105galnej do tej pory. Przygotowane repozytorium umo\u017cliwia ka\u017cdemu studentowi [&hellip;]<\/p>","protected":false},"author":7,"featured_media":0,"parent":23558,"menu_order":0,"comment_status":"closed","ping_status":"closed","template":"","meta":{"_eb_attr":"","footnotes":""},"categories":[],"tags":[],"class_list":["post-23570","page","type-page","status-publish","hentry"],"publishpress_future_action":{"enabled":false,"date":"2026-04-12 16:14:10","action":"change-status","newStatus":"draft","terms":[],"taxonomy":"category","extraData":[]},"publishpress_future_workflow_manual_trigger":{"enabledWorkflows":[]},"_links":{"self":[{"href":"https:\/\/biblioteka.sum.edu.pl\/en\/wp-json\/wp\/v2\/pages\/23570","targetHints":{"allow":["GET"]}}],"collection":[{"href":"https:\/\/biblioteka.sum.edu.pl\/en\/wp-json\/wp\/v2\/pages"}],"about":[{"href":"https:\/\/biblioteka.sum.edu.pl\/en\/wp-json\/wp\/v2\/types\/page"}],"author":[{"embeddable":true,"href":"https:\/\/biblioteka.sum.edu.pl\/en\/wp-json\/wp\/v2\/users\/7"}],"replies":[{"embeddable":true,"href":"https:\/\/biblioteka.sum.edu.pl\/en\/wp-json\/wp\/v2\/comments?post=23570"}],"version-history":[{"count":6,"href":"https:\/\/biblioteka.sum.edu.pl\/en\/wp-json\/wp\/v2\/pages\/23570\/revisions"}],"predecessor-version":[{"id":27730,"href":"https:\/\/biblioteka.sum.edu.pl\/en\/wp-json\/wp\/v2\/pages\/23570\/revisions\/27730"}],"up":[{"embeddable":true,"href":"https:\/\/biblioteka.sum.edu.pl\/en\/wp-json\/wp\/v2\/pages\/23558"}],"wp:attachment":[{"href":"https:\/\/biblioteka.sum.edu.pl\/en\/wp-json\/wp\/v2\/media?parent=23570"}],"wp:term":[{"taxonomy":"category","embeddable":true,"href":"https:\/\/biblioteka.sum.edu.pl\/en\/wp-json\/wp\/v2\/categories?post=23570"},{"taxonomy":"post_tag","embeddable":true,"href":"https:\/\/biblioteka.sum.edu.pl\/en\/wp-json\/wp\/v2\/tags?post=23570"}],"curies":[{"name":"wp","href":"https:\/\/api.w.org\/{rel}","templated":true}]}}