{"id":23450,"date":"2024-04-11T14:25:02","date_gmt":"2024-04-11T12:25:02","guid":{"rendered":"https:\/\/biblioteka.sum.edu.pl\/?page_id=23450"},"modified":"2024-10-31T09:55:01","modified_gmt":"2024-10-31T08:55:01","slug":"szkolenia-biblioteczne-online","status":"publish","type":"page","link":"https:\/\/biblioteka.sum.edu.pl\/en\/szkolenia-i-warsztaty-2\/szkolenia-biblioteczne-online\/","title":{"rendered":"Online library courses"},"content":{"rendered":"<h2 class=\"wp-block-heading\">Online library courses<\/h2>\n\n\n\n<p><img loading=\"lazy\" decoding=\"async\" width=\"48\" height=\"48\" class=\"wp-image-20018\" style=\"width: 48px;\" src=\"https:\/\/biblioteka.sum.edu.pl\/wp-content\/uploads\/2023\/11\/Zasob-3ikonki.png\" alt=\"\" srcset=\"https:\/\/biblioteka.sum.edu.pl\/wp-content\/uploads\/2023\/11\/Zasob-3ikonki.png 48w, https:\/\/biblioteka.sum.edu.pl\/wp-content\/uploads\/2023\/11\/Zasob-3ikonki-12x12.png 12w\" sizes=\"auto, (max-width: 48px) 100vw, 48px\" \/> <a href=\"https:\/\/publikacje.sum.edu.pl:8443\/expertus\/adv\/\" target=\"_blank\" rel=\"noreferrer noopener\"><\/a><a href=\"https:\/\/elearning.sum.edu.pl\/course\/view.php?id=12021\" target=\"_blank\" rel=\"noreferrer noopener\">Access to the e-learning platform<\/a><\/p>\n\n\n\n<p><\/p>\n\n\n\n<p><\/p>\n\n\n\n<p><strong>How to view training content?<\/strong><\/p>\n\n\n\n<ol style=\"line-height:2\" class=\"wp-block-list\">\n<li>Please click on the link above,<\/li>\n\n\n\n<li>Log in to the platform at the following address: <a href=\"https:\/\/elearning.sum.edu.pl\/login\/index.php\" data-type=\"link\" data-id=\"https:\/\/elearning.sum.edu.pl\/login\/index.php\" target=\"_blank\" rel=\"noreferrer noopener\">elearning.sum.edu.pl<\/a>, <\/li>\n\n\n\n<li>Use your email in the 365.sum.edu.pl domain (as a student) and the password assigned to it, or the name of your personal email account in the sum.edu.pl domain and the password (staff member, lecturers etc.)<\/li>\n\n\n\n<li>Path to access the course: All Courses \/ Szkolenia og\u00f3lnouczelniane \u2013 Biblioteka \u015al\u0105skiego Uniwersytetu Medycznego w Katowicach \u2013 Szkolenie online Biblioteki SUM w Katowicach<\/li>\n\n\n\n<li>Please click on \"Enter this course\" and \"<strong>Enrol me<\/strong>\u201d.<\/li>\n<\/ol>\n\n\n\n<h3 class=\"wp-block-heading\"><strong>Available training courses<\/strong><\/h3>\n\n\n\n<ul class=\"wp-block-list\">\n<li class=\"justuj\"><a href=\"https:\/\/elearning.sum.edu.pl\/course\/view.php?id=12021\" data-type=\"link\" data-id=\"https:\/\/elearning.sum.edu.pl\/course\/view.php?id=12021\"><strong>How to use the citation and bibliography tools?<\/strong>.<\/a>   <br>Bibliography managers are a family of programs that are used to collect bibliographic descriptions and create from such a data set - footnotes and appendix bibliographies in written works. The range of such programs available on the market is constantly expanding.\nThe video we present to you includes instructions on how to use three bibliography managers: Mendeley, SciFlow and EndNote 2.1<br>The training is provided by Mr Marek Halkiewicz, MA.<\/li>\n\n\n\n<li class=\"justuj\"><strong><a href=\"https:\/\/elearning.sum.edu.pl\/course\/view.php?id=12021\">How do you choose the most appropriate magazine for your article? [in Polish only]<\/a><\/strong><br>Choosing the scientific journal is one of the most important decisions a researcher has to take when deciding where to publish. In this video, we present tips for choosing a journal, discuss the issue of predatory and fake journals, and introduce search engines that suggest journal titles for article publication. The training is provided by Adam P\u0119czek, MA.&nbsp;<\/li>\n<\/ul>\n\n\n\n<ul class=\"wp-block-list\">\n<li><a href=\"https:\/\/youtu.be\/k09f8riHiT4\"><strong>Searching for Impact Factor and quartile values for a journal in the JCR<\/strong><\/a>.<br>A tutorial video demonstrating how to find the Impact Factor value and quartile for a selected journal in the JCR database.<\/li>\n<\/ul>\n\n\n\n<ul class=\"wp-block-list\">\n<li><strong><a href=\"https:\/\/youtu.be\/1wqEphR88Tk\">Searching for journals in the JCR by discipline and place of publication<\/a><\/strong>.<br>A tutorial video demonstrating how to search for a journal according to the discipline and the place of publication (for example, Polish journals of cardiology).<\/li>\n<\/ul>\n\n\n\n<p><strong>The SUM Library website will inform you about new courses.<\/strong><\/p>\n\n\n\n<p><\/p>","protected":false},"excerpt":{"rendered":"<p>Szkolenia biblioteczne online Wej\u015bcie do&nbsp;platformy e-learningowej Jak wy\u015bwietli\u0107 zawarto\u015b\u0107 szkole\u0144? Dost\u0119pne szkolenia: O&nbsp;dodaniu nast\u0119pnych szkole\u0144 zostan\u0105 Pa\u0144stwo poinformowani w&nbsp;kolejnych wpisach na&nbsp;stronie Biblioteki SUM.<\/p>","protected":false},"author":5,"featured_media":0,"parent":20617,"menu_order":0,"comment_status":"closed","ping_status":"closed","template":"","meta":{"_eb_attr":"","footnotes":""},"categories":[],"tags":[],"class_list":["post-23450","page","type-page","status-publish","hentry"],"publishpress_future_action":{"enabled":false,"date":"2026-04-12 17:05:27","action":"change-status","newStatus":"draft","terms":[],"taxonomy":"category","extraData":[]},"publishpress_future_workflow_manual_trigger":{"enabledWorkflows":[]},"_links":{"self":[{"href":"https:\/\/biblioteka.sum.edu.pl\/en\/wp-json\/wp\/v2\/pages\/23450","targetHints":{"allow":["GET"]}}],"collection":[{"href":"https:\/\/biblioteka.sum.edu.pl\/en\/wp-json\/wp\/v2\/pages"}],"about":[{"href":"https:\/\/biblioteka.sum.edu.pl\/en\/wp-json\/wp\/v2\/types\/page"}],"author":[{"embeddable":true,"href":"https:\/\/biblioteka.sum.edu.pl\/en\/wp-json\/wp\/v2\/users\/5"}],"replies":[{"embeddable":true,"href":"https:\/\/biblioteka.sum.edu.pl\/en\/wp-json\/wp\/v2\/comments?post=23450"}],"version-history":[{"count":49,"href":"https:\/\/biblioteka.sum.edu.pl\/en\/wp-json\/wp\/v2\/pages\/23450\/revisions"}],"predecessor-version":[{"id":25417,"href":"https:\/\/biblioteka.sum.edu.pl\/en\/wp-json\/wp\/v2\/pages\/23450\/revisions\/25417"}],"up":[{"embeddable":true,"href":"https:\/\/biblioteka.sum.edu.pl\/en\/wp-json\/wp\/v2\/pages\/20617"}],"wp:attachment":[{"href":"https:\/\/biblioteka.sum.edu.pl\/en\/wp-json\/wp\/v2\/media?parent=23450"}],"wp:term":[{"taxonomy":"category","embeddable":true,"href":"https:\/\/biblioteka.sum.edu.pl\/en\/wp-json\/wp\/v2\/categories?post=23450"},{"taxonomy":"post_tag","embeddable":true,"href":"https:\/\/biblioteka.sum.edu.pl\/en\/wp-json\/wp\/v2\/tags?post=23450"}],"curies":[{"name":"wp","href":"https:\/\/api.w.org\/{rel}","templated":true}]}}