{"id":22892,"date":"2024-02-28T14:12:25","date_gmt":"2024-02-28T13:12:25","guid":{"rendered":"https:\/\/biblioteka2.sum.edu.pl\/?page_id=22892"},"modified":"2026-02-10T13:53:23","modified_gmt":"2026-02-10T12:53:23","slug":"symulator-vr-anatomia","status":"publish","type":"page","link":"https:\/\/biblioteka.sum.edu.pl\/en\/zasoby\/nowe-technologie\/symulator-vr-anatomia\/","title":{"rendered":"Virtual reality studios"},"content":{"rendered":"<h2 class=\"wp-block-heading\">Virtual reality studios<\/h2>\n\n\n\n<p>Virtual Reality technology can be used in the SUM Library. VR studios are located in the following locations:<\/p>\n\n\n\n<ul class=\"wp-block-list\">\n<li>SUM Branch Library in Sosnowiec, Ostrog\u00f3rska 30 Street,<\/li>\n\n\n\n<li>SUM Branch Library in Zabrze-Rokitnica, 19 Jordana Street,<\/li>\n\n\n\n<li>SUM Branch Library in Katowice-Ligota, 18 Medyk\u00f3w Street,<\/li>\n\n\n\n<li>Reading Room in Katowice 14 Warszawska Street,<\/li>\n\n\n\n<li>Reading Room in Bielsko-Bia\u0142a, 45 1 Dywizji Pancernej Street.<\/li>\n<\/ul>\n\n\n\n<p>In order to use the VR studio at your chosen location, please contact the relevant <a href=\"https:\/\/biblioteka.sum.edu.pl\/en\/kontakt-i-godziny-otwarcia\/\" data-type=\"link\" data-id=\"https:\/\/biblioteka.sum.edu.pl\/kontakt-i-godziny-otwarcia\/\">branch of the \u015aUM Library in advance.<\/a>.<\/p>\n\n\n\n<p>The following modules are available in the studios:<\/p>\n\n\n\n<ul class=\"wp-block-list\">\n<li><strong>Triage &amp; LPR<\/strong> \u2013 the opportunity to explore an innovative application that offers a unique opportunity to take part in an unusual rescue operation and learn skills for patient segregation in a disaster situation. This state-of-the-art tool allows you to simulate a mass disaster using the Helicopter Emergency Medical Service. The simulator gives the opportunity to intervene under difficult conditions, developing the user's practical skills such as the correct sequence of rescue operations, assessment of the injured, dressing of wounds, summoning and marking the place of the Helicopter Emergency Medical Service landing.<\/li>\n\n\n\n<li><strong>Surgical tools<\/strong> \u2013 a simulator that allows you to gain your first surgical experience by, among other things, selecting the right instruments or medicines.<\/li>\n\n\n\n<li><strong>VR simulator Chemical laboratory<\/strong> \u2013 the opportunity to carry out chemical experiments, learning the relevant health and safety procedures, the sequence of steps in the experiments and the various interactions between substances.<\/li>\n\n\n\n<li><strong>VR Simulator - Anatomy<\/strong> \u2013 this application offers the possibility of breaking down the selected anatomical structure into individual elements. The selected element, e.g. a bone or muscle, can be extracted from the entire system, moved, zoomed in or rotated, so that each segment selected by the user can be viewed in detail. This provides an opportunity to learn about the structure and function of specific anatomical elements and systems. The application's nomenclature is available in Polish, English and Latin.<\/li>\n<\/ul>\n\n\n\n<p>More detailed information on each application can be found at the website of <a href=\"https:\/\/ckz.sum.edu.pl\/pracownie-vr-w-bibliotekach-sum\/\" data-type=\"link\" data-id=\"https:\/\/ckz.sum.edu.pl\/pracownie-vr-w-bibliotekach-sum\/\">Centre for Distance Learning and Analysis of Educational Outcomes.<\/a>.<\/p>\n\n\n\n<figure class=\"wp-block-image size-large\"><img loading=\"lazy\" decoding=\"async\" width=\"1024\" height=\"512\" src=\"https:\/\/biblioteka.sum.edu.pl\/wp-content\/uploads\/2025\/02\/Pracownie-VR-1024x512.jpg\" alt=\"\" class=\"wp-image-26203\" srcset=\"https:\/\/biblioteka.sum.edu.pl\/wp-content\/uploads\/2025\/02\/Pracownie-VR-1024x512.jpg 1024w, https:\/\/biblioteka.sum.edu.pl\/wp-content\/uploads\/2025\/02\/Pracownie-VR-300x150.jpg 300w, https:\/\/biblioteka.sum.edu.pl\/wp-content\/uploads\/2025\/02\/Pracownie-VR-768x384.jpg 768w, https:\/\/biblioteka.sum.edu.pl\/wp-content\/uploads\/2025\/02\/Pracownie-VR-18x9.jpg 18w, https:\/\/biblioteka.sum.edu.pl\/wp-content\/uploads\/2025\/02\/Pracownie-VR.jpg 1200w\" sizes=\"auto, (max-width: 1024px) 100vw, 1024px\" \/><\/figure>","protected":false},"excerpt":{"rendered":"<p>Pracownie VR W Bibliotece \u015aUM mo\u017cna korzysta\u0107 z technologii Virtual Reality. Pracownie VR znajduj\u0105 si\u0119 w nast\u0119puj\u0105cych lokalizacjach: W celu skorzystania z pracowni VR w wybranej lokalizacji prosimy o uprzedni kontakt z odpowiednim oddzia\u0142em Biblioteki \u015aUM. W pracowniach dost\u0119pne s\u0105 nast\u0119puj\u0105ce modu\u0142y: Wi\u0119cej szczeg\u00f3\u0142owych informacji na temat ka\u017cdej aplikacji mo\u017cna znale\u017a\u0107 na stronie Centrum Kszta\u0142cenia [&hellip;]<\/p>","protected":false},"author":3,"featured_media":0,"parent":23558,"menu_order":0,"comment_status":"closed","ping_status":"closed","template":"","meta":{"_eb_attr":"","footnotes":""},"categories":[],"tags":[],"class_list":["post-22892","page","type-page","status-publish","hentry"],"publishpress_future_action":{"enabled":false,"date":"2026-04-12 16:13:22","action":"change-status","newStatus":"draft","terms":[],"taxonomy":"category","extraData":[]},"publishpress_future_workflow_manual_trigger":{"enabledWorkflows":[]},"_links":{"self":[{"href":"https:\/\/biblioteka.sum.edu.pl\/en\/wp-json\/wp\/v2\/pages\/22892","targetHints":{"allow":["GET"]}}],"collection":[{"href":"https:\/\/biblioteka.sum.edu.pl\/en\/wp-json\/wp\/v2\/pages"}],"about":[{"href":"https:\/\/biblioteka.sum.edu.pl\/en\/wp-json\/wp\/v2\/types\/page"}],"author":[{"embeddable":true,"href":"https:\/\/biblioteka.sum.edu.pl\/en\/wp-json\/wp\/v2\/users\/3"}],"replies":[{"embeddable":true,"href":"https:\/\/biblioteka.sum.edu.pl\/en\/wp-json\/wp\/v2\/comments?post=22892"}],"version-history":[{"count":9,"href":"https:\/\/biblioteka.sum.edu.pl\/en\/wp-json\/wp\/v2\/pages\/22892\/revisions"}],"predecessor-version":[{"id":26204,"href":"https:\/\/biblioteka.sum.edu.pl\/en\/wp-json\/wp\/v2\/pages\/22892\/revisions\/26204"}],"up":[{"embeddable":true,"href":"https:\/\/biblioteka.sum.edu.pl\/en\/wp-json\/wp\/v2\/pages\/23558"}],"wp:attachment":[{"href":"https:\/\/biblioteka.sum.edu.pl\/en\/wp-json\/wp\/v2\/media?parent=22892"}],"wp:term":[{"taxonomy":"category","embeddable":true,"href":"https:\/\/biblioteka.sum.edu.pl\/en\/wp-json\/wp\/v2\/categories?post=22892"},{"taxonomy":"post_tag","embeddable":true,"href":"https:\/\/biblioteka.sum.edu.pl\/en\/wp-json\/wp\/v2\/tags?post=22892"}],"curies":[{"name":"wp","href":"https:\/\/api.w.org\/{rel}","templated":true}]}}