{"id":22350,"date":"2024-02-12T11:02:49","date_gmt":"2024-02-12T10:02:49","guid":{"rendered":"https:\/\/biblioteka2.sum.edu.pl\/?page_id=22350"},"modified":"2024-10-15T11:52:04","modified_gmt":"2024-10-15T09:52:04","slug":"wyszukiwanie-literatury","status":"publish","type":"page","link":"https:\/\/biblioteka.sum.edu.pl\/en\/korzystanie-z-zasobow\/wyszukiwanie-literatury\/","title":{"rendered":"Searching for literature"},"content":{"rendered":"<h2 class=\"wp-block-heading\">Support for searching electronic resources<\/h2>\n\n\n\n<p>The SUM Library offers students, University staff and outsiders  assistance in searching medical electronic resources for undergraduate  and master's theses and in other situations.<\/p>\n\n\n\n<p>The library provides assistance with:<\/p>\n\n\n\n<ul class=\"wp-block-list\">\n<li>instruction on searching the Polish Medical Bibliography and PubMed,<\/li>\n\n\n\n<li>determine keywords and keyword phrases that are appropriate for searching the resources,<\/li>\n\n\n\n<li>check the availability of a journal or magazine article in electronic form,<\/li>\n\n\n\n<li>save the results of your work on your own storage medium or send them by e-mail.<\/li>\n<\/ul>\n\n\n\n<p>The Library provides support both by telephone, email and on site in the Library's reading rooms.<\/p>\n\n\n\n<p>In order to use the service, please <a href=\"https:\/\/biblioteka.sum.edu.pl\/en\/kontakt-i-godziny-otwarcia\/\">please Contact the relevant SUM Library branch.<\/a><\/p>","protected":false},"excerpt":{"rendered":"<p>Pomoc w przeszukiwaniu zasob\u00f3w elektronicznych Biblioteka \u015aUM oferuje studentom, pracownikom Uniwersytetu oraz osobom z zewn\u0105trz pomoc w zakresie przeszukiwania medycznych zasob\u00f3w elektronicznych na potrzeby prac licencjackich, magisterskich i w innych sytuacjach. Biblioteka s\u0142u\u017cy pomoc\u0105 w zakresie: Biblioteka udziela wsparcia zar\u00f3wno telefonicznie, mailowo, jak i na miejscu w czytelniach Biblioteki. W celu skorzystania z us\u0142ugi prosimy [&hellip;]<\/p>","protected":false},"author":3,"featured_media":0,"parent":96,"menu_order":0,"comment_status":"closed","ping_status":"closed","template":"","meta":{"_eb_attr":"","footnotes":""},"categories":[],"tags":[],"class_list":["post-22350","page","type-page","status-publish","hentry"],"publishpress_future_action":{"enabled":false,"date":"2026-04-12 16:37:41","action":"change-status","newStatus":"draft","terms":[],"taxonomy":"category","extraData":[]},"publishpress_future_workflow_manual_trigger":{"enabledWorkflows":[]},"_links":{"self":[{"href":"https:\/\/biblioteka.sum.edu.pl\/en\/wp-json\/wp\/v2\/pages\/22350","targetHints":{"allow":["GET"]}}],"collection":[{"href":"https:\/\/biblioteka.sum.edu.pl\/en\/wp-json\/wp\/v2\/pages"}],"about":[{"href":"https:\/\/biblioteka.sum.edu.pl\/en\/wp-json\/wp\/v2\/types\/page"}],"author":[{"embeddable":true,"href":"https:\/\/biblioteka.sum.edu.pl\/en\/wp-json\/wp\/v2\/users\/3"}],"replies":[{"embeddable":true,"href":"https:\/\/biblioteka.sum.edu.pl\/en\/wp-json\/wp\/v2\/comments?post=22350"}],"version-history":[{"count":9,"href":"https:\/\/biblioteka.sum.edu.pl\/en\/wp-json\/wp\/v2\/pages\/22350\/revisions"}],"predecessor-version":[{"id":25132,"href":"https:\/\/biblioteka.sum.edu.pl\/en\/wp-json\/wp\/v2\/pages\/22350\/revisions\/25132"}],"up":[{"embeddable":true,"href":"https:\/\/biblioteka.sum.edu.pl\/en\/wp-json\/wp\/v2\/pages\/96"}],"wp:attachment":[{"href":"https:\/\/biblioteka.sum.edu.pl\/en\/wp-json\/wp\/v2\/media?parent=22350"}],"wp:term":[{"taxonomy":"category","embeddable":true,"href":"https:\/\/biblioteka.sum.edu.pl\/en\/wp-json\/wp\/v2\/categories?post=22350"},{"taxonomy":"post_tag","embeddable":true,"href":"https:\/\/biblioteka.sum.edu.pl\/en\/wp-json\/wp\/v2\/tags?post=22350"}],"curies":[{"name":"wp","href":"https:\/\/api.w.org\/{rel}","templated":true}]}}