{"id":22009,"date":"2024-02-05T12:07:25","date_gmt":"2024-02-05T11:07:25","guid":{"rendered":"https:\/\/biblioteka2.sum.edu.pl\/?page_id=22009"},"modified":"2024-10-09T10:01:09","modified_gmt":"2024-10-09T08:01:09","slug":"zespol-redakcyjnystrony-biblioteki-sum","status":"publish","type":"page","link":"https:\/\/biblioteka.sum.edu.pl\/en\/kontakt-i-godziny-otwarcia\/zespol-redakcyjnystrony-biblioteki-sum\/","title":{"rendered":"Zesp\u00f3\u0142 redakcyjnystrony Biblioteki \u015aUM"},"content":{"rendered":"<h2 class=\"wp-block-heading\"><strong>Editorial team<\/strong> <strong>of SUM Library website<\/strong><\/h2>\n\n\n\n<p>Justyna Seiffert<br>Katarzyna Cukierska<br>Martyna Kr\u00f3l<br>Grzegorz Jakubiec<\/p>\n\n\n\n<p>Contact: <a href=\"mailto:stronabiblioteki@sum.edu.pl\">stronabiblioteki@sum.edu.pl<\/a><\/p>","protected":false},"excerpt":{"rendered":"<p>Zesp\u00f3\u0142 redakcyjny strony Biblioteki \u015aUM Justyna SeiffertKatarzyna CukierskaMartyna Kr\u00f3lGrzegorz Jakubiec Kontakt: stronabiblioteki@sum.edu.pl<\/p>","protected":false},"author":3,"featured_media":0,"parent":16504,"menu_order":0,"comment_status":"closed","ping_status":"closed","template":"","meta":{"_eb_attr":"","footnotes":""},"categories":[],"tags":[],"class_list":["post-22009","page","type-page","status-publish","hentry"],"publishpress_future_action":{"enabled":false,"date":"2026-04-12 16:53:28","action":"change-status","newStatus":"draft","terms":[],"taxonomy":"category","extraData":[]},"publishpress_future_workflow_manual_trigger":{"enabledWorkflows":[]},"_links":{"self":[{"href":"https:\/\/biblioteka.sum.edu.pl\/en\/wp-json\/wp\/v2\/pages\/22009","targetHints":{"allow":["GET"]}}],"collection":[{"href":"https:\/\/biblioteka.sum.edu.pl\/en\/wp-json\/wp\/v2\/pages"}],"about":[{"href":"https:\/\/biblioteka.sum.edu.pl\/en\/wp-json\/wp\/v2\/types\/page"}],"author":[{"embeddable":true,"href":"https:\/\/biblioteka.sum.edu.pl\/en\/wp-json\/wp\/v2\/users\/3"}],"replies":[{"embeddable":true,"href":"https:\/\/biblioteka.sum.edu.pl\/en\/wp-json\/wp\/v2\/comments?post=22009"}],"version-history":[{"count":7,"href":"https:\/\/biblioteka.sum.edu.pl\/en\/wp-json\/wp\/v2\/pages\/22009\/revisions"}],"predecessor-version":[{"id":24836,"href":"https:\/\/biblioteka.sum.edu.pl\/en\/wp-json\/wp\/v2\/pages\/22009\/revisions\/24836"}],"up":[{"embeddable":true,"href":"https:\/\/biblioteka.sum.edu.pl\/en\/wp-json\/wp\/v2\/pages\/16504"}],"wp:attachment":[{"href":"https:\/\/biblioteka.sum.edu.pl\/en\/wp-json\/wp\/v2\/media?parent=22009"}],"wp:term":[{"taxonomy":"category","embeddable":true,"href":"https:\/\/biblioteka.sum.edu.pl\/en\/wp-json\/wp\/v2\/categories?post=22009"},{"taxonomy":"post_tag","embeddable":true,"href":"https:\/\/biblioteka.sum.edu.pl\/en\/wp-json\/wp\/v2\/tags?post=22009"}],"curies":[{"name":"wp","href":"https:\/\/api.w.org\/{rel}","templated":true}]}}