{"id":21925,"date":"2024-02-02T12:21:44","date_gmt":"2024-02-02T11:21:44","guid":{"rendered":"https:\/\/biblioteka2.sum.edu.pl\/?page_id=21925"},"modified":"2026-02-19T15:06:54","modified_gmt":"2026-02-19T14:06:54","slug":"zespol-ds-otwartej-nauki","status":"publish","type":"page","link":"https:\/\/biblioteka.sum.edu.pl\/en\/kontakt-i-godziny-otwarcia\/zespol-ds-otwartej-nauki\/","title":{"rendered":"Working Group for Open Science"},"content":{"rendered":"<h2 class=\"wp-block-heading\">Working Group for Open Science<\/h2>\n\n\n\n<p>The team is made up of staff from the <a href=\"https:\/\/biblioteka.sum.edu.pl\/en\/dzial-repozytorium-i-promocji-otwartej-nauki\/\" data-type=\"page\" data-id=\"17572\">Repository and Open Science Promotion Department<\/a> and staff from other departments:<\/p>\n\n\n\n<figure class=\"wp-block-table\"><table><thead><tr><th class=\"has-text-align-left\" data-align=\"left\">Team includes:<\/th><\/tr><\/thead><tbody><tr><td class=\"has-text-align-left\" data-align=\"left\">Marzena G\u00f3ra<br><strong>collecting Creative Commons licenses of doctoral thesis<\/strong><br><a href=\"mailto:mgora@sum.edu.pl\">mgora@sum.edu.pl&nbsp;<br><\/a>Phone number: +48 32 208 35 37<br>Mobile phone: +48 510 460 151<\/td><\/tr><tr><td class=\"has-text-align-left\" data-align=\"left\">Marek Halkiewicz <br><strong>ORCID and bibliometric data<\/strong><br><a href=\"mailto:mhalkiewicz@sum.edu.pl\">mhalkiewicz@sum.edu.pl<\/a><br>Phone number: + 48 32 208 35 66<\/td><\/tr><tr><td class=\"has-text-align-left\" data-align=\"left\">Wies\u0142awa Mika<br><strong>opracowanie rzeczowe doktorat\u00f3w oraz deponowanie publikacji Wydawnictwa \u015aUM w Repozytorium \u015aUM <\/strong><br><a href=\"mailto:wmika@sum.edu.pl\">wmika@sum.edu.pl<\/a>\u00a0<br>Phone number: +48 32 208 35 10<\/td><\/tr><tr><td class=\"has-text-align-left\" data-align=\"left\">Martyna Kr\u00f3l<br>Tomasz Wilgos<br><strong>updating of citation information<\/strong> <strong>SUM Repository<\/strong><br><a href=\"mailto:ppm@sum.edu.pl\">ppm@sum.edu.pl<\/a><br>Phone number: +48 32 208 36 33<\/td><\/tr><\/tbody><\/table><\/figure>","protected":false},"excerpt":{"rendered":"<p>Zesp\u00f3\u0142 ds. Otwartej Nauki Zesp\u00f3\u0142 sk\u0142ada si\u0119 z pracownik\u00f3w Dzia\u0142u Repozytorium i Promocji Otwartej Nauki oraz pracownik\u00f3w innych dzia\u0142\u00f3w: Sk\u0142ad Zespo\u0142u Marzena G\u00f3ragromadzenie licencji Creative Commons doktorat\u00f3wmgora@sum.edu.pl&nbsp;tel. 32 208 35 37;kom. 510 460 151 Marek Halkiewicz ORCID i dane bibliometrycznemhalkiewicz@sum.edu.pltel. 32 208 35 66 Wies\u0142awa Mikaopracowanie rzeczowe doktorat\u00f3w oraz deponowanie publikacji Wydawnictwa \u015aUM w Repozytorium [&hellip;]<\/p>","protected":false},"author":3,"featured_media":0,"parent":16504,"menu_order":0,"comment_status":"closed","ping_status":"closed","template":"","meta":{"_eb_attr":"","footnotes":""},"categories":[],"tags":[],"class_list":["post-21925","page","type-page","status-publish","hentry"],"publishpress_future_action":{"enabled":false,"date":"2026-04-12 16:37:49","action":"change-status","newStatus":"draft","terms":[],"taxonomy":"category","extraData":[]},"publishpress_future_workflow_manual_trigger":{"enabledWorkflows":[]},"_links":{"self":[{"href":"https:\/\/biblioteka.sum.edu.pl\/en\/wp-json\/wp\/v2\/pages\/21925","targetHints":{"allow":["GET"]}}],"collection":[{"href":"https:\/\/biblioteka.sum.edu.pl\/en\/wp-json\/wp\/v2\/pages"}],"about":[{"href":"https:\/\/biblioteka.sum.edu.pl\/en\/wp-json\/wp\/v2\/types\/page"}],"author":[{"embeddable":true,"href":"https:\/\/biblioteka.sum.edu.pl\/en\/wp-json\/wp\/v2\/users\/3"}],"replies":[{"embeddable":true,"href":"https:\/\/biblioteka.sum.edu.pl\/en\/wp-json\/wp\/v2\/comments?post=21925"}],"version-history":[{"count":24,"href":"https:\/\/biblioteka.sum.edu.pl\/en\/wp-json\/wp\/v2\/pages\/21925\/revisions"}],"predecessor-version":[{"id":27879,"href":"https:\/\/biblioteka.sum.edu.pl\/en\/wp-json\/wp\/v2\/pages\/21925\/revisions\/27879"}],"up":[{"embeddable":true,"href":"https:\/\/biblioteka.sum.edu.pl\/en\/wp-json\/wp\/v2\/pages\/16504"}],"wp:attachment":[{"href":"https:\/\/biblioteka.sum.edu.pl\/en\/wp-json\/wp\/v2\/media?parent=21925"}],"wp:term":[{"taxonomy":"category","embeddable":true,"href":"https:\/\/biblioteka.sum.edu.pl\/en\/wp-json\/wp\/v2\/categories?post=21925"},{"taxonomy":"post_tag","embeddable":true,"href":"https:\/\/biblioteka.sum.edu.pl\/en\/wp-json\/wp\/v2\/tags?post=21925"}],"curies":[{"name":"wp","href":"https:\/\/api.w.org\/{rel}","templated":true}]}}