{"id":21817,"date":"2024-01-31T15:59:06","date_gmt":"2024-01-31T14:59:06","guid":{"rendered":"https:\/\/biblioteka2.sum.edu.pl\/?page_id=21817"},"modified":"2024-06-13T16:59:27","modified_gmt":"2024-06-13T14:59:27","slug":"konferencja-2013","status":"publish","type":"page","link":"https:\/\/biblioteka.sum.edu.pl\/en\/konferencja-2013\/","title":{"rendered":"Conference 2013"},"content":{"rendered":"<h2 class=\"wp-block-heading\">XXXI Conference on Medical Libraries<\/h2>\n\n\n\n<p>The Library of the Medical University of Silesia in Katowice, 16-18 September 2013, was the organiser of the <strong>XXXI Conference on Medical Libraries: Challenges of the modern librarian - collection management, new technologies, law.<\/strong><br>The sessions were held in the Prof. Witold Zahorski Auditorium in Katowice-Ligota (18 Medyk\u00f3w Street).<\/p>\n\n\n\n<p><\/p>\n\n\n\n<figure class=\"wp-block-table is-style-regular\"><table><tbody><tr><td>Organisers<\/td><td>Library Director<br>Ewa Nowak, M.A.<\/td><\/tr><tr><td><strong>Scientific Committee:<\/strong><br>Ms Wioletta Dyjas, MA<br>Mr Krzysztof Go\u015bciniak, MA<br>Mr Krzysztof Noga, Phd<br>Ms Justyna Seiffert, MA<\/td><td><strong>Organising Committee:<\/strong><br>Ms Krystyna Kalisz, MA<br>Ms Wies\u0142awa Mika, MA<br>Ms Joanna Sowa<br>Ms Anna Tyczka, MA<br>Ma\u0142gorzata Zwonik-Majdak<\/td><\/tr><tr><td>Programme of the conference (Polish only)<\/td><td><a href=\"https:\/\/biblioteka.sum.edu.pl\/wp-content\/uploads\/2024\/01\/program_13_konferencji.pdf\"><img loading=\"lazy\" decoding=\"async\" width=\"50\" height=\"60\" class=\"wp-image-19026\" style=\"width: 50px;\" src=\"https:\/\/biblioteka.sum.edu.pl\/wp-content\/uploads\/2023\/11\/PDF.png\" alt=\"\" srcset=\"https:\/\/biblioteka.sum.edu.pl\/wp-content\/uploads\/2023\/11\/PDF.png 50w, https:\/\/biblioteka.sum.edu.pl\/wp-content\/uploads\/2023\/11\/PDF-10x12.png 10w\" sizes=\"auto, (max-width: 50px) 100vw, 50px\" \/><\/a> (pdf; 140 KB)<\/td><\/tr><tr><td>Conclusions and post-conference proposals (Polish only)<\/td><td><a href=\"https:\/\/biblioteka.sum.edu.pl\/wp-content\/uploads\/2024\/01\/wnioski__31_konf.pdf\" data-type=\"link\" data-id=\"https:\/\/biblioteka.sum.edu.pl\/wp-content\/uploads\/2024\/01\/wnioski__31_konf.pdf\"><img loading=\"lazy\" decoding=\"async\" width=\"50\" height=\"60\" class=\"wp-image-19026\" style=\"width: 50px;\" src=\"https:\/\/biblioteka.sum.edu.pl\/wp-content\/uploads\/2023\/11\/PDF.png\" alt=\"\" srcset=\"https:\/\/biblioteka.sum.edu.pl\/wp-content\/uploads\/2023\/11\/PDF.png 50w, https:\/\/biblioteka.sum.edu.pl\/wp-content\/uploads\/2023\/11\/PDF-10x12.png 10w\" sizes=\"auto, (max-width: 50px) 100vw, 50px\" \/><\/a> (pdf; 188 KB)<\/td><\/tr><tr><td>Conference materials (Polish only)<\/td><td><a href=\"https:\/\/mlf.wum.edu.pl\/archive\/FBM-02-06-2013.pdf?_gl=1*1f8nmrl*_ga*Nzg0MjkxMTQuMTcwNjcxMzQxMw..*_ga_SEK3HERW87*MTcwNjcxMzQxMy4xLjEuMTcwNjcxNTE1MC4wLjAuMA..\" target=\"_blank\" rel=\"noreferrer noopener\">Medical Library Forum, 2016, Vol. 6, No. 2<\/a> (pdf; 20 MB)<\/td><\/tr><tr><td>Conference report (Polish only)<\/td><td><a href=\"https:\/\/biblioteka.sum.edu.pl\/wp-content\/uploads\/2024\/01\/bn_3_2013_s._164-169.pdf\">Biblioteka Nostra, 2013, No. 3 (33)<\/a> (pdf; 244 KB)<\/td><\/tr><tr><td>Photos<br>Photos (Published in Medical Library Forum, 2016, Vol. 6, No. 2)<\/td><td><a href=\"https:\/\/biblioteka.sum.edu.pl\/wp-content\/uploads\/2024\/01\/Foto_01_narada_dyr.pdf\">Directors' meeting<\/a> (pdf; 561 KB)<br><a href=\"https:\/\/biblioteka.sum.edu.pl\/wp-content\/uploads\/2024\/01\/Foto_02_obrady.pdf\" data-type=\"link\" data-id=\"https:\/\/biblioteka.sum.edu.pl\/wp-content\/uploads\/2024\/01\/Foto_02_obrady.pdf\">Proceedings<\/a> (pdf; 801 KB)<br><a href=\"https:\/\/biblioteka.sum.edu.pl\/wp-content\/uploads\/2024\/01\/Foto_03_wystapienia.pdf\">Presentations<\/a> (pdf; 497 KB)<br><a href=\"https:\/\/biblioteka.sum.edu.pl\/wp-content\/uploads\/2024\/01\/Foto_04_kolacja.pdf\">Dinner<\/a> (pdf; 540 KB)<br><a href=\"https:\/\/biblioteka.sum.edu.pl\/wp-content\/uploads\/2024\/01\/Foto_05_Ciniba.pdf\">CINIBA<\/a> (pdf; 491 KB)<br><a href=\"https:\/\/biblioteka.sum.edu.pl\/wp-content\/uploads\/2024\/01\/Foto_06_CDISM.pdf\" data-type=\"link\" data-id=\"https:\/\/biblioteka.sum.edu.pl\/wp-content\/uploads\/2024\/01\/Foto_06_CDISM.pdf\">CDiSM<\/a> (pdf; 317 KB)<br><a href=\"https:\/\/biblioteka.sum.edu.pl\/wp-content\/uploads\/2024\/01\/Foto_07_Guido.pdf\">Guido<\/a> (pdf; 685 KB)<br><a href=\"https:\/\/biblioteka.sum.edu.pl\/wp-content\/uploads\/2024\/01\/Foto_08_Browarium.pdf\" data-type=\"link\" data-id=\"https:\/\/biblioteka.sum.edu.pl\/wp-content\/uploads\/2024\/01\/Foto_08_Browarium.pdf\">Brewery<\/a> (pdf; 669 KB)<br><a href=\"https:\/\/biblioteka.sum.edu.pl\/wp-content\/uploads\/2024\/01\/Foto_09_zakonczenie.pdf\">Conclusion<\/a> (pdf; 208 KB)<\/td><\/tr><\/tbody><\/table><\/figure>","protected":false},"excerpt":{"rendered":"<p>XXXI Konferencja Problemowa Bibliotek Medycznych Biblioteka \u015al\u0105skiego Uniwersytetu Medycznego w Katowicach w dniach 16-18 wrze\u015bnia 2013 r. by\u0142a organizatorem XXXI Konferencji Problemowej Bibliotek Medycznych: Wyzwania wsp\u00f3\u0142czesnego bibliotekarza \u2013 gromadzenie zbior\u00f3w, nowe technologie, prawo.Obrady odbywa\u0142y si\u0119 w Auli im. prof. Witolda Zahorskiego w Katowicach-Ligocie (ul. Medyk\u00f3w 18). Organizatorzy Dyrektor Biblioteki:mgr Ewa Nowak Komitet naukowy:mgr Wioletta Dyjasmgr [&hellip;]<\/p>","protected":false},"author":7,"featured_media":0,"parent":0,"menu_order":0,"comment_status":"closed","ping_status":"closed","template":"","meta":{"_eb_attr":"","footnotes":""},"categories":[],"tags":[],"class_list":["post-21817","page","type-page","status-publish","hentry"],"publishpress_future_action":{"enabled":false,"date":"2026-04-23 23:13:54","action":"change-status","newStatus":"draft","terms":[],"taxonomy":"category","extraData":[]},"publishpress_future_workflow_manual_trigger":{"enabledWorkflows":[]},"_links":{"self":[{"href":"https:\/\/biblioteka.sum.edu.pl\/en\/wp-json\/wp\/v2\/pages\/21817","targetHints":{"allow":["GET"]}}],"collection":[{"href":"https:\/\/biblioteka.sum.edu.pl\/en\/wp-json\/wp\/v2\/pages"}],"about":[{"href":"https:\/\/biblioteka.sum.edu.pl\/en\/wp-json\/wp\/v2\/types\/page"}],"author":[{"embeddable":true,"href":"https:\/\/biblioteka.sum.edu.pl\/en\/wp-json\/wp\/v2\/users\/7"}],"replies":[{"embeddable":true,"href":"https:\/\/biblioteka.sum.edu.pl\/en\/wp-json\/wp\/v2\/comments?post=21817"}],"version-history":[{"count":9,"href":"https:\/\/biblioteka.sum.edu.pl\/en\/wp-json\/wp\/v2\/pages\/21817\/revisions"}],"predecessor-version":[{"id":24019,"href":"https:\/\/biblioteka.sum.edu.pl\/en\/wp-json\/wp\/v2\/pages\/21817\/revisions\/24019"}],"wp:attachment":[{"href":"https:\/\/biblioteka.sum.edu.pl\/en\/wp-json\/wp\/v2\/media?parent=21817"}],"wp:term":[{"taxonomy":"category","embeddable":true,"href":"https:\/\/biblioteka.sum.edu.pl\/en\/wp-json\/wp\/v2\/categories?post=21817"},{"taxonomy":"post_tag","embeddable":true,"href":"https:\/\/biblioteka.sum.edu.pl\/en\/wp-json\/wp\/v2\/tags?post=21817"}],"curies":[{"name":"wp","href":"https:\/\/api.w.org\/{rel}","templated":true}]}}