{"id":21784,"date":"2024-01-31T13:49:53","date_gmt":"2024-01-31T12:49:53","guid":{"rendered":"https:\/\/biblioteka2.sum.edu.pl\/?page_id=21784"},"modified":"2026-03-31T14:49:54","modified_gmt":"2026-03-31T12:49:54","slug":"biuletyn-informacyjny","status":"publish","type":"page","link":"https:\/\/biblioteka.sum.edu.pl\/en\/biuletyn-informacyjny\/","title":{"rendered":"Biuletyn Informacyjny"},"content":{"rendered":"<h2 class=\"wp-block-heading\">Biuletyn Informacyjny <br>of Medical University of Silesia <br>in Katowice<\/h2>\n\n\n\n<div class=\"wp-block-columns is-layout-flex wp-container-core-columns-is-layout-28f84493 wp-block-columns-is-layout-flex\">\n<div class=\"wp-block-column is-layout-flow wp-block-column-is-layout-flow\" style=\"flex-basis:100%\">\n<div class=\"wp-block-essential-blocks-flex-container eb-flex-container-block root-eb-flex-container-ee0n0\"><div class=\"eb-parent-wrapper eb-parent-flex-container eb-parent-eb-flex-container-ee0n0\"><div class=\"eb-flex-container eb-flex-container-ee0n0\"><div class=\"eb-flex-container-inner\">\n<div class=\"wp-block-essential-blocks-flex-container eb-flex-container-block root-eb-flex-container-5j1yb\"><div class=\"eb-parent-wrapper eb-parent-flex-container eb-parent-eb-flex-container-5j1yb\"><div class=\"eb-flex-container eb-flex-container-5j1yb\"><div class=\"eb-flex-container-inner\">\n<h3 class=\"wp-block-heading\">Rok 2012<\/h3>\n<\/div><\/div><\/div><\/div>\n\n\n\n<div class=\"wp-block-essential-blocks-flex-container eb-flex-container-block root-eb-flex-container-mz352\"><div class=\"eb-parent-wrapper eb-parent-flex-container eb-parent-eb-flex-container-mz352\"><div class=\"eb-flex-container eb-flex-container-mz352\"><div class=\"eb-flex-container-inner\">\n<p class=\"has-text-align-right\">NR 2012 \/ 1<br>NR 2012 \/ 2<br>NR 2012 \/ 3<br>NR 2012 \/ 4<\/p>\n<\/div><\/div><\/div><\/div>\n\n\n\n<div class=\"wp-block-essential-blocks-flex-container eb-flex-container-block root-eb-flex-container-bx2w3\"><div class=\"eb-parent-wrapper eb-parent-flex-container eb-parent-eb-flex-container-bx2w3\"><div class=\"eb-flex-container eb-flex-container-bx2w3\"><div class=\"eb-flex-container-inner\">\n<p><a href=\"https:\/\/biblioteka.sum.edu.pl\/wp-content\/uploads\/2024\/01\/biul_012012.pdf\">Pobierz plik (pdf, 2 MB)<\/a><br><a href=\"https:\/\/biblioteka.sum.edu.pl\/wp-content\/uploads\/2024\/01\/biul_022012.pdf\">Pobierz plik (pdf, 13 MB)<\/a><br><a href=\"https:\/\/biblioteka.sum.edu.pl\/wp-content\/uploads\/2024\/01\/biul_012012.pdf\">Pobierz plik (pdf, 2 MB)<\/a><br><a href=\"https:\/\/biblioteka.sum.edu.pl\/wp-content\/uploads\/2024\/01\/biul_042012.pdf\">Pobierz plik (pdf, 13 MB)<\/a><\/p>\n<\/div><\/div><\/div><\/div>\n<\/div><\/div><\/div><\/div>\n\n\n\n<div class=\"wp-block-essential-blocks-flex-container eb-flex-container-block root-eb-flex-container-eo0to\"><div class=\"eb-parent-wrapper eb-parent-flex-container eb-parent-eb-flex-container-eo0to\"><div class=\"eb-flex-container eb-flex-container-eo0to\"><div class=\"eb-flex-container-inner\">\n<div class=\"wp-block-essential-blocks-flex-container eb-flex-container-block root-eb-flex-container-13a3s\"><div class=\"eb-parent-wrapper eb-parent-flex-container eb-parent-eb-flex-container-13a3s\"><div class=\"eb-flex-container eb-flex-container-13a3s\"><div class=\"eb-flex-container-inner\">\n<h3 class=\"wp-block-heading\">Rok 2011<\/h3>\n<\/div><\/div><\/div><\/div>\n\n\n\n<div class=\"wp-block-essential-blocks-flex-container eb-flex-container-block root-eb-flex-container-ly97v\"><div class=\"eb-parent-wrapper eb-parent-flex-container eb-parent-eb-flex-container-ly97v\"><div class=\"eb-flex-container eb-flex-container-ly97v\"><div class=\"eb-flex-container-inner\">\n<p class=\"has-text-align-right\">NR 2011 \/ 1<br>NR 2011 \/ 2-3<br>NR 2011 \/ 4<\/p>\n<\/div><\/div><\/div><\/div>\n\n\n\n<div class=\"wp-block-essential-blocks-flex-container eb-flex-container-block root-eb-flex-container-pban7\"><div class=\"eb-parent-wrapper eb-parent-flex-container eb-parent-eb-flex-container-pban7\"><div class=\"eb-flex-container eb-flex-container-pban7\"><div class=\"eb-flex-container-inner\">\n<p><a href=\"https:\/\/biblioteka.sum.edu.pl\/wp-content\/uploads\/2024\/01\/biul_012011.pdf\">Pobierz plik (pdf, 2 MB)<\/a><br><a href=\"https:\/\/biblioteka.sum.edu.pl\/wp-content\/uploads\/2024\/01\/biul_02032011.pdf\">Pobierz plik (pdf, 6 MB)<\/a><br><a href=\"https:\/\/biblioteka.sum.edu.pl\/wp-content\/uploads\/2024\/01\/biul_042011.pdf\">Pobierz plik (pdf, 8 MB)<\/a><\/p>\n<\/div><\/div><\/div><\/div>\n<\/div><\/div><\/div><\/div>\n\n\n\n<div class=\"wp-block-essential-blocks-flex-container eb-flex-container-block root-eb-flex-container-ufguh\"><div class=\"eb-parent-wrapper eb-parent-flex-container eb-parent-eb-flex-container-ufguh\"><div class=\"eb-flex-container eb-flex-container-ufguh\"><div class=\"eb-flex-container-inner\">\n<div class=\"wp-block-essential-blocks-flex-container eb-flex-container-block root-eb-flex-container-aqbwf\"><div class=\"eb-parent-wrapper eb-parent-flex-container eb-parent-eb-flex-container-aqbwf\"><div class=\"eb-flex-container eb-flex-container-aqbwf\"><div class=\"eb-flex-container-inner\">\n<h3 class=\"wp-block-heading\">Rok 2010<\/h3>\n<\/div><\/div><\/div><\/div>\n\n\n\n<div class=\"wp-block-essential-blocks-flex-container eb-flex-container-block root-eb-flex-container-kuu4z\"><div class=\"eb-parent-wrapper eb-parent-flex-container eb-parent-eb-flex-container-kuu4z\"><div class=\"eb-flex-container eb-flex-container-kuu4z\"><div class=\"eb-flex-container-inner\">\n<p class=\"has-text-align-right\">NR 2010 \/ 1<br>NR 2010 \/ 1 [SUPLEMENT]<br>NR 2010 \/ 2<br>NR 2010 \/ 3<br>NR 2010 \/ 4<\/p>\n<\/div><\/div><\/div><\/div>\n\n\n\n<div class=\"wp-block-essential-blocks-flex-container eb-flex-container-block root-eb-flex-container-chlna\"><div class=\"eb-parent-wrapper eb-parent-flex-container eb-parent-eb-flex-container-chlna\"><div class=\"eb-flex-container eb-flex-container-chlna\"><div class=\"eb-flex-container-inner\">\n<p><a href=\"https:\/\/biblioteka.sum.edu.pl\/wp-content\/uploads\/2024\/01\/biul_012010.pdf\">Pobierz plik (pdf, 4 MB)<\/a><br><a href=\"https:\/\/biblioteka.sum.edu.pl\/wp-content\/uploads\/2024\/01\/biul_012010_sup.pdf\">Pobierz plik (pdf, 2 MB)<\/a><br><a href=\"https:\/\/biblioteka.sum.edu.pl\/wp-content\/uploads\/2024\/01\/biul_022010.pdf\">Pobierz plik (pdf, 419 KB)<\/a><br><a href=\"https:\/\/biblioteka.sum.edu.pl\/wp-content\/uploads\/2024\/01\/biul_032010.pdf\">Pobierz plik (pdf, 12 MB)<\/a><br><a href=\"https:\/\/biblioteka.sum.edu.pl\/wp-content\/uploads\/2024\/02\/biul_042010.pdf\">Pobierz plik (pdf, 7 MB)<\/a><\/p>\n<\/div><\/div><\/div><\/div>\n<\/div><\/div><\/div><\/div>\n\n\n\n<div class=\"wp-block-essential-blocks-flex-container eb-flex-container-block root-eb-flex-container-pndi5\"><div class=\"eb-parent-wrapper eb-parent-flex-container eb-parent-eb-flex-container-pndi5\"><div class=\"eb-flex-container eb-flex-container-pndi5\"><div class=\"eb-flex-container-inner\">\n<div class=\"wp-block-essential-blocks-flex-container eb-flex-container-block root-eb-flex-container-xweqr\"><div class=\"eb-parent-wrapper eb-parent-flex-container eb-parent-eb-flex-container-xweqr\"><div class=\"eb-flex-container eb-flex-container-xweqr\"><div class=\"eb-flex-container-inner\">\n<h3 class=\"wp-block-heading\">Rok 2009<\/h3>\n<\/div><\/div><\/div><\/div>\n\n\n\n<div class=\"wp-block-essential-blocks-flex-container eb-flex-container-block root-eb-flex-container-tuq3l\"><div class=\"eb-parent-wrapper eb-parent-flex-container eb-parent-eb-flex-container-tuq3l\"><div class=\"eb-flex-container eb-flex-container-tuq3l\"><div class=\"eb-flex-container-inner\">\n<p class=\"has-text-align-right\">NR 2009 \/ 1<br>NR 2009 \/ 2<br>NR 2009 \/ 3<br>NR 2009 \/ 4<\/p>\n<\/div><\/div><\/div><\/div>\n\n\n\n<div class=\"wp-block-essential-blocks-flex-container eb-flex-container-block root-eb-flex-container-gfbtm\"><div class=\"eb-parent-wrapper eb-parent-flex-container eb-parent-eb-flex-container-gfbtm\"><div class=\"eb-flex-container eb-flex-container-gfbtm\"><div class=\"eb-flex-container-inner\">\n<p><a href=\"https:\/\/biblioteka.sum.edu.pl\/wp-content\/uploads\/2024\/01\/biul_012009.pdf\">Pobierz plik (pdf, 2 MB)<\/a><br><a href=\"https:\/\/biblioteka.sum.edu.pl\/wp-content\/uploads\/2024\/01\/biul_022009.pdf\">Pobierz plik (pdf, 367 KB)<\/a><br><a href=\"https:\/\/biblioteka.sum.edu.pl\/wp-content\/uploads\/2024\/01\/biul_032009.pdf\">Pobierz plik (pdf, 3 MB)<\/a><br><a href=\"https:\/\/biblioteka.sum.edu.pl\/wp-content\/uploads\/2024\/01\/biul_042009.pdf\">Pobierz plik (pdf, 8 MB)<\/a><\/p>\n<\/div><\/div><\/div><\/div>\n<\/div><\/div><\/div><\/div>\n\n\n\n<div class=\"wp-block-essential-blocks-flex-container eb-flex-container-block root-eb-flex-container-2arl5\"><div class=\"eb-parent-wrapper eb-parent-flex-container eb-parent-eb-flex-container-2arl5\"><div class=\"eb-flex-container eb-flex-container-2arl5\"><div class=\"eb-flex-container-inner\">\n<div class=\"wp-block-essential-blocks-flex-container eb-flex-container-block root-eb-flex-container-etkhw\"><div class=\"eb-parent-wrapper eb-parent-flex-container eb-parent-eb-flex-container-etkhw\"><div class=\"eb-flex-container eb-flex-container-etkhw\"><div class=\"eb-flex-container-inner\">\n<h3 class=\"wp-block-heading\">Rok 2008<\/h3>\n<\/div><\/div><\/div><\/div>\n\n\n\n<div class=\"wp-block-essential-blocks-flex-container eb-flex-container-block root-eb-flex-container-p37ng\"><div class=\"eb-parent-wrapper eb-parent-flex-container eb-parent-eb-flex-container-p37ng\"><div class=\"eb-flex-container eb-flex-container-p37ng\"><div class=\"eb-flex-container-inner\">\n<p class=\"has-text-align-right\">NR 2008 \/ 1<br>NR 2008 \/ 2<br>NR 2008 \/ 3<br>NR 2008 \/ 4<br>NR 2008 \/ 5<\/p>\n<\/div><\/div><\/div><\/div>\n\n\n\n<div class=\"wp-block-essential-blocks-flex-container eb-flex-container-block root-eb-flex-container-etb6h\"><div class=\"eb-parent-wrapper eb-parent-flex-container eb-parent-eb-flex-container-etb6h\"><div class=\"eb-flex-container eb-flex-container-etb6h\"><div class=\"eb-flex-container-inner\">\n<p>Brak pliku<br><a href=\"https:\/\/biblioteka.sum.edu.pl\/wp-content\/uploads\/2024\/01\/biul_022008.pdf\">Pobierz plik (pdf, 362 KB)<\/a><br><a href=\"https:\/\/biblioteka.sum.edu.pl\/wp-content\/uploads\/2024\/01\/biul_032008.pdf\">Pobierz plik (pdf, 2 MB)<\/a><br><a href=\"https:\/\/biblioteka.sum.edu.pl\/wp-content\/uploads\/2024\/01\/biul_042008.pdf\">Pobierz plik (pdf, 5 MB)<\/a><br><a href=\"https:\/\/biblioteka.sum.edu.pl\/wp-content\/uploads\/2024\/01\/biul_052008.pdf\">Pobierz plik (pdf, 2 MB)<\/a><\/p>\n<\/div><\/div><\/div><\/div>\n<\/div><\/div><\/div><\/div>\n\n\n\n<div class=\"wp-block-essential-blocks-flex-container eb-flex-container-block root-eb-flex-container-ph5xn\"><div class=\"eb-parent-wrapper eb-parent-flex-container eb-parent-eb-flex-container-ph5xn\"><div class=\"eb-flex-container eb-flex-container-ph5xn\"><div class=\"eb-flex-container-inner\">\n<div class=\"wp-block-essential-blocks-flex-container eb-flex-container-block root-eb-flex-container-xjif3\"><div class=\"eb-parent-wrapper eb-parent-flex-container eb-parent-eb-flex-container-xjif3\"><div class=\"eb-flex-container eb-flex-container-xjif3\"><div class=\"eb-flex-container-inner\">\n<h3 class=\"wp-block-heading\">Rok 2007<\/h3>\n<\/div><\/div><\/div><\/div>\n\n\n\n<div class=\"wp-block-essential-blocks-flex-container eb-flex-container-block root-eb-flex-container-6hnkb\"><div class=\"eb-parent-wrapper eb-parent-flex-container eb-parent-eb-flex-container-6hnkb\"><div class=\"eb-flex-container eb-flex-container-6hnkb\"><div class=\"eb-flex-container-inner\">\n<p class=\"has-text-align-right\">NR 2007 \/ 1<br>NR 2007 \/ 2<br>NR 2007 \/ 3<br>NR 2007 \/ 4<\/p>\n<\/div><\/div><\/div><\/div>\n\n\n\n<div class=\"wp-block-essential-blocks-flex-container eb-flex-container-block root-eb-flex-container-m37y2\"><div class=\"eb-parent-wrapper eb-parent-flex-container eb-parent-eb-flex-container-m37y2\"><div class=\"eb-flex-container eb-flex-container-m37y2\"><div class=\"eb-flex-container-inner\">\n<p><a href=\"https:\/\/biblioteka.sum.edu.pl\/wp-content\/uploads\/2024\/01\/biul_012007.pdf\">Pobierz plik (pdf, 9 MB)<\/a><br><a href=\"https:\/\/biblioteka.sum.edu.pl\/wp-content\/uploads\/2024\/01\/biul_022007.pdf\">Pobierz plik (pdf, 1 MB)<\/a><br><a href=\"https:\/\/biblioteka.sum.edu.pl\/wp-content\/uploads\/2024\/01\/biul_032007.pdf\">Pobierz plik (pdf, 3 MB)<\/a><br><a href=\"https:\/\/biblioteka.sum.edu.pl\/wp-content\/uploads\/2024\/01\/biul_042007.pdf\">Pobierz plik (pdf, 11 MB)<\/a><\/p>\n<\/div><\/div><\/div><\/div>\n<\/div><\/div><\/div><\/div>\n\n\n\n<div class=\"wp-block-essential-blocks-flex-container eb-flex-container-block root-eb-flex-container-r7gmy\"><div class=\"eb-parent-wrapper eb-parent-flex-container eb-parent-eb-flex-container-r7gmy\"><div class=\"eb-flex-container eb-flex-container-r7gmy\"><div class=\"eb-flex-container-inner\">\n<div class=\"wp-block-essential-blocks-flex-container eb-flex-container-block root-eb-flex-container-659pc\"><div class=\"eb-parent-wrapper eb-parent-flex-container eb-parent-eb-flex-container-659pc\"><div class=\"eb-flex-container eb-flex-container-659pc\"><div class=\"eb-flex-container-inner\">\n<h3 class=\"wp-block-heading\">Rok 2006<\/h3>\n<\/div><\/div><\/div><\/div>\n\n\n\n<div class=\"wp-block-essential-blocks-flex-container eb-flex-container-block root-eb-flex-container-nk6vo\"><div class=\"eb-parent-wrapper eb-parent-flex-container eb-parent-eb-flex-container-nk6vo\"><div class=\"eb-flex-container eb-flex-container-nk6vo\"><div class=\"eb-flex-container-inner\">\n<p class=\"has-text-align-right\">NR 2006 \/ 1<br>NR 2006 \/ 2<br>NR 2006 \/ 3<br>NR 2006 \/ 4<br>NR 2006 \/ 5<\/p>\n<\/div><\/div><\/div><\/div>\n\n\n\n<div class=\"wp-block-essential-blocks-flex-container eb-flex-container-block root-eb-flex-container-6fsry\"><div class=\"eb-parent-wrapper eb-parent-flex-container eb-parent-eb-flex-container-6fsry\"><div class=\"eb-flex-container eb-flex-container-6fsry\"><div class=\"eb-flex-container-inner\">\n<p><a href=\"https:\/\/biblioteka.sum.edu.pl\/wp-content\/uploads\/2024\/01\/biul_012006-1.pdf\">Pobierz plik (pdf, 6 MB)<\/a><br><a href=\"https:\/\/biblioteka.sum.edu.pl\/wp-content\/uploads\/2024\/01\/biul_022006.pdf\">Pobierz plik (pdf, 7 MB)<\/a><br><a href=\"https:\/\/biblioteka.sum.edu.pl\/wp-content\/uploads\/2024\/01\/biul_032006.pdf\">Pobierz plik (pdf, 5 MB)<\/a><br><a href=\"https:\/\/biblioteka.sum.edu.pl\/wp-content\/uploads\/2024\/01\/biul_042006.pdf\">Pobierz plik (pdf, 6 MB)<\/a><br><a href=\"https:\/\/biblioteka.sum.edu.pl\/wp-content\/uploads\/2024\/01\/biul_052006_dod-1.pdf\">Pobierz plik (pdf, 11 MB)<\/a><\/p>\n<\/div><\/div><\/div><\/div>\n<\/div><\/div><\/div><\/div>\n<\/div>\n<\/div>\n\n\n\n<p class=\"has-text-align-center\"><strong>Numery archiwalne za lata 2000-2005 <\/strong><br><strong>dost\u0119pne s\u0105 w wersji papierowej w Bibliotece SUM.<\/strong><\/p>\n\n\n\n<p class=\"has-text-align-center\"><strong><a href=\"https:\/\/www.sbc.org.pl\/dlibra\/results?q=biuletyn+informacyjny+%C5%9Bl%C4%85ska+akademia+medyczna&amp;action=SimpleSearchAction&amp;type=-6&amp;p=0&amp;qf1=collections%3A75\">Numery archiwalne za lata 1991-1999 dost\u0119pne w \u015al\u0105skiej Bibliotece Cyfrowej.<\/a><\/strong><\/p>\n\n\n\n<p><\/p>","protected":false},"excerpt":{"rendered":"<p>Biuletyn Informacyjny \u015al\u0105skiego Uniwersytetu Medycznego w Katowicach Numery archiwalne za lata 2000-2005 dost\u0119pne s\u0105 w wersji papierowej w Bibliotece SUM. Numery archiwalne za lata 1991-1999 dost\u0119pne w \u015al\u0105skiej Bibliotece Cyfrowej.<\/p>","protected":false},"author":3,"featured_media":0,"parent":0,"menu_order":0,"comment_status":"closed","ping_status":"closed","template":"","meta":{"_eb_attr":"","footnotes":""},"categories":[],"tags":[],"class_list":["post-21784","page","type-page","status-publish","hentry"],"publishpress_future_action":{"enabled":false,"date":"2026-04-12 16:29:23","action":"change-status","newStatus":"draft","terms":[],"taxonomy":"category","extraData":[]},"publishpress_future_workflow_manual_trigger":{"enabledWorkflows":[]},"_links":{"self":[{"href":"https:\/\/biblioteka.sum.edu.pl\/en\/wp-json\/wp\/v2\/pages\/21784","targetHints":{"allow":["GET"]}}],"collection":[{"href":"https:\/\/biblioteka.sum.edu.pl\/en\/wp-json\/wp\/v2\/pages"}],"about":[{"href":"https:\/\/biblioteka.sum.edu.pl\/en\/wp-json\/wp\/v2\/types\/page"}],"author":[{"embeddable":true,"href":"https:\/\/biblioteka.sum.edu.pl\/en\/wp-json\/wp\/v2\/users\/3"}],"replies":[{"embeddable":true,"href":"https:\/\/biblioteka.sum.edu.pl\/en\/wp-json\/wp\/v2\/comments?post=21784"}],"version-history":[{"count":51,"href":"https:\/\/biblioteka.sum.edu.pl\/en\/wp-json\/wp\/v2\/pages\/21784\/revisions"}],"predecessor-version":[{"id":28351,"href":"https:\/\/biblioteka.sum.edu.pl\/en\/wp-json\/wp\/v2\/pages\/21784\/revisions\/28351"}],"wp:attachment":[{"href":"https:\/\/biblioteka.sum.edu.pl\/en\/wp-json\/wp\/v2\/media?parent=21784"}],"wp:term":[{"taxonomy":"category","embeddable":true,"href":"https:\/\/biblioteka.sum.edu.pl\/en\/wp-json\/wp\/v2\/categories?post=21784"},{"taxonomy":"post_tag","embeddable":true,"href":"https:\/\/biblioteka.sum.edu.pl\/en\/wp-json\/wp\/v2\/tags?post=21784"}],"curies":[{"name":"wp","href":"https:\/\/api.w.org\/{rel}","templated":true}]}}