{"id":21558,"date":"2024-01-19T12:52:43","date_gmt":"2024-01-19T11:52:43","guid":{"rendered":"https:\/\/biblioteka2.sum.edu.pl\/?page_id=21558"},"modified":"2026-02-19T10:34:46","modified_gmt":"2026-02-19T09:34:46","slug":"medyczna-informacja-naukowa","status":"publish","type":"page","link":"https:\/\/biblioteka.sum.edu.pl\/en\/szkolenia-i-warsztaty-2\/medyczna-informacja-naukowa\/","title":{"rendered":"Medical research information"},"content":{"rendered":"<h2 class=\"wp-block-heading\">Medical research information<\/h2>\n\n\n\n<p>The subject 'Medical Scientific Information' is taught in the first year of the Doctoral School. <\/p>\n\n\n\n<p><\/p>\n\n\n\n<p>The 15-hour exercises are led by qualified librarians working daily in the SUM Library. The instructors are the authors of the syllabus for the course.  Exercises are held at the Centre for Didactics and Medical Simulation in Katowice-Ligota. On the SUM e-learning platform, instructors have uploaded teaching aids - authored and selected from those generally available on the Internet. In order to make access to knowledge as easy as possible, the librarians have prepared materials in two language versions - Polish and English. The exercises conclude with an online test to verify the acquired information. The test is also available in two language versions (Polish and English).<\/p>\n\n\n\n<hr class=\"wp-block-separator has-alpha-channel-opacity\" style=\"margin-top:var(--wp--preset--spacing--50);margin-bottom:var(--wp--preset--spacing--50)\"\/>\n\n\n\n<p>Participants in the Doctoral School may contact the tutors by email and\/or telephone:<\/p>\n\n\n\n<ul class=\"wp-block-list\">\n<li>Krzysztof Go\u015bciniak, MA \u2013 kgosciniak@sum.edu.pl; phone: (+48 32) 208 36 33<\/li>\n\n\n\n<li>Marek Halkiewicz, MA \u2013 mhalkiewicz@sum.edu.pl; phone:(+48 32) 208 35 66<\/li>\n\n\n\n<li>Agnieszka Kwiatkowska-Bory\u015b, MA \u2013 aborys@sum.edu.pl; phone: (+48 32) 364 14 52<\/li>\n\n\n\n<li>mgr Adam P\u0119czek &#8211; apeczek@sum.edu.pl; tel. 32-208-3566<\/li>\n\n\n\n<li>Tomasz Wilgos, MA \u2013 twilgos@sum.edu.pl; phone: (+48 32) 364 14 52<\/li>\n<\/ul>","protected":false},"excerpt":{"rendered":"<p>Medyczna informacja naukowa Przedmiot \u201eMedyczna informacja naukowa\u201d realizowany jest na pierwszym roku Szko\u0142y Doktorskiej. \u0106wiczenia w wymiarze 15 godzin prowadzone s\u0105 przez wykwalifikowanych bibliotekarzy pracuj\u0105cych na co dzie\u0144 w Bibliotece SUM. Prowadz\u0105cy s\u0105 autorami Sylabusa realizowanego przedmiotu.&nbsp; \u0106wiczenia odbywaj\u0105 si\u0119 w Centrum Dydaktyki i Symulacji Medycznej w Katowicach-Ligocie. Na platformie e-learningowej SUM prowadz\u0105cy zamie\u015bcili pomoce [&hellip;]<\/p>","protected":false},"author":4,"featured_media":0,"parent":20617,"menu_order":0,"comment_status":"closed","ping_status":"closed","template":"","meta":{"_eb_attr":"","footnotes":""},"categories":[],"tags":[],"class_list":["post-21558","page","type-page","status-publish","hentry"],"publishpress_future_action":{"enabled":false,"date":"2026-04-12 19:17:23","action":"change-status","newStatus":"draft","terms":[],"taxonomy":"category","extraData":[]},"publishpress_future_workflow_manual_trigger":{"enabledWorkflows":[]},"_links":{"self":[{"href":"https:\/\/biblioteka.sum.edu.pl\/en\/wp-json\/wp\/v2\/pages\/21558","targetHints":{"allow":["GET"]}}],"collection":[{"href":"https:\/\/biblioteka.sum.edu.pl\/en\/wp-json\/wp\/v2\/pages"}],"about":[{"href":"https:\/\/biblioteka.sum.edu.pl\/en\/wp-json\/wp\/v2\/types\/page"}],"author":[{"embeddable":true,"href":"https:\/\/biblioteka.sum.edu.pl\/en\/wp-json\/wp\/v2\/users\/4"}],"replies":[{"embeddable":true,"href":"https:\/\/biblioteka.sum.edu.pl\/en\/wp-json\/wp\/v2\/comments?post=21558"}],"version-history":[{"count":7,"href":"https:\/\/biblioteka.sum.edu.pl\/en\/wp-json\/wp\/v2\/pages\/21558\/revisions"}],"predecessor-version":[{"id":27848,"href":"https:\/\/biblioteka.sum.edu.pl\/en\/wp-json\/wp\/v2\/pages\/21558\/revisions\/27848"}],"up":[{"embeddable":true,"href":"https:\/\/biblioteka.sum.edu.pl\/en\/wp-json\/wp\/v2\/pages\/20617"}],"wp:attachment":[{"href":"https:\/\/biblioteka.sum.edu.pl\/en\/wp-json\/wp\/v2\/media?parent=21558"}],"wp:term":[{"taxonomy":"category","embeddable":true,"href":"https:\/\/biblioteka.sum.edu.pl\/en\/wp-json\/wp\/v2\/categories?post=21558"},{"taxonomy":"post_tag","embeddable":true,"href":"https:\/\/biblioteka.sum.edu.pl\/en\/wp-json\/wp\/v2\/tags?post=21558"}],"curies":[{"name":"wp","href":"https:\/\/api.w.org\/{rel}","templated":true}]}}