{"id":21474,"date":"2024-01-17T11:57:39","date_gmt":"2024-01-17T10:57:39","guid":{"rendered":"https:\/\/biblioteka2.sum.edu.pl\/?page_id=21474"},"modified":"2025-04-10T12:46:45","modified_gmt":"2025-04-10T10:46:45","slug":"cennik-uslug-i-oplat","status":"publish","type":"page","link":"https:\/\/biblioteka.sum.edu.pl\/en\/cennik-uslug-i-oplat\/","title":{"rendered":"Price list"},"content":{"rendered":"<h3 class=\"wp-block-heading\">Price list<\/h3>\n\n\n\n<p><\/p>\n\n\n\n<figure class=\"wp-block-table is-style-stripes\"><table><thead><tr><th class=\"has-text-align-left\" data-align=\"left\">Type of service <\/th><th class=\"has-text-align-left\" data-align=\"left\">Prize<\/th><\/tr><\/thead><tbody><tr><td class=\"has-text-align-left\" data-align=\"left\"><strong>Lending services<\/strong><\/td><td class=\"has-text-align-left\" data-align=\"left\"><\/td><\/tr><tr><td class=\"has-text-align-left\" data-align=\"left\">Library account activation for 12 months<\/td><td class=\"has-text-align-left\" data-align=\"left\">free of charge<\/td><\/tr><tr><td class=\"has-text-align-left\" data-align=\"left\">Issuing a library card<\/td><td class=\"has-text-align-left\" data-align=\"left\">PLN 15.00<\/td><\/tr><tr><td class=\"has-text-align-left\" data-align=\"left\">Issuing a duplicate library card<\/td><td class=\"has-text-align-left\" data-align=\"left\">PLN 15.00<\/td><\/tr><tr><td class=\"has-text-align-left\" data-align=\"left\">Charges for returning materials after the due date:<\/td><td class=\"has-text-align-left\" data-align=\"left\"><\/td><\/tr><tr><td class=\"has-text-align-left\" data-align=\"left\">\u2013 library materials from closed stacks<\/td><td class=\"has-text-align-left\" data-align=\"left\">PLN 0.50\/per business day\/per item\n(up to PLN 200.00 per volume)<\/td><\/tr><tr><td class=\"has-text-align-left\" data-align=\"left\">\u2013 library materials from the reading room<\/td><td class=\"has-text-align-left\" data-align=\"left\">PLN 20.50 for the first business day and subsequently PLN 0.50 \/per business day\/per item (up to PLN 200.00 per volume)<\/td><\/tr><tr><td class=\"has-text-align-left\" data-align=\"left\"><a href=\"https:\/\/biblioteka.sum.edu.pl\/wp-content\/uploads\/2025\/04\/wykaz-ksiazek32.pdf\" data-type=\"link\" data-id=\"https:\/\/biblioteka.sum.edu.pl\/wp-content\/uploads\/2024\/01\/wykaz_ksiek30.pdf\">List of books<\/a> (pdf; 84 KB), , which may be given to the Library as an equivalent for overdue fee charges. For more information see the <a href=\"https:\/\/biblioteka.sum.edu.pl\/en\/regulamin-korzystania-z-biblioteki\/\">Terms and conditions of using the Library.<\/a>.<\/td><td class=\"has-text-align-left\" data-align=\"left\"><\/td><\/tr><tr><td class=\"has-text-align-left\" data-align=\"left\">Damaging library materials or loss of attachments to library materials (e.g. CD-ROM)<\/td><td class=\"has-text-align-left\" data-align=\"left\">PLN 40.00<\/td><\/tr><tr><td class=\"has-text-align-left\" data-align=\"left\">Charges for loss or complete damage of library materials:<\/td><td class=\"has-text-align-left\" data-align=\"left\"><\/td><\/tr><tr><td class=\"has-text-align-left\" data-align=\"left\">\u2013 item registered in the library from 2011<\/td><td class=\"has-text-align-left\" data-align=\"left\">replacing with the same or later edition of the title or the doubled equivalent of the book price<\/td><\/tr><tr><td class=\"has-text-align-left\" data-align=\"left\">\u2013 item registered in the library from 1995 up to and including 2010<\/td><td class=\"has-text-align-left\" data-align=\"left\">replacing with the same or later edition of the title or the equivalent of the  book price<\/td><\/tr><tr><td class=\"has-text-align-left\" data-align=\"left\">\u2013 item registered in the library before 1995<\/td><td class=\"has-text-align-left\" data-align=\"left\">PLN 40.00<\/td><\/tr><tr><td class=\"has-text-align-left\" data-align=\"left\"><strong>Information services<\/strong><\/td><td class=\"has-text-align-left\" data-align=\"left\"><\/td><\/tr><tr><td class=\"has-text-align-left\" data-align=\"left\">Training on database search for assignments, theses, bachelor's, master's and doctoral dissertations<\/td><td class=\"has-text-align-left\" data-align=\"left\">free of charge<\/td><\/tr><tr><td class=\"has-text-align-left\" data-align=\"left\">Librarian-assisted database search for other than bachelor's thesis, master's, and doctoral dissertations:<\/td><td class=\"has-text-align-left\" data-align=\"left\"><\/td><\/tr><tr><td class=\"has-text-align-left\" data-align=\"left\">- employees of SUM<\/td><td class=\"has-text-align-left\" data-align=\"left\">free of charge<\/td><\/tr><tr><td class=\"has-text-align-left\" data-align=\"left\">\u2013 other individuals<\/td><td class=\"has-text-align-left\" data-align=\"left\">PLN 35.00<\/td><\/tr><tr><td class=\"has-text-align-left\" data-align=\"left\">Carrying out bibliometric analysis for non-SUM persons carrying out the procedure for obtaining a degree or title at the SUM<\/td><td class=\"has-text-align-left\" data-align=\"left\">PLN 5.00 per processed citation<\/td><\/tr><tr><td class=\"has-text-align-left\" data-align=\"left\">Black printout (per page), for statutory purposes<\/td><td class=\"has-text-align-left\" data-align=\"left\">PLN 0.20<\/td><\/tr><tr><td class=\"has-text-align-left\" data-align=\"left\">Black printout (per page), for non-statutory purposes<\/td><td class=\"has-text-align-left\" data-align=\"left\">PLN 0.80<\/td><\/tr><tr><td class=\"has-text-align-left\" data-align=\"left\">Colour printout (per page) for statutory purposes<\/td><td class=\"has-text-align-left\" data-align=\"left\">PLN 0.40<\/td><\/tr><tr><td class=\"has-text-align-left\" data-align=\"left\">Colour printout (per page) for non-statutory purposes<\/td><td class=\"has-text-align-left\" data-align=\"left\">PLN 1.06<\/td><\/tr><tr><td class=\"has-text-align-left\" data-align=\"left\"><strong>Photocopying<\/strong><\/td><td class=\"has-text-align-left\" data-align=\"left\"><\/td><\/tr><tr><td class=\"has-text-align-left\" data-align=\"left\">Black and white photocopies (per page) for statutory purposes<\/td><td class=\"has-text-align-left\" data-align=\"left\">PLN 0.20<\/td><\/tr><tr><td class=\"has-text-align-left\" data-align=\"left\">Black and white photocopies (per page) for non-statutory purposes<\/td><td class=\"has-text-align-left\" data-align=\"left\">PLN 0.40<\/td><\/tr><tr><td class=\"has-text-align-left\" data-align=\"left\">Scanning (per page) for statutory purposes<\/td><td class=\"has-text-align-left\" data-align=\"left\"><\/td><\/tr><tr><td class=\"has-text-align-left\" data-align=\"left\">\u2013 SUM employees up to 15 articles per month<\/td><td class=\"has-text-align-left\" data-align=\"left\">free of charge<\/td><\/tr><tr><td class=\"has-text-align-left\" data-align=\"left\">&#8211; studenci \u015aUM do 200 stron w miesi\u0105cu<\/td><td class=\"has-text-align-left\" data-align=\"left\">free of charge<\/td><\/tr><tr><td class=\"has-text-align-left\" data-align=\"left\">\u2013 other individuals<\/td><td class=\"has-text-align-left\" data-align=\"left\">PLN 0.52<\/td><\/tr><tr><td class=\"has-text-align-left\" data-align=\"left\">Scanning (per page) for non-statutory purposes<\/td><td class=\"has-text-align-left\" data-align=\"left\">PLN 1.28<\/td><\/tr><tr><td class=\"has-text-align-left\" data-align=\"left\">Colour photocopies (per page) for statutory purposes<\/td><td class=\"has-text-align-left\" data-align=\"left\">PLN 0.40<\/td><\/tr><tr><td class=\"has-text-align-left\" data-align=\"left\">Colour photocopies (per page) outside the statutory purposes<\/td><td class=\"has-text-align-left\" data-align=\"left\">PLN 0.84<\/td><\/tr><tr><td class=\"has-text-align-left\" data-align=\"left\"><strong>Interlibrary loans<\/strong><\/td><td class=\"has-text-align-left\" data-align=\"left\"><\/td><\/tr><tr><td class=\"has-text-align-left\" data-align=\"left\">Black\/white copy (per page) from SUM Library collection<\/td><td class=\"has-text-align-left\" data-align=\"left\">PLN 0.20<\/td><\/tr><tr><td class=\"has-text-align-left\" data-align=\"left\">Scanning (per page) from SUM library collection<\/td><td class=\"has-text-align-left\" data-align=\"left\">PLN 0.52<\/td><\/tr><tr><td class=\"has-text-align-left\" data-align=\"left\">Lending materials from SUM library collection<\/td><td class=\"has-text-align-left\" data-align=\"left\">free of charge<\/td><\/tr><tr><td class=\"has-text-align-left\" data-align=\"left\">Arranging borrowing materials from other than SUM library or research institution<\/td><td class=\"has-text-align-left\" data-align=\"left\">charge according to the invoice issued by a lending library<\/td><\/tr><tr><td class=\"has-text-align-left\" data-align=\"left\"><strong>Security deposit loans (refundable charge)<\/strong><\/td><td class=\"has-text-align-left\" data-align=\"left\"><\/td><\/tr><tr><td class=\"has-text-align-left\" data-align=\"left\">Issuing a library card<\/td><td class=\"has-text-align-left\" data-align=\"left\">PLN 15.00<\/td><\/tr><tr><td class=\"has-text-align-left\" data-align=\"left\">Deposit (refundable) per item (plain materials)<\/td><td class=\"has-text-align-left\" data-align=\"left\">PLN 200.00 (minimum amount)<\/td><\/tr><tr><td class=\"has-text-align-left\" data-align=\"left\">Deposit (refundable) per item (atlases and other valuable publications)<\/td><td class=\"has-text-align-left\" data-align=\"left\">current market value or PLN 200.00 (minimum amount)<\/td><\/tr><tr><td class=\"has-text-align-left\" data-align=\"left\"><strong>Other charges<\/strong><\/td><td class=\"has-text-align-left\" data-align=\"left\"><\/td><\/tr><tr><td class=\"has-text-align-left\" data-align=\"left\">Charges for a lost or damaged key:<\/td><td class=\"has-text-align-left\" data-align=\"left\"><\/td><\/tr><tr><td class=\"has-text-align-left\" data-align=\"left\">\u2013 to a self-service locker<\/td><td class=\"has-text-align-left\" data-align=\"left\">PLN 50.00<\/td><\/tr><tr><td class=\"has-text-align-left\" data-align=\"left\">\u2013 to the quiet study room<\/td><td class=\"has-text-align-left\" data-align=\"left\">PLN 50.00<\/td><\/tr><tr><td class=\"has-text-align-left\" data-align=\"left\">\u2013 to the group workroom<\/td><td class=\"has-text-align-left\" data-align=\"left\">PLN 50.00<\/td><\/tr><tr><td class=\"has-text-align-left\" data-align=\"left\">The charge for keeping a key to a self-service locker after the due date, per 1 business day<\/td><td class=\"has-text-align-left\" data-align=\"left\">PLN 5.00 (up to PLN 50.00)<\/td><\/tr><tr><td class=\"has-text-align-left\" data-align=\"left\">The charge for keeping an electronic device after the due time, per 1 hour<\/td><td class=\"has-text-align-left\" data-align=\"left\">PLN 1.00<\/td><\/tr><tr><td class=\"has-text-align-left\" data-align=\"left\">The charge for the repair of a damaged electronic device<\/td><td class=\"has-text-align-left\" data-align=\"left\">according to a repair service quote<\/td><\/tr><tr><td class=\"has-text-align-left\" data-align=\"left\">Damage to an electronic device<\/td><td class=\"has-text-align-left\" data-align=\"left\">the cost of replacing (with the same parameters device)<\/td><\/tr><\/tbody><\/table><\/figure>\n\n\n\n<p>Based on:<\/p>\n\n\n\n<p><a href=\"https:\/\/aktyprawne.sum.edu.pl\/oneitem?id=3113\" data-type=\"link\" data-id=\"https:\/\/aktyprawne.sum.edu.pl\/oneitem?id=3113\">Decision No. 22\/2023 of 17.02.2023 of the Rector of the Silesian Medical University in Katowice (only in Polish)<\/a><\/p>","protected":false},"excerpt":{"rendered":"<p>Cennik us\u0142ug i op\u0142at Us\u0142uga Cena brutto Udost\u0119pnianie zbior\u00f3w Aktywacja karty bibliotecznej na okres 12 miesi\u0119cy bezp\u0142atnie Wydanie karty bibliotecznej 15,00 z\u0142 Wydanie duplikatu karty bibliotecznej 15,00 z\u0142 Przekroczenie terminu zwrotu materia\u0142\u00f3w bibliotecznych: &#8211; materia\u0142y biblioteczne z magazyn\u00f3w 0,50 z\u0142 za ka\u017cdy roboczy dzie\u0144 zw\u0142oki (maksymalnie 200,00 z\u0142 za jeden tom) &#8211; materia\u0142y biblioteczne z [&hellip;]<\/p>","protected":false},"author":7,"featured_media":0,"parent":0,"menu_order":0,"comment_status":"closed","ping_status":"closed","template":"","meta":{"_eb_attr":"","footnotes":""},"categories":[],"tags":[],"class_list":["post-21474","page","type-page","status-publish","hentry"],"publishpress_future_action":{"enabled":false,"date":"2026-04-12 19:17:07","action":"change-status","newStatus":"draft","terms":[],"taxonomy":"category","extraData":[]},"publishpress_future_workflow_manual_trigger":{"enabledWorkflows":[]},"_links":{"self":[{"href":"https:\/\/biblioteka.sum.edu.pl\/en\/wp-json\/wp\/v2\/pages\/21474","targetHints":{"allow":["GET"]}}],"collection":[{"href":"https:\/\/biblioteka.sum.edu.pl\/en\/wp-json\/wp\/v2\/pages"}],"about":[{"href":"https:\/\/biblioteka.sum.edu.pl\/en\/wp-json\/wp\/v2\/types\/page"}],"author":[{"embeddable":true,"href":"https:\/\/biblioteka.sum.edu.pl\/en\/wp-json\/wp\/v2\/users\/7"}],"replies":[{"embeddable":true,"href":"https:\/\/biblioteka.sum.edu.pl\/en\/wp-json\/wp\/v2\/comments?post=21474"}],"version-history":[{"count":20,"href":"https:\/\/biblioteka.sum.edu.pl\/en\/wp-json\/wp\/v2\/pages\/21474\/revisions"}],"predecessor-version":[{"id":26547,"href":"https:\/\/biblioteka.sum.edu.pl\/en\/wp-json\/wp\/v2\/pages\/21474\/revisions\/26547"}],"wp:attachment":[{"href":"https:\/\/biblioteka.sum.edu.pl\/en\/wp-json\/wp\/v2\/media?parent=21474"}],"wp:term":[{"taxonomy":"category","embeddable":true,"href":"https:\/\/biblioteka.sum.edu.pl\/en\/wp-json\/wp\/v2\/categories?post=21474"},{"taxonomy":"post_tag","embeddable":true,"href":"https:\/\/biblioteka.sum.edu.pl\/en\/wp-json\/wp\/v2\/tags?post=21474"}],"curies":[{"name":"wp","href":"https:\/\/api.w.org\/{rel}","templated":true}]}}