{"id":21459,"date":"2024-01-16T15:25:09","date_gmt":"2024-01-16T14:25:09","guid":{"rendered":"https:\/\/biblioteka2.sum.edu.pl\/?page_id=21459"},"modified":"2024-10-15T16:33:00","modified_gmt":"2024-10-15T14:33:00","slug":"zasady-platnosci-online","status":"publish","type":"page","link":"https:\/\/biblioteka.sum.edu.pl\/en\/regulaminy\/zasady-platnosci-online\/","title":{"rendered":"Online payment regulations"},"content":{"rendered":"<h3 class=\"wp-block-heading\">Regulations of online payments in the SUM Library using electronic banking via Przelewy24<\/h3>\n\n\n\n<p>1. Only chargers regarding collection loans in the SUM Library may be paid by use of electronic payments.<\/p>\n\n\n\n<p>2. Charges which are to be paid by internet banking together with the amounts due are visible after logging in to the user's account in the <a href=\"https:\/\/primo-48slam.hosted.exlibrisgroup.com\/primo-explore\/search?tab=aleph_tab&amp;search_scope=aleph_scope&amp;sortby=rank&amp;vid=48SLAM_VIEW&amp;lang=pl_PL&amp;fromRedirectFilter=true\" target=\"_blank\" rel=\"noreferrer noopener\">Primo Library System.<\/a>.<\/p>\n\n\n\n<p>3. Electronic payment is an alternative form in relation to hitherto functioning.<\/p>\n\n\n\n<p>4. The service allows transferring fees via the channels offered by Przelewy24.<\/p>\n\n\n\n<p>5. All users who have a library account in the SUM Library are authorized to use the service.<\/p>\n\n\n\n<p>6. Access to the service is only possible after logging in to the reader's account in the<a href=\"https:\/\/primo-48slam.hosted.exlibrisgroup.com\/primo-explore\/search?tab=aleph_tab&amp;search_scope=aleph_scope&amp;sortby=rank&amp;vid=48SLAM_VIEW&amp;lang=pl_PL&amp;fromRedirectFilter=true\" target=\"_blank\" rel=\"noreferrer noopener\"> Primo Library System<\/a>.<\/p>\n\n\n\n<h3 class=\"wp-block-heading\">Actions<\/h3>\n\n\n\n<p>1. Authorized users are directed from system Primo to Przelewy24 website, where the payment is made.<\/p>\n\n\n\n<p>2. The user receives e-mail confirmation of the transfer after completing the payment-related activities.<\/p>\n\n\n\n<p>3. The payment is settled at the moment of posting the transfer by Przelewy24 website.<\/p>\n\n\n\n<p>4. After paying the fee, due date of overdue books is set on the day of posting the transfer. Such loan should either be renew by logging into a library account or books should be returned to the library from which they were borrowed.<\/p>\n\n\n\n<h3 class=\"wp-block-heading\">Making Complaints<\/h3>\n\n\n\n<p>1. Any complaints related to the operation of electronic payment service are made on the <a href=\"https:\/\/biblioteka.sum.edu.pl\/wp-content\/uploads\/2024\/02\/Regulamin_Libsmart_SUM_Zalacznik_1_eng.pdf\" data-type=\"link\" data-id=\"https:\/\/biblioteka.sum.edu.pl\/wp-content\/uploads\/2024\/01\/Regulamin_Libsmart_SUM_Zalacznik_1.pdf\" target=\"_blank\" rel=\"noreferrer noopener\">form<\/a> (pdf; 223 KB)<\/p>\n\n\n\n<ul class=\"wp-block-list\">\n<li>in the printed form in <a href=\"https:\/\/biblioteka.sum.edu.pl\/en\/kontakt-i-godziny-otwarcia\/\" data-type=\"link\" data-id=\"https:\/\/biblioteka.sum.edu.pl\/kontakt-i-godziny-otwarcia\/\" target=\"_blank\" rel=\"noreferrer noopener\">one of the Branch Library<\/a> or<\/li>\n\n\n\n<li>by sending the form to the following e-mail address: <a href=\"mailto:bibudos@sum.edu.pl\">bibudos@sum.edu.pl<\/a>.<\/li>\n<\/ul>\n\n\n\n<p>2. Complaint must be made in 14 days from the date on which the service was performed or was to be performed.<\/p>\n\n\n\n<p>3. Complaints are considered within 14 days following date of its receipt. If the complaint is unresolved to this time, user will be informed by email about the reasons for the delay and the expected date of resolving the complaint.<\/p>\n\n\n\n<p>4. Complaints related Przelewy24 website may also be made directly by Przelewy24 form to which the user receives a link in the confirmation e-mail.<\/p>\n\n\n\n<p>5. The library is not responsible for technical problems on Przelewy24 website.<\/p>\n\n\n\n<div class=\"wp-block-group is-layout-constrained wp-block-group-is-layout-constrained\">\n<div class=\"wp-block-columns is-layout-flex wp-container-core-columns-is-layout-28f84493 wp-block-columns-is-layout-flex\">\n<div class=\"wp-block-column is-layout-flow wp-block-column-is-layout-flow\">\n<figure class=\"wp-block-image size-full\"><img loading=\"lazy\" decoding=\"async\" width=\"535\" height=\"131\" src=\"https:\/\/biblioteka.sum.edu.pl\/wp-content\/uploads\/2024\/01\/logo_Libsmart.png\" alt=\"\" class=\"wp-image-21460\" srcset=\"https:\/\/biblioteka.sum.edu.pl\/wp-content\/uploads\/2024\/01\/logo_Libsmart.png 535w, https:\/\/biblioteka.sum.edu.pl\/wp-content\/uploads\/2024\/01\/logo_Libsmart-300x73.png 300w, https:\/\/biblioteka.sum.edu.pl\/wp-content\/uploads\/2024\/01\/logo_Libsmart-18x4.png 18w\" sizes=\"auto, (max-width: 535px) 100vw, 535px\" \/><\/figure>\n<\/div>\n\n\n\n<div class=\"wp-block-column is-layout-flow wp-block-column-is-layout-flow\">\n<figure class=\"wp-block-image size-full is-resized\"><img loading=\"lazy\" decoding=\"async\" width=\"384\" height=\"208\" src=\"https:\/\/biblioteka.sum.edu.pl\/wp-content\/uploads\/2024\/01\/logoPrzelewy24.png\" alt=\"\" class=\"wp-image-21461\" style=\"width:159px;height:auto\" srcset=\"https:\/\/biblioteka.sum.edu.pl\/wp-content\/uploads\/2024\/01\/logoPrzelewy24.png 384w, https:\/\/biblioteka.sum.edu.pl\/wp-content\/uploads\/2024\/01\/logoPrzelewy24-300x163.png 300w, https:\/\/biblioteka.sum.edu.pl\/wp-content\/uploads\/2024\/01\/logoPrzelewy24-18x10.png 18w\" sizes=\"auto, (max-width: 384px) 100vw, 384px\" \/><\/figure>\n<\/div>\n<\/div>\n<\/div>","protected":false},"excerpt":{"rendered":"<p>Zasady elektronicznego regulowania op\u0142at w Bibliotece \u015aUM z u\u017cyciem bankowo\u015bci elektronicznej przez serwis Przelewy24 1. Przy u\u017cyciu p\u0142atno\u015bci elektronicznych mo\u017cliwe jest regulowanie finansowych zaleg\u0142o\u015bci, zwi\u0105zanych z wypo\u017cyczaniem zbior\u00f3w w Bibliotece \u015aUM. 2. Op\u0142aty, kt\u00f3re mo\u017cna uregulowa\u0107 elektronicznie wraz z nale\u017cnymi kwotami widoczne s\u0105 po zalogowaniu na koncie u\u017cytkownika w systemie bibliotecznym Primo. 3. Regulowanie op\u0142at [&hellip;]<\/p>","protected":false},"author":7,"featured_media":0,"parent":16485,"menu_order":0,"comment_status":"closed","ping_status":"closed","template":"","meta":{"_eb_attr":"","footnotes":""},"categories":[],"tags":[],"class_list":["post-21459","page","type-page","status-publish","hentry"],"publishpress_future_action":{"enabled":false,"date":"2026-04-12 22:17:30","action":"change-status","newStatus":"draft","terms":[],"taxonomy":"category","extraData":[]},"publishpress_future_workflow_manual_trigger":{"enabledWorkflows":[]},"_links":{"self":[{"href":"https:\/\/biblioteka.sum.edu.pl\/en\/wp-json\/wp\/v2\/pages\/21459","targetHints":{"allow":["GET"]}}],"collection":[{"href":"https:\/\/biblioteka.sum.edu.pl\/en\/wp-json\/wp\/v2\/pages"}],"about":[{"href":"https:\/\/biblioteka.sum.edu.pl\/en\/wp-json\/wp\/v2\/types\/page"}],"author":[{"embeddable":true,"href":"https:\/\/biblioteka.sum.edu.pl\/en\/wp-json\/wp\/v2\/users\/7"}],"replies":[{"embeddable":true,"href":"https:\/\/biblioteka.sum.edu.pl\/en\/wp-json\/wp\/v2\/comments?post=21459"}],"version-history":[{"count":10,"href":"https:\/\/biblioteka.sum.edu.pl\/en\/wp-json\/wp\/v2\/pages\/21459\/revisions"}],"predecessor-version":[{"id":25201,"href":"https:\/\/biblioteka.sum.edu.pl\/en\/wp-json\/wp\/v2\/pages\/21459\/revisions\/25201"}],"up":[{"embeddable":true,"href":"https:\/\/biblioteka.sum.edu.pl\/en\/wp-json\/wp\/v2\/pages\/16485"}],"wp:attachment":[{"href":"https:\/\/biblioteka.sum.edu.pl\/en\/wp-json\/wp\/v2\/media?parent=21459"}],"wp:term":[{"taxonomy":"category","embeddable":true,"href":"https:\/\/biblioteka.sum.edu.pl\/en\/wp-json\/wp\/v2\/categories?post=21459"},{"taxonomy":"post_tag","embeddable":true,"href":"https:\/\/biblioteka.sum.edu.pl\/en\/wp-json\/wp\/v2\/tags?post=21459"}],"curies":[{"name":"wp","href":"https:\/\/api.w.org\/{rel}","templated":true}]}}