{"id":21425,"date":"2024-01-16T09:47:15","date_gmt":"2024-01-16T08:47:15","guid":{"rendered":"https:\/\/biblioteka2.sum.edu.pl\/?page_id=21425"},"modified":"2024-09-10T11:49:00","modified_gmt":"2024-09-10T09:49:00","slug":"warsztaty-z-wyszukiwania-publikacji","status":"publish","type":"page","link":"https:\/\/biblioteka.sum.edu.pl\/en\/szkolenia-i-warsztaty-2\/warsztaty-z-wyszukiwania-publikacji\/","title":{"rendered":"Library training"},"content":{"rendered":"<h2 class=\"wp-block-heading\"><strong>Library training<\/strong><\/h2>\n\n\n\n<p>Subject <strong>\"Library training\"<\/strong>, <strong>\"Library training - an introduction\"<\/strong>, <strong>\"Library training - expanded scope\" <\/strong>is taught to students of dietetics, public health and health risk management first and second degree at the Faculty of Public Health in Bytom. As part of the course, students are informed about the services provided by the SUM Library and acquire practical skills in the selection of information sources (books, articles, medical databases).<\/p>\n\n\n\n<hr class=\"wp-block-separator has-alpha-channel-opacity\" style=\"margin-top:var(--wp--preset--spacing--40);margin-bottom:var(--wp--preset--spacing--40)\"\/>\n\n\n\n<p>Participants in the classes can contact the tutor by email and\/or telephone:<br>Krzysztof Go\u015bciniak, MA \u2013 kgosciniak@sum.edu.pl; phone: (+48 32) 208 36 33<\/p>","protected":false},"excerpt":{"rendered":"<p>Szkolenie biblioteczne Przedmiot \u201eSzkolenie biblioteczne\u201d, \u201eSzkolenie biblioteczne \u2013 wprowadzenie\u201d, \u201eSzkolenie biblioteczne &#8211; zakres rozszerzony\u201d realizowany jest dla student\u00f3w kierunku dietetyka, zdrowie publiczne oraz zarz\u0105dzanie ryzykiem zdrowotnym I i II stopnia na Wydziale Zdrowia Publicznego w Bytomiu. W ramach zaj\u0119\u0107 studenci zostaj\u0105 poinformowani o us\u0142ugach \u015bwiadczonych przez Bibliotek\u0119 SUM oraz nabieraj\u0105 praktycznych umiej\u0119tno\u015bci z zakresu selekcji [&hellip;]<\/p>","protected":false},"author":4,"featured_media":0,"parent":20617,"menu_order":0,"comment_status":"closed","ping_status":"closed","template":"","meta":{"_eb_attr":"","footnotes":""},"categories":[],"tags":[],"class_list":["post-21425","page","type-page","status-publish","hentry"],"publishpress_future_action":{"enabled":false,"date":"2026-04-12 19:17:22","action":"change-status","newStatus":"draft","terms":[],"taxonomy":"category","extraData":[]},"publishpress_future_workflow_manual_trigger":{"enabledWorkflows":[]},"_links":{"self":[{"href":"https:\/\/biblioteka.sum.edu.pl\/en\/wp-json\/wp\/v2\/pages\/21425","targetHints":{"allow":["GET"]}}],"collection":[{"href":"https:\/\/biblioteka.sum.edu.pl\/en\/wp-json\/wp\/v2\/pages"}],"about":[{"href":"https:\/\/biblioteka.sum.edu.pl\/en\/wp-json\/wp\/v2\/types\/page"}],"author":[{"embeddable":true,"href":"https:\/\/biblioteka.sum.edu.pl\/en\/wp-json\/wp\/v2\/users\/4"}],"replies":[{"embeddable":true,"href":"https:\/\/biblioteka.sum.edu.pl\/en\/wp-json\/wp\/v2\/comments?post=21425"}],"version-history":[{"count":6,"href":"https:\/\/biblioteka.sum.edu.pl\/en\/wp-json\/wp\/v2\/pages\/21425\/revisions"}],"predecessor-version":[{"id":24531,"href":"https:\/\/biblioteka.sum.edu.pl\/en\/wp-json\/wp\/v2\/pages\/21425\/revisions\/24531"}],"up":[{"embeddable":true,"href":"https:\/\/biblioteka.sum.edu.pl\/en\/wp-json\/wp\/v2\/pages\/20617"}],"wp:attachment":[{"href":"https:\/\/biblioteka.sum.edu.pl\/en\/wp-json\/wp\/v2\/media?parent=21425"}],"wp:term":[{"taxonomy":"category","embeddable":true,"href":"https:\/\/biblioteka.sum.edu.pl\/en\/wp-json\/wp\/v2\/categories?post=21425"},{"taxonomy":"post_tag","embeddable":true,"href":"https:\/\/biblioteka.sum.edu.pl\/en\/wp-json\/wp\/v2\/tags?post=21425"}],"curies":[{"name":"wp","href":"https:\/\/api.w.org\/{rel}","templated":true}]}}