{"id":21422,"date":"2024-01-16T09:46:45","date_gmt":"2024-01-16T08:46:45","guid":{"rendered":"https:\/\/biblioteka2.sum.edu.pl\/?page_id=21422"},"modified":"2026-02-19T16:44:04","modified_gmt":"2026-02-19T15:44:04","slug":"szkolenia-dla-studentow-pierwszego-roku","status":"publish","type":"page","link":"https:\/\/biblioteka.sum.edu.pl\/en\/szkolenia-i-warsztaty-2\/szkolenia-dla-studentow-pierwszego-roku\/","title":{"rendered":"Library training (in Polish)"},"content":{"rendered":"<h2 class=\"wp-block-heading\">Library training (in Polish) <\/h2>\n\n\n\n<div class=\"wp-block-media-text is-stacked-on-mobile\" style=\"grid-template-columns:15% auto\"><figure class=\"wp-block-media-text__media\"><img loading=\"lazy\" decoding=\"async\" width=\"93\" height=\"90\" src=\"https:\/\/biblioteka.sum.edu.pl\/wp-content\/uploads\/2023\/12\/archiwum_wydarzen.png\" alt=\"\" class=\"wp-image-20450 size-full\" srcset=\"https:\/\/biblioteka.sum.edu.pl\/wp-content\/uploads\/2023\/12\/archiwum_wydarzen.png 93w, https:\/\/biblioteka.sum.edu.pl\/wp-content\/uploads\/2023\/12\/archiwum_wydarzen-12x12.png 12w\" sizes=\"auto, (max-width: 93px) 100vw, 93px\" \/><\/figure><div class=\"wp-block-media-text__content\">\n<p>During training:<\/p>\n\n\n\n<ul class=\"wp-block-list\">\n<li>we will talk about the rules for using the reading room and the lending room,<\/li>\n\n\n\n<li>teach the use of the library catalogue and the 'remote access to the collection' service,<\/li>\n\n\n\n<li>teach you how to use the library catalogue and show you how to use our online collection, \"remote access to the collection\",<\/li>\n\n\n\n<li>Interested students will be able to sign up to the Library and reserve their first books.&nbsp;&nbsp;&nbsp;&nbsp;&nbsp;<\/li>\n<\/ul>\n<\/div><\/div>\n\n\n\n<p><\/p>\n\n\n\n<div class=\"wp-block-essential-blocks-advanced-tabs  root-eb-advanced-tabs-q0vhnof\"><div class=\"eb-parent-wrapper eb-parent-eb-advanced-tabs-q0vhnof\"><div class=\"eb-advanced-tabs-q0vhnof eb-advanced-tabs-wrapper horizontal\" data-min-height=\"true\"><div class=\"eb-tabs-nav\"><ul class=\"tabTitles\" data-tabs-ul-id=\"eb-advanced-tabs-q0vhnof\"><li data-title-tab-id=\"1\" data-title-custom-id=\"\" class=\"inactive\"><div class=\"tab-title-wrap\"><h6 class=\"tab-title-text\"><a href=\"#I-roku\">Library training for first-year students (in Polish)<\/a><\/h6><\/div><\/li><li data-title-tab-id=\"2\" data-title-custom-id=\"\" class=\"active\"><div class=\"tab-title-wrap\"><h6 class=\"tab-title-text\"><a href=\"#rok-akademicki\">Library training during the academic yea<\/a><a href=\"http:\/\/rok-akademicki\">7:30 AM - 3:30 PM<\/a><\/h6><\/div><\/li><\/ul><\/div><div class=\"eb-tabs-contents\">\n<div class=\"eb-tab-wrapper\" data-tab-id=\"1\" data-tab-parent-id=\"eb-advanced-tabs-q0vhnof\"><div class=\"eb-tab-inner\">\n<p>The training sessions are organised before the start of the academic year. They will take place via the MS Teams platform.<\/p>\n\n\n\n<p><\/p>\n\n\n\n<p>Registration for training is required<strong> <\/strong>(with the exception of library training for first-year students of the Faculty of Pharmaceutical Sciences in Sosnowiec).&nbsp;&nbsp;&nbsp;&nbsp;&nbsp;&nbsp;&nbsp;&nbsp;&nbsp;<\/p>\n\n\n\n<p>Sign-up forms are available at the links below:<\/p>\n\n\n\n<p><\/p>\n\n\n\n<p>Dla student\u00f3w <strong>Wydzia\u0142u Nauk Medycznych w&nbsp;Katowicach<\/strong> and&nbsp;<strong>Wydzia\u0142u Nauk o&nbsp;Zdrowiu w&nbsp;Katowicach<\/strong>:<\/p>\n\n\n\n<ul class=\"wp-block-list\">\n<li><a href=\"https:\/\/events.teams.microsoft.com\/event\/161aac85-4598-4967-9bc3-9a81f02be8f5@5be3283e-e466-475b-938a-c376a9b7b993\">24.09, godz.&nbsp;9:00&nbsp;<\/a><\/li>\n\n\n\n<li><a href=\"https:\/\/events.teams.microsoft.com\/event\/749bad85-532d-4237-aa2d-b1db3ead618b@5be3283e-e466-475b-938a-c376a9b7b993\">25.09, godz.&nbsp;13:00<\/a><\/li>\n<\/ul>\n\n\n\n<p>Dla student\u00f3w <strong>Filii w&nbsp;Bielsku-Bia\u0142ej<\/strong>:<\/p>\n\n\n\n<ul class=\"wp-block-list\">\n<li><a href=\"https:\/\/teams.microsoft.com\/l\/meetup-join\/19%3ameeting_ZWFiMDE4MjQtODYwMi00OThhLTgzMzQtNzczN2VhZWE2MWIz%40thread.v2\/0?context=%7b%22Tid%22%3a%225be3283e-e466-475b-938a-c376a9b7b993%22%2c%22Oid%22%3a%22af53814b-64b5-4fdd-acfd-d84c286d1e68%22%7d\">30.09, godz.&nbsp;11:00<\/a><\/li>\n<\/ul>\n\n\n\n<p>Dla student\u00f3w <strong>Wydzia\u0142u Nauk Medycznych w&nbsp;Zabrzu<\/strong> and&nbsp;<strong>Wydzia\u0142u Zdrowia Publicznego w&nbsp;Bytomiu<\/strong>:<\/p>\n\n\n\n<ul class=\"wp-block-list\">\n<li><a href=\"https:\/\/events.teams.microsoft.com\/event\/a9e6294e-df38-40ae-acce-3c6a4b687d0a@5be3283e-e466-475b-938a-c376a9b7b993\">23.09, godz.&nbsp;10:00<\/a><\/li>\n\n\n\n<li><a href=\"https:\/\/events.teams.microsoft.com\/event\/6e575064-d968-4300-a565-7b0f303102c8@5be3283e-e466-475b-938a-c376a9b7b993\">23.09, godz.&nbsp;13:00<\/a><\/li>\n<\/ul>\n\n\n\n<p>Dla student\u00f3w <strong>Wydzia\u0142u Nauk Farmaceutycznych w&nbsp;Sosnowcu<\/strong>:<\/p>\n\n\n\n<ul class=\"wp-block-list\">\n<li><a href=\"https:\/\/teams.microsoft.com\/l\/meetup-join\/19%3ameeting_ZDdlY2Q5ZjItOWRiOS00NzlmLWIxYzYtYTQzYjEwNzhiN2Uz%40thread.v2\/0?context=%7b%22Tid%22%3a%225be3283e-e466-475b-938a-c376a9b7b993%22%2c%22Oid%22%3a%2294ef5d76-b258-4fe7-891c-3bd6e336ca77%22%7d\">24.09, godz.&nbsp;11:00<\/a><\/li>\n\n\n\n<li>25.09, godz.&nbsp;11:00, SZKOLENIE STACJONARNE, siedziba Oddzia\u0142u Biblioteki \u015aUM w&nbsp;Sosnowcu, ul.&nbsp;Ostrog\u00f3rska 30.<\/li>\n<\/ul>\n<\/div><\/div>\n\n\n\n<div class=\"eb-tab-wrapper\" data-tab-id=\"2\" data-tab-parent-id=\"eb-advanced-tabs-q0vhnof\"><div class=\"eb-tab-inner\">\n<p>In addition, training for readers also takes place during the academic year. All you have to do is go to the library branch of your choice, where a librarian on duty will conduct the training.<\/p>\n\n\n\n<p>If several people wish to receive training at the same time, they are welcome to contact us in advance by phone or e-mail.  <\/p>\n\n\n\n<p><\/p>\n\n\n\n<p>We also recommend that you take a look at the <a href=\"https:\/\/biblioteka.sum.edu.pl\/en\/wypozyczanie\/\" data-type=\"link\" data-id=\"https:\/\/biblioteka.sum.edu.pl\/wypozyczanie\/\">Borrowing<\/a>.<\/p>\n\n\n\n<p><\/p>\n\n\n\n<p><\/p>\n<\/div><\/div>\n<\/div><\/div><\/div><\/div>","protected":false},"excerpt":{"rendered":"<p>Library training (in Polish)<\/p>","protected":false},"author":4,"featured_media":0,"parent":20617,"menu_order":0,"comment_status":"closed","ping_status":"closed","template":"","meta":{"_eb_attr":"","footnotes":""},"categories":[],"tags":[],"class_list":["post-21422","page","type-page","status-publish","hentry"],"publishpress_future_action":{"enabled":false,"date":"2026-04-12 19:17:07","action":"change-status","newStatus":"draft","terms":[],"taxonomy":"category","extraData":[]},"publishpress_future_workflow_manual_trigger":{"enabledWorkflows":[]},"_links":{"self":[{"href":"https:\/\/biblioteka.sum.edu.pl\/en\/wp-json\/wp\/v2\/pages\/21422","targetHints":{"allow":["GET"]}}],"collection":[{"href":"https:\/\/biblioteka.sum.edu.pl\/en\/wp-json\/wp\/v2\/pages"}],"about":[{"href":"https:\/\/biblioteka.sum.edu.pl\/en\/wp-json\/wp\/v2\/types\/page"}],"author":[{"embeddable":true,"href":"https:\/\/biblioteka.sum.edu.pl\/en\/wp-json\/wp\/v2\/users\/4"}],"replies":[{"embeddable":true,"href":"https:\/\/biblioteka.sum.edu.pl\/en\/wp-json\/wp\/v2\/comments?post=21422"}],"version-history":[{"count":33,"href":"https:\/\/biblioteka.sum.edu.pl\/en\/wp-json\/wp\/v2\/pages\/21422\/revisions"}],"predecessor-version":[{"id":27884,"href":"https:\/\/biblioteka.sum.edu.pl\/en\/wp-json\/wp\/v2\/pages\/21422\/revisions\/27884"}],"up":[{"embeddable":true,"href":"https:\/\/biblioteka.sum.edu.pl\/en\/wp-json\/wp\/v2\/pages\/20617"}],"wp:attachment":[{"href":"https:\/\/biblioteka.sum.edu.pl\/en\/wp-json\/wp\/v2\/media?parent=21422"}],"wp:term":[{"taxonomy":"category","embeddable":true,"href":"https:\/\/biblioteka.sum.edu.pl\/en\/wp-json\/wp\/v2\/categories?post=21422"},{"taxonomy":"post_tag","embeddable":true,"href":"https:\/\/biblioteka.sum.edu.pl\/en\/wp-json\/wp\/v2\/tags?post=21422"}],"curies":[{"name":"wp","href":"https:\/\/api.w.org\/{rel}","templated":true}]}}