{"id":21417,"date":"2024-01-16T09:45:28","date_gmt":"2024-01-16T08:45:28","guid":{"rendered":"https:\/\/biblioteka2.sum.edu.pl\/?page_id=21417"},"modified":"2024-09-10T11:47:37","modified_gmt":"2024-09-10T09:47:37","slug":"ochrona-wlasnosci-intelektualnej-prawa-autorskie-i-pokrewne","status":"publish","type":"page","link":"https:\/\/biblioteka.sum.edu.pl\/en\/szkolenia-i-warsztaty-2\/ochrona-wlasnosci-intelektualnej-prawa-autorskie-i-pokrewne\/","title":{"rendered":"Protection of intellectual property, copyright and related rights"},"content":{"rendered":"<h2 class=\"wp-block-heading\">Protection of intellectual property, copyright and related rights<\/h2>\n\n\n\n<p>Subject <strong>'Protection of intellectual property, copyright and related rights' <\/strong>is taught in the fifth year of the Medical Analytics course at the Faculty of Pharmaceutical Sciences in Sosnowiec. The aim of the course is to familiarise students with basic concepts and principles related to the protection of intellectual property, including industrial property rights and copyrights, as well as legal use of industrial property and copyrights of third parties. The SUM e-learning platform includes teaching aids - authored and selected from those generally available on the Internet. The classes conclude with an online test verifying the acquired information.<\/p>\n\n\n\n<hr class=\"wp-block-separator has-alpha-channel-opacity\" style=\"margin-top:var(--wp--preset--spacing--40);margin-bottom:var(--wp--preset--spacing--40)\"\/>\n\n\n\n<p>Participants in the classes can contact the tutor by email and\/or telephone:<br>Krzysztof Go\u015bciniak, MA \u2013 kgosciniak@sum.edu.pl; phone: (+48 32) 208 36 33<\/p>","protected":false},"excerpt":{"rendered":"<p>Ochrona w\u0142asno\u015bci intelektualnej, prawa autorskie i pokrewne Przedmiot \u201eOchrona w\u0142asno\u015bci intelektualnej, prawa autorskie i pokrewne\u201d realizowany jest na pi\u0105tym roku kierunku Analityka medyczna na Wydziale Nauk Farmaceutycznych w Sosnowcu. Celem przedmiotu jest zaznajomienie student\u00f3w z podstawowymi poj\u0119ciami i zasadami zwi\u0105zanymi z ochron\u0105 w\u0142asno\u015bci intelektualnej, w tym praw w\u0142asno\u015bci przemys\u0142owej i praw autorskich, a tak\u017ce legalnego [&hellip;]<\/p>","protected":false},"author":4,"featured_media":0,"parent":20617,"menu_order":0,"comment_status":"closed","ping_status":"closed","template":"","meta":{"_eb_attr":"","footnotes":""},"categories":[],"tags":[],"class_list":["post-21417","page","type-page","status-publish","hentry"],"publishpress_future_action":{"enabled":false,"date":"2026-04-12 19:17:21","action":"change-status","newStatus":"draft","terms":[],"taxonomy":"category","extraData":[]},"publishpress_future_workflow_manual_trigger":{"enabledWorkflows":[]},"_links":{"self":[{"href":"https:\/\/biblioteka.sum.edu.pl\/en\/wp-json\/wp\/v2\/pages\/21417","targetHints":{"allow":["GET"]}}],"collection":[{"href":"https:\/\/biblioteka.sum.edu.pl\/en\/wp-json\/wp\/v2\/pages"}],"about":[{"href":"https:\/\/biblioteka.sum.edu.pl\/en\/wp-json\/wp\/v2\/types\/page"}],"author":[{"embeddable":true,"href":"https:\/\/biblioteka.sum.edu.pl\/en\/wp-json\/wp\/v2\/users\/4"}],"replies":[{"embeddable":true,"href":"https:\/\/biblioteka.sum.edu.pl\/en\/wp-json\/wp\/v2\/comments?post=21417"}],"version-history":[{"count":7,"href":"https:\/\/biblioteka.sum.edu.pl\/en\/wp-json\/wp\/v2\/pages\/21417\/revisions"}],"predecessor-version":[{"id":24529,"href":"https:\/\/biblioteka.sum.edu.pl\/en\/wp-json\/wp\/v2\/pages\/21417\/revisions\/24529"}],"up":[{"embeddable":true,"href":"https:\/\/biblioteka.sum.edu.pl\/en\/wp-json\/wp\/v2\/pages\/20617"}],"wp:attachment":[{"href":"https:\/\/biblioteka.sum.edu.pl\/en\/wp-json\/wp\/v2\/media?parent=21417"}],"wp:term":[{"taxonomy":"category","embeddable":true,"href":"https:\/\/biblioteka.sum.edu.pl\/en\/wp-json\/wp\/v2\/categories?post=21417"},{"taxonomy":"post_tag","embeddable":true,"href":"https:\/\/biblioteka.sum.edu.pl\/en\/wp-json\/wp\/v2\/tags?post=21417"}],"curies":[{"name":"wp","href":"https:\/\/api.w.org\/{rel}","templated":true}]}}