{"id":21391,"date":"2024-01-15T16:22:34","date_gmt":"2024-01-15T15:22:34","guid":{"rendered":"https:\/\/biblioteka2.sum.edu.pl\/?page_id=21391"},"modified":"2025-04-01T09:49:26","modified_gmt":"2025-04-01T07:49:26","slug":"historia-biblioteki","status":"publish","type":"page","link":"https:\/\/biblioteka.sum.edu.pl\/en\/misja-zadania-historia\/historia-biblioteki\/","title":{"rendered":"History of the Library"},"content":{"rendered":"<h3 class=\"wp-block-heading\">History of the Library<\/h3>\n\n\n\n<p class=\"translation-block\"><strong>In March 1948<\/strong> the Medical Academy was established in Rokitnica Bytomska, where the Main Library was established in July of the same year. With the transformation of the Medical Academy into the Medical Academy of Silesia, the Library changed its name to the \u015aAM Main Library. Its organiser and first director was Dr. Marian Wola\u0144czyk (1948-1961). In 1953, a Branch of the Main Library was organised in Zabrze, which in time took over the basic tasks and functions of the Main Library. The collections serving mainly the students of the first two years remained in Rokitnica.<\/p>\n\n\n\n<p class=\"translation-block\">In the years 1961-1975 the \u015aAM Library was headed by <strong>Dr. Franciszek Szymiczek<\/strong>. During his tenure in 1964, the role of the Main Library was taken over by the newly established centre in Katowice, which has existed to the present day. The library in Katowice, which has fulfilled the function of the Main Library from the beginning, satisfied the library and information needs of the academic community. In 1975, the library and information network of the university consisted of the Main Library, its two branches in Zabrze and Rokitnica, and 65 clinical and plant libraries.<\/p>\n\n\n\n<p>From 1975 to 1998, the director of the \u015aAM Main Library was <strong>Dr. Alfred Puzio<\/strong>. He made an invaluable contribution to the creation of a functional organisational structure for the \u015aAM Main Library, its branches and faculty libraries. In accordance with the new concept of the library network, he started and carried out the organisation - in all the major centres of the University - of large libraries with a staff of one or more.<\/p>\n\n\n\n<p>Between 1999 and 2009 the Library was headed by <strong>Dr. Jerzy M. Dyrda<\/strong>. As part of the Library, he prepared a bibliometrics team and led the introduction of a citation programme for University staff publications that was innovative in Poland. He established the Centre for Documenting the History of Upper Silesian Medicine and Pharmacy, preparing the concept and substantive basis for a computer database of the same name. He implemented an integrated library computer system Aleph in the Library. Organiser and co-organiser of several scientific conferences on librarianship and the history of medicine and pharmacy in Upper Silesia.<\/p>\n\n\n\n<p>On 20 June 2007, with the change of name of the university, the Library was renamed the <strong>Library of the Medical University of Silesia in Katowice.<\/strong>.<\/p>\n\n\n\n<p>In the period 2011-2025, the Library was managed by <strong>Ewa Nowak, M.A.<\/strong>, who undertook measures aimed at modernising the library centres, both in terms of facilities and services. She carried out renovations in the Branch Libraries and a general overhaul of the building in Katowice at 14 Warszawska Street, to which the Main Library was moved in 2012. She established cooperation with the nationwide NUKAT catalogue. She acted as coordinator of the POL-on system at the University. She contributed to SUM signing an agreement in a partnership project of eight institutions \u2018Polish Platform of Medical Research: a knowledge and research potential management platform\u2019. She intensively promoted the Library, e.g. as part of nationwide actions (Night of Museums, Night of Libraries). Co-organiser of the 31st Medical Library Issues Conference.<\/p>\n\n\n\n<p><\/p>\n\n\n\n<hr class=\"wp-block-separator has-alpha-channel-opacity is-style-wide\"\/>\n\n\n\n<p><\/p>\n\n\n\n<p><a href=\"https:\/\/sum.edu.pl\/en\/history-of-medical-university-of-silesia-in-katowice\" target=\"_blank\" rel=\"noreferrer noopener\">History of the Medical University of Silesia in Katowice<\/a><\/p>\n\n\n\n<p><a href=\"https:\/\/biblioteka.sum.edu.pl\/en\/historyczne-nazwy-uczelni\/\" data-type=\"link\" data-id=\"https:\/\/biblioteka.sum.edu.pl\/historyczne-nazwy-uczelni\/\">Historic names of the University<\/a><\/p>\n\n\n\n<p><\/p>\n\n\n\n<hr class=\"wp-block-separator has-alpha-channel-opacity is-style-wide\"\/>\n\n\n\n<p class=\"translation-block\">THE HEADQUARTERS OF THE LIBRARY IN GRAPHICS BY <strong>MARCIN STEUER<\/strong><\/p>\n\n\n\n<figure class=\"wp-block-image size-large\"><img loading=\"lazy\" decoding=\"async\" width=\"1024\" height=\"774\" src=\"https:\/\/biblioteka.sum.edu.pl\/wp-content\/uploads\/2024\/01\/1-Zabrze-Rokitnica-1024x774.jpg\" alt=\"\" class=\"wp-image-21392\" srcset=\"https:\/\/biblioteka.sum.edu.pl\/wp-content\/uploads\/2024\/01\/1-Zabrze-Rokitnica-1024x774.jpg 1024w, https:\/\/biblioteka.sum.edu.pl\/wp-content\/uploads\/2024\/01\/1-Zabrze-Rokitnica-300x227.jpg 300w, https:\/\/biblioteka.sum.edu.pl\/wp-content\/uploads\/2024\/01\/1-Zabrze-Rokitnica-768x580.jpg 768w, https:\/\/biblioteka.sum.edu.pl\/wp-content\/uploads\/2024\/01\/1-Zabrze-Rokitnica-1536x1160.jpg 1536w, https:\/\/biblioteka.sum.edu.pl\/wp-content\/uploads\/2024\/01\/1-Zabrze-Rokitnica-2048x1547.jpg 2048w, https:\/\/biblioteka.sum.edu.pl\/wp-content\/uploads\/2024\/01\/1-Zabrze-Rokitnica-16x12.jpg 16w\" sizes=\"auto, (max-width: 1024px) 100vw, 1024px\" \/><\/figure>\n\n\n\n<p><strong>Rokitnica Bytomska<\/strong><\/p>\n\n\n\n<p><\/p>\n\n\n\n<p><\/p>\n\n\n\n<figure class=\"wp-block-image size-large\"><img loading=\"lazy\" decoding=\"async\" width=\"1024\" height=\"728\" src=\"https:\/\/biblioteka.sum.edu.pl\/wp-content\/uploads\/2024\/01\/2-Katowice-Poniatowskiego-1024x728.jpg\" alt=\"\" class=\"wp-image-21393\" srcset=\"https:\/\/biblioteka.sum.edu.pl\/wp-content\/uploads\/2024\/01\/2-Katowice-Poniatowskiego-1024x728.jpg 1024w, https:\/\/biblioteka.sum.edu.pl\/wp-content\/uploads\/2024\/01\/2-Katowice-Poniatowskiego-300x213.jpg 300w, https:\/\/biblioteka.sum.edu.pl\/wp-content\/uploads\/2024\/01\/2-Katowice-Poniatowskiego-768x546.jpg 768w, https:\/\/biblioteka.sum.edu.pl\/wp-content\/uploads\/2024\/01\/2-Katowice-Poniatowskiego-1536x1092.jpg 1536w, https:\/\/biblioteka.sum.edu.pl\/wp-content\/uploads\/2024\/01\/2-Katowice-Poniatowskiego-2048x1455.jpg 2048w, https:\/\/biblioteka.sum.edu.pl\/wp-content\/uploads\/2024\/01\/2-Katowice-Poniatowskiego-18x12.jpg 18w\" sizes=\"auto, (max-width: 1024px) 100vw, 1024px\" \/><figcaption class=\"wp-element-caption\"><strong> <\/strong><\/figcaption><\/figure>\n\n\n\n<p><strong>Katowice, 15 Poniatowskiego Street<\/strong><\/p>\n\n\n\n<p><\/p>\n\n\n\n<p><\/p>\n\n\n\n<figure class=\"wp-block-image size-large\"><img loading=\"lazy\" decoding=\"async\" width=\"1024\" height=\"726\" src=\"https:\/\/biblioteka.sum.edu.pl\/wp-content\/uploads\/2024\/01\/3-Katowice-Warszawska-1024x726.jpg\" alt=\"\" class=\"wp-image-21394\" srcset=\"https:\/\/biblioteka.sum.edu.pl\/wp-content\/uploads\/2024\/01\/3-Katowice-Warszawska-1024x726.jpg 1024w, https:\/\/biblioteka.sum.edu.pl\/wp-content\/uploads\/2024\/01\/3-Katowice-Warszawska-300x213.jpg 300w, https:\/\/biblioteka.sum.edu.pl\/wp-content\/uploads\/2024\/01\/3-Katowice-Warszawska-768x545.jpg 768w, https:\/\/biblioteka.sum.edu.pl\/wp-content\/uploads\/2024\/01\/3-Katowice-Warszawska-1536x1090.jpg 1536w, https:\/\/biblioteka.sum.edu.pl\/wp-content\/uploads\/2024\/01\/3-Katowice-Warszawska-2048x1453.jpg 2048w, https:\/\/biblioteka.sum.edu.pl\/wp-content\/uploads\/2024\/01\/3-Katowice-Warszawska-18x12.jpg 18w\" sizes=\"auto, (max-width: 1024px) 100vw, 1024px\" \/><\/figure>\n\n\n\n<p><strong>Katowice, 14 Warszawska Street<\/strong><\/p>","protected":false},"excerpt":{"rendered":"<p>Historia Biblioteki W marcu 1948 roku na terenie Rokitnicy Bytomskiej powo\u0142ano Akademi\u0119 Lekarsk\u0105, gdzie w lipcu tego samego roku powsta\u0142a Biblioteka G\u0142\u00f3wna. Wraz z przekszta\u0142ceniem Akademii Lekarskiej w \u015al\u0105sk\u0105 Akademi\u0119 Medyczn\u0105 Biblioteka zmieni\u0142a nazw\u0119 na Biblioteka G\u0142\u00f3wna \u015aAM. Jej organizatorem i pierwszym dyrektorem by\u0142 dr n. hum. Marian Wola\u0144czyk (1948-1961). W 1953 r. zorganizowano w [&hellip;]<\/p>","protected":false},"author":7,"featured_media":0,"parent":20747,"menu_order":0,"comment_status":"closed","ping_status":"closed","template":"","meta":{"_eb_attr":"","footnotes":""},"categories":[],"tags":[],"class_list":["post-21391","page","type-page","status-publish","hentry"],"publishpress_future_action":{"enabled":false,"date":"2026-04-12 19:17:01","action":"change-status","newStatus":"draft","terms":[],"taxonomy":"category","extraData":[]},"publishpress_future_workflow_manual_trigger":{"enabledWorkflows":[]},"_links":{"self":[{"href":"https:\/\/biblioteka.sum.edu.pl\/en\/wp-json\/wp\/v2\/pages\/21391","targetHints":{"allow":["GET"]}}],"collection":[{"href":"https:\/\/biblioteka.sum.edu.pl\/en\/wp-json\/wp\/v2\/pages"}],"about":[{"href":"https:\/\/biblioteka.sum.edu.pl\/en\/wp-json\/wp\/v2\/types\/page"}],"author":[{"embeddable":true,"href":"https:\/\/biblioteka.sum.edu.pl\/en\/wp-json\/wp\/v2\/users\/7"}],"replies":[{"embeddable":true,"href":"https:\/\/biblioteka.sum.edu.pl\/en\/wp-json\/wp\/v2\/comments?post=21391"}],"version-history":[{"count":16,"href":"https:\/\/biblioteka.sum.edu.pl\/en\/wp-json\/wp\/v2\/pages\/21391\/revisions"}],"predecessor-version":[{"id":26517,"href":"https:\/\/biblioteka.sum.edu.pl\/en\/wp-json\/wp\/v2\/pages\/21391\/revisions\/26517"}],"up":[{"embeddable":true,"href":"https:\/\/biblioteka.sum.edu.pl\/en\/wp-json\/wp\/v2\/pages\/20747"}],"wp:attachment":[{"href":"https:\/\/biblioteka.sum.edu.pl\/en\/wp-json\/wp\/v2\/media?parent=21391"}],"wp:term":[{"taxonomy":"category","embeddable":true,"href":"https:\/\/biblioteka.sum.edu.pl\/en\/wp-json\/wp\/v2\/categories?post=21391"},{"taxonomy":"post_tag","embeddable":true,"href":"https:\/\/biblioteka.sum.edu.pl\/en\/wp-json\/wp\/v2\/tags?post=21391"}],"curies":[{"name":"wp","href":"https:\/\/api.w.org\/{rel}","templated":true}]}}