{"id":21269,"date":"2024-01-12T17:19:28","date_gmt":"2024-01-12T16:19:28","guid":{"rendered":"https:\/\/biblioteka2.sum.edu.pl\/?page_id=21269"},"modified":"2026-02-13T13:16:22","modified_gmt":"2026-02-13T12:16:22","slug":"misja-biblioteki","status":"publish","type":"page","link":"https:\/\/biblioteka.sum.edu.pl\/en\/misja-zadania-historia\/misja-biblioteki\/","title":{"rendered":"Library's Mission"},"content":{"rendered":"<h3 class=\"wp-block-heading\">Library's Mission<\/h3>\n\n\n\n<p>SUM Library supports teaching, research, and professional development for students, PhD students, academic staff, and anyone interested in medical and related sciences. It collects, organises, and provides access to information resources \u2013 in both traditional and electronic form \u2013 ensuring up-to-date knowledge in the field of medicine and related sciences.<\/p>\n\n\n\n<p>The library promotes the visibility and impact of the scientific achievements of the Medical University of Silesia in Poland and worldwide by systematically recording information about publications by university faculty members and making them available in an open access model in the university repository.<\/p>\n\n\n\n<p>The mission of the SUM Library is also to develop users' information literacy through educational, training, and promotional activities that support the conscious and effective use of scientific information resources.<\/p>\n\n\n\n<h4 class=\"wp-block-heading\"><strong>SUM Library vision<\/strong><\/h4>\n\n\n\n<p>The SUM Library strives to be a modern, dynamically developing centre of knowledge and information competence, which actively contributes to the quality of education and scientific research at the University.<\/p>\n\n\n\n<p>The Library's ambition is to act as a partner in the teaching and research process \u2013 an institution that not only provides access to reliable sources of information, but also supports the development of open science, the visibility of research achievements, and the improvement of the academic community's information literacy.<\/p>\n\n\n\n<p>The SUM Library aims to be a friendly, innovative, and open place\u2014a space conducive to learning, collaboration, and knowledge exchange, responding to the changing needs of users and the challenges of modern science.<\/p>\n\n\n\n<p><\/p>\n\n\n\n<figure class=\"wp-block-image size-full\"><img loading=\"lazy\" decoding=\"async\" width=\"580\" height=\"419\" src=\"https:\/\/biblioteka.sum.edu.pl\/wp-content\/uploads\/2024\/01\/27i.jpg\" alt=\"\" class=\"wp-image-21274\" srcset=\"https:\/\/biblioteka.sum.edu.pl\/wp-content\/uploads\/2024\/01\/27i.jpg 580w, https:\/\/biblioteka.sum.edu.pl\/wp-content\/uploads\/2024\/01\/27i-300x217.jpg 300w, https:\/\/biblioteka.sum.edu.pl\/wp-content\/uploads\/2024\/01\/27i-18x12.jpg 18w\" sizes=\"auto, (max-width: 580px) 100vw, 580px\" \/><\/figure>\n\n\n\n<p><\/p>","protected":false},"excerpt":{"rendered":"<p>Misja Biblioteki \u015aUM Biblioteka \u015aUM wspiera dydaktyk\u0119, dzia\u0142alno\u015b\u0107 naukow\u0105 oraz rozw\u00f3j zawodowy student\u00f3w, doktorant\u00f3w i pracownik\u00f3w naukowo-dydaktycznych, a tak\u017ce wszystkich os\u00f3b zainteresowanych naukami medycznymi i pokrewnymi. Gromadzi, opracowuje i udost\u0119pnia zasoby informacyjne \u2013 w formie tradycyjnej i elektronicznej \u2013 zapewniaj\u0105c dost\u0119p do aktualnej, krajowej i \u015bwiatowej wiedzy z zakresu medycyny i nauk pokrewnych. Biblioteka dzia\u0142a [&hellip;]<\/p>","protected":false},"author":7,"featured_media":0,"parent":20747,"menu_order":0,"comment_status":"closed","ping_status":"closed","template":"","meta":{"_eb_attr":"","footnotes":""},"categories":[],"tags":[],"class_list":["post-21269","page","type-page","status-publish","hentry"],"publishpress_future_action":{"enabled":false,"date":"2026-04-12 19:06:10","action":"change-status","newStatus":"draft","terms":[],"taxonomy":"category","extraData":[]},"publishpress_future_workflow_manual_trigger":{"enabledWorkflows":[]},"_links":{"self":[{"href":"https:\/\/biblioteka.sum.edu.pl\/en\/wp-json\/wp\/v2\/pages\/21269","targetHints":{"allow":["GET"]}}],"collection":[{"href":"https:\/\/biblioteka.sum.edu.pl\/en\/wp-json\/wp\/v2\/pages"}],"about":[{"href":"https:\/\/biblioteka.sum.edu.pl\/en\/wp-json\/wp\/v2\/types\/page"}],"author":[{"embeddable":true,"href":"https:\/\/biblioteka.sum.edu.pl\/en\/wp-json\/wp\/v2\/users\/7"}],"replies":[{"embeddable":true,"href":"https:\/\/biblioteka.sum.edu.pl\/en\/wp-json\/wp\/v2\/comments?post=21269"}],"version-history":[{"count":11,"href":"https:\/\/biblioteka.sum.edu.pl\/en\/wp-json\/wp\/v2\/pages\/21269\/revisions"}],"predecessor-version":[{"id":27777,"href":"https:\/\/biblioteka.sum.edu.pl\/en\/wp-json\/wp\/v2\/pages\/21269\/revisions\/27777"}],"up":[{"embeddable":true,"href":"https:\/\/biblioteka.sum.edu.pl\/en\/wp-json\/wp\/v2\/pages\/20747"}],"wp:attachment":[{"href":"https:\/\/biblioteka.sum.edu.pl\/en\/wp-json\/wp\/v2\/media?parent=21269"}],"wp:term":[{"taxonomy":"category","embeddable":true,"href":"https:\/\/biblioteka.sum.edu.pl\/en\/wp-json\/wp\/v2\/categories?post=21269"},{"taxonomy":"post_tag","embeddable":true,"href":"https:\/\/biblioteka.sum.edu.pl\/en\/wp-json\/wp\/v2\/tags?post=21269"}],"curies":[{"name":"wp","href":"https:\/\/api.w.org\/{rel}","templated":true}]}}