{"id":21215,"date":"2024-01-12T14:29:29","date_gmt":"2024-01-12T13:29:29","guid":{"rendered":"https:\/\/biblioteka2.sum.edu.pl\/?page_id=21215"},"modified":"2025-02-13T09:39:00","modified_gmt":"2025-02-13T08:39:00","slug":"czasopisma-u","status":"publish","type":"page","link":"https:\/\/biblioteka.sum.edu.pl\/en\/czasopisma-u\/","title":{"rendered":"Czasopisma &#8211; U"},"content":{"rendered":"<p class=\"has-text-align-center has-text-color has-link-color has-large-font-size wp-elements-d1f89f8795362a7db2844234482c14dc\" style=\"color:#a5c73d\"><strong>Polish ejournals catalogue<\/strong><\/p>\n\n\n\n<div class=\"wp-block-columns is-layout-flex wp-container-core-columns-is-layout-28f84493 wp-block-columns-is-layout-flex\">\n<div class=\"wp-block-column is-layout-flow wp-block-column-is-layout-flow\">\n<div class=\"wp-block-columns is-layout-flex wp-container-core-columns-is-layout-28f84493 wp-block-columns-is-layout-flex\">\n<div class=\"wp-block-column is-layout-flow wp-block-column-is-layout-flow\">\n<div class=\"wp-block-essential-blocks-button  root-eb-button-hxnln5d\"><div class=\"eb-parent-wrapper eb-parent-eb-button-hxnln5d eb_animation eb___animated eb___pulse\"><div class=\"eb-button-wrapper eb-button-alignment eb-button-hxnln5d\"><div class=\"eb-button\"><div class=\"eb-button-inner-wrapper\"><a class=\"eb-button-anchor\" href=\"\" rel=\"noopener\"><strong>U<\/strong><\/a><\/div><\/div><\/div><\/div><\/div>\n<\/div>\n\n\n\n<div class=\"wp-block-column is-layout-flow wp-block-column-is-layout-flow\">\n<div class=\"wp-block-essential-blocks-button  root-eb-button-qri00u5\"><div class=\"eb-parent-wrapper eb-parent-eb-button-qri00u5 eb_animation eb___animated eb___pulse\"><div class=\"eb-button-wrapper eb-button-alignment eb-button-qri00u5\"><div class=\"eb-button\"><div class=\"eb-button-inner-wrapper\"><a class=\"eb-button-anchor\" href=\"https:\/\/biblioteka.sum.edu.pl\/en\/katalog-polskich-czasopism-elektronicznych-2\/\" rel=\"noopener\"><strong>Back to alphabetical list<\/strong><\/a><\/div><\/div><\/div><\/div><\/div>\n<\/div>\n<\/div>\n<\/div>\n<\/div>\n\n\n\n<div class=\"wp-block-kadence-accordion alignnone\"><div class=\"kt-accordion-wrap kt-accordion-id21215_9828fc-c9 kt-accordion-has-6-panes kt-active-pane-0 kt-accordion-block kt-pane-header-alignment-left kt-accodion-icon-style-arrow kt-accodion-icon-side-right\" style=\"max-width:none\"><div class=\"kt-accordion-inner-wrap\" data-allow-multiple-open=\"false\" data-start-open=\"none\">\n<div class=\"wp-block-kadence-pane kt-accordion-pane kt-accordion-pane-1 kt-pane21215_44c2d9-7a\"><div class=\"kt-accordion-header-wrap\"><button class=\"kt-blocks-accordion-header kt-acccordion-button-label-show\" type=\"button\"><span class=\"kt-blocks-accordion-title-wrap\"><span class=\"kt-blocks-accordion-title\"><strong>Udar M\u00f3zgu<\/strong><\/span><\/span><span class=\"kt-blocks-accordion-icon-trigger\"><\/span><\/button><\/div><div class=\"kt-accordion-panel kt-accordion-panel-hidden\"><div class=\"kt-accordion-panel-inner\">\n<p>[1505-6740]\u00a0Udar M\u00f3zgu<br>Dziedzina:\u00a0Neurologia i Neurochirurgia<\/p>\n\n\n\n<ul class=\"wp-block-list\">\n<li><strong><a href=\"https:\/\/journals.viamedica.pl\/um\/issue\/archive\" target=\"_blank\" rel=\"noreferrer noopener\">dost\u0119p bezp\u0142atny<\/a> 2001-2011<\/strong><\/li>\n\n\n\n<li><a href=\"http:\/\/primo-48slam.hosted.exlibrisgroup.com\/48SLAM_VIEW:aleph_scope:48SLAM_Aleph_SLA01000023013\" target=\"_blank\" rel=\"noreferrer noopener\">sprawd\u017a wersj\u0119 drukowan\u0105<\/a><\/li>\n<\/ul>\n<\/div><\/div><\/div>\n<\/div><\/div><\/div>\n\n\n\n<p><\/p>","protected":false},"excerpt":{"rendered":"<p>Polish ejournals catalogue<\/p>","protected":false},"author":3,"featured_media":0,"parent":0,"menu_order":0,"comment_status":"closed","ping_status":"closed","template":"","meta":{"_eb_attr":"","footnotes":""},"categories":[209],"tags":[],"class_list":["post-21215","page","type-page","status-publish","hentry","category-czasop-pol"],"publishpress_future_action":{"enabled":false,"date":"2026-04-12 16:37:48","action":"change-status","newStatus":"draft","terms":[],"taxonomy":"category","extraData":[]},"publishpress_future_workflow_manual_trigger":{"enabledWorkflows":[]},"_links":{"self":[{"href":"https:\/\/biblioteka.sum.edu.pl\/en\/wp-json\/wp\/v2\/pages\/21215","targetHints":{"allow":["GET"]}}],"collection":[{"href":"https:\/\/biblioteka.sum.edu.pl\/en\/wp-json\/wp\/v2\/pages"}],"about":[{"href":"https:\/\/biblioteka.sum.edu.pl\/en\/wp-json\/wp\/v2\/types\/page"}],"author":[{"embeddable":true,"href":"https:\/\/biblioteka.sum.edu.pl\/en\/wp-json\/wp\/v2\/users\/3"}],"replies":[{"embeddable":true,"href":"https:\/\/biblioteka.sum.edu.pl\/en\/wp-json\/wp\/v2\/comments?post=21215"}],"version-history":[{"count":5,"href":"https:\/\/biblioteka.sum.edu.pl\/en\/wp-json\/wp\/v2\/pages\/21215\/revisions"}],"predecessor-version":[{"id":26178,"href":"https:\/\/biblioteka.sum.edu.pl\/en\/wp-json\/wp\/v2\/pages\/21215\/revisions\/26178"}],"wp:attachment":[{"href":"https:\/\/biblioteka.sum.edu.pl\/en\/wp-json\/wp\/v2\/media?parent=21215"}],"wp:term":[{"taxonomy":"category","embeddable":true,"href":"https:\/\/biblioteka.sum.edu.pl\/en\/wp-json\/wp\/v2\/categories?post=21215"},{"taxonomy":"post_tag","embeddable":true,"href":"https:\/\/biblioteka.sum.edu.pl\/en\/wp-json\/wp\/v2\/tags?post=21215"}],"curies":[{"name":"wp","href":"https:\/\/api.w.org\/{rel}","templated":true}]}}