{"id":21170,"date":"2024-01-12T09:20:57","date_gmt":"2024-01-12T08:20:57","guid":{"rendered":"https:\/\/biblioteka2.sum.edu.pl\/?page_id=21170"},"modified":"2026-02-16T11:47:02","modified_gmt":"2026-02-16T10:47:02","slug":"czasopisma-o","status":"publish","type":"page","link":"https:\/\/biblioteka.sum.edu.pl\/en\/czasopisma-o\/","title":{"rendered":"Czasopisma &#8211; O"},"content":{"rendered":"<p class=\"has-text-align-center has-text-color has-link-color has-large-font-size wp-elements-d1f89f8795362a7db2844234482c14dc\" style=\"color:#a5c73d\"><strong>Polish ejournals catalogue<\/strong><\/p>\n\n\n\n<div class=\"wp-block-columns is-layout-flex wp-container-core-columns-is-layout-28f84493 wp-block-columns-is-layout-flex\">\n<div class=\"wp-block-column is-layout-flow wp-block-column-is-layout-flow\">\n<div class=\"wp-block-columns is-layout-flex wp-container-core-columns-is-layout-28f84493 wp-block-columns-is-layout-flex\">\n<div class=\"wp-block-column is-layout-flow wp-block-column-is-layout-flow\">\n<div class=\"wp-block-essential-blocks-button root-eb-button-hxnln5d\"><div class=\"eb-parent-wrapper eb-parent-eb-button-hxnln5d eb_animation eb___animated eb___pulse\"><div class=\"eb-button-wrapper eb-button-alignment eb-button-hxnln5d\"><div class=\"eb-button\"><div class=\"eb-button-inner-wrapper\"><a class=\"eb-button-anchor\" href=\"\" rel=\"noopener\"><strong>O<\/strong><\/a><\/div><\/div><\/div><\/div><\/div>\n<\/div>\n\n\n\n<div class=\"wp-block-column is-layout-flow wp-block-column-is-layout-flow\">\n<div class=\"wp-block-essential-blocks-button root-eb-button-qri00u5\"><div class=\"eb-parent-wrapper eb-parent-eb-button-qri00u5 eb_animation eb___animated eb___pulse\"><div class=\"eb-button-wrapper eb-button-alignment eb-button-qri00u5\"><div class=\"eb-button\"><div class=\"eb-button-inner-wrapper\"><a class=\"eb-button-anchor\" href=\"https:\/\/biblioteka.sum.edu.pl\/en\/katalog-polskich-czasopism-elektronicznych-2\/\" rel=\"noopener\"><strong>Back to alphabetical list<\/strong><\/a><\/div><\/div><\/div><\/div><\/div>\n<\/div>\n<\/div>\n<\/div>\n<\/div>\n\n\n\n<div class=\"wp-block-kadence-accordion alignnone\"><div class=\"kt-accordion-wrap kt-accordion-id21170_e56cc4-01 kt-accordion-has-16-panes kt-active-pane-0 kt-accordion-block kt-pane-header-alignment-left kt-accodion-icon-style-arrow kt-accodion-icon-side-right\" style=\"max-width:none\"><div class=\"kt-accordion-inner-wrap\" data-allow-multiple-open=\"false\" data-start-open=\"none\">\n<div class=\"wp-block-kadence-pane kt-accordion-pane kt-accordion-pane-1 kt-pane21170_555be2-d3\"><div class=\"kt-accordion-header-wrap\"><button class=\"kt-blocks-accordion-header kt-acccordion-button-label-show\" type=\"button\"><span class=\"kt-blocks-accordion-title-wrap\"><span class=\"kt-blocks-accordion-title\"><strong>Ochrona \u015arodowiska<\/strong><\/span><\/span><span class=\"kt-blocks-accordion-icon-trigger\"><\/span><\/button><\/div><div class=\"kt-accordion-panel kt-accordion-panel-hidden\"><div class=\"kt-accordion-panel-inner\">\n<p>[1230-6169]<br>Dziedzina:&nbsp;Interdyscyplinarne<\/p>\n\n\n\n<ul class=\"wp-block-list\">\n<li><strong><a href=\"http:\/\/www.os.not.pl\/index.html\" target=\"_blank\" rel=\"noreferrer noopener\">dost\u0119p bezp\u0142atny<\/a> 1979-2019<\/strong><\/li>\n<\/ul>\n<\/div><\/div><\/div>\n\n\n\n<div class=\"wp-block-kadence-pane kt-accordion-pane kt-accordion-pane-3 kt-pane21170_00feac-d7\"><div class=\"kt-accordion-header-wrap\"><button class=\"kt-blocks-accordion-header kt-acccordion-button-label-show\" type=\"button\"><span class=\"kt-blocks-accordion-title-wrap\"><span class=\"kt-blocks-accordion-title\"><strong>Oncology in Clinical Practice<\/strong><\/span><\/span><span class=\"kt-blocks-accordion-icon-trigger\"><\/span><\/button><\/div><div class=\"kt-accordion-panel kt-accordion-panel-hidden\"><div class=\"kt-accordion-panel-inner\">\n<p>[2450-1654] [e-ISSN: 2450-6478] Oncol. Clin. Pract.<br>Dziedzina:&nbsp;Onkologia<br>Poprzedni tytu\u0142: Onkologia w Praktyce Klinicznej<\/p>\n\n\n\n<ul class=\"wp-block-list\">\n<li><strong><a href=\"https:\/\/journals.viamedica.pl\/oncology_in_clinical_practice\/issue\/archive\" target=\"_blank\" rel=\"noreferrer noopener\">dost\u0119p bezp\u0142atny<\/a> od 2005<\/strong><\/li>\n<\/ul>\n<\/div><\/div><\/div>\n\n\n\n<div class=\"wp-block-kadence-pane kt-accordion-pane kt-accordion-pane-14 kt-pane21170_eb889f-1d\"><div class=\"kt-accordion-header-wrap\"><button class=\"kt-blocks-accordion-header kt-acccordion-button-label-show\" type=\"button\"><span class=\"kt-blocks-accordion-title-wrap\"><span class=\"kt-blocks-accordion-title\"><strong>OncoReview<\/strong><\/span><\/span><span class=\"kt-blocks-accordion-icon-trigger\"><\/span><\/button><\/div><div class=\"kt-accordion-panel kt-accordion-panel-hidden\"><div class=\"kt-accordion-panel-inner\">\n<p>e-ISSN [2450-6125]<br>Dziedzina:&nbsp;Onkologia<\/p>\n\n\n\n<ul class=\"wp-block-list\">\n<li><strong><a href=\"https:\/\/www.journalsmededu.pl\/index.php\/OncoReview\/issue\/archive\" data-type=\"link\" data-id=\"https:\/\/www.journalsmededu.pl\/index.php\/OncoReview\/issue\/archive\" target=\"_blank\" rel=\"noreferrer noopener\">dost\u0119p bezp\u0142atny<\/a> od 2011<\/strong><\/li>\n\n\n\n<li><strong><a href=\"https:\/\/bibliotekanauki.pl\/journals\/1148\/issues\" data-type=\"link\" data-id=\"https:\/\/bibliotekanauki.pl\/journals\/1148\/issues\" target=\"_blank\" rel=\"noreferrer noopener\">dost\u0119p bezp\u0142atny<\/a> 2012-2024<\/strong><\/li>\n<\/ul>\n<\/div><\/div><\/div>\n\n\n\n<div class=\"wp-block-kadence-pane kt-accordion-pane kt-accordion-pane-4 kt-pane21170_e56be7-f8\"><div class=\"kt-accordion-header-wrap\"><button class=\"kt-blocks-accordion-header kt-acccordion-button-label-show\" type=\"button\"><span class=\"kt-blocks-accordion-title-wrap\"><span class=\"kt-blocks-accordion-title\"><strong>Onkologia i Radioterapia \/ Oncology and Radiotherapy<\/strong><\/span><\/span><span class=\"kt-blocks-accordion-icon-trigger\"><\/span><\/button><\/div><div class=\"kt-accordion-panel kt-accordion-panel-hidden\"><div class=\"kt-accordion-panel-inner\">\n<p>[1896-8961]&nbsp;Onkol. Radioter.<br>Dziedzina:&nbsp;Onkologia<\/p>\n\n\n\n<ul class=\"wp-block-list\">\n<li><strong><a href=\"https:\/\/www.oncologyradiotherapy.com\/archive.html\" target=\"_blank\" rel=\"noreferrer noopener\">dost\u0119p bezp\u0142atny<\/a> od 2007<\/strong><\/li>\n\n\n\n<li><a href=\"http:\/\/primo-48slam.hosted.exlibrisgroup.com\/48SLAM_VIEW:aleph_scope:48SLAM_Aleph_SLA01000038836\" target=\"_blank\" rel=\"noreferrer noopener\">sprawd\u017a wersj\u0119 drukowan\u0105<\/a><\/li>\n<\/ul>\n<\/div><\/div><\/div>\n\n\n\n<div class=\"wp-block-kadence-pane kt-accordion-pane kt-accordion-pane-5 kt-pane21170_bdaf73-42\"><div class=\"kt-accordion-header-wrap\"><button class=\"kt-blocks-accordion-header kt-acccordion-button-label-show\" type=\"button\"><span class=\"kt-blocks-accordion-title-wrap\"><span class=\"kt-blocks-accordion-title\"><strong>Onkologia w Praktyce Klinicznej<\/strong><\/span><\/span><span class=\"kt-blocks-accordion-icon-trigger\"><\/span><\/button><\/div><div class=\"kt-accordion-panel kt-accordion-panel-hidden\"><div class=\"kt-accordion-panel-inner\">\n<p>[2450-1654]&nbsp;Onkol. Prakt. Klin.<br>Dziedzina:&nbsp;Onkologia<br>Kontynuacja: Oncology in Clinical Practice<\/p>\n\n\n\n<ul class=\"wp-block-list\">\n<li><strong><a href=\"https:\/\/journals.viamedica.pl\/oncology_in_clinical_practice\/issue\/archive\" target=\"_blank\" rel=\"noreferrer noopener\">dost\u0119p bezp\u0142atny<\/a> od 2005<\/strong><\/li>\n\n\n\n<li><a href=\"http:\/\/primo-48slam.hosted.exlibrisgroup.com\/48SLAM_VIEW:aleph_scope:48SLAM_Aleph_SLA01000030123\" target=\"_blank\" rel=\"noreferrer noopener\">sprawd\u017a wersj\u0119 drukowan\u0105<\/a><\/li>\n<\/ul>\n<\/div><\/div><\/div>\n\n\n\n<div class=\"wp-block-kadence-pane kt-accordion-pane kt-accordion-pane-6 kt-pane21170_05c9d0-65\"><div class=\"kt-accordion-header-wrap\"><button class=\"kt-blocks-accordion-header kt-acccordion-button-label-show\" type=\"button\"><span class=\"kt-blocks-accordion-title-wrap\"><span class=\"kt-blocks-accordion-title\"><strong>Onkologia w Praktyce Klinicznej &#8211; Edukacja<\/strong><\/span><\/span><span class=\"kt-blocks-accordion-icon-trigger\"><\/span><\/button><\/div><div class=\"kt-accordion-panel kt-accordion-panel-hidden\"><div class=\"kt-accordion-panel-inner\">\n<p>[2450-1646] [e-ISSN: 2450-6567] Onkol. Prakt. Klin. Edu.<br>Dziedzina:&nbsp;Onkologia<\/p>\n\n\n\n<p>Wersja polskoj\u0119zyczna czasopisma Oncology in Clinical Practice.<\/p>\n\n\n\n<ul class=\"wp-block-list\">\n<li><strong><a href=\"https:\/\/journals.viamedica.pl\/onkologia_w_praktyce_klin_edu\/issue\/archive\" data-type=\"link\" data-id=\"https:\/\/journals.viamedica.pl\/onkologia_w_praktyce_klin_edu\/issue\/archive\" target=\"_blank\" rel=\"noreferrer noopener\">dost\u0119p bezp\u0142atny <\/a>od 2015<\/strong><\/li>\n\n\n\n<li><strong><a href=\"https:\/\/journals.viamedica.pl\/onkologia_w_praktyce_klin_edu\/issue\/archive\" target=\"_blank\" rel=\"noreferrer noopener\">dost\u0119p tylko w sieci SUM <\/a>od 2015<\/strong><\/li>\n\n\n\n<li><a href=\"http:\/\/primo-48slam.hosted.exlibrisgroup.com\/48SLAM_VIEW:aleph_scope:48SLAM_Aleph_SLA01000047040\" target=\"_blank\" rel=\"noreferrer noopener\">sprawd\u017a wersj\u0119 drukowan\u0105<\/a><\/li>\n<\/ul>\n<\/div><\/div><\/div>\n\n\n\n<div class=\"wp-block-kadence-pane kt-accordion-pane kt-accordion-pane-13 kt-pane21170_b0bbaa-0a\"><div class=\"kt-accordion-header-wrap\"><button class=\"kt-blocks-accordion-header kt-acccordion-button-label-show\" type=\"button\"><span class=\"kt-blocks-accordion-title-wrap\"><span class=\"kt-blocks-accordion-title\"><strong>Open Medicine<\/strong><\/span><\/span><span class=\"kt-blocks-accordion-icon-trigger\"><\/span><\/button><\/div><div class=\"kt-accordion-panel kt-accordion-panel-hidden\"><div class=\"kt-accordion-panel-inner\">\n<p class=\"kt-adv-heading21170_557546-32 wp-block-kadence-advancedheading\" data-kb-block=\"kb-adv-heading21170_557546-32\">[eISSN: 2391-5463]&nbsp;<br>Dziedzina:&nbsp;Medycyna og\u00f3lna<\/p>\n\n\n\n<p>Poprzedni tytu\u0142: Central European Journal of Medicine<br><\/p>\n\n\n\n<ul class=\"wp-block-list\">\n<li><strong><a href=\"https:\/\/www.degruyterbrill.com\/journal\/key\/med\/html#issues\" data-type=\"link\" data-id=\"https:\/\/www.degruyterbrill.com\/journal\/key\/med\/html#issues\" target=\"_blank\" rel=\"noreferrer noopener\">dost\u0119p bezp\u0142atny<\/a> od 2006<\/strong><\/li>\n<\/ul>\n<\/div><\/div><\/div>\n\n\n\n<div class=\"wp-block-kadence-pane kt-accordion-pane kt-accordion-pane-7 kt-pane21170_584502-23\"><div class=\"kt-accordion-header-wrap\"><button class=\"kt-blocks-accordion-header kt-acccordion-button-label-show\" type=\"button\"><span class=\"kt-blocks-accordion-title-wrap\"><span class=\"kt-blocks-accordion-title\"><strong>Ophtha Therapy<\/strong><\/span><\/span><span class=\"kt-blocks-accordion-icon-trigger\"><\/span><\/button><\/div><div class=\"kt-accordion-panel kt-accordion-panel-hidden\"><div class=\"kt-accordion-panel-inner\">\n<p>[2353-7175]<br>Dziedzina:&nbsp;Okulistyka<\/p>\n\n\n\n<ul class=\"wp-block-list\">\n<li><strong><a href=\"https:\/\/www.journalsmededu.pl\/index.php\/ophthatherapy\/issue\/archive\" data-type=\"link\" data-id=\"https:\/\/www.journalsmededu.pl\/index.php\/ophthatherapy\/issue\/archive\" target=\"_blank\" rel=\"noreferrer noopener\">dost\u0119p bezp\u0142atny<\/a> od 2014<\/strong><\/li>\n<\/ul>\n<\/div><\/div><\/div>\n\n\n\n<div class=\"wp-block-kadence-pane kt-accordion-pane kt-accordion-pane-15 kt-pane21170_68c5d1-65\"><div class=\"kt-accordion-header-wrap\"><button class=\"kt-blocks-accordion-header kt-acccordion-button-label-show\" type=\"button\"><span class=\"kt-blocks-accordion-title-wrap\"><span class=\"kt-blocks-accordion-title\"><strong>Ophthalmology Journal<\/strong><\/span><\/span><span class=\"kt-blocks-accordion-icon-trigger\"><\/span><\/button><\/div><div class=\"kt-accordion-panel kt-accordion-panel-hidden\"><div class=\"kt-accordion-panel-inner\">\n<p>[2450-7873][eISSN 2450-9930]<br>Dziedzina: Okulistyka<\/p>\n\n\n\n<ul class=\"wp-block-list\">\n<li><strong><a href=\"https:\/\/journals.viamedica.pl\/ophthalmology_journal\/issue\/archive\" data-type=\"link\" data-id=\"https:\/\/journals.viamedica.pl\/ophthalmology_journal\/issue\/archive\" target=\"_blank\" rel=\"noreferrer noopener\">dost\u0119p bezp\u0142atny<\/a> od 2016<\/strong><\/li>\n<\/ul>\n<\/div><\/div><\/div>\n\n\n\n<div class=\"wp-block-kadence-pane kt-accordion-pane kt-accordion-pane-9 kt-pane21170_63a0b0-6a\"><div class=\"kt-accordion-header-wrap\"><button class=\"kt-blocks-accordion-header kt-acccordion-button-label-show\" type=\"button\"><span class=\"kt-blocks-accordion-title-wrap\"><span class=\"kt-blocks-accordion-title\"><strong>Ophthalmology\/Okulistyka<\/strong><\/span><\/span><span class=\"kt-blocks-accordion-icon-trigger\"><\/span><\/button><\/div><div class=\"kt-accordion-panel kt-accordion-panel-hidden\"><div class=\"kt-accordion-panel-inner\">\n<p class=\"kt-adv-heading21170_79f090-77 wp-block-kadence-advancedheading\" data-kb-block=\"kb-adv-heading21170_79f090-77\">[1505-2753][eISSN: 1689-362X]<br>Dziedzina: Okulistyka<\/p>\n\n\n\n<ul class=\"wp-block-list\">\n<li><strong><a href=\"https:\/\/www.ophthalmologypoland.com.pl\/Archiwum\" data-type=\"link\" data-id=\"https:\/\/www.ophthalmologypoland.com.pl\/Archiwum\" target=\"_blank\" rel=\"noreferrer noopener\">dost\u0119p bezp\u0142atny<\/a> od 2022<\/strong><\/li>\n<\/ul>\n<\/div><\/div><\/div>\n\n\n\n<div class=\"wp-block-kadence-pane kt-accordion-pane kt-accordion-pane-10 kt-pane21170_867a8c-14\"><div class=\"kt-accordion-header-wrap\"><button class=\"kt-blocks-accordion-header kt-acccordion-button-label-show\" type=\"button\"><span class=\"kt-blocks-accordion-title-wrap\"><span class=\"kt-blocks-accordion-title\"><strong>Ortopedia Traumatologia Rehabilitacja<\/strong><\/span><\/span><span class=\"kt-blocks-accordion-icon-trigger\"><\/span><\/button><\/div><div class=\"kt-accordion-panel kt-accordion-panel-hidden\"><div class=\"kt-accordion-panel-inner\">\n<p>[1509-3492]&nbsp;Ortop. Traumatol. Rehabil.<br>Dziedzina:&nbsp;Ortopedia i Traumatologia \/ Rehabilitacja i Medycyna fizykalna<\/p>\n\n\n\n<ul class=\"wp-block-list\">\n<li><strong><a href=\"https:\/\/ortopedia.com.pl\/issues\" data-type=\"link\" data-id=\"https:\/\/ortopedia.com.pl\/issues\" target=\"_blank\" rel=\"noreferrer noopener\">dost\u0119p bezp\u0142atny<\/a> od 2009<\/strong><\/li>\n\n\n\n<li><strong><a href=\"https:\/\/ortopedia.com.pl\/issues\" data-type=\"link\" data-id=\"https:\/\/ortopedia.com.pl\/issues\" target=\"_blank\" rel=\"noreferrer noopener\">dost\u0119p bezp\u0142atny w wyborze<\/a> 2001-2008<\/strong><\/li>\n\n\n\n<li><a href=\"http:\/\/primo-48slam.hosted.exlibrisgroup.com\/48SLAM_VIEW:aleph_scope:48SLAM_Aleph_SLA01000024871\" target=\"_blank\" rel=\"noreferrer noopener\">sprawd\u017a wersj\u0119 drukowan\u0105<\/a><\/li>\n<\/ul>\n<\/div><\/div><\/div>\n\n\n\n<div class=\"wp-block-kadence-pane kt-accordion-pane kt-accordion-pane-16 kt-pane21170_9c6deb-00\"><div class=\"kt-accordion-header-wrap\"><button class=\"kt-blocks-accordion-header kt-acccordion-button-label-show\" type=\"button\"><span class=\"kt-blocks-accordion-title-wrap\"><span class=\"kt-blocks-accordion-title\"><strong>Orzecznictwo Lekarskie<\/strong><\/span><\/span><span class=\"kt-blocks-accordion-icon-trigger\"><\/span><\/button><\/div><div class=\"kt-accordion-panel kt-accordion-panel-hidden\"><div class=\"kt-accordion-panel-inner\">\n<p>ISSN [1732-8152]<br>Dziedzina: Interdyscyplinarne<\/p>\n\n\n\n<ul class=\"wp-block-list\">\n<li><strong><a href=\"http:\/\/www.ol.21net.pl\/ole.php?o=MN\" data-type=\"link\" data-id=\"http:\/\/www.ol.21net.pl\/ole.php?o=MN\" target=\"_blank\" rel=\"noreferrer noopener\">dost\u0119p bezp\u0142atny<\/a> 2004-2014<\/strong><\/li>\n<\/ul>\n<\/div><\/div><\/div>\n\n\n\n<div class=\"wp-block-kadence-pane kt-accordion-pane kt-accordion-pane-8 kt-pane21170_22cbd7-d7\"><div class=\"kt-accordion-header-wrap\"><button class=\"kt-blocks-accordion-header kt-acccordion-button-label-show\" type=\"button\"><span class=\"kt-blocks-accordion-title-wrap\"><span class=\"kt-blocks-accordion-title\"><strong>Otolaryngologia Polska \/ Polish Journal of Otolaryngology<\/strong><\/span><\/span><span class=\"kt-blocks-accordion-icon-trigger\"><\/span><\/button><\/div><div class=\"kt-accordion-panel kt-accordion-panel-hidden\"><div class=\"kt-accordion-panel-inner\">\n<p>[0030-6657]&nbsp;Otolaryngol. Pol.<br>Dziedzina:&nbsp;Otorinolaryngologia<\/p>\n\n\n\n<ul class=\"wp-block-list\">\n<li><strong><a href=\"https:\/\/otolaryngologypl.com\/resources\/html\/archives\" target=\"_blank\" rel=\"noreferrer noopener\">dost\u0119p bezp\u0142atny<\/a> od 2007<\/strong><\/li>\n\n\n\n<li><a href=\"http:\/\/primo-48slam.hosted.exlibrisgroup.com\/48SLAM_VIEW:aleph_scope:48SLAM_Aleph_SLA01000024872\" target=\"_blank\" rel=\"noreferrer noopener\">sprawd\u017a wersj\u0119 drukowan\u0105<\/a><\/li>\n<\/ul>\n<\/div><\/div><\/div>\n\n\n\n<div class=\"wp-block-kadence-pane kt-accordion-pane kt-accordion-pane-11 kt-pane21170_09221b-09\"><div class=\"kt-accordion-header-wrap\"><button class=\"kt-blocks-accordion-header kt-acccordion-button-label-show\" type=\"button\"><span class=\"kt-blocks-accordion-title-wrap\"><span class=\"kt-blocks-accordion-title\"><strong>Otorynolaryngologia<\/strong><\/span><\/span><span class=\"kt-blocks-accordion-icon-trigger\"><\/span><\/button><\/div><div class=\"kt-accordion-panel kt-accordion-panel-hidden\"><div class=\"kt-accordion-panel-inner\">\n<p>[1643-658X]&nbsp;Otorynolaryngologia<br>Dziedzina:&nbsp;Otorynolaryngologia<\/p>\n\n\n\n<ul class=\"wp-block-list\">\n<li><strong><a href=\"http:\/\/search.ebscohost.com\/login.aspx?direct=true&amp;db=asn&amp;jid=3AGY&amp;lang=pl&amp;site=ehost-live\" target=\"_blank\" rel=\"noreferrer noopener\">Ebsco dost\u0119p w sieci uczelni <\/a>2007-2020<\/strong><\/li>\n\n\n\n<li><a href=\"http:\/\/primo-48slam.hosted.exlibrisgroup.com\/48SLAM_VIEW:aleph_scope:48SLAM_Aleph_SLA01000028469\" target=\"_blank\" rel=\"noreferrer noopener\">sprawd\u017a wersj\u0119 drukowan\u0105<\/a><\/li>\n<\/ul>\n<\/div><\/div><\/div>\n\n\n\n<div class=\"wp-block-kadence-pane kt-accordion-pane kt-accordion-pane-12 kt-pane21170_d80fd4-1f\"><div class=\"kt-accordion-header-wrap\"><button class=\"kt-blocks-accordion-header kt-acccordion-button-label-show\" type=\"button\"><span class=\"kt-blocks-accordion-title-wrap\"><span class=\"kt-blocks-accordion-title\"><strong>Our Dermatology Online<\/strong><\/span><\/span><span class=\"kt-blocks-accordion-icon-trigger\"><\/span><\/button><\/div><div class=\"kt-accordion-panel kt-accordion-panel-hidden\"><div class=\"kt-accordion-panel-inner\">\n<p>[2081-9390]&nbsp;<br>Dziedzina:&nbsp;Dermatologia, Kosmetologia<\/p>\n\n\n\n<ul class=\"wp-block-list\">\n<li><strong><a href=\"http:\/\/www.odermatol.com\/all-issues\/\" target=\"_blank\" rel=\"noreferrer noopener\">dost\u0119p bezp\u0142atny<\/a> od 2010<\/strong><\/li>\n<\/ul>\n<\/div><\/div><\/div>\n<\/div><\/div><\/div>\n\n\n\n<p><\/p>","protected":false},"excerpt":{"rendered":"<p>Polish ejournals catalogue<\/p>","protected":false},"author":3,"featured_media":0,"parent":0,"menu_order":0,"comment_status":"closed","ping_status":"closed","template":"","meta":{"_eb_attr":"","footnotes":""},"categories":[209],"tags":[],"class_list":["post-21170","page","type-page","status-publish","hentry","category-czasop-pol"],"publishpress_future_action":{"enabled":false,"date":"2026-04-12 16:36:54","action":"change-status","newStatus":"draft","terms":[],"taxonomy":"category","extraData":[]},"publishpress_future_workflow_manual_trigger":{"enabledWorkflows":[]},"_links":{"self":[{"href":"https:\/\/biblioteka.sum.edu.pl\/en\/wp-json\/wp\/v2\/pages\/21170","targetHints":{"allow":["GET"]}}],"collection":[{"href":"https:\/\/biblioteka.sum.edu.pl\/en\/wp-json\/wp\/v2\/pages"}],"about":[{"href":"https:\/\/biblioteka.sum.edu.pl\/en\/wp-json\/wp\/v2\/types\/page"}],"author":[{"embeddable":true,"href":"https:\/\/biblioteka.sum.edu.pl\/en\/wp-json\/wp\/v2\/users\/3"}],"replies":[{"embeddable":true,"href":"https:\/\/biblioteka.sum.edu.pl\/en\/wp-json\/wp\/v2\/comments?post=21170"}],"version-history":[{"count":37,"href":"https:\/\/biblioteka.sum.edu.pl\/en\/wp-json\/wp\/v2\/pages\/21170\/revisions"}],"predecessor-version":[{"id":27832,"href":"https:\/\/biblioteka.sum.edu.pl\/en\/wp-json\/wp\/v2\/pages\/21170\/revisions\/27832"}],"wp:attachment":[{"href":"https:\/\/biblioteka.sum.edu.pl\/en\/wp-json\/wp\/v2\/media?parent=21170"}],"wp:term":[{"taxonomy":"category","embeddable":true,"href":"https:\/\/biblioteka.sum.edu.pl\/en\/wp-json\/wp\/v2\/categories?post=21170"},{"taxonomy":"post_tag","embeddable":true,"href":"https:\/\/biblioteka.sum.edu.pl\/en\/wp-json\/wp\/v2\/tags?post=21170"}],"curies":[{"name":"wp","href":"https:\/\/api.w.org\/{rel}","templated":true}]}}