{"id":21087,"date":"2024-01-11T15:59:43","date_gmt":"2024-01-11T14:59:43","guid":{"rendered":"https:\/\/biblioteka2.sum.edu.pl\/?page_id=21087"},"modified":"2026-02-16T11:26:49","modified_gmt":"2026-02-16T10:26:49","slug":"czasopisma-c-2","status":"publish","type":"page","link":"https:\/\/biblioteka.sum.edu.pl\/en\/czasopisma-c-2\/","title":{"rendered":"Czasopisma &#8211; E"},"content":{"rendered":"<p class=\"has-text-align-center has-text-color has-link-color has-large-font-size wp-elements-d1f89f8795362a7db2844234482c14dc\" style=\"color:#a5c73d\"><strong>Polish ejournals catalogue<\/strong><\/p>\n\n\n\n<div class=\"wp-block-columns is-layout-flex wp-container-core-columns-is-layout-28f84493 wp-block-columns-is-layout-flex\">\n<div class=\"wp-block-column is-layout-flow wp-block-column-is-layout-flow\">\n<div class=\"wp-block-columns is-layout-flex wp-container-core-columns-is-layout-28f84493 wp-block-columns-is-layout-flex\">\n<div class=\"wp-block-column is-layout-flow wp-block-column-is-layout-flow\">\n<div class=\"wp-block-essential-blocks-button root-eb-button-hxnln5d\"><div class=\"eb-parent-wrapper eb-parent-eb-button-hxnln5d eb_animation eb___animated eb___pulse\"><div class=\"eb-button-wrapper eb-button-alignment eb-button-hxnln5d\"><div class=\"eb-button\"><div class=\"eb-button-inner-wrapper\"><a class=\"eb-button-anchor\" href=\"\" rel=\"noopener\"><strong>E<\/strong><\/a><\/div><\/div><\/div><\/div><\/div>\n<\/div>\n\n\n\n<div class=\"wp-block-column is-layout-flow wp-block-column-is-layout-flow\">\n<div class=\"wp-block-essential-blocks-button root-eb-button-qri00u5\"><div class=\"eb-parent-wrapper eb-parent-eb-button-qri00u5 eb_animation eb___animated eb___pulse\"><div class=\"eb-button-wrapper eb-button-alignment eb-button-qri00u5\"><div class=\"eb-button\"><div class=\"eb-button-inner-wrapper\"><a class=\"eb-button-anchor\" href=\"https:\/\/biblioteka.sum.edu.pl\/en\/katalog-polskich-czasopism-elektronicznych-2\/\" rel=\"noopener\"><strong>Back to alphabetical list<\/strong><\/a><\/div><\/div><\/div><\/div><\/div>\n<\/div>\n<\/div>\n<\/div>\n<\/div>\n\n\n\n<div class=\"wp-block-kadence-accordion alignnone\"><div class=\"kt-accordion-wrap kt-accordion-id21087_128b3b-d1 kt-accordion-has-76-panes kt-active-pane-0 kt-accordion-block kt-pane-header-alignment-left kt-accodion-icon-style-arrow kt-accodion-icon-side-right\" style=\"max-width:none\"><div class=\"kt-accordion-inner-wrap\" data-allow-multiple-open=\"false\" data-start-open=\"none\">\n<div class=\"wp-block-kadence-pane kt-accordion-pane kt-accordion-pane-1 kt-pane21087_cfa92b-9f\"><div class=\"kt-accordion-header-wrap\"><button class=\"kt-blocks-accordion-header kt-acccordion-button-label-show\" type=\"button\"><span class=\"kt-blocks-accordion-title-wrap\"><span class=\"kt-blocks-accordion-title\"><strong>Ecological Chemistry and Engineering A \/ Chemia i In\u017cynieria Ekologiczna A \/ ECE A<\/strong><\/span><\/span><span class=\"kt-blocks-accordion-icon-trigger\"><\/span><\/button><\/div><div class=\"kt-accordion-panel kt-accordion-panel-hidden\"><div class=\"kt-accordion-panel-inner\">\n<p>[1898-6188][e-ISSN 2657-7798]<br>Dziedzina:&nbsp;Biologia, Biologia molekularna, Biochemia<\/p>\n\n\n\n<ul class=\"wp-block-list\">\n<li><strong><a href=\"https:\/\/ecesociety.com\/ecological-chemistry-and-engineering-a-ece-a\/\" target=\"_blank\" rel=\"noreferrer noopener\">dost\u0119p bezp\u0142atny<\/a> 2008-2020<\/strong><\/li>\n<\/ul>\n<\/div><\/div><\/div>\n\n\n\n<div class=\"wp-block-kadence-pane kt-accordion-pane kt-accordion-pane-72 kt-pane21087_e88bc7-6b\"><div class=\"kt-accordion-header-wrap\"><button class=\"kt-blocks-accordion-header kt-acccordion-button-label-show\" type=\"button\"><span class=\"kt-blocks-accordion-title-wrap\"><span class=\"kt-blocks-accordion-title\"><strong>Electronic Journal of General Medicine<\/strong><\/span><\/span><span class=\"kt-blocks-accordion-icon-trigger\"><\/span><\/button><\/div><div class=\"kt-accordion-panel kt-accordion-panel-hidden\"><div class=\"kt-accordion-panel-inner\">\n<p class=\"kt-adv-heading21087_c3994c-75 wp-block-kadence-advancedheading\" data-kb-block=\"kb-adv-heading21087_c3994c-75\">[2516-3507]<br>Dziedzina:&nbsp;Medycyna og\u00f3lna<\/p>\n\n\n\n<ul class=\"wp-block-list\">\n<li><strong><a href=\"https:\/\/www.ejgm.co.uk\/archive\" data-type=\"link\" data-id=\"https:\/\/www.ejgm.co.uk\/archive\" target=\"_blank\" rel=\"noreferrer noopener\">dost\u0119p bezp\u0142atny<\/a> od 2004<\/strong><\/li>\n<\/ul>\n<\/div><\/div><\/div>\n\n\n\n<div class=\"wp-block-kadence-pane kt-accordion-pane kt-accordion-pane-73 kt-pane21087_bb6d3c-5c\"><div class=\"kt-accordion-header-wrap\"><button class=\"kt-blocks-accordion-header kt-acccordion-button-label-show\" type=\"button\"><span class=\"kt-blocks-accordion-title-wrap\"><span class=\"kt-blocks-accordion-title\"><strong>Electronic Journal of Medical and Educational Technologies<\/strong><\/span><\/span><span class=\"kt-blocks-accordion-icon-trigger\"><\/span><\/button><\/div><div class=\"kt-accordion-panel kt-accordion-panel-hidden\"><div class=\"kt-accordion-panel-inner\">\n<p class=\"kt-adv-heading21087_c92f84-16 wp-block-kadence-advancedheading\" data-kb-block=\"kb-adv-heading21087_c92f84-16\">[2754-544X]<br>Dziedzina:&nbsp;Technologie medyczna, edukacja medyczna<\/p>\n\n\n\n<ul class=\"wp-block-list\">\n<li><strong><a href=\"https:\/\/www.ejmets.com\/archive\" data-type=\"link\" data-id=\"https:\/\/www.ejmets.com\/archive\" target=\"_blank\" rel=\"noreferrer noopener\">dost\u0119p bezp\u0142atny<\/a> od 2020<\/strong><\/li>\n<\/ul>\n<\/div><\/div><\/div>\n\n\n\n<div class=\"wp-block-kadence-pane kt-accordion-pane kt-accordion-pane-2 kt-pane21087_9c94db-09\"><div class=\"kt-accordion-header-wrap\"><button class=\"kt-blocks-accordion-header kt-acccordion-button-label-show\" type=\"button\"><span class=\"kt-blocks-accordion-title-wrap\"><span class=\"kt-blocks-accordion-title\"><strong>Emergency Medical Service. Ratownictwo Medyczne<\/strong><\/span><\/span><span class=\"kt-blocks-accordion-icon-trigger\"><\/span><\/button><\/div><div class=\"kt-accordion-panel kt-accordion-panel-hidden\"><div class=\"kt-accordion-panel-inner\">\n<p class=\"kt-adv-heading21087_94cafc-b0 wp-block-kadence-advancedheading\" data-kb-block=\"kb-adv-heading21087_94cafc-b0\">[2391-7822]<br>Dziedzina: Medycyna Ratunkowa<\/p>\n\n\n\n<ul class=\"wp-block-list\">\n<li><strong><a href=\"https:\/\/emergencymedicalservice.pl\/archive\/\" data-type=\"link\" data-id=\"https:\/\/emergencymedicalservice.pl\/archive\/\">dost\u0119p bezp\u0142atny<\/a><\/strong> <strong>od 2014<\/strong><\/li>\n<\/ul>\n<\/div><\/div><\/div>\n\n\n\n<div class=\"wp-block-kadence-pane kt-accordion-pane kt-accordion-pane-60 kt-pane21087_57160b-8a\"><div class=\"kt-accordion-header-wrap\"><button class=\"kt-blocks-accordion-header kt-acccordion-button-label-show\" type=\"button\"><span class=\"kt-blocks-accordion-title-wrap\"><span class=\"kt-blocks-accordion-title\"><strong>Endokrynologia Pediatryczna<\/strong><\/span><\/span><span class=\"kt-blocks-accordion-icon-trigger\"><\/span><\/button><\/div><div class=\"kt-accordion-panel kt-accordion-panel-hidden\"><div class=\"kt-accordion-panel-inner\">\n<p>[1730-0282][e-ISSN&nbsp;1898-9373] Endokrynol. Pediatr.<br>Dziedzina:&nbsp;Endokrynologia, Metabolizm \/ Pediatria, Neonatologia<\/p>\n\n\n\n<ul class=\"wp-block-list\">\n<li><strong><a href=\"http:\/\/www.endokrynologiapediatryczna.pl\/\" target=\"_blank\" rel=\"noreferrer noopener\">dost\u0119p bezp\u0142atny<\/a> 2002-2019<\/strong><\/li>\n\n\n\n<li><a href=\"http:\/\/primo-48slam.hosted.exlibrisgroup.com\/48SLAM_VIEW:aleph_scope:48SLAM_Aleph_SLA01000026417\" target=\"_blank\" rel=\"noreferrer noopener\">sprawd\u017a wersj\u0119 drukowan\u0105<\/a><\/li>\n<\/ul>\n<\/div><\/div><\/div>\n\n\n\n<div class=\"wp-block-kadence-pane kt-accordion-pane kt-accordion-pane-61 kt-pane21087_a3c4a1-6b\"><div class=\"kt-accordion-header-wrap\"><button class=\"kt-blocks-accordion-header kt-acccordion-button-label-show\" type=\"button\"><span class=\"kt-blocks-accordion-title-wrap\"><span class=\"kt-blocks-accordion-title\"><strong>Endokrynologia Polska<\/strong><\/span><\/span><span class=\"kt-blocks-accordion-icon-trigger\"><\/span><\/button><\/div><div class=\"kt-accordion-panel kt-accordion-panel-hidden\"><div class=\"kt-accordion-panel-inner\">\n<p>[0423-104X][e-ISSN 2299-8306] Endokrynol. Pol.<br>Dziedzina:&nbsp;Endokrynologia, Metabolizm<\/p>\n\n\n\n<ul class=\"wp-block-list\">\n<li><strong><a href=\"https:\/\/journals.viamedica.pl\/endokrynologia_polska\/issue\/archive\" target=\"_blank\" rel=\"noreferrer noopener\">dost\u0119p bezp\u0142atny<\/a> od 2005<\/strong><\/li>\n\n\n\n<li><a href=\"http:\/\/primo-48slam.hosted.exlibrisgroup.com\/48SLAM_VIEW:aleph_scope:48SLAM_Aleph_SLA01000024575\" target=\"_blank\" rel=\"noreferrer noopener\">sprawd\u017a wersj\u0119 drukowan\u0105<\/a><\/li>\n<\/ul>\n<\/div><\/div><\/div>\n\n\n\n<div class=\"wp-block-kadence-pane kt-accordion-pane kt-accordion-pane-62 kt-pane21087_362477-79\"><div class=\"kt-accordion-header-wrap\"><button class=\"kt-blocks-accordion-header kt-acccordion-button-label-show\" type=\"button\"><span class=\"kt-blocks-accordion-title-wrap\"><span class=\"kt-blocks-accordion-title\"><strong>Endokrynologia, Oty\u0142o\u015b\u0107 i Zaburzenia Przemiany Materii<\/strong><\/span><\/span><span class=\"kt-blocks-accordion-icon-trigger\"><\/span><\/button><\/div><div class=\"kt-accordion-panel kt-accordion-panel-hidden\"><div class=\"kt-accordion-panel-inner\">\n<p>[1734-3321][e-ISSN 1734-9044]<br>Dziedzina:&nbsp;Endokrynologia, Metabolizm<\/p>\n\n\n\n<ul class=\"wp-block-list\">\n<li><strong><a href=\"https:\/\/journals.viamedica.pl\/eoizpm\/issue\/archive\" target=\"_blank\" rel=\"noreferrer noopener\">dost\u0119p bezp\u0142atny<\/a> 2005-2012<\/strong><\/li>\n\n\n\n<li><a href=\"http:\/\/primo-48slam.hosted.exlibrisgroup.com\/48SLAM_VIEW:aleph_scope:48SLAM_Aleph_SLA01000030593\" target=\"_blank\" rel=\"noreferrer noopener\">sprawd\u017a wersj\u0119 drukowan\u0105<\/a><\/li>\n<\/ul>\n<\/div><\/div><\/div>\n\n\n\n<div class=\"wp-block-kadence-pane kt-accordion-pane kt-accordion-pane-63 kt-pane21087_bb880b-05\"><div class=\"kt-accordion-header-wrap\"><button class=\"kt-blocks-accordion-header kt-acccordion-button-label-show\" type=\"button\"><span class=\"kt-blocks-accordion-title-wrap\"><span class=\"kt-blocks-accordion-title\"><strong>Engineering of Biometarials<\/strong><\/span><\/span><span class=\"kt-blocks-accordion-icon-trigger\"><\/span><\/button><\/div><div class=\"kt-accordion-panel kt-accordion-panel-hidden\"><div class=\"kt-accordion-panel-inner\">\n<p>[1429-7248]<br>Dziedzina: In\u017cynieria Biomedyczna<\/p>\n\n\n\n<ul class=\"wp-block-list\">\n<li><strong><a href=\"http:\/\/biomat.krakow.pl\/gazeta\/archiwum.html\" target=\"_blank\" rel=\"noreferrer noopener\">dost\u0119p bezp\u0142atny<\/a> 1997-2016<\/strong><\/li>\n\n\n\n<li><strong><a href=\"http:\/\/www.biomaterials.pl\/Archive\" data-type=\"link\" data-id=\"http:\/\/www.biomaterials.pl\/Archive\" target=\"_blank\" rel=\"noreferrer noopener\">dost\u0119p bezp\u0142atny<\/a><\/strong> <strong>od<\/strong> <strong>2017<\/strong><\/li>\n<\/ul>\n<\/div><\/div><\/div>\n\n\n\n<div class=\"wp-block-kadence-pane kt-accordion-pane kt-accordion-pane-64 kt-pane21087_bb211c-8a\"><div class=\"kt-accordion-header-wrap\"><button class=\"kt-blocks-accordion-header kt-acccordion-button-label-show\" type=\"button\"><span class=\"kt-blocks-accordion-title-wrap\"><span class=\"kt-blocks-accordion-title\"><strong>Environmental Biotechnology<\/strong><\/span><\/span><span class=\"kt-blocks-accordion-icon-trigger\"><\/span><\/button><\/div><div class=\"kt-accordion-panel kt-accordion-panel-hidden\"><div class=\"kt-accordion-panel-inner\">\n<p>[1734-4964][e-ISSN&nbsp;2391-6095]<br>Dziedzina:&nbsp;Interdyscyplinarne<\/p>\n\n\n\n<ul class=\"wp-block-list\">\n<li><strong><a href=\"http:\/\/www.environmentalbiotechnology.pl\/eb_dzialy\/eb_online\/online_eb_edition.htm\" target=\"_blank\" rel=\"noreferrer noopener\">dost\u0119p bezp\u0142atny<\/a> 2005-2019<\/strong><\/li>\n\n\n\n<li><a href=\"http:\/\/primo-48slam.hosted.exlibrisgroup.com\/48SLAM_VIEW:aleph_scope:48SLAM_Aleph_SLA01000001255\" target=\"_blank\" rel=\"noreferrer noopener\">sprawd\u017a wersj\u0119 drukowan\u0105<\/a><\/li>\n<\/ul>\n<\/div><\/div><\/div>\n\n\n\n<div class=\"wp-block-kadence-pane kt-accordion-pane kt-accordion-pane-74 kt-pane21087_19f0a7-a6\"><div class=\"kt-accordion-header-wrap\"><button class=\"kt-blocks-accordion-header kt-acccordion-button-label-show\" type=\"button\"><span class=\"kt-blocks-accordion-title-wrap\"><span class=\"kt-blocks-accordion-title\"><strong>eOnkologia<\/strong><\/span><\/span><span class=\"kt-blocks-accordion-icon-trigger\"><\/span><\/button><\/div><div class=\"kt-accordion-panel kt-accordion-panel-hidden\"><div class=\"kt-accordion-panel-inner\">\n<p><br>ISSN [2353-2033]<br>Dziedzina:&nbsp;Onkologia<\/p>\n\n\n\n<ul class=\"wp-block-list\">\n<li><strong><a href=\"https:\/\/www.termedia.pl\/Czasopismo\/eOnkologiaNews-73\/Archiwum\" data-type=\"link\" data-id=\"https:\/\/www.termedia.pl\/Czasopismo\/eOnkologiaNews-73\/Archiwum\">dost\u0119p po zalogowaniu<\/a><\/strong> <strong>2013-2014<\/strong><\/li>\n<\/ul>\n<\/div><\/div><\/div>\n\n\n\n<div class=\"wp-block-kadence-pane kt-accordion-pane kt-accordion-pane-75 kt-pane21087_2f39f5-13\"><div class=\"kt-accordion-header-wrap\"><button class=\"kt-blocks-accordion-header kt-acccordion-button-label-show\" type=\"button\"><span class=\"kt-blocks-accordion-title-wrap\"><span class=\"kt-blocks-accordion-title\"><strong>ePrzewodnik Lekarza<\/strong><\/span><\/span><span class=\"kt-blocks-accordion-icon-trigger\"><\/span><\/button><\/div><div class=\"kt-accordion-panel kt-accordion-panel-hidden\"><div class=\"kt-accordion-panel-inner\">\n<p>ISSN [2353-2637]<br>Dziedzina:&nbsp;Interdyscyplinarne<\/p>\n\n\n\n<ul class=\"wp-block-list\">\n<li><strong><a href=\"https:\/\/www.termedia.pl\/Czasopismo\/ePrzewodnikLekarza-68\/Archiwum\" data-type=\"link\" data-id=\"https:\/\/www.termedia.pl\/Czasopismo\/ePrzewodnikLekarza-68\/Archiwum\" target=\"_blank\" rel=\"noreferrer noopener\">dost\u0119p po zalogowaniu<\/a> 2013<\/strong><\/li>\n<\/ul>\n<\/div><\/div><\/div>\n\n\n\n<div class=\"wp-block-kadence-pane kt-accordion-pane kt-accordion-pane-76 kt-pane21087_f579bd-61\"><div class=\"kt-accordion-header-wrap\"><button class=\"kt-blocks-accordion-header kt-acccordion-button-label-show\" type=\"button\"><span class=\"kt-blocks-accordion-title-wrap\"><span class=\"kt-blocks-accordion-title\"><strong>eReumatologia<\/strong><\/span><\/span><span class=\"kt-blocks-accordion-icon-trigger\"><\/span><\/button><\/div><div class=\"kt-accordion-panel kt-accordion-panel-hidden\"><div class=\"kt-accordion-panel-inner\">\n<p>[2353-7647][eISSN 2450-5714]<br>Dziedzina: Reumatologia<\/p>\n\n\n\n<ul class=\"wp-block-list\">\n<li><strong><a href=\"https:\/\/www.termedia.pl\/Czasopismo\/eReumatologiaNews-69\/Archiwum\" data-type=\"link\" data-id=\"https:\/\/www.termedia.pl\/Czasopismo\/eReumatologiaNews-69\/Archiwum\" target=\"_blank\" rel=\"noreferrer noopener\">dost\u0119p po zalogowaniu<\/a> 2013-2017<\/strong><\/li>\n<\/ul>\n<\/div><\/div><\/div>\n\n\n\n<div class=\"wp-block-kadence-pane kt-accordion-pane kt-accordion-pane-65 kt-pane21087_28c6df-a9\"><div class=\"kt-accordion-header-wrap\"><button class=\"kt-blocks-accordion-header kt-acccordion-button-label-show\" type=\"button\"><span class=\"kt-blocks-accordion-title-wrap\"><span class=\"kt-blocks-accordion-title\"><strong>Estetologia Medyczna i Kosmetologia<\/strong><\/span><\/span><span class=\"kt-blocks-accordion-icon-trigger\"><\/span><\/button><\/div><div class=\"kt-accordion-panel kt-accordion-panel-hidden\"><div class=\"kt-accordion-panel-inner\">\n<p>[2084-2007]&nbsp;<br>Dziedzina:&nbsp;Dermatologia, Kosmetologia<\/p>\n\n\n\n<ul class=\"wp-block-list\">\n<li><strong><a href=\"http:\/\/www.estetologia.pl\/toc.html\" target=\"_blank\" rel=\"noreferrer noopener\">dost\u0119p bezp\u0142atny<\/a> 2011-2017<\/strong><\/li>\n\n\n\n<li><a href=\"http:\/\/primo-48slam.hosted.exlibrisgroup.com\/48SLAM_VIEW:aleph_scope:48SLAM_Aleph_SLA01000042887\" target=\"_blank\" rel=\"noreferrer noopener\">sprawd\u017a wersj\u0119 drukowan\u0105<\/a><\/li>\n<\/ul>\n<\/div><\/div><\/div>\n\n\n\n<div class=\"wp-block-kadence-pane kt-accordion-pane kt-accordion-pane-66 kt-pane21087_230e9d-99\"><div class=\"kt-accordion-header-wrap\"><button class=\"kt-blocks-accordion-header kt-acccordion-button-label-show\" type=\"button\"><span class=\"kt-blocks-accordion-title-wrap\"><span class=\"kt-blocks-accordion-title\"><strong>Etnobiologia Polska<\/strong><\/span><\/span><span class=\"kt-blocks-accordion-icon-trigger\"><\/span><\/button><\/div><div class=\"kt-accordion-panel kt-accordion-panel-hidden\"><div class=\"kt-accordion-panel-inner\">\n<p>[2083-6228]<br>Dziedzina:&nbsp;Biologia, Biologia molekularna, Biochemia<\/p>\n\n\n\n<ul class=\"wp-block-list\">\n<li><strong><a href=\"https:\/\/journals.ur.edu.pl\/ep\/issue\/archive\" data-type=\"link\" data-id=\"https:\/\/journals.ur.edu.pl\/ep\/issue\/archive\" target=\"_blank\" rel=\"noreferrer noopener\">dost\u0119p bezp\u0142atny <\/a> 2011<\/strong>&#8211;<strong>2021<\/strong><\/li>\n<\/ul>\n<\/div><\/div><\/div>\n\n\n\n<div class=\"wp-block-kadence-pane kt-accordion-pane kt-accordion-pane-67 kt-pane21087_e28d28-c6\"><div class=\"kt-accordion-header-wrap\"><button class=\"kt-blocks-accordion-header kt-acccordion-button-label-show\" type=\"button\"><span class=\"kt-blocks-accordion-title-wrap\"><span class=\"kt-blocks-accordion-title\"><strong>European Journal of Biological Research<\/strong><\/span><\/span><span class=\"kt-blocks-accordion-icon-trigger\"><\/span><\/button><\/div><div class=\"kt-accordion-panel kt-accordion-panel-hidden\"><div class=\"kt-accordion-panel-inner\">\n<p>[2449-8955]&nbsp;Eur. J. Biol. Res.<br>Dziedzina:&nbsp;Biologia, Biologia molekularna, Biochemia<\/p>\n\n\n\n<ul class=\"wp-block-list\">\n<li><strong><a href=\"http:\/\/www.journals.tmkarpinski.com\/index.php\/ejbr\/issue\/archive\" data-type=\"link\" data-id=\"http:\/\/www.journals.tmkarpinski.com\/index.php\/ejbr\/issue\/archive\" target=\"_blank\" rel=\"noreferrer noopener\">dost\u0119p bezp\u0142atny<\/a> od 2015<\/strong><\/li>\n<\/ul>\n<\/div><\/div><\/div>\n\n\n\n<div class=\"wp-block-kadence-pane kt-accordion-pane kt-accordion-pane-68 kt-pane21087_252fcb-9f\"><div class=\"kt-accordion-header-wrap\"><button class=\"kt-blocks-accordion-header kt-acccordion-button-label-show\" type=\"button\"><span class=\"kt-blocks-accordion-title-wrap\"><span class=\"kt-blocks-accordion-title\"><strong>European Journal of Clinical and Experimental Medicine<\/strong><\/span><\/span><span class=\"kt-blocks-accordion-icon-trigger\"><\/span><\/button><\/div><div class=\"kt-accordion-panel kt-accordion-panel-hidden\"><div class=\"kt-accordion-panel-inner\">\n<p>[2544-2406][e-ISSN&nbsp;2544-1361] Eur. J. Clin. Exp. Med.<br>Dziedzina: Medycyna og\u00f3lna \/ Medycyna eksperymentalna<br>Poprzedni tytu\u0142: Przegl\u0105d Medyczny Uniwersytetu Rzeszowskiego i Narodowego Instytutu Lek\u00f3w w Warszawie<\/p>\n\n\n\n<ul class=\"wp-block-list\">\n<li><strong><a href=\"https:\/\/journals.ur.edu.pl\/ejcem\/issue\/archive\" data-type=\"link\" data-id=\"https:\/\/journals.ur.edu.pl\/ejcem\/issue\/archive\" target=\"_blank\" rel=\"noreferrer noopener\">dost\u0119p bezp\u0142atny<\/a> od 2021<\/strong><\/li>\n<\/ul>\n<\/div><\/div><\/div>\n\n\n\n<div class=\"wp-block-kadence-pane kt-accordion-pane kt-accordion-pane-70 kt-pane21087_423ae6-8a\"><div class=\"kt-accordion-header-wrap\"><button class=\"kt-blocks-accordion-header kt-acccordion-button-label-show\" type=\"button\"><span class=\"kt-blocks-accordion-title-wrap\"><span class=\"kt-blocks-accordion-title\"><strong>European Journal of Translational and Clinical Medicine<\/strong><\/span><\/span><span class=\"kt-blocks-accordion-icon-trigger\"><\/span><\/button><\/div><div class=\"kt-accordion-panel kt-accordion-panel-hidden\"><div class=\"kt-accordion-panel-inner\">\n<p class=\"kt-adv-heading21087_bcab27-1b wp-block-kadence-advancedheading\" data-kb-block=\"kb-adv-heading21087_bcab27-1b\">[ISSN: 2657-3148][e-ISSN: 2657-3156]<br>Dziedzina:&nbsp;Medycyna og\u00f3lna \/ Interdyscyplinarne<br>Poprzednio:&nbsp;Annales Academiae Medicae Gedanensis (1971-2017) [ISSN 0303-4135]<\/p>\n\n\n\n<ul class=\"wp-block-list\">\n<li><a href=\"https:\/\/ejtcm.gumed.edu.pl\/archive\"><strong>dost\u0119p bezp\u0142atny<\/strong><\/a><strong> od 2018<\/strong><\/li>\n\n\n\n<li><a href=\"https:\/\/jbc.bj.uj.edu.pl\/publication\/641688\"><strong>dost\u0119p bezp\u0142atny <\/strong><\/a><strong>2018<\/strong><\/li>\n<\/ul>\n<\/div><\/div><\/div>\n\n\n\n<div class=\"wp-block-kadence-pane kt-accordion-pane kt-accordion-pane-71 kt-pane21087_ba6748-97\"><div class=\"kt-accordion-header-wrap\"><button class=\"kt-blocks-accordion-header kt-acccordion-button-label-show\" type=\"button\"><span class=\"kt-blocks-accordion-title-wrap\"><span class=\"kt-blocks-accordion-title\"><strong>Experimental and Clinical Hepatology<\/strong><\/span><\/span><span class=\"kt-blocks-accordion-icon-trigger\"><\/span><\/button><\/div><div class=\"kt-accordion-panel kt-accordion-panel-hidden\"><div class=\"kt-accordion-panel-inner\">\n<p>[1734-3038]&nbsp;Exp. Clin. Hepatol.<br>Dziedzina:&nbsp;Gastroenterologia<br>Kontynuacja: Clinical and Experimental Hepatology<\/p>\n\n\n\n<ul class=\"wp-block-list\">\n<li><strong><a href=\"http:\/\/www.pasl.pl\/czasopisma\/experimental-clinical-hepatology-archiwum-2005-2013\/\" target=\"_blank\" rel=\"noreferrer noopener\">dost\u0119p bezp\u0142atny<\/a> 2011-2013<\/strong><\/li>\n\n\n\n<li><a href=\"http:\/\/primo-48slam.hosted.exlibrisgroup.com\/48SLAM_VIEW:aleph_scope:48SLAM_Aleph_SLA01000030474\" target=\"_blank\" rel=\"noreferrer noopener\">sprawd\u017a wersj\u0119 drukowan\u0105<\/a><\/li>\n<\/ul>\n<\/div><\/div><\/div>\n<\/div><\/div><\/div>\n\n\n\n<p><\/p>","protected":false},"excerpt":{"rendered":"<p>Polish ejournals catalogue<\/p>","protected":false},"author":3,"featured_media":0,"parent":0,"menu_order":0,"comment_status":"closed","ping_status":"closed","template":"","meta":{"_eb_attr":"","footnotes":""},"categories":[209],"tags":[],"class_list":["post-21087","page","type-page","status-publish","hentry","category-czasop-pol"],"publishpress_future_action":{"enabled":false,"date":"2026-04-12 16:36:46","action":"change-status","newStatus":"draft","terms":[],"taxonomy":"category","extraData":[]},"publishpress_future_workflow_manual_trigger":{"enabledWorkflows":[]},"_links":{"self":[{"href":"https:\/\/biblioteka.sum.edu.pl\/en\/wp-json\/wp\/v2\/pages\/21087","targetHints":{"allow":["GET"]}}],"collection":[{"href":"https:\/\/biblioteka.sum.edu.pl\/en\/wp-json\/wp\/v2\/pages"}],"about":[{"href":"https:\/\/biblioteka.sum.edu.pl\/en\/wp-json\/wp\/v2\/types\/page"}],"author":[{"embeddable":true,"href":"https:\/\/biblioteka.sum.edu.pl\/en\/wp-json\/wp\/v2\/users\/3"}],"replies":[{"embeddable":true,"href":"https:\/\/biblioteka.sum.edu.pl\/en\/wp-json\/wp\/v2\/comments?post=21087"}],"version-history":[{"count":46,"href":"https:\/\/biblioteka.sum.edu.pl\/en\/wp-json\/wp\/v2\/pages\/21087\/revisions"}],"predecessor-version":[{"id":27819,"href":"https:\/\/biblioteka.sum.edu.pl\/en\/wp-json\/wp\/v2\/pages\/21087\/revisions\/27819"}],"wp:attachment":[{"href":"https:\/\/biblioteka.sum.edu.pl\/en\/wp-json\/wp\/v2\/media?parent=21087"}],"wp:term":[{"taxonomy":"category","embeddable":true,"href":"https:\/\/biblioteka.sum.edu.pl\/en\/wp-json\/wp\/v2\/categories?post=21087"},{"taxonomy":"post_tag","embeddable":true,"href":"https:\/\/biblioteka.sum.edu.pl\/en\/wp-json\/wp\/v2\/tags?post=21087"}],"curies":[{"name":"wp","href":"https:\/\/api.w.org\/{rel}","templated":true}]}}