{"id":21085,"date":"2024-01-11T16:01:22","date_gmt":"2024-01-11T15:01:22","guid":{"rendered":"https:\/\/biblioteka2.sum.edu.pl\/?page_id=21085"},"modified":"2026-02-12T16:05:05","modified_gmt":"2026-02-12T15:05:05","slug":"czasopisma-d","status":"publish","type":"page","link":"https:\/\/biblioteka.sum.edu.pl\/en\/czasopisma-d\/","title":{"rendered":"Czasopisma &#8211; D"},"content":{"rendered":"<p class=\"has-text-align-center has-text-color has-link-color has-large-font-size wp-elements-d1f89f8795362a7db2844234482c14dc\" style=\"color:#a5c73d\"><strong>Polish ejournals catalogue<\/strong><\/p>\n\n\n\n<div class=\"wp-block-columns is-layout-flex wp-container-core-columns-is-layout-28f84493 wp-block-columns-is-layout-flex\">\n<div class=\"wp-block-column is-layout-flow wp-block-column-is-layout-flow\">\n<div class=\"wp-block-columns is-layout-flex wp-container-core-columns-is-layout-28f84493 wp-block-columns-is-layout-flex\">\n<div class=\"wp-block-column is-layout-flow wp-block-column-is-layout-flow\">\n<div class=\"wp-block-essential-blocks-button root-eb-button-hxnln5d\"><div class=\"eb-parent-wrapper eb-parent-eb-button-hxnln5d eb_animation eb___animated eb___pulse\"><div class=\"eb-button-wrapper eb-button-alignment eb-button-hxnln5d\"><div class=\"eb-button\"><div class=\"eb-button-inner-wrapper\"><a class=\"eb-button-anchor\" href=\"\" rel=\"noopener\"><strong>D<\/strong><\/a><\/div><\/div><\/div><\/div><\/div>\n<\/div>\n\n\n\n<div class=\"wp-block-column is-layout-flow wp-block-column-is-layout-flow\">\n<div class=\"wp-block-essential-blocks-button root-eb-button-qri00u5\"><div class=\"eb-parent-wrapper eb-parent-eb-button-qri00u5 eb_animation eb___animated eb___pulse\"><div class=\"eb-button-wrapper eb-button-alignment eb-button-qri00u5\"><div class=\"eb-button\"><div class=\"eb-button-inner-wrapper\"><a class=\"eb-button-anchor\" href=\"https:\/\/biblioteka.sum.edu.pl\/en\/katalog-polskich-czasopism-elektronicznych-2\/\" rel=\"noopener\"><strong>Back to alphabetical list<\/strong><\/a><\/div><\/div><\/div><\/div><\/div>\n<\/div>\n<\/div>\n<\/div>\n<\/div>\n\n\n\n<div class=\"wp-block-kadence-accordion alignnone\"><div class=\"kt-accordion-wrap kt-accordion-id21085_f17ee9-1c kt-accordion-has-70-panes kt-active-pane-0 kt-accordion-block kt-pane-header-alignment-left kt-accodion-icon-style-arrow kt-accodion-icon-side-right\" style=\"max-width:none\"><div class=\"kt-accordion-inner-wrap\" data-allow-multiple-open=\"false\" data-start-open=\"none\">\n<div class=\"wp-block-kadence-pane kt-accordion-pane kt-accordion-pane-1 kt-pane21085_39e2d2-c3\"><div class=\"kt-accordion-header-wrap\"><button class=\"kt-blocks-accordion-header kt-acccordion-button-label-show\" type=\"button\"><span class=\"kt-blocks-accordion-title-wrap\"><span class=\"kt-blocks-accordion-title\"><strong>Dental and Medical Problems<\/strong><\/span><\/span><span class=\"kt-blocks-accordion-icon-trigger\"><\/span><\/button><\/div><div class=\"kt-accordion-panel kt-accordion-panel-hidden\"><div class=\"kt-accordion-panel-inner\">\n<p class=\"kt-adv-heading21085_175dc1-fe wp-block-kadence-advancedheading\" data-kb-block=\"kb-adv-heading21085_175dc1-fe\">[1644-387X][e-ISSN&nbsp;2300-9020] Dent. Med. Probl.<br>Dziedzina:&nbsp;Stomatologia<br>Poprzedni tytu\u0142: Wroc\u0142awska Stomatologia<\/p>\n\n\n\n<ul class=\"wp-block-list\">\n<li><strong><a href=\"https:\/\/dmp.umw.edu.pl\/en\/archive\/\" data-type=\"link\" data-id=\"https:\/\/dmp.umw.edu.pl\/en\/home\/\">dost\u0119p bezp\u0142atny<\/a> od 2009<\/strong><\/li>\n\n\n\n<li><a href=\"http:\/\/primo-48slam.hosted.exlibrisgroup.com\/48SLAM_VIEW:aleph_scope:48SLAM_Aleph_SLA01000026453\" target=\"_blank\" rel=\"noreferrer noopener\">sprawd\u017a wersj\u0119 drukowan\u0105<\/a><\/li>\n<\/ul>\n<\/div><\/div><\/div>\n\n\n\n<div class=\"wp-block-kadence-pane kt-accordion-pane kt-accordion-pane-2 kt-pane21085_122a95-e4\"><div class=\"kt-accordion-header-wrap\"><button class=\"kt-blocks-accordion-header kt-acccordion-button-label-show\" type=\"button\"><span class=\"kt-blocks-accordion-title-wrap\"><span class=\"kt-blocks-accordion-title\"><strong>Dental Forum<\/strong><\/span><\/span><span class=\"kt-blocks-accordion-icon-trigger\"><\/span><\/button><\/div><div class=\"kt-accordion-panel kt-accordion-panel-hidden\"><div class=\"kt-accordion-panel-inner\">\n<p>[1732-0801][e-ISSN&nbsp;2300-6099] Dent. Forum<br>Dziedzina:&nbsp;Stomatologia<\/p>\n\n\n\n<ul class=\"wp-block-list\">\n<li><strong><a href=\"https:\/\/dentalforum.ump.edu.pl\/issue.php\" data-type=\"link\" data-id=\"https:\/\/dentalforum.ump.edu.pl\/issue.php\" target=\"_blank\" rel=\"noreferrer noopener\">dost\u0119p bezp\u0142atny<\/a> od 2014<\/strong><\/li>\n\n\n\n<li><a href=\"http:\/\/primo-48slam.hosted.exlibrisgroup.com\/48SLAM_VIEW:aleph_scope:48SLAM_Aleph_SLA01000027987\" target=\"_blank\" rel=\"noreferrer noopener\">sprawd\u017a wersj\u0119 drukowan\u0105<\/a><\/li>\n<\/ul>\n<\/div><\/div><\/div>\n\n\n\n<div class=\"wp-block-kadence-pane kt-accordion-pane kt-accordion-pane-60 kt-pane21085_e96a34-3d\"><div class=\"kt-accordion-header-wrap\"><button class=\"kt-blocks-accordion-header kt-acccordion-button-label-show\" type=\"button\"><span class=\"kt-blocks-accordion-title-wrap\"><span class=\"kt-blocks-accordion-title\"><strong>Dental Tribune<\/strong><\/span><\/span><span class=\"kt-blocks-accordion-icon-trigger\"><\/span><\/button><\/div><div class=\"kt-accordion-panel kt-accordion-panel-hidden\"><div class=\"kt-accordion-panel-inner\">\n<p>[1730-315X]&nbsp;<br>Dziedzina:&nbsp;Stomatologia<\/p>\n\n\n\n<ul class=\"wp-block-list\">\n<li><strong><a href=\"https:\/\/pl.dental-tribune.com\/e-paper\/dental-tribune-editions\/dt-poland\/\" target=\"_blank\" rel=\"noreferrer noopener\">dost\u0119p bezp\u0142atny<\/a> od 2009<\/strong><\/li>\n<\/ul>\n<\/div><\/div><\/div>\n\n\n\n<div class=\"wp-block-kadence-pane kt-accordion-pane kt-accordion-pane-61 kt-pane21085_ab6441-3d\"><div class=\"kt-accordion-header-wrap\"><button class=\"kt-blocks-accordion-header kt-acccordion-button-label-show\" type=\"button\"><span class=\"kt-blocks-accordion-title-wrap\"><span class=\"kt-blocks-accordion-title\"><strong>Dermatologia i Kosmetologia Praktyczna<\/strong><\/span><\/span><span class=\"kt-blocks-accordion-icon-trigger\"><\/span><\/button><\/div><div class=\"kt-accordion-panel kt-accordion-panel-hidden\"><div class=\"kt-accordion-panel-inner\">\n<p>[1895-9717]<br>Dziedzina:&nbsp;Dermatologia, Kosmetologia<\/p>\n\n\n\n<ul class=\"wp-block-list\">\n<li><strong><a href=\"https:\/\/medph.pl\/category\/artykuly\/\" target=\"_blank\" rel=\"noreferrer noopener\">dost\u0119p bezp\u0142atny<\/a> od 2017 w wyborze<\/strong><\/li>\n\n\n\n<li><a href=\"https:\/\/primo-48slam.hosted.exlibrisgroup.com\/permalink\/f\/12cmtm9\/48SLAM_Aleph_SLA01000037750\" target=\"_blank\" rel=\"noreferrer noopener\">sprawd\u017a wersj\u0119 drukowan\u0105<\/a><\/li>\n<\/ul>\n<\/div><\/div><\/div>\n\n\n\n<div class=\"wp-block-kadence-pane kt-accordion-pane kt-accordion-pane-62 kt-pane21085_f12af4-1d\"><div class=\"kt-accordion-header-wrap\"><button class=\"kt-blocks-accordion-header kt-acccordion-button-label-show\" type=\"button\"><span class=\"kt-blocks-accordion-title-wrap\"><span class=\"kt-blocks-accordion-title\"><strong>Dermatologia Kliniczna<\/strong><\/span><\/span><span class=\"kt-blocks-accordion-icon-trigger\"><\/span><\/button><\/div><div class=\"kt-accordion-panel kt-accordion-panel-hidden\"><div class=\"kt-accordion-panel-inner\">\n<p>[1730-7201][e-ISSN&nbsp;2083-6074] Dermatol. Klin.<br>Dziedzina:&nbsp;Dermatologia, Kosmetologia<\/p>\n\n\n\n<ul class=\"wp-block-list\">\n<li><strong><a href=\"http:\/\/search.ebscohost.com\/login.aspx?direct=true&amp;db=asn&amp;jid=46FZ&amp;lang=pl&amp;site=ehost-live\" target=\"_blank\" rel=\"noreferrer noopener\">Ebsco dost\u0119p w sieci uczelni <\/a>2008-2012<\/strong><\/li>\n\n\n\n<li><a href=\"http:\/\/primo-48slam.hosted.exlibrisgroup.com\/48SLAM_VIEW:aleph_scope:48SLAM_Aleph_SLA01000024554\" target=\"_blank\" rel=\"noreferrer noopener\">sprawd\u017a wersj\u0119 drukowan\u0105<\/a><\/li>\n<\/ul>\n<\/div><\/div><\/div>\n\n\n\n<div class=\"wp-block-kadence-pane kt-accordion-pane kt-accordion-pane-63 kt-pane21085_e6656b-f2\"><div class=\"kt-accordion-header-wrap\"><button class=\"kt-blocks-accordion-header kt-acccordion-button-label-show\" type=\"button\"><span class=\"kt-blocks-accordion-title-wrap\"><span class=\"kt-blocks-accordion-title\"><strong>Developmental Period Medicine &#8211; Medycyna Wieku Rozwojowego<\/strong><\/span><\/span><span class=\"kt-blocks-accordion-icon-trigger\"><\/span><\/button><\/div><div class=\"kt-accordion-panel kt-accordion-panel-hidden\"><div class=\"kt-accordion-panel-inner\">\n<p>[1428-345X][e-ISSN&nbsp;2354-0060] Dev. Period. Med.<br>Dziedzina:&nbsp;Pediatria, Neonatologia<br>Poprzedni tytu\u0142: Medycyna Wieku Rozwojowego<br>Kontynuacja: Journal of Mother and Child<\/p>\n\n\n\n<ul class=\"wp-block-list\">\n<li><strong><a href=\"http:\/\/www.medwiekurozwoj.pl\/artykuly.html\" target=\"_blank\" rel=\"noreferrer noopener\">dost\u0119p bezp\u0142atny<\/a> 2011-2019<\/strong><\/li>\n\n\n\n<li><a href=\"http:\/\/primo-48slam.hosted.exlibrisgroup.com\/48SLAM_VIEW:aleph_scope:48SLAM_Aleph_SLA01000045261\" target=\"_blank\" rel=\"noreferrer noopener\">sprawd\u017a wersj\u0119 drukowan\u0105<\/a><\/li>\n<\/ul>\n<\/div><\/div><\/div>\n\n\n\n<div class=\"wp-block-kadence-pane kt-accordion-pane kt-accordion-pane-64 kt-pane21085_c02348-b2\"><div class=\"kt-accordion-header-wrap\"><button class=\"kt-blocks-accordion-header kt-acccordion-button-label-show\" type=\"button\"><span class=\"kt-blocks-accordion-title-wrap\"><span class=\"kt-blocks-accordion-title\"><strong>Diabetologia Kliniczna<\/strong><\/span><\/span><span class=\"kt-blocks-accordion-icon-trigger\"><\/span><\/button><\/div><div class=\"kt-accordion-panel kt-accordion-panel-hidden\"><div class=\"kt-accordion-panel-inner\">\n<p>[2084-4441][e-ISSN&nbsp;2299-2529] Diabetol. Klin.<br>Dziedzina:&nbsp;Diabetologia<br>Kontynuacja: Clinical Diabetology<\/p>\n\n\n\n<ul class=\"wp-block-list\">\n<li><strong><a href=\"https:\/\/journals.viamedica.pl\/clinical_diabetology\/issue\/archive\" target=\"_blank\" rel=\"noreferrer noopener\">dost\u0119p bezp\u0142atny<\/a> od 2000<\/strong><\/li>\n\n\n\n<li><a href=\"http:\/\/primo-48slam.hosted.exlibrisgroup.com\/48SLAM_VIEW:aleph_scope:48SLAM_Aleph_SLA01000042398\" target=\"_blank\" rel=\"noreferrer noopener\">sprawd\u017a wersj\u0119 drukowan\u0105<\/a><\/li>\n<\/ul>\n<\/div><\/div><\/div>\n\n\n\n<div class=\"wp-block-kadence-pane kt-accordion-pane kt-accordion-pane-65 kt-pane21085_2e0fa2-8a\"><div class=\"kt-accordion-header-wrap\"><button class=\"kt-blocks-accordion-header kt-acccordion-button-label-show\" type=\"button\"><span class=\"kt-blocks-accordion-title-wrap\"><span class=\"kt-blocks-accordion-title\"><strong>Diabetologia Praktyczna<\/strong><\/span><\/span><span class=\"kt-blocks-accordion-icon-trigger\"><\/span><\/button><\/div><div class=\"kt-accordion-panel kt-accordion-panel-hidden\"><div class=\"kt-accordion-panel-inner\">\n<p>(wersja polskoj\u0119zyczna) [2451-0971][e-ISSN&nbsp;2451-2095] Diabetol. Prakt.<br>Dziedzina:&nbsp;Diabetologia<\/p>\n\n\n\n<ul class=\"wp-block-list\">\n<li><strong><a href=\"https:\/\/journals.viamedica.pl\/diabetologia_praktyczna\/issue\/archive\" target=\"_blank\" rel=\"noreferrer noopener\">dost\u0119p bezp\u0142atny<\/a>&nbsp;od 2015<\/strong><\/li>\n\n\n\n<li><a href=\"http:\/\/primo-48slam.hosted.exlibrisgroup.com\/48SLAM_VIEW:aleph_scope:48SLAM_Aleph_SLA01000047110\" target=\"_blank\" rel=\"noreferrer noopener\">sprawd\u017a wersj\u0119 drukowan\u0105<\/a><\/li>\n<\/ul>\n<\/div><\/div><\/div>\n\n\n\n<div class=\"wp-block-kadence-pane kt-accordion-pane kt-accordion-pane-66 kt-pane21085_43d19d-bb\"><div class=\"kt-accordion-header-wrap\"><button class=\"kt-blocks-accordion-header kt-acccordion-button-label-show\" type=\"button\"><span class=\"kt-blocks-accordion-title-wrap\"><span class=\"kt-blocks-accordion-title\"><strong>Diabetologia Praktyczna\/Practical Diabetology<\/strong><\/span><\/span><span class=\"kt-blocks-accordion-icon-trigger\"><\/span><\/button><\/div><div class=\"kt-accordion-panel kt-accordion-panel-hidden\"><div class=\"kt-accordion-panel-inner\">\n<p>[1640-8497][e-ISSN&nbsp;1644-4477] Diabetol. Prakt.<br>Dziedzina:&nbsp;Diabetologia<br>Kontynuacja: Diabetologia Kliniczna<\/p>\n\n\n\n<ul class=\"wp-block-list\">\n<li><strong><a href=\"https:\/\/journals.viamedica.pl\/clinical_diabetology\/issue\/archive\" target=\"_blank\" rel=\"noreferrer noopener\">dost\u0119p bezp\u0142atny<\/a> 2000-2011<\/strong><\/li>\n\n\n\n<li><a href=\"http:\/\/primo-48slam.hosted.exlibrisgroup.com\/48SLAM_VIEW:aleph_scope:48SLAM_Aleph_SLA01000023444\" target=\"_blank\" rel=\"noreferrer noopener\">sprawd\u017a wersj\u0119 drukowan\u0105<\/a><\/li>\n<\/ul>\n<\/div><\/div><\/div>\n\n\n\n<div class=\"wp-block-kadence-pane kt-accordion-pane kt-accordion-pane-67 kt-pane21085_f1831f-d0\"><div class=\"kt-accordion-header-wrap\"><button class=\"kt-blocks-accordion-header kt-acccordion-button-label-show\" type=\"button\"><span class=\"kt-blocks-accordion-title-wrap\"><span class=\"kt-blocks-accordion-title\"><strong>Diagnosta Laboratoryjny<\/strong><\/span><\/span><span class=\"kt-blocks-accordion-icon-trigger\"><\/span><\/button><\/div><div class=\"kt-accordion-panel kt-accordion-panel-hidden\"><div class=\"kt-accordion-panel-inner\">\n<p>[2084-1663]<br>Dziedzina:&nbsp;Interdyscyplinarne<\/p>\n\n\n\n<ul class=\"wp-block-list\">\n<li><strong><a href=\"https:\/\/kidl.org.pl\/book\/category?id=3\" data-type=\"link\" data-id=\"https:\/\/kidl.org.pl\/book\/category?id=3\" target=\"_blank\" rel=\"noreferrer noopener\">dost\u0119p bezp\u0142atny<\/a> od 2003<\/strong><\/li>\n\n\n\n<li><a href=\"http:\/\/primo-48slam.hosted.exlibrisgroup.com\/48SLAM_VIEW:aleph_scope:48SLAM_Aleph_SLA01000044439\" target=\"_blank\" rel=\"noreferrer noopener\">sprawd\u017a wersj\u0119 drukowan\u0105<\/a><\/li>\n<\/ul>\n<\/div><\/div><\/div>\n\n\n\n<div class=\"wp-block-kadence-pane kt-accordion-pane kt-accordion-pane-68 kt-pane21085_bf513b-f8\"><div class=\"kt-accordion-header-wrap\"><button class=\"kt-blocks-accordion-header kt-acccordion-button-label-show\" type=\"button\"><span class=\"kt-blocks-accordion-title-wrap\"><span class=\"kt-blocks-accordion-title\"><strong>Diagnostyka Laboratoryjna<\/strong><\/span><\/span><span class=\"kt-blocks-accordion-icon-trigger\"><\/span><\/button><\/div><div class=\"kt-accordion-panel kt-accordion-panel-hidden\"><div class=\"kt-accordion-panel-inner\">\n<p>[0867-4043][e-ISSN&nbsp;2719-7042] Diagn. Lab.<br>Dziedzina:&nbsp;Interdyscyplinarne<\/p>\n\n\n\n<ul class=\"wp-block-list\">\n<li><strong><a href=\"https:\/\/diagnostykalaboratoryjna.eu\/resources\/html\/archives\" target=\"_blank\" rel=\"noreferrer noopener\">dost\u0119p bezp\u0142atny<\/a> od 2010<\/strong><\/li>\n\n\n\n<li><a href=\"http:\/\/primo-48slam.hosted.exlibrisgroup.com\/48SLAM_VIEW:aleph_scope:48SLAM_Aleph_SLA01000024582\" target=\"_blank\" rel=\"noreferrer noopener\">sprawd\u017a wersj\u0119 drukowan\u0105<\/a><\/li>\n<\/ul>\n<\/div><\/div><\/div>\n\n\n\n<div class=\"wp-block-kadence-pane kt-accordion-pane kt-accordion-pane-69 kt-pane21085_f9abab-0b\"><div class=\"kt-accordion-header-wrap\"><button class=\"kt-blocks-accordion-header kt-acccordion-button-label-show\" type=\"button\"><span class=\"kt-blocks-accordion-title-wrap\"><span class=\"kt-blocks-accordion-title\"><strong>Disaster and Emergency Medicine Journal<\/strong><\/span><\/span><span class=\"kt-blocks-accordion-icon-trigger\"><\/span><\/button><\/div><div class=\"kt-accordion-panel kt-accordion-panel-hidden\"><div class=\"kt-accordion-panel-inner\">\n<p>[2451-4691][e-ISSN&nbsp;2543-5957] Disaster Emerg. Med. J.<br>Dziedzina:&nbsp;Medycyna ratunkowa i katastrof<\/p>\n\n\n\n<ul class=\"wp-block-list\">\n<li><strong><a href=\"https:\/\/journals.viamedica.pl\/disaster_and_emergency_medicine\/issue\/archive\" target=\"_blank\" rel=\"noreferrer noopener\">dost\u0119p bezp\u0142atny<\/a> od 2016<\/strong><\/li>\n<\/ul>\n<\/div><\/div><\/div>\n\n\n\n<div class=\"wp-block-kadence-pane kt-accordion-pane kt-accordion-pane-70 kt-pane21085_495e72-40\"><div class=\"kt-accordion-header-wrap\"><button class=\"kt-blocks-accordion-header kt-acccordion-button-label-show\" type=\"button\"><span class=\"kt-blocks-accordion-title-wrap\"><span class=\"kt-blocks-accordion-title\"><strong>Dziecko Krzywdzone<\/strong><\/span><\/span><span class=\"kt-blocks-accordion-icon-trigger\"><\/span><\/button><\/div><div class=\"kt-accordion-panel kt-accordion-panel-hidden\"><div class=\"kt-accordion-panel-inner\">\n<p>[1644-6526][e-ISSN&nbsp;2545-3475] Dziecko Krzywdzone<br>Dziedzina:&nbsp;Pediatria, Neonatologia<\/p>\n\n\n\n<ul class=\"wp-block-list\">\n<li><strong><a href=\"http:\/\/dzieckokrzywdzone.fdds.pl\/index.php\/DK\/issue\/archive\" target=\"_blank\" rel=\"noreferrer noopener\">dost\u0119p bezp\u0142atny<\/a> od 2002<\/strong><\/li>\n<\/ul>\n<\/div><\/div><\/div>\n<\/div><\/div><\/div>\n\n\n\n<p><\/p>","protected":false},"excerpt":{"rendered":"<p>Polish ejournals catalogue<\/p>","protected":false},"author":3,"featured_media":0,"parent":0,"menu_order":0,"comment_status":"closed","ping_status":"closed","template":"","meta":{"_eb_attr":"","footnotes":""},"categories":[209],"tags":[],"class_list":["post-21085","page","type-page","status-publish","hentry","category-czasop-pol"],"publishpress_future_action":{"enabled":false,"date":"2026-04-12 16:36:46","action":"change-status","newStatus":"draft","terms":[],"taxonomy":"category","extraData":[]},"publishpress_future_workflow_manual_trigger":{"enabledWorkflows":[]},"_links":{"self":[{"href":"https:\/\/biblioteka.sum.edu.pl\/en\/wp-json\/wp\/v2\/pages\/21085","targetHints":{"allow":["GET"]}}],"collection":[{"href":"https:\/\/biblioteka.sum.edu.pl\/en\/wp-json\/wp\/v2\/pages"}],"about":[{"href":"https:\/\/biblioteka.sum.edu.pl\/en\/wp-json\/wp\/v2\/types\/page"}],"author":[{"embeddable":true,"href":"https:\/\/biblioteka.sum.edu.pl\/en\/wp-json\/wp\/v2\/users\/3"}],"replies":[{"embeddable":true,"href":"https:\/\/biblioteka.sum.edu.pl\/en\/wp-json\/wp\/v2\/comments?post=21085"}],"version-history":[{"count":30,"href":"https:\/\/biblioteka.sum.edu.pl\/en\/wp-json\/wp\/v2\/pages\/21085\/revisions"}],"predecessor-version":[{"id":27817,"href":"https:\/\/biblioteka.sum.edu.pl\/en\/wp-json\/wp\/v2\/pages\/21085\/revisions\/27817"}],"wp:attachment":[{"href":"https:\/\/biblioteka.sum.edu.pl\/en\/wp-json\/wp\/v2\/media?parent=21085"}],"wp:term":[{"taxonomy":"category","embeddable":true,"href":"https:\/\/biblioteka.sum.edu.pl\/en\/wp-json\/wp\/v2\/categories?post=21085"},{"taxonomy":"post_tag","embeddable":true,"href":"https:\/\/biblioteka.sum.edu.pl\/en\/wp-json\/wp\/v2\/tags?post=21085"}],"curies":[{"name":"wp","href":"https:\/\/api.w.org\/{rel}","templated":true}]}}