{"id":21060,"date":"2024-01-11T15:07:14","date_gmt":"2024-01-11T14:07:14","guid":{"rendered":"https:\/\/biblioteka2.sum.edu.pl\/?page_id=21060"},"modified":"2026-02-16T11:16:01","modified_gmt":"2026-02-16T10:16:01","slug":"czasopisma-b","status":"publish","type":"page","link":"https:\/\/biblioteka.sum.edu.pl\/en\/czasopisma-b\/","title":{"rendered":"Czasopisma &#8211; B"},"content":{"rendered":"<p class=\"has-text-align-center has-text-color has-link-color has-large-font-size wp-elements-d1f89f8795362a7db2844234482c14dc\" style=\"color:#a5c73d\"><strong>Polish ejournals catalogue<\/strong><\/p>\n\n\n\n<div class=\"wp-block-columns is-layout-flex wp-container-core-columns-is-layout-28f84493 wp-block-columns-is-layout-flex\">\n<div class=\"wp-block-column is-layout-flow wp-block-column-is-layout-flow\">\n<div class=\"wp-block-columns is-layout-flex wp-container-core-columns-is-layout-28f84493 wp-block-columns-is-layout-flex\">\n<div class=\"wp-block-column is-layout-flow wp-block-column-is-layout-flow\">\n<div class=\"wp-block-essential-blocks-button root-eb-button-hxnln5d\"><div class=\"eb-parent-wrapper eb-parent-eb-button-hxnln5d eb_animation eb___animated eb___pulse\"><div class=\"eb-button-wrapper eb-button-alignment eb-button-hxnln5d\"><div class=\"eb-button\"><div class=\"eb-button-inner-wrapper\"><a class=\"eb-button-anchor\" href=\"\" rel=\"noopener\"><strong>B<\/strong><\/a><\/div><\/div><\/div><\/div><\/div>\n<\/div>\n\n\n\n<div class=\"wp-block-column is-layout-flow wp-block-column-is-layout-flow\">\n<div class=\"wp-block-essential-blocks-button root-eb-button-qri00u5\"><div class=\"eb-parent-wrapper eb-parent-eb-button-qri00u5 eb_animation eb___animated eb___pulse\"><div class=\"eb-button-wrapper eb-button-alignment eb-button-qri00u5\"><div class=\"eb-button\"><div class=\"eb-button-inner-wrapper\"><a class=\"eb-button-anchor\" href=\"https:\/\/biblioteka.sum.edu.pl\/en\/katalog-polskich-czasopism-elektronicznych-2\/\" rel=\"noopener\"><strong>Back to alphabetical list<\/strong><\/a><\/div><\/div><\/div><\/div><\/div>\n<\/div>\n<\/div>\n<\/div>\n<\/div>\n\n\n\n<div class=\"wp-block-kadence-accordion alignnone\"><div class=\"kt-accordion-wrap kt-accordion-id21060_0e2b00-f6 kt-accordion-has-76-panes kt-active-pane-0 kt-accordion-block kt-pane-header-alignment-left kt-accodion-icon-style-arrow kt-accodion-icon-side-right\" style=\"max-width:none\"><div class=\"kt-accordion-inner-wrap\" data-allow-multiple-open=\"false\" data-start-open=\"none\">\n<div class=\"wp-block-kadence-pane kt-accordion-pane kt-accordion-pane-1 kt-pane21060_4c0593-a7\"><div class=\"kt-accordion-header-wrap\"><button class=\"kt-blocks-accordion-header kt-acccordion-button-label-show\" type=\"button\"><span class=\"kt-blocks-accordion-title-wrap\"><span class=\"kt-blocks-accordion-title\"><strong>Baltic Journal of Health and Physical Activity<\/strong><\/span><\/span><span class=\"kt-blocks-accordion-icon-trigger\"><\/span><\/button><\/div><div class=\"kt-accordion-panel kt-accordion-panel-hidden\"><div class=\"kt-accordion-panel-inner\">\n<p>[2080-1297][e-ISSN&nbsp;2080-9999] Balt. J. Health<br>Dziedzina:&nbsp;Medycyna sportowa<\/p>\n\n\n\n<ul class=\"wp-block-list\">\n<li><strong><a href=\"http:\/\/bjhpa.journalstube.com\/journal\/archive\" target=\"_blank\" rel=\"noreferrer noopener\">dost\u0119p bezp\u0142atny<\/a> 2009-2021<\/strong><\/li>\n<\/ul>\n<\/div><\/div><\/div>\n\n\n\n<div class=\"wp-block-kadence-pane kt-accordion-pane kt-accordion-pane-2 kt-pane21060_d8ca6c-42\"><div class=\"kt-accordion-header-wrap\"><button class=\"kt-blocks-accordion-header kt-acccordion-button-label-show\" type=\"button\"><span class=\"kt-blocks-accordion-title-wrap\"><span class=\"kt-blocks-accordion-title\"><strong>Bezpiecze\u0144stwo J\u0105drowe i Ochrona Radiologiczna<\/strong><\/span><\/span><span class=\"kt-blocks-accordion-icon-trigger\"><\/span><\/button><\/div><div class=\"kt-accordion-panel kt-accordion-panel-hidden\"><div class=\"kt-accordion-panel-inner\">\n<p>[0867-4752][e-ISSN&nbsp;2353-9062] Bezp. J\u0105d. Ochr. Radiol.<br>Dziedzina:&nbsp;Interdyscyplinarne&nbsp;<\/p>\n\n\n\n<ul class=\"wp-block-list\">\n<li><strong><a href=\"https:\/\/www.gov.pl\/web\/paa\/czytaj-biuletyn-bjior\" target=\"_blank\" rel=\"noreferrer noopener\">dost\u0119p bezp\u0142atny<\/a> od 1989<\/strong><\/li>\n\n\n\n<li><a href=\"http:\/\/primo-48slam.hosted.exlibrisgroup.com\/48SLAM_VIEW:aleph_scope:48SLAM_Aleph_SLA01000020402\" target=\"_blank\" rel=\"noreferrer noopener\">sprawd\u017a wersj\u0119 drukowan\u0105<\/a><\/li>\n<\/ul>\n<\/div><\/div><\/div>\n\n\n\n<div class=\"wp-block-kadence-pane kt-accordion-pane kt-accordion-pane-60 kt-pane21060_2dd418-c4\"><div class=\"kt-accordion-header-wrap\"><button class=\"kt-blocks-accordion-header kt-acccordion-button-label-show\" type=\"button\"><span class=\"kt-blocks-accordion-title-wrap\"><span class=\"kt-blocks-accordion-title\"><strong>Bezpiecze\u0144stwo Pracy<\/strong><\/span><\/span><span class=\"kt-blocks-accordion-icon-trigger\"><\/span><\/button><\/div><div class=\"kt-accordion-panel kt-accordion-panel-hidden\"><div class=\"kt-accordion-panel-inner\">\n<p>[0137-7043]&nbsp;Bezp. Pr.<br>Dziedzina:&nbsp;Medycyna pracy<\/p>\n\n\n\n<ul class=\"wp-block-list\">\n<li><strong><a href=\"https:\/\/m.ciop.pl\/CIOPPortalWAR\/appmanager\/ciop\/mobi?_nfpb=true&amp;_pageLabel=P424004461498482096681&amp;magazineEditionId=11\" target=\"_blank\" rel=\"noreferrer noopener\">dost\u0119p bezp\u0142atny<\/a> od 1989<\/strong><\/li>\n<\/ul>\n<\/div><\/div><\/div>\n\n\n\n<div class=\"wp-block-kadence-pane kt-accordion-pane kt-accordion-pane-61 kt-pane21060_3a3cd8-67\"><div class=\"kt-accordion-header-wrap\"><button class=\"kt-blocks-accordion-header kt-acccordion-button-label-show\" type=\"button\"><span class=\"kt-blocks-accordion-title-wrap\"><span class=\"kt-blocks-accordion-title\"><strong>Bio-Algorithms and Med-Systems<\/strong><\/span><\/span><span class=\"kt-blocks-accordion-icon-trigger\"><\/span><\/button><\/div><div class=\"kt-accordion-panel kt-accordion-panel-hidden\"><div class=\"kt-accordion-panel-inner\">\n<p>[1895-9091][e-ISSN&nbsp;1896-530X]<br>Dziedzina:&nbsp;Interdyscyplinarne<\/p>\n\n\n\n<ul class=\"wp-block-list\">\n<li><strong><a href=\"https:\/\/bit.wl.cm.uj.edu.pl\/pl\/zeszyty-archiwalne\/\" data-type=\"link\" data-id=\"https:\/\/bit.wl.cm.uj.edu.pl\/pl\/zeszyty-archiwalne\/\" target=\"_blank\" rel=\"noreferrer noopener\">dost\u0119p bezp\u0142atny<\/a> 2005-2011<\/strong><\/li>\n\n\n\n<li><a href=\"http:\/\/primo-48slam.hosted.exlibrisgroup.com\/48SLAM_VIEW:aleph_scope:48SLAM_Aleph_SLA01000032401\" target=\"_blank\" rel=\"noreferrer noopener\">sprawd\u017a wersj\u0119 drukowan\u0105<\/a><\/li>\n<\/ul>\n<\/div><\/div><\/div>\n\n\n\n<div class=\"wp-block-kadence-pane kt-accordion-pane kt-accordion-pane-62 kt-pane21060_c111d4-82\"><div class=\"kt-accordion-header-wrap\"><button class=\"kt-blocks-accordion-header kt-acccordion-button-label-show\" type=\"button\"><span class=\"kt-blocks-accordion-title-wrap\"><span class=\"kt-blocks-accordion-title\"><strong>Biocybernetics and Biomedical Engineering<\/strong><\/span><\/span><span class=\"kt-blocks-accordion-icon-trigger\"><\/span><\/button><\/div><div class=\"kt-accordion-panel kt-accordion-panel-hidden\"><div class=\"kt-accordion-panel-inner\">\n<p>[0208-5216][e-ISSN&nbsp;2391-467X] Biocybern. Biomed. Eng.<br>Dziedzina:&nbsp;Biologia, Biologia molekularna, Biochemia<\/p>\n\n\n\n<ul class=\"wp-block-list\">\n<li><strong><a href=\"https:\/\/www.sciencedirect.com\/journal\/biocybernetics-and-biomedical-engineering\/issues\" target=\"_blank\" rel=\"noreferrer noopener\">dost\u0119p bezp\u0142atny<\/a> od 2011<\/strong><\/li>\n\n\n\n<li><strong><a href=\"http:\/\/ibib.waw.pl\/en\/publishing\/biocybernetics-and-biomedical-enginering-bbe\/bbe-volumes\" target=\"_blank\" rel=\"noreferrer noopener\">dost\u0119p bezp\u0142atny<\/a> 2004-2013<\/strong><\/li>\n\n\n\n<li><a href=\"http:\/\/primo-48slam.hosted.exlibrisgroup.com\/48SLAM_VIEW:aleph_scope:48SLAM_Aleph_SLA01000020239\" target=\"_blank\" rel=\"noreferrer noopener\">sprawd\u017a wersj\u0119 drukowan\u0105<\/a><\/li>\n<\/ul>\n<\/div><\/div><\/div>\n\n\n\n<div class=\"wp-block-kadence-pane kt-accordion-pane kt-accordion-pane-63 kt-pane21060_8aa406-ac\"><div class=\"kt-accordion-header-wrap\"><button class=\"kt-blocks-accordion-header kt-acccordion-button-label-show\" type=\"button\"><span class=\"kt-blocks-accordion-title-wrap\"><span class=\"kt-blocks-accordion-title\"><strong>Biological Letters<\/strong><\/span><\/span><span class=\"kt-blocks-accordion-icon-trigger\"><\/span><\/button><\/div><div class=\"kt-accordion-panel kt-accordion-panel-hidden\"><div class=\"kt-accordion-panel-inner\">\n<p>[1644-7700][e-ISSN&nbsp;1734-7467]<br>Dziedzina:&nbsp;Biologia, Biologia molekularna, Biochemia<\/p>\n\n\n\n<ul class=\"wp-block-list\">\n<li><strong><a href=\"https:\/\/pressto.amu.edu.pl\/index.php\/BIOLET\/issue\/archive\" data-type=\"link\" data-id=\"https:\/\/pressto.amu.edu.pl\/index.php\/BIOLET\" target=\"_blank\" rel=\"noreferrer noopener\">dost\u0119p bezp\u0142atny<\/a> 2009-2019<\/strong><\/li>\n<\/ul>\n<\/div><\/div><\/div>\n\n\n\n<div class=\"wp-block-kadence-pane kt-accordion-pane kt-accordion-pane-64 kt-pane21060_3652a4-98\"><div class=\"kt-accordion-header-wrap\"><button class=\"kt-blocks-accordion-header kt-acccordion-button-label-show\" type=\"button\"><span class=\"kt-blocks-accordion-title-wrap\"><span class=\"kt-blocks-accordion-title\"><strong>Biology of Sport<\/strong><\/span><\/span><span class=\"kt-blocks-accordion-icon-trigger\"><\/span><\/button><\/div><div class=\"kt-accordion-panel kt-accordion-panel-hidden\"><div class=\"kt-accordion-panel-inner\">\n<p>[0860-021X][e-ISSN2083-1862] Biol. Sport<br>Dziedzina:&nbsp;Medycyna sportowa<\/p>\n\n\n\n<ul class=\"wp-block-list\">\n<li><strong><a href=\"https:\/\/www.termedia.pl\/Journal\/-78\/Archiwum\" target=\"_blank\" rel=\"noreferrer noopener\">dost\u0119p bezp\u0142atny<\/a> od 2012<\/strong><\/li>\n\n\n\n<li><a href=\"http:\/\/primo-48slam.hosted.exlibrisgroup.com\/48SLAM_VIEW:aleph_scope:48SLAM_Aleph_SLA01000020403\" target=\"_blank\" rel=\"noreferrer noopener\">sprawd\u017a wersj\u0119 drukowan\u0105&nbsp;<\/a><\/li>\n<\/ul>\n<\/div><\/div><\/div>\n\n\n\n<div class=\"wp-block-kadence-pane kt-accordion-pane kt-accordion-pane-65 kt-pane21060_59d764-ff\"><div class=\"kt-accordion-header-wrap\"><button class=\"kt-blocks-accordion-header kt-acccordion-button-label-show\" type=\"button\"><span class=\"kt-blocks-accordion-title-wrap\"><span class=\"kt-blocks-accordion-title\"><strong>Biotechnologia \/ BioTechnologia<\/strong><\/span><\/span><span class=\"kt-blocks-accordion-icon-trigger\"><\/span><\/button><\/div><div class=\"kt-accordion-panel kt-accordion-panel-hidden\"><div class=\"kt-accordion-panel-inner\">\n<p>[0860-7796][e-ISSN&nbsp;2353-9461]<br>Dziedzina:&nbsp;Interdyscyplinarne<\/p>\n\n\n\n<ul class=\"wp-block-list\">\n<li><strong><a href=\"https:\/\/www.biotechnologia-journal.org\/Archive\" data-type=\"link\" data-id=\"https:\/\/www.biotechnologia-journal.org\/Archive\" target=\"_blank\" rel=\"noreferrer noopener\">dost\u0119p bezp\u0142atny<\/a> od 2011<\/strong><\/li>\n<\/ul>\n<\/div><\/div><\/div>\n\n\n\n<div class=\"wp-block-kadence-pane kt-accordion-pane kt-accordion-pane-76 kt-pane21060_74dc94-ba\"><div class=\"kt-accordion-header-wrap\"><button class=\"kt-blocks-accordion-header kt-acccordion-button-label-show\" type=\"button\"><span class=\"kt-blocks-accordion-title-wrap\"><span class=\"kt-blocks-accordion-title\"><strong>Biotechnologia.pl<\/strong><\/span><\/span><span class=\"kt-blocks-accordion-icon-trigger\"><\/span><\/button><\/div><div class=\"kt-accordion-panel kt-accordion-panel-hidden\"><div class=\"kt-accordion-panel-inner\">\n<p class=\"kt-adv-heading21060_932464-ec wp-block-kadence-advancedheading\" data-kb-block=\"kb-adv-heading21060_932464-ec\">[2080-8682]<br>Dziedzina:&nbsp;Interdyscyplinarne<\/p>\n\n\n\n<ul class=\"wp-block-list\">\n<li><strong><a href=\"https:\/\/biotechnologia.pl\/kwartalnik\" data-type=\"link\" data-id=\"https:\/\/biotechnologia.pl\/kwartalnik\" target=\"_blank\" rel=\"noreferrer noopener\">dost\u0119p bezp\u0142atny po zalogowaniu<\/a> od 2014<\/strong><\/li>\n<\/ul>\n<\/div><\/div><\/div>\n\n\n\n<div class=\"wp-block-kadence-pane kt-accordion-pane kt-accordion-pane-66 kt-pane21060_f9584b-7c\"><div class=\"kt-accordion-header-wrap\"><button class=\"kt-blocks-accordion-header kt-acccordion-button-label-show\" type=\"button\"><span class=\"kt-blocks-accordion-title-wrap\"><span class=\"kt-blocks-accordion-title\"><strong>Biotechnology and Food Sciences<\/strong><\/span><\/span><span class=\"kt-blocks-accordion-icon-trigger\"><\/span><\/button><\/div><div class=\"kt-accordion-panel kt-accordion-panel-hidden\"><div class=\"kt-accordion-panel-inner\">\n<p>[2084-0136][e-ISSN&nbsp;2299-6818]<br>Dziedzina:&nbsp;Dietetyka, \u017bywienie, \u017bywno\u015b\u0107<\/p>\n\n\n\n<ul class=\"wp-block-list\">\n<li><strong><a href=\"http:\/\/www.bfs.p.lodz.pl\/index.php?pid=29\" target=\"_blank\" rel=\"noreferrer noopener\">dost\u0119p bezp\u0142atny<\/a> 2006-2019<\/strong><\/li>\n\n\n\n<li><strong><a href=\"http:\/\/cybra.lodz.pl\/publication\/3925\" target=\"_blank\" rel=\"noreferrer noopener\">dost\u0119p bezp\u0142atny<\/a> 2006-2015<\/strong><\/li>\n<\/ul>\n<\/div><\/div><\/div>\n\n\n\n<div class=\"wp-block-kadence-pane kt-accordion-pane kt-accordion-pane-67 kt-pane21060_612d5c-78\"><div class=\"kt-accordion-header-wrap\"><button class=\"kt-blocks-accordion-header kt-acccordion-button-label-show\" type=\"button\"><span class=\"kt-blocks-accordion-title-wrap\"><span class=\"kt-blocks-accordion-title\"><strong>Biuletyn G\u0142\u00f3wnej Biblioteki Lekarskiej<\/strong><\/span><\/span><span class=\"kt-blocks-accordion-icon-trigger\"><\/span><\/button><\/div><div class=\"kt-accordion-panel kt-accordion-panel-hidden\"><div class=\"kt-accordion-panel-inner\">\n<p>[0373-174X]&nbsp;<br>Dziedzina: Interdyscyplinarne<\/p>\n\n\n\n<ul class=\"wp-block-list\">\n<li><strong><a href=\"http:\/\/biuletyn.gbl.waw.pl\/index.php\" data-type=\"link\" data-id=\"http:\/\/biuletyn.gbl.waw.pl\/index.php\" target=\"_blank\" rel=\"noreferrer noopener\">dost\u0119p bezp\u0142atny<\/a> od 2016<\/strong><\/li>\n\n\n\n<li><strong><a href=\"https:\/\/sciendo.com\/journal\/BGBL?top-tab=volumes-issues\" data-type=\"link\" data-id=\"https:\/\/sciendo.com\/journal\/BGBL?top-tab=volumes-issues\" target=\"_blank\" rel=\"noreferrer noopener\">dost\u0119p bezp\u0142atny<\/a> od 2023<\/strong><\/li>\n<\/ul>\n<\/div><\/div><\/div>\n\n\n\n<div class=\"wp-block-kadence-pane kt-accordion-pane kt-accordion-pane-68 kt-pane21060_8506f3-a6\"><div class=\"kt-accordion-header-wrap\"><button class=\"kt-blocks-accordion-header kt-acccordion-button-label-show\" type=\"button\"><span class=\"kt-blocks-accordion-title-wrap\"><span class=\"kt-blocks-accordion-title\"><strong>Biuletyn Informacyjny \u015al\u0105skiego Uniwersytetu Medycznego<\/strong><\/span><\/span><span class=\"kt-blocks-accordion-icon-trigger\"><\/span><\/button><\/div><div class=\"kt-accordion-panel kt-accordion-panel-hidden\"><div class=\"kt-accordion-panel-inner\">\n<p>[0867-7646]<br>Dziedzina:&nbsp;Interdyscyplinarne<\/p>\n\n\n\n<ul class=\"wp-block-list\">\n<li><strong><a href=\"https:\/\/biblioteka.sum.edu.pl\/en\/biuletyn-informacyjny\/\" data-type=\"page\" data-id=\"21784\">dost\u0119p bezp\u0142atny<\/a> 2006-2012<\/strong><\/li>\n\n\n\n<li><strong><a href=\"https:\/\/www.sbc.org.pl\/dlibra\/publication\/144157#structure\" target=\"_blank\" rel=\"noreferrer noopener\">dost\u0119p bezp\u0142atny<\/a> 1991-1999<\/strong><\/li>\n\n\n\n<li><a href=\"http:\/\/primo-48slam.hosted.exlibrisgroup.com\/48SLAM_VIEW:aleph_scope:48SLAM_Aleph_SLA01000020258\" target=\"_blank\" rel=\"noreferrer noopener\">sprawd\u017a wersj\u0119 drukowan\u0105<\/a><\/li>\n<\/ul>\n<\/div><\/div><\/div>\n\n\n\n<div class=\"wp-block-kadence-pane kt-accordion-pane kt-accordion-pane-69 kt-pane21060_ea2ca6-97\"><div class=\"kt-accordion-header-wrap\"><button class=\"kt-blocks-accordion-header kt-acccordion-button-label-show\" type=\"button\"><span class=\"kt-blocks-accordion-title-wrap\"><span class=\"kt-blocks-accordion-title\"><strong>Biuletyn Polskiego Towarzystwa Onkologicznego Nowotwory<\/strong><\/span><\/span><span class=\"kt-blocks-accordion-icon-trigger\"><\/span><\/button><\/div><div class=\"kt-accordion-panel kt-accordion-panel-hidden\"><div class=\"kt-accordion-panel-inner\">\n<p>[0867-7646]<br>Dziedzina:&nbsp;Interdyscyplinarne<\/p>\n\n\n\n<ul class=\"wp-block-list\">\n<li><strong><a href=\"https:\/\/journals.viamedica.pl\/biuletyn_pto\/issue\/archive\" data-type=\"link\" data-id=\"https:\/\/journals.viamedica.pl\/biuletyn_pto\/issue\/archive\">dost\u0119p bezp\u0142atny<\/a> od 2016<\/strong><\/li>\n\n\n\n<li><a href=\"https:\/\/primo-48slam.hosted.exlibrisgroup.com\/primo-explore\/fulldisplay?docid=48SLAM_Aleph_SLA01000048229&amp;context=L&amp;vid=48SLAM_VIEW&amp;lang=pl_PL&amp;search_scope=aleph_scope&amp;adaptor=Local%20Search%20Engine&amp;tab=aleph_tab&amp;query=any,contains,nowotwory%20biuletyn%20polskiego%20towarzystwa%20onkologicznego\" data-type=\"link\" data-id=\"https:\/\/primo-48slam.hosted.exlibrisgroup.com\/primo-explore\/fulldisplay?docid=48SLAM_Aleph_SLA01000048229&amp;context=L&amp;vid=48SLAM_VIEW&amp;lang=pl_PL&amp;search_scope=aleph_scope&amp;adaptor=Local%20Search%20Engine&amp;tab=aleph_tab&amp;query=any,contains,nowotwory%20biuletyn%20polskiego%20towarzystwa%20onkologicznego\" target=\"_blank\" rel=\"noreferrer noopener\">sprawd\u017a wersj\u0119 drukowan\u0105<\/a><\/li>\n<\/ul>\n<\/div><\/div><\/div>\n\n\n\n<div class=\"wp-block-kadence-pane kt-accordion-pane kt-accordion-pane-70 kt-pane21060_50fa65-12\"><div class=\"kt-accordion-header-wrap\"><button class=\"kt-blocks-accordion-header kt-acccordion-button-label-show\" type=\"button\"><span class=\"kt-blocks-accordion-title-wrap\"><span class=\"kt-blocks-accordion-title\"><strong>Biuletyn Statystyczny Ministerstwa Zdrowia<\/strong><\/span><\/span><span class=\"kt-blocks-accordion-icon-trigger\"><\/span><\/button><\/div><div class=\"kt-accordion-panel kt-accordion-panel-hidden\"><div class=\"kt-accordion-panel-inner\">\n<p>[83-86977-45-0]&nbsp;<br>Dziedzina:&nbsp;Interdyscyplinarne<\/p>\n\n\n\n<ul class=\"wp-block-list\">\n<li><strong><a href=\"https:\/\/ezdrowie.gov.pl\/portal\/home\/badania-i-dane\/biuletyn-statystyczny\" data-type=\"link\" data-id=\"https:\/\/ezdrowie.gov.pl\/portal\/home\/badania-i-dane\/biuletyn-statystyczny\" target=\"_blank\" rel=\"noreferrer noopener\">dost\u0119p bezp\u0142atny<\/a> od 2000<\/strong><\/li>\n\n\n\n<li><a href=\"http:\/\/primo-48slam.hosted.exlibrisgroup.com\/48SLAM_VIEW:aleph_scope:48SLAM_Aleph_SLA01000025322\" target=\"_blank\" rel=\"noreferrer noopener\">sprawd\u017a wersj\u0119 drukowan\u0105<\/a><\/li>\n<\/ul>\n<\/div><\/div><\/div>\n\n\n\n<div class=\"wp-block-kadence-pane kt-accordion-pane kt-accordion-pane-71 kt-pane21060_6f3822-6c\"><div class=\"kt-accordion-header-wrap\"><button class=\"kt-blocks-accordion-header kt-acccordion-button-label-show\" type=\"button\"><span class=\"kt-blocks-accordion-title-wrap\"><span class=\"kt-blocks-accordion-title\"><strong>Biuletyn Wydzia\u0142u Farmaceutycznego Warszawskiego Uniwersytetu Medycznego<\/strong><\/span><\/span><span class=\"kt-blocks-accordion-icon-trigger\"><\/span><\/button><\/div><div class=\"kt-accordion-panel kt-accordion-panel-hidden\"><div class=\"kt-accordion-panel-inner\">\n<p>[1732-1549]<br>Dziedzina:&nbsp;Farmakologia i farmacja<\/p>\n\n\n\n<ul class=\"wp-block-list\">\n<li><strong><a href=\"https:\/\/prospects.wum.edu.pl\/index.php\/pps\/issue\/archive\" target=\"_blank\" rel=\"noreferrer noopener\">dost\u0119p bezp\u0142atny<\/a> od 2006<\/strong><\/li>\n<\/ul>\n<\/div><\/div><\/div>\n\n\n\n<div class=\"wp-block-kadence-pane kt-accordion-pane kt-accordion-pane-72 kt-pane21060_3d27b9-ef\"><div class=\"kt-accordion-header-wrap\"><button class=\"kt-blocks-accordion-header kt-acccordion-button-label-show\" type=\"button\"><span class=\"kt-blocks-accordion-title-wrap\"><span class=\"kt-blocks-accordion-title\"><strong>Bromatologia i Chemia Toksykologiczna<\/strong><\/span><\/span><span class=\"kt-blocks-accordion-icon-trigger\"><\/span><\/button><\/div><div class=\"kt-accordion-panel kt-accordion-panel-hidden\"><div class=\"kt-accordion-panel-inner\">\n<p>[0365-9445][e-ISSN 2353-9054] Bromatol. Chem. Toksykol.<br>Dziedzina:&nbsp;Chemia<\/p>\n\n\n\n<ul class=\"wp-block-list\">\n<li><strong><a href=\"http:\/\/www.ptfarm.pl\/wydawnictwa\/czasopisma\/bromatologia-i-chemia-toksykologiczna\/117\/16906\" target=\"_blank\" rel=\"noreferrer noopener\">dost\u0119p bezp\u0142atny<\/a> 2006-2021<\/strong><\/li>\n\n\n\n<li><a href=\"http:\/\/primo-48slam.hosted.exlibrisgroup.com\/48SLAM_VIEW:aleph_scope:48SLAM_Aleph_SLA01000024540\" target=\"_blank\" rel=\"noreferrer noopener\">sprawd\u017a wersj\u0119 drukowan\u0105&nbsp;<\/a><\/li>\n<\/ul>\n<\/div><\/div><\/div>\n\n\n\n<div class=\"wp-block-kadence-pane kt-accordion-pane kt-accordion-pane-73 kt-pane21060_a2d15e-a8\"><div class=\"kt-accordion-header-wrap\"><button class=\"kt-blocks-accordion-header kt-acccordion-button-label-show\" type=\"button\"><span class=\"kt-blocks-accordion-title-wrap\"><span class=\"kt-blocks-accordion-title\"><strong>Bulletin of the Polish Academy of Sciences. Technical Sciences<\/strong><\/span><\/span><span class=\"kt-blocks-accordion-icon-trigger\"><\/span><\/button><\/div><div class=\"kt-accordion-panel kt-accordion-panel-hidden\"><div class=\"kt-accordion-panel-inner\">\n<p>[0239-7528][e-ISSN 2300-1917]<br>Dziedzina: Medycyna og\u00f3lna<\/p>\n\n\n\n<ul class=\"wp-block-list\">\n<li><strong><a href=\"http:\/\/bulletin.pan.pl\/volumeissue.html\" target=\"_blank\" rel=\"noreferrer noopener\">dost\u0119p bezp\u0142atny<\/a> 2004-2012<\/strong><\/li>\n<\/ul>\n<\/div><\/div><\/div>\n\n\n\n<div class=\"wp-block-kadence-pane kt-accordion-pane kt-accordion-pane-74 kt-pane21060_07ba76-a2\"><div class=\"kt-accordion-header-wrap\"><button class=\"kt-blocks-accordion-header kt-acccordion-button-label-show\" type=\"button\"><span class=\"kt-blocks-accordion-title-wrap\"><span class=\"kt-blocks-accordion-title\"><strong>Bulletin of Veterinary Institute in Pulawy<\/strong><\/span><\/span><span class=\"kt-blocks-accordion-icon-trigger\"><\/span><\/button><\/div><div class=\"kt-accordion-panel kt-accordion-panel-hidden\"><div class=\"kt-accordion-panel-inner\">\n<p>[0042-4870][e-ISSN&nbsp;2300-3235] Bull. Vet. Inst.<br>Dziedzina:&nbsp;Interdyscyplinarne<br>Kontynuacja: Journal of Veterinary Research<\/p>\n\n\n\n<ul class=\"wp-block-list\">\n<li><strong><a href=\"https:\/\/jvetres.piwet.pulawy.pl\/index.php\/index.php\" data-type=\"link\" data-id=\"https:\/\/jvetres.piwet.pulawy.pl\/index.php\/index.php\" target=\"_blank\" rel=\"noreferrer noopener\">dost\u0119p bezp\u0142atny <\/a> od 2002<\/strong><\/li>\n<\/ul>\n<\/div><\/div><\/div>\n\n\n\n<div class=\"wp-block-kadence-pane kt-accordion-pane kt-accordion-pane-75 kt-pane21060_025f72-96\"><div class=\"kt-accordion-header-wrap\"><button class=\"kt-blocks-accordion-header kt-acccordion-button-label-show\" type=\"button\"><span class=\"kt-blocks-accordion-title-wrap\"><span class=\"kt-blocks-accordion-title\"><strong>B\u00f3l<\/strong>&nbsp;<\/span><\/span><span class=\"kt-blocks-accordion-icon-trigger\"><\/span><\/button><\/div><div class=\"kt-accordion-panel kt-accordion-panel-hidden\"><div class=\"kt-accordion-panel-inner\">\n<p>[1640-324X]<br>Dziedzina: Anestezjologia \/ Interdyscyplinarne<\/p>\n\n\n\n<ul class=\"wp-block-list\">\n<li><strong><a href=\"https:\/\/bolczasopismo.pl\/issues\" data-type=\"link\" data-id=\"https:\/\/bolczasopismo.pl\/issues\" target=\"_blank\" rel=\"noreferrer noopener\">dost\u0119p bezp\u0142atny<\/a> od 2014<\/strong><\/li>\n\n\n\n<li><a href=\"https:\/\/primo-48slam.hosted.exlibrisgroup.com\/permalink\/f\/12cmtm9\/48SLAM_Aleph_SLA01000024482\" target=\"_blank\" rel=\"noreferrer noopener\">sprawd\u017a wersj\u0119 drukowan\u0105<\/a><\/li>\n<\/ul>\n<\/div><\/div><\/div>\n<\/div><\/div><\/div>\n\n\n\n<p><\/p>","protected":false},"excerpt":{"rendered":"<p>Polish ejournals catalogue<\/p>","protected":false},"author":3,"featured_media":0,"parent":0,"menu_order":0,"comment_status":"closed","ping_status":"closed","template":"","meta":{"_eb_attr":"","footnotes":""},"categories":[],"tags":[],"class_list":["post-21060","page","type-page","status-publish","hentry"],"publishpress_future_action":{"enabled":false,"date":"2026-04-12 16:36:46","action":"change-status","newStatus":"draft","terms":[],"taxonomy":"category","extraData":[]},"publishpress_future_workflow_manual_trigger":{"enabledWorkflows":[]},"_links":{"self":[{"href":"https:\/\/biblioteka.sum.edu.pl\/en\/wp-json\/wp\/v2\/pages\/21060","targetHints":{"allow":["GET"]}}],"collection":[{"href":"https:\/\/biblioteka.sum.edu.pl\/en\/wp-json\/wp\/v2\/pages"}],"about":[{"href":"https:\/\/biblioteka.sum.edu.pl\/en\/wp-json\/wp\/v2\/types\/page"}],"author":[{"embeddable":true,"href":"https:\/\/biblioteka.sum.edu.pl\/en\/wp-json\/wp\/v2\/users\/3"}],"replies":[{"embeddable":true,"href":"https:\/\/biblioteka.sum.edu.pl\/en\/wp-json\/wp\/v2\/comments?post=21060"}],"version-history":[{"count":59,"href":"https:\/\/biblioteka.sum.edu.pl\/en\/wp-json\/wp\/v2\/pages\/21060\/revisions"}],"predecessor-version":[{"id":27816,"href":"https:\/\/biblioteka.sum.edu.pl\/en\/wp-json\/wp\/v2\/pages\/21060\/revisions\/27816"}],"wp:attachment":[{"href":"https:\/\/biblioteka.sum.edu.pl\/en\/wp-json\/wp\/v2\/media?parent=21060"}],"wp:term":[{"taxonomy":"category","embeddable":true,"href":"https:\/\/biblioteka.sum.edu.pl\/en\/wp-json\/wp\/v2\/categories?post=21060"},{"taxonomy":"post_tag","embeddable":true,"href":"https:\/\/biblioteka.sum.edu.pl\/en\/wp-json\/wp\/v2\/tags?post=21060"}],"curies":[{"name":"wp","href":"https:\/\/api.w.org\/{rel}","templated":true}]}}