{"id":20920,"date":"2024-01-10T14:58:43","date_gmt":"2024-01-10T13:58:43","guid":{"rendered":"https:\/\/biblioteka2.sum.edu.pl\/?page_id=20920"},"modified":"2026-02-10T13:31:39","modified_gmt":"2026-02-10T12:31:39","slug":"libkey-nomad","status":"publish","type":"page","link":"https:\/\/biblioteka.sum.edu.pl\/en\/zasoby\/libkey-nomad\/","title":{"rendered":"LibKey Nomad"},"content":{"rendered":"<p><img loading=\"lazy\" decoding=\"async\" width=\"300\" height=\"68\" class=\"wp-image-24327\" style=\"width: 300px;\" src=\"https:\/\/biblioteka.sum.edu.pl\/wp-content\/uploads\/2024\/08\/LibKey-Nomad-logo.png\" alt=\"logo LibKey Nomad\" srcset=\"https:\/\/biblioteka.sum.edu.pl\/wp-content\/uploads\/2024\/08\/LibKey-Nomad-logo.png 324w, https:\/\/biblioteka.sum.edu.pl\/wp-content\/uploads\/2024\/08\/LibKey-Nomad-logo-300x68.png 300w, https:\/\/biblioteka.sum.edu.pl\/wp-content\/uploads\/2024\/08\/LibKey-Nomad-logo-18x4.png 18w\" sizes=\"auto, (max-width: 300px) 100vw, 300px\" \/><\/p>\n\n\n\n<h2 class=\"wp-block-heading\">How to install?<\/h2>\n\n\n\n<p>LibKey Nomad is a browser add-on that makes <strong>downloading the full texts of articles <\/strong>available on the SUM network simple and intuitive.<\/p>\n\n\n\n<ol class=\"wp-block-list\">\n<li><a href=\"https:\/\/thirdiron.com\/downloadnomad\/\">Download LibKey Nomad<\/a> for the browser you are using.<\/li>\n\n\n\n<li class=\"translation-block\">Select <strong>Medical University of Silesia, Katowice, Poland<\/strong> from the drop-down list.<\/li>\n\n\n\n<li>Start your PubMed search or navigate to the journal title of your choice.<\/li>\n<\/ol>\n\n\n\n<div class=\"wp-block-buttons is-content-justification-center is-layout-flex wp-container-core-buttons-is-layout-a89b3969 wp-block-buttons-is-layout-flex\">\n<div class=\"wp-block-button\"><a class=\"wp-block-button__link has-background has-border-color wp-element-button\" href=\"https:\/\/biblioteka.sum.edu.pl\/wp-content\/uploads\/2024\/01\/LibKey_Instrukcja_narzedziowa-Strona.pdf\" style=\"border-color:#a5c73d;background-color:#a5c73d\">Manual (pdf; 488 KB)<\/a><\/div>\n<\/div>\n\n\n\n<h2 class=\"wp-block-heading has-text-align-left\">How LibKey Nomad works<\/h2>\n\n\n\n<div class=\"wp-block-essential-blocks-advanced-tabs root-eb-advanced-tabs-0mx9jeb\"><div class=\"eb-parent-wrapper eb-parent-eb-advanced-tabs-0mx9jeb\"><div class=\"eb-advanced-tabs-0mx9jeb eb-advanced-tabs-wrapper horizontal\" data-min-height=\"true\"><div class=\"eb-tabs-nav\"><ul class=\"tabTitles\" data-tabs-ul-id=\"eb-advanced-tabs-0mx9jeb\"><li data-title-tab-id=\"1\" data-title-custom-id=\"lkpubmed\" id=\"lkpubmed\" class=\"active\"><div class=\"tab-title-wrap\"><h6 class=\"tab-title-text\"><a href=\"https:\/\/biblioteka.sum.edu.pl\/en\/libkey-nomad\/#lkpubmed\">LibKey Nomad in PubMed<\/a><\/h6><\/div><\/li><li data-title-tab-id=\"2\" data-title-custom-id=\"lkjourn\" id=\"lkjourn\" class=\"inactive\"><div class=\"tab-title-wrap\"><h6 class=\"tab-title-text\"><a href=\"https:\/\/biblioteka.sum.edu.pl\/en\/libkey-nomad\/#lkjourn\">LibKey Nomad in ejournals<\/a><\/h6><\/div><\/li><\/ul><\/div><div class=\"eb-tabs-contents\">\n<div class=\"eb-tab-wrapper\" data-tab-id=\"1\" data-tab-parent-id=\"eb-advanced-tabs-0mx9jeb\"><div class=\"eb-tab-inner\">\n<div class=\"wp-block-columns is-layout-flex wp-container-core-columns-is-layout-28f84493 wp-block-columns-is-layout-flex\">\n<div class=\"wp-block-column is-layout-flow wp-block-column-is-layout-flow\" style=\"flex-basis:100%\">\n<figure class=\"wp-block-table\"><table><tbody><tr><td class=\"has-text-align-left translation-block\" data-align=\"left\"><strong><em>Download PDF <\/em><\/strong>and <strong><em>Article Link<\/em><\/strong> icons take you directly to the full text of the article in pdf or html. <br><br><em><strong>Access Option<\/strong> <\/em> icon usually indicates that the full-text article is not available.<br><\/td><\/tr><tr><td class=\"has-text-align-left\" data-align=\"left\"><img loading=\"lazy\" decoding=\"async\" width=\"800\" height=\"557\" class=\"wp-image-20965\" style=\"width: 800px;\" src=\"https:\/\/biblioteka.sum.edu.pl\/wp-content\/uploads\/2024\/01\/LibKey-PubMed.jpg\" alt=\"Przyk\u0142ad u\u017cycia ikon LibKey Nomad\" srcset=\"https:\/\/biblioteka.sum.edu.pl\/wp-content\/uploads\/2024\/01\/LibKey-PubMed.jpg 761w, https:\/\/biblioteka.sum.edu.pl\/wp-content\/uploads\/2024\/01\/LibKey-PubMed-300x209.jpg 300w, https:\/\/biblioteka.sum.edu.pl\/wp-content\/uploads\/2024\/01\/LibKey-PubMed-18x12.jpg 18w\" sizes=\"auto, (max-width: 800px) 100vw, 800px\" \/><\/td><\/tr><\/tbody><\/table><\/figure>\n<\/div>\n<\/div>\n<\/div><\/div>\n\n\n\n<div class=\"eb-tab-wrapper\" data-tab-id=\"2\" data-tab-parent-id=\"eb-advanced-tabs-0mx9jeb\"><div class=\"eb-tab-inner\">\n<figure class=\"wp-block-table\"><table><tbody><tr><td class=\"has-text-align-left translation-block\" data-align=\"left\">On ejournal websites,\u00a0<strong><em>Download PDF <\/em><\/strong> and <strong><em>Article Link<\/em><\/strong>\u00a0buttons indicate the availability of the full text of the article.<\/td><\/tr><tr><td class=\"has-text-align-left\" data-align=\"left\"><br><img loading=\"lazy\" decoding=\"async\" width=\"650\" height=\"513\" class=\"wp-image-20971\" style=\"width: 650px;\" src=\"https:\/\/biblioteka.sum.edu.pl\/wp-content\/uploads\/2024\/01\/Libkey_Springer.jpg\" alt=\"\" srcset=\"https:\/\/biblioteka.sum.edu.pl\/wp-content\/uploads\/2024\/01\/Libkey_Springer.jpg 1135w, https:\/\/biblioteka.sum.edu.pl\/wp-content\/uploads\/2024\/01\/Libkey_Springer-300x237.jpg 300w, https:\/\/biblioteka.sum.edu.pl\/wp-content\/uploads\/2024\/01\/Libkey_Springer-1024x807.jpg 1024w, https:\/\/biblioteka.sum.edu.pl\/wp-content\/uploads\/2024\/01\/Libkey_Springer-768x606.jpg 768w, https:\/\/biblioteka.sum.edu.pl\/wp-content\/uploads\/2024\/01\/Libkey_Springer-15x12.jpg 15w\" sizes=\"auto, (max-width: 650px) 100vw, 650px\" \/><br><\/td><\/tr><\/tbody><\/table><\/figure>\n<\/div><\/div>\n<\/div><\/div><\/div><\/div>","protected":false},"excerpt":{"rendered":"<p>Jak zainstalowa\u0107? LibKey Nomad to dodatek do przegl\u0105darki, dzi\u0119ki kt\u00f3remu pobranie pe\u0142nych tekst\u00f3w artyku\u0142\u00f3w dost\u0119pnych w sieci \u015aUM jest proste i intuicyjne. Jak dzia\u0142a LibKey Nomad<\/p>","protected":false},"author":3,"featured_media":0,"parent":132,"menu_order":0,"comment_status":"closed","ping_status":"closed","template":"","meta":{"_eb_attr":"","footnotes":""},"categories":[],"tags":[],"class_list":["post-20920","page","type-page","status-publish","hentry"],"publishpress_future_action":{"enabled":false,"date":"2026-04-12 10:23:26","action":"change-status","newStatus":"draft","terms":[],"taxonomy":"category","extraData":[]},"publishpress_future_workflow_manual_trigger":{"enabledWorkflows":[]},"_links":{"self":[{"href":"https:\/\/biblioteka.sum.edu.pl\/en\/wp-json\/wp\/v2\/pages\/20920","targetHints":{"allow":["GET"]}}],"collection":[{"href":"https:\/\/biblioteka.sum.edu.pl\/en\/wp-json\/wp\/v2\/pages"}],"about":[{"href":"https:\/\/biblioteka.sum.edu.pl\/en\/wp-json\/wp\/v2\/types\/page"}],"author":[{"embeddable":true,"href":"https:\/\/biblioteka.sum.edu.pl\/en\/wp-json\/wp\/v2\/users\/3"}],"replies":[{"embeddable":true,"href":"https:\/\/biblioteka.sum.edu.pl\/en\/wp-json\/wp\/v2\/comments?post=20920"}],"version-history":[{"count":30,"href":"https:\/\/biblioteka.sum.edu.pl\/en\/wp-json\/wp\/v2\/pages\/20920\/revisions"}],"predecessor-version":[{"id":27727,"href":"https:\/\/biblioteka.sum.edu.pl\/en\/wp-json\/wp\/v2\/pages\/20920\/revisions\/27727"}],"up":[{"embeddable":true,"href":"https:\/\/biblioteka.sum.edu.pl\/en\/wp-json\/wp\/v2\/pages\/132"}],"wp:attachment":[{"href":"https:\/\/biblioteka.sum.edu.pl\/en\/wp-json\/wp\/v2\/media?parent=20920"}],"wp:term":[{"taxonomy":"category","embeddable":true,"href":"https:\/\/biblioteka.sum.edu.pl\/en\/wp-json\/wp\/v2\/categories?post=20920"},{"taxonomy":"post_tag","embeddable":true,"href":"https:\/\/biblioteka.sum.edu.pl\/en\/wp-json\/wp\/v2\/tags?post=20920"}],"curies":[{"name":"wp","href":"https:\/\/api.w.org\/{rel}","templated":true}]}}