{"id":20829,"date":"2024-01-05T15:18:28","date_gmt":"2024-01-05T14:18:28","guid":{"rendered":"https:\/\/biblioteka2.sum.edu.pl\/?page_id=20829"},"modified":"2026-03-02T13:17:20","modified_gmt":"2026-03-02T12:17:20","slug":"osmosis","status":"publish","type":"page","link":"https:\/\/biblioteka.sum.edu.pl\/en\/zasoby\/najczesciej-uzywane-bazy\/osmosis\/","title":{"rendered":"Osmosis"},"content":{"rendered":"<h2 class=\"wp-block-heading\">Osmosis<\/h2>\n\n\n\n<div class=\"wp-block-essential-blocks-advanced-tabs  root-eb-advanced-tabs-0mx9jeb\"><div class=\"eb-parent-wrapper eb-parent-eb-advanced-tabs-0mx9jeb\"><div class=\"eb-advanced-tabs-0mx9jeb eb-advanced-tabs-wrapper horizontal\" data-min-height=\"true\"><div class=\"eb-tabs-nav\"><ul class=\"tabTitles\" data-tabs-ul-id=\"eb-advanced-tabs-0mx9jeb\"><li data-title-tab-id=\"1\" data-title-custom-id=\"\" class=\"active\"><div class=\"tab-title-wrap\"><h6 class=\"tab-title-text\">Students<br>account @365.sum.edu.pl<\/h6><\/div><\/li><li data-title-tab-id=\"2\" data-title-custom-id=\"\" class=\"inactive\"><div class=\"tab-title-wrap\"><h6 class=\"tab-title-text\">Academic teachers<br>account @sum.edu.pl<\/h6><\/div><\/li><\/ul><\/div><div class=\"eb-tabs-contents\">\n<div class=\"eb-tab-wrapper\" data-tab-id=\"1\" data-tab-parent-id=\"eb-advanced-tabs-0mx9jeb\"><div class=\"eb-tab-inner\">\n<figure class=\"wp-block-table\"><table><tbody><tr><td class=\"has-text-align-center\" data-align=\"center\"><a href=\"https:\/\/www.osmosis.org\/cohort-invite?id=7278&amp;k=RGi7MWEZT7_Gj6Okxv2dnot1TFCQLmcl\">Entrance to Osmosis for students<\/a><\/td><\/tr><\/tbody><\/table><\/figure>\n<\/div><\/div>\n\n\n\n<div class=\"eb-tab-wrapper\" data-tab-id=\"2\" data-tab-parent-id=\"eb-advanced-tabs-0mx9jeb\"><div class=\"eb-tab-inner\">\n<figure class=\"wp-block-table\"><table><tbody><tr><td class=\"has-text-align-center\" data-align=\"center\"><a href=\"https:\/\/www.osmosis.org\/cohort-invite?id=3080&amp;k=z1V7g9hGRk2KpcXGMSAlE-L5S9KgsZqO\">Entrance to Osmosis for teaching staff<\/a><\/td><\/tr><\/tbody><\/table><\/figure>\n<\/div><\/div>\n<\/div><\/div><\/div><\/div>\n\n\n\n<p><\/p>\n\n\n\n<p class=\"has-text-align-center\"><a href=\"https:\/\/www.youtube.com\/@osmosis\" target=\"_blank\" rel=\"noreferrer noopener\">Osmosis channel on YouTube<\/a>&nbsp;<\/p>\n\n\n\n<p class=\"has-text-align-center\"><a href=\"https:\/\/biblioteka.sum.edu.pl\/wp-content\/uploads\/2024\/10\/Osmosis-Fact-Sheet-2021.pdf\">Osmosis Fact Sheet<\/a><\/p>\n\n\n\n<p>Osmosis is a comprehensive platform that helps medical students and educators learn and teach. <br>The platform makes complex medical concepts accessible and engaging. Its learning modules are designed to guide users through the concepts in an easy way, thanks to content-chunking or multimedia design methods.<\/p>\n\n\n\n<p>Osmosis gives you access to:<\/p>\n\n\n\n<ul class=\"wp-block-list\">\n<li class=\"translation-block\">expanding library of more than 1,800 <strong>videos<\/strong> covering physiology, pathology, pharmacology, clinical practice, and more,<\/li>\n\n\n\n<li class=\"translation-block\">over 8,000 clinical case  <strong>questions<\/strong> to help you self-assess,<\/li>\n\n\n\n<li class=\"translation-block\">over 16,000 <strong>flashcards<\/strong>, automatically timed out to optimize learner retention,<\/li>\n\n\n\n<li class=\"translation-block\">over 1,000 corresponding <strong>High-Yield Notes<\/strong> so learners are sure they\u2019re studying the most useful material.<\/li>\n<\/ul>\n\n\n\n<figure class=\"wp-block-image aligncenter size-full\"><img loading=\"lazy\" decoding=\"async\" width=\"358\" height=\"89\" src=\"https:\/\/biblioteka.sum.edu.pl\/wp-content\/uploads\/2024\/10\/Osmosis.org-Logo-small.png\" alt=\"\" class=\"wp-image-24746\" srcset=\"https:\/\/biblioteka.sum.edu.pl\/wp-content\/uploads\/2024\/10\/Osmosis.org-Logo-small.png 358w, https:\/\/biblioteka.sum.edu.pl\/wp-content\/uploads\/2024\/10\/Osmosis.org-Logo-small-300x75.png 300w, https:\/\/biblioteka.sum.edu.pl\/wp-content\/uploads\/2024\/10\/Osmosis.org-Logo-small-18x4.png 18w\" sizes=\"auto, (max-width: 358px) 100vw, 358px\" \/><\/figure>","protected":false},"excerpt":{"rendered":"<p>Osmosis Kana\u0142 Osmosis na YouTube&nbsp; Osmosis Fact Sheet Osmosis to&nbsp;kompleksowa platforma, kt\u00f3ra pomaga studentom medycyny i dydaktykom w nauce i nauczaniu. Dzi\u0119ki platformie skomplikowane koncepcje medyczne staj\u0105 si\u0119 przyst\u0119pne i wci\u0105gaj\u0105ce. Jej modu\u0142y edukacyjne s\u0105 zaprojektowane tak, aby prowadzi\u0107 u\u017cytkownik\u00f3w przez koncepcje w \u0142atwy spos\u00f3b m. in. dzi\u0119ki metodzie rozbijania materia\u0142u na mniejsze kawa\u0142ki, czy [&hellip;]<\/p>","protected":false},"author":3,"featured_media":0,"parent":23302,"menu_order":0,"comment_status":"closed","ping_status":"closed","template":"","meta":{"_eb_attr":"","footnotes":""},"categories":[],"tags":[],"class_list":["post-20829","page","type-page","status-publish","hentry"],"publishpress_future_action":{"enabled":false,"date":"2026-04-12 16:14:46","action":"change-status","newStatus":"draft","terms":[],"taxonomy":"category","extraData":[]},"publishpress_future_workflow_manual_trigger":{"enabledWorkflows":[]},"_links":{"self":[{"href":"https:\/\/biblioteka.sum.edu.pl\/en\/wp-json\/wp\/v2\/pages\/20829","targetHints":{"allow":["GET"]}}],"collection":[{"href":"https:\/\/biblioteka.sum.edu.pl\/en\/wp-json\/wp\/v2\/pages"}],"about":[{"href":"https:\/\/biblioteka.sum.edu.pl\/en\/wp-json\/wp\/v2\/types\/page"}],"author":[{"embeddable":true,"href":"https:\/\/biblioteka.sum.edu.pl\/en\/wp-json\/wp\/v2\/users\/3"}],"replies":[{"embeddable":true,"href":"https:\/\/biblioteka.sum.edu.pl\/en\/wp-json\/wp\/v2\/comments?post=20829"}],"version-history":[{"count":17,"href":"https:\/\/biblioteka.sum.edu.pl\/en\/wp-json\/wp\/v2\/pages\/20829\/revisions"}],"predecessor-version":[{"id":27917,"href":"https:\/\/biblioteka.sum.edu.pl\/en\/wp-json\/wp\/v2\/pages\/20829\/revisions\/27917"}],"up":[{"embeddable":true,"href":"https:\/\/biblioteka.sum.edu.pl\/en\/wp-json\/wp\/v2\/pages\/23302"}],"wp:attachment":[{"href":"https:\/\/biblioteka.sum.edu.pl\/en\/wp-json\/wp\/v2\/media?parent=20829"}],"wp:term":[{"taxonomy":"category","embeddable":true,"href":"https:\/\/biblioteka.sum.edu.pl\/en\/wp-json\/wp\/v2\/categories?post=20829"},{"taxonomy":"post_tag","embeddable":true,"href":"https:\/\/biblioteka.sum.edu.pl\/en\/wp-json\/wp\/v2\/tags?post=20829"}],"curies":[{"name":"wp","href":"https:\/\/api.w.org\/{rel}","templated":true}]}}