{"id":20807,"date":"2024-01-04T11:18:15","date_gmt":"2024-01-04T10:18:15","guid":{"rendered":"https:\/\/biblioteka2.sum.edu.pl\/?page_id=20807"},"modified":"2024-02-26T14:51:54","modified_gmt":"2024-02-26T13:51:54","slug":"szkolenia-dla-kadry-dydaktycznej-sum-w-ramach-programu-power-i-nabor","status":"publish","type":"page","link":"https:\/\/biblioteka.sum.edu.pl\/en\/szkolenia-dla-kadry-dydaktycznej-sum-w-ramach-programu-power-i-nabor\/","title":{"rendered":"Szkolenia dla Kadry dydaktycznej SUM w ramach programu POWER (I nab\u00f3r)"},"content":{"rendered":"<h2 class=\"wp-block-heading\">Szkolenia dla Kadry dydaktycznej SUM w ramach programu POWER (I nab\u00f3r)<\/h2>\n\n\n\n<figure class=\"wp-block-image size-large is-resized\"><img loading=\"lazy\" decoding=\"async\" width=\"1024\" height=\"132\" src=\"https:\/\/biblioteka.sum.edu.pl\/wp-content\/uploads\/2024\/01\/Logo-POWER-1024x132.jpg\" alt=\"\" class=\"wp-image-20813\" style=\"width:740px;height:auto\" srcset=\"https:\/\/biblioteka.sum.edu.pl\/wp-content\/uploads\/2024\/01\/Logo-POWER-1024x132.jpg 1024w, https:\/\/biblioteka.sum.edu.pl\/wp-content\/uploads\/2024\/01\/Logo-POWER-300x39.jpg 300w, https:\/\/biblioteka.sum.edu.pl\/wp-content\/uploads\/2024\/01\/Logo-POWER-768x99.jpg 768w, https:\/\/biblioteka.sum.edu.pl\/wp-content\/uploads\/2024\/01\/Logo-POWER-1536x197.jpg 1536w, https:\/\/biblioteka.sum.edu.pl\/wp-content\/uploads\/2024\/01\/Logo-POWER-2048x263.jpg 2048w, https:\/\/biblioteka.sum.edu.pl\/wp-content\/uploads\/2024\/01\/Logo-POWER-18x2.jpg 18w\" sizes=\"auto, (max-width: 1024px) 100vw, 1024px\" \/><\/figure>\n\n\n\n<p><\/p>\n\n\n\n<h3 class=\"wp-block-heading\"><strong><strong>Rekrutacja zawieszona do czasu og\u0142oszenia kolejnych termin\u00f3w szkole\u0144<\/strong><\/strong><\/h3>\n\n\n\n<h4 class=\"wp-block-heading\"><strong>Informacje og\u00f3lne<\/strong><\/h4>\n\n\n\n<p>Szkolenia realizowane b\u0119d\u0105 w ramach projektu&nbsp;<strong><em>\u201eZintegrowane Programy Uczelni SUM 2\u201d<\/em><\/strong><em>,&nbsp;<\/em>nr umowy o dofinansowanie: POWR.03.05.00-00-Z077\/18. Projekt wsp\u00f3\u0142finansowany jest przez Uni\u0119 Europejsk\u0105 ze \u015brodk\u00f3w Europejskiego Funduszu Spo\u0142ecznego w ramach Programu Operacyjnego Wiedza Edukacja, Rozw\u00f3j.<br>Projekt jest wsp\u00f3\u0142finansowany ze \u015brodk\u00f3w Unii Europejskiej w ramach Europejskiego Funduszu Spo\u0142ecznego.<\/p>\n\n\n\n<p>G\u0142\u00f3wnym&nbsp;<strong>celem projektu<\/strong>&nbsp;jest podniesienie kompetencji dydaktycznych kadry dydaktycznej uczelni. Zdobyte przez kadr\u0119 uczelni kompetencje zostan\u0105 wykorzystane w zaj\u0119ciach ze studentami w spos\u00f3b jak najbardziej efektywny. Zdobyte przez uczestnik\u00f3w szkole\u0144 kompetencje zostan\u0105 przez nich wykorzystane w ramach prowadzonych zaj\u0119\u0107 ze studentami w wymiarze co najmniej&nbsp; jednego semestru (zrealizowanego lub te\u017c rozpocz\u0119tego w trakcie realizacji projektu).<\/p>\n\n\n\n<p>W ramach Projektu Biblioteka \u015al\u0105skiego Uniwersytetu Medycznego w Katowicach rozpocznie realizacj\u0119 szkole\u0144 z dost\u0119pnych w Bibliotece elektronicznych \u017ar\u00f3de\u0142 (baz danych, e-czasopism, e-ksi\u0105\u017cek, baz Evidence Based Medicine), wyszukiwania w bazach danych (PubMed, Embase, Polska Bibliografia Lekarska) oraz narz\u0119dzia porz\u0105dkuj\u0105cego bibliografi\u0119 (Mendeley).<\/p>\n\n\n\n<p>\u0141\u0105cznie zostanie przeszkolonych 60 pracownik\u00f3w dydaktycznych Uczelni. Jedna osoba mo\u017ce uczestniczy\u0107 w jednym szkoleniu (temacie).<\/p>\n\n\n\n<p>Projekt b\u0119dzie realizowany od pa\u017adziernika 2019 r. do lutego 2021, lub do wyczerpania limitu miejsc.<\/p>\n\n\n\n<h3 class=\"wp-block-heading\">Opis szkole\u0144<\/h3>\n\n\n\n<p>W ramach projektu realizowane b\u0119d\u0105 trzy zadania:<\/p>\n\n\n\n<p><strong>Elektroniczna biblioteka wsparciem w dydaktyce.<\/strong><br>Poznanie i korzystanie ze \u017ar\u00f3de\u0142 elektronicznych dost\u0119pnych w Bibliotece: baz danych, e-czasopism, e-ksi\u0105\u017cek, baz Evidence Based Medicine.<br>Szkolenie odbywa\u0107 si\u0119 b\u0119dzie w niewielkiej grupie, w formie warsztatowej, w czytelni komputerowej Biblioteki G\u0142\u00f3wnej SUM i b\u0119dzie trwa\u0142o 4 godziny dydaktyczne.<\/p>\n\n\n\n<p><strong>Medyczne bazy danych dla zaawansowanych dydaktyk\u00f3w.<\/strong><br>Warsztaty z zakresu zaawansowanych technik wyszukiwania w bazach PubMed, Embase, Polska Bibliografia Lekarska, kt\u00f3re s\u0105 podstawowymi bazami bibliograficznymi z dziedziny medycyny.<br>Szkolenie odbywa\u0107 si\u0119 b\u0119dzie w niewielkiej grupie, w formie warsztatowej, w czytelni komputerowej Biblioteki G\u0142\u00f3wnej SUM i b\u0119dzie trwa\u0142o 4 godziny dydaktyczne.<\/p>\n\n\n\n<p><strong>Narz\u0119dzia porz\u0105dkuj\u0105ce bibliografi\u0119.<\/strong><br>Warsztaty z zakresu zaawansowanej obs\u0142ugi programu Mendeley, kt\u00f3ry s\u0142u\u017cy do zarz\u0105dzania opisami bibliograficznymi.<br>Szkolenie odbywa\u0107 si\u0119 b\u0119dzie w niewielkiej grupie, w formie warsztatowej, w czytelni komputerowej Biblioteki G\u0142\u00f3wnej SUM i b\u0119dzie trwa\u0142o 2 godziny dydaktyczne.<\/p>\n\n\n\n<p>Wszystkie szkolenia odbywa\u0107 si\u0119 b\u0119d\u0105 w godzinach popo\u0142udniowych.<br>Dla uczestnik\u00f3w szkole\u0144 dost\u0119pny b\u0119dzie parking przed budynkiem Biblioteki G\u0142\u00f3wnej ul. Warszawska 14, Katowice.<\/p>\n\n\n\n<h3 class=\"wp-block-heading\"><strong>Rekrutacja zawieszona do czasu og\u0142oszenia kolejnych termin\u00f3w szkole\u0144.&nbsp;TERMINY SZKOLE\u0143 dost\u0119pne s\u0105 w Formularzu rekrutacyjnym.<\/strong><\/h3>\n\n\n\n<h4 class=\"wp-block-heading\"><strong>Regulamin wraz z za\u0142\u0105cznikami<\/strong><\/h4>\n\n\n\n<p><strong><a href=\"https:\/\/biblioteka.sum.edu.pl\/wp-content\/uploads\/2024\/01\/146-2019-Zarz-dzenie-nr-146-2019.pdf\" data-type=\"link\" data-id=\"https:\/\/biblioteka.sum.edu.pl\/wp-content\/uploads\/2024\/01\/146-2019-Zarz-dzenie-nr-146-2019.pdf\">Regulamin rekrutacji i uczestnictwa Kadry dydaktycznej \u015al\u0105skiego Uniwersytetu Medycznego w Katowicach w szkoleniach<\/a><\/strong>&nbsp;w ramach zada\u0144 nr 11, 12, 13 projektu \u201eZintegrowane Programy Uczelni SUM 2\u201d realizowanego w&nbsp;ramach Dzia\u0142ania 3.4 Zarz\u0105dzanie w instytucjach szkolnictwa wy\u017cszego Programu Operacyjnego Wiedza Edukacja Rozw\u00f3j&nbsp;&#8211; Za\u0142\u0105cznik nr 1 do Zarz\u0105dzenia nr 146\/2019 z dnia 2019-09-02 (strony 3-18).<\/p>\n\n\n\n<h4 class=\"wp-block-heading\"><strong>Contact<\/strong><\/h4>\n\n\n\n<p>Informacje o realizacji projektu b\u0119d\u0105 na bie\u017c\u0105co publikowane na stronie Biblioteki.<\/p>\n\n\n\n<p>W razie dodatkowych pyta\u0144 prosimy o kontakt z osobami:<br>mgr Justyna Seiffert, tel. 32-208-35-63 email:&nbsp;<a href=\"mailto:mzebala-lis@sum.edu.pl\">jseiffert@sum.edu.pl<\/a><\/p>","protected":false},"excerpt":{"rendered":"<p>Szkolenia dla Kadry dydaktycznej SUM w ramach programu POWER (I nab\u00f3r) Rekrutacja zawieszona do czasu og\u0142oszenia kolejnych termin\u00f3w szkole\u0144 Informacje og\u00f3lne Szkolenia realizowane b\u0119d\u0105 w ramach projektu&nbsp;\u201eZintegrowane Programy Uczelni SUM 2\u201d,&nbsp;nr umowy o dofinansowanie: POWR.03.05.00-00-Z077\/18. Projekt wsp\u00f3\u0142finansowany jest przez Uni\u0119 Europejsk\u0105 ze \u015brodk\u00f3w Europejskiego Funduszu Spo\u0142ecznego w ramach Programu Operacyjnego Wiedza Edukacja, Rozw\u00f3j.Projekt jest wsp\u00f3\u0142finansowany [&hellip;]<\/p>","protected":false},"author":4,"featured_media":0,"parent":0,"menu_order":0,"comment_status":"closed","ping_status":"closed","template":"","meta":{"_eb_attr":"","footnotes":""},"categories":[],"tags":[],"class_list":["post-20807","page","type-page","status-publish","hentry"],"publishpress_future_action":{"enabled":false,"date":"2026-04-30 19:50:55","action":"change-status","newStatus":"draft","terms":[],"taxonomy":"category","extraData":[]},"publishpress_future_workflow_manual_trigger":{"enabledWorkflows":[]},"_links":{"self":[{"href":"https:\/\/biblioteka.sum.edu.pl\/en\/wp-json\/wp\/v2\/pages\/20807","targetHints":{"allow":["GET"]}}],"collection":[{"href":"https:\/\/biblioteka.sum.edu.pl\/en\/wp-json\/wp\/v2\/pages"}],"about":[{"href":"https:\/\/biblioteka.sum.edu.pl\/en\/wp-json\/wp\/v2\/types\/page"}],"author":[{"embeddable":true,"href":"https:\/\/biblioteka.sum.edu.pl\/en\/wp-json\/wp\/v2\/users\/4"}],"replies":[{"embeddable":true,"href":"https:\/\/biblioteka.sum.edu.pl\/en\/wp-json\/wp\/v2\/comments?post=20807"}],"version-history":[{"count":6,"href":"https:\/\/biblioteka.sum.edu.pl\/en\/wp-json\/wp\/v2\/pages\/20807\/revisions"}],"predecessor-version":[{"id":22833,"href":"https:\/\/biblioteka.sum.edu.pl\/en\/wp-json\/wp\/v2\/pages\/20807\/revisions\/22833"}],"wp:attachment":[{"href":"https:\/\/biblioteka.sum.edu.pl\/en\/wp-json\/wp\/v2\/media?parent=20807"}],"wp:term":[{"taxonomy":"category","embeddable":true,"href":"https:\/\/biblioteka.sum.edu.pl\/en\/wp-json\/wp\/v2\/categories?post=20807"},{"taxonomy":"post_tag","embeddable":true,"href":"https:\/\/biblioteka.sum.edu.pl\/en\/wp-json\/wp\/v2\/tags?post=20807"}],"curies":[{"name":"wp","href":"https:\/\/api.w.org\/{rel}","templated":true}]}}