{"id":20788,"date":"2023-12-22T12:41:08","date_gmt":"2023-12-22T11:41:08","guid":{"rendered":"https:\/\/biblioteka2.sum.edu.pl\/?page_id=20788"},"modified":"2026-02-05T13:43:26","modified_gmt":"2026-02-05T12:43:26","slug":"inne-bazy-wlasne","status":"publish","type":"page","link":"https:\/\/biblioteka.sum.edu.pl\/en\/zasoby\/inne-bazy-wlasne\/","title":{"rendered":"Inne bazy w\u0142asne"},"content":{"rendered":"<h2 class=\"wp-block-heading\">SUM Library's own databases<\/h2>\n\n\n\n\n\n\n\n\n\n<div class=\"wp-block-columns is-layout-flex wp-container-core-columns-is-layout-28f84493 wp-block-columns-is-layout-flex\">\n<div class=\"wp-block-column is-layout-flow wp-block-column-is-layout-flow\" style=\"flex-basis:70px\">\n<figure class=\"wp-block-image size-full is-resized\"><img loading=\"lazy\" decoding=\"async\" width=\"49\" height=\"49\" src=\"https:\/\/biblioteka.sum.edu.pl\/wp-content\/uploads\/2023\/11\/Zasob-6ikonki-1.png\" alt=\"\" class=\"wp-image-20060\" style=\"width:64px;height:auto\" srcset=\"https:\/\/biblioteka.sum.edu.pl\/wp-content\/uploads\/2023\/11\/Zasob-6ikonki-1.png 49w, https:\/\/biblioteka.sum.edu.pl\/wp-content\/uploads\/2023\/11\/Zasob-6ikonki-1-12x12.png 12w\" sizes=\"auto, (max-width: 49px) 100vw, 49px\" \/><\/figure>\n<\/div>\n\n\n\n<div class=\"wp-block-column is-layout-flow wp-block-column-is-layout-flow\">\n<p><a href=\"https:\/\/biblioteka.sum.edu.pl\/en\/biuletyn-informacyjny\/\" data-type=\"page\" data-id=\"21784\"><strong>Information Bulletin of the Medical University of Silesia in Katowice<\/strong><\/a><\/p>\n<\/div>\n<\/div>\n\n\n\n<p><\/p>","protected":false},"excerpt":{"rendered":"<p>Inne bazy w\u0142asne Biblioteki \u015aUM Profesorowie i doktorzy habilitowani aktualnie zatrudnieni w \u015al\u0105skim Uniwersytecie Medycznym w Katowicach Doktorzy honoris causa \u015al\u0105skiego Uniwersytetu Medycznego w Katowicach Doktoraty honoris causa dla naukowc\u00f3w \u015al\u0105skiego Uniwersytetu Medycznego w Katowicach Biuletyn Informacyjny \u015al\u0105skiego Uniwersytetu Medycznego w Katowicach<\/p>","protected":false},"author":3,"featured_media":0,"parent":132,"menu_order":0,"comment_status":"closed","ping_status":"closed","template":"","meta":{"_eb_attr":"","footnotes":""},"categories":[],"tags":[],"class_list":["post-20788","page","type-page","status-publish","hentry"],"publishpress_future_action":{"enabled":false,"date":"2026-04-12 10:38:49","action":"change-status","newStatus":"draft","terms":[],"taxonomy":"category","extraData":[]},"publishpress_future_workflow_manual_trigger":{"enabledWorkflows":[]},"_links":{"self":[{"href":"https:\/\/biblioteka.sum.edu.pl\/en\/wp-json\/wp\/v2\/pages\/20788","targetHints":{"allow":["GET"]}}],"collection":[{"href":"https:\/\/biblioteka.sum.edu.pl\/en\/wp-json\/wp\/v2\/pages"}],"about":[{"href":"https:\/\/biblioteka.sum.edu.pl\/en\/wp-json\/wp\/v2\/types\/page"}],"author":[{"embeddable":true,"href":"https:\/\/biblioteka.sum.edu.pl\/en\/wp-json\/wp\/v2\/users\/3"}],"replies":[{"embeddable":true,"href":"https:\/\/biblioteka.sum.edu.pl\/en\/wp-json\/wp\/v2\/comments?post=20788"}],"version-history":[{"count":18,"href":"https:\/\/biblioteka.sum.edu.pl\/en\/wp-json\/wp\/v2\/pages\/20788\/revisions"}],"predecessor-version":[{"id":27657,"href":"https:\/\/biblioteka.sum.edu.pl\/en\/wp-json\/wp\/v2\/pages\/20788\/revisions\/27657"}],"up":[{"embeddable":true,"href":"https:\/\/biblioteka.sum.edu.pl\/en\/wp-json\/wp\/v2\/pages\/132"}],"wp:attachment":[{"href":"https:\/\/biblioteka.sum.edu.pl\/en\/wp-json\/wp\/v2\/media?parent=20788"}],"wp:term":[{"taxonomy":"category","embeddable":true,"href":"https:\/\/biblioteka.sum.edu.pl\/en\/wp-json\/wp\/v2\/categories?post=20788"},{"taxonomy":"post_tag","embeddable":true,"href":"https:\/\/biblioteka.sum.edu.pl\/en\/wp-json\/wp\/v2\/tags?post=20788"}],"curies":[{"name":"wp","href":"https:\/\/api.w.org\/{rel}","templated":true}]}}