{"id":20730,"date":"2023-12-20T10:08:19","date_gmt":"2023-12-20T09:08:19","guid":{"rendered":"https:\/\/biblioteka2.sum.edu.pl\/?page_id=20730"},"modified":"2026-02-10T13:52:05","modified_gmt":"2026-02-10T12:52:05","slug":"rozprawy-doktorskie-sum","status":"publish","type":"page","link":"https:\/\/biblioteka.sum.edu.pl\/en\/zasoby\/rozprawy-doktorskie-sum\/","title":{"rendered":"SUM Doctoral Dissertations"},"content":{"rendered":"<h2 class=\"wp-block-heading\">SUM Doctoral Dissertations<\/h2>\n\n\n\n<h3 class=\"wp-block-heading\">1996 - current<\/h3>\n\n\n\n<p class=\"has-text-align-left translation-block\">SUM doctoral dissertations since 1996 \u2013 <strong>descriptions and full texts<\/strong> (in selection):<\/p>\n\n\n\n<div class=\"wp-block-essential-blocks-button root-eb-button-n32y35c\"><div class=\"eb-parent-wrapper eb-parent-eb-button-n32y35c\"><div class=\"eb-button-wrapper eb-button-alignment eb-button-n32y35c\"><div class=\"eb-button\"><div class=\"eb-button-inner-wrapper\"><a class=\"eb-button-anchor\" href=\"https:\/\/ppm.sum.edu.pl\/index.seam?lang=en&amp;cid=13288\" rel=\"noopener\"><strong>SUM Repository<\/strong> <\/a><\/div><\/div><\/div><\/div><\/div>\n\n\n\n<hr class=\"wp-block-separator has-alpha-channel-opacity\"\/>\n\n\n\n<h3 class=\"wp-block-heading\">1950  \u2013 1997<\/h3>\n\n\n\n<p class=\"has-text-align-left\">SUM doctoral dissertations from 1950 to 1997 - <strong>descriptions only:<\/strong><\/p>\n\n\n\n<div class=\"wp-block-essential-blocks-button root-eb-button-9bki69s\"><div class=\"eb-parent-wrapper eb-parent-eb-button-9bki69s\"><div class=\"eb-button-wrapper eb-button-alignment eb-button-9bki69s\"><div class=\"eb-button\"><div class=\"eb-button-inner-wrapper\"><a class=\"eb-button-anchor\" href=\"https:\/\/www.sbc.org.pl\/dlibra\/results?action=AdvancedSearchAction&amp;type=-3&amp;val1=AND:*:Katalog%20rozpraw%20doktorskich%20i%20habilitacyjnych&amp;qf1=availability:Available\" rel=\"noopener\"><strong>Catalogue of doctoral and postdoctoral dissertations<\/strong> <\/a><\/div><\/div><\/div><\/div><\/div>\n\n\n\n<hr class=\"wp-block-separator has-alpha-channel-opacity\"\/>\n\n\n\n<h3 class=\"wp-block-heading\">SUM Archives Unit<\/h3>\n\n\n\n<p>Doctoral dissertations in physical form (printed or CD-ROM) are stored in the University Archive.<br>The availability of dissertations can be checked in <a href=\"https:\/\/wd.sum.edu.pl\/archiwum\/\" data-type=\"link\" data-id=\"https:\/\/wd.sum.edu.pl\/archiwum\/\">a browser developed by the University Archives<\/a><br>The browser allows you to search for: bachelor's, master's, doctoral and postdoctoral dissertations.<\/p>\n\n\n\n<p>SUM Archives Unit contact:<br>phone no.\u00a0+ 48 32-208-8690 or +48 32-208-8692<br><a href=\"mailto:archiwum@sum.edu.pl\">archiwum@sum.edu.pl<\/a><\/p>\n\n\n\n<p><\/p>","protected":false},"excerpt":{"rendered":"<p>Rozprawy doktorskie \u015aUM 1996 r &#8211; bie\u017c\u0105ce Rozprawy doktorskie obronione w Uczelni od 1996 r. &#8211; opisy i pe\u0142ne teksty (w wyborze): 1950 r. &#8211; 1997 r. Rozprawy doktorskie obronione w Uczelni od 1950 r. do 1997 r. &#8211; tylko opisy: Archiwum Uczelni Rozprawy doktorskie w postaci fizycznej (drukowane lub CD-ROM) przechowywane s\u0105 w Archiwum [&hellip;]<\/p>","protected":false},"author":3,"featured_media":0,"parent":132,"menu_order":0,"comment_status":"closed","ping_status":"closed","template":"","meta":{"_eb_attr":"","footnotes":""},"categories":[],"tags":[],"class_list":["post-20730","page","type-page","status-publish","hentry"],"publishpress_future_action":{"enabled":false,"date":"2026-04-12 10:37:57","action":"change-status","newStatus":"draft","terms":[],"taxonomy":"category","extraData":[]},"publishpress_future_workflow_manual_trigger":{"enabledWorkflows":[]},"_links":{"self":[{"href":"https:\/\/biblioteka.sum.edu.pl\/en\/wp-json\/wp\/v2\/pages\/20730","targetHints":{"allow":["GET"]}}],"collection":[{"href":"https:\/\/biblioteka.sum.edu.pl\/en\/wp-json\/wp\/v2\/pages"}],"about":[{"href":"https:\/\/biblioteka.sum.edu.pl\/en\/wp-json\/wp\/v2\/types\/page"}],"author":[{"embeddable":true,"href":"https:\/\/biblioteka.sum.edu.pl\/en\/wp-json\/wp\/v2\/users\/3"}],"replies":[{"embeddable":true,"href":"https:\/\/biblioteka.sum.edu.pl\/en\/wp-json\/wp\/v2\/comments?post=20730"}],"version-history":[{"count":30,"href":"https:\/\/biblioteka.sum.edu.pl\/en\/wp-json\/wp\/v2\/pages\/20730\/revisions"}],"predecessor-version":[{"id":28082,"href":"https:\/\/biblioteka.sum.edu.pl\/en\/wp-json\/wp\/v2\/pages\/20730\/revisions\/28082"}],"up":[{"embeddable":true,"href":"https:\/\/biblioteka.sum.edu.pl\/en\/wp-json\/wp\/v2\/pages\/132"}],"wp:attachment":[{"href":"https:\/\/biblioteka.sum.edu.pl\/en\/wp-json\/wp\/v2\/media?parent=20730"}],"wp:term":[{"taxonomy":"category","embeddable":true,"href":"https:\/\/biblioteka.sum.edu.pl\/en\/wp-json\/wp\/v2\/categories?post=20730"},{"taxonomy":"post_tag","embeddable":true,"href":"https:\/\/biblioteka.sum.edu.pl\/en\/wp-json\/wp\/v2\/tags?post=20730"}],"curies":[{"name":"wp","href":"https:\/\/api.w.org\/{rel}","templated":true}]}}