{"id":20703,"date":"2023-12-14T15:53:35","date_gmt":"2023-12-14T14:53:35","guid":{"rendered":"https:\/\/biblioteka2.sum.edu.pl\/?page_id=20703"},"modified":"2026-03-30T12:34:59","modified_gmt":"2026-03-30T10:34:59","slug":"dotychczas-testowane-zasoby","status":"publish","type":"page","link":"https:\/\/biblioteka.sum.edu.pl\/en\/dotychczas-testowane-zasoby\/","title":{"rendered":"**Resources tested to date**"},"content":{"rendered":"<h2 class=\"wp-block-heading has-text-color has-link-color wp-elements-6e888708ddbb5a347d0ee49717e67249\" style=\"color:#a5c73d\"><strong>2026 rok<\/strong><\/h2>\n\n\n\n<figure class=\"wp-block-table is-style-regular\"><table class=\"has-border-color\" style=\"border-color:#a5c73d\"><thead><tr><th>Narz\u0119dzie testowane<\/th><th class=\"has-text-align-right\" data-align=\"right\">Data aktywno\u015bci testu<\/th><\/tr><\/thead><tbody><tr><td>ClinicalKey AI<\/td><td class=\"has-text-align-right\" data-align=\"right\">kwiecie\u0144 2026 r.<\/td><\/tr><tr><td>mp.pl Premium<\/td><td class=\"has-text-align-right\" data-align=\"right\">26 stycznia &#8211; 31 marca 2026&nbsp;r.<\/td><\/tr><tr><td>Embase AI<\/td><td class=\"has-text-align-right\" data-align=\"right\">2 stycznia &#8211; 2 lutego 2026 r.<\/td><\/tr><\/tbody><\/table><\/figure>\n\n\n\n<h2 class=\"wp-block-heading has-text-color has-link-color wp-elements-a6c17729d3aa9411fca6bbec81ab5430\" style=\"color:#a5c73d\"><strong>2025 rok<\/strong><\/h2>\n\n\n\n<figure class=\"wp-block-table is-style-regular\"><table class=\"has-border-color\" style=\"border-color:#a5c73d\"><thead><tr><th>Narz\u0119dzie testowane<\/th><th class=\"has-text-align-right\" data-align=\"right\">Data aktywno\u015bci testu<\/th><\/tr><\/thead><tbody><tr><td>Ovid Discovery AI, EBMR, JBI + SUMARI oraz  NutriHealth<\/td><td class=\"has-text-align-right\" data-align=\"right\">9 pa\u017cdziernika &#8211; 12 grudnia 2025 r.<\/td><\/tr><tr><td>Web of Science AI Research Assistance<\/td><td class=\"has-text-align-right\" data-align=\"right\">12 maja &#8211; 11 czerwca 2025 r.<\/td><\/tr><\/tbody><\/table><\/figure>\n\n\n\n<h2 class=\"wp-block-heading has-text-color has-link-color wp-elements-63d4ee99c281df0c611d01d218c25381\" style=\"color:#a5c73d\"><strong>2024 year<\/strong><\/h2>\n\n\n\n<figure class=\"wp-block-table is-style-regular\"><table class=\"has-border-color\" style=\"border-color:#a5c73d\"><thead><tr><th>Data aktywno\u015bci testu<\/th><th class=\"has-text-align-right\" data-align=\"right\">Data aktywno\u015bci testu<\/th><\/tr><\/thead><tbody><tr><td>AMBOSS<\/td><td class=\"has-text-align-right\" data-align=\"right\">October 28th - December 31st 2024<\/td><\/tr><tr><td>Oxford Academic<\/td><td class=\"has-text-align-right\" data-align=\"right\">October 15th 2024 <br>- 15th January 2025<\/td><\/tr><tr><td>MedOne Education <br>MedOne Teaching Assistant Anatomy<\/td><td class=\"has-text-align-right\" data-align=\"right\">October 15th - November 30th, 2024<\/td><\/tr><tr><td>Web of Science Research Assistant<\/td><td class=\"has-text-align-right\" data-align=\"right\">September 9th-30th, 2024 <\/td><\/tr><tr><td>Scopus AI<\/td><td class=\"has-text-align-right\" data-align=\"right\">April 22nd - May 31st <br>2024 <\/td><\/tr><tr><td>Applied Science &amp; Technology Source Ultimate<\/td><td class=\"has-text-align-right\" data-align=\"right\">March 12nd - June 15th <br>2024<\/td><\/tr><tr><td>Health Library &#8211; International Premium Basic Sciences Collection<\/td><td class=\"has-text-align-right\" data-align=\"right\">May 6th - June 6th <br>2024<\/td><\/tr><\/tbody><\/table><\/figure>\n\n\n\n<h2 class=\"wp-block-heading has-text-color has-link-color wp-elements-f81c47e0b39914ceee3016434e2b910b\" style=\"color:#a5c73d\"><strong>2023 year<\/strong><\/h2>\n\n\n\n<figure class=\"wp-block-table is-style-regular\"><table class=\"has-border-color\" style=\"border-color:#a5c73d\"><thead><tr><th>Data aktywno\u015bci testu<\/th><th class=\"has-text-align-right\" data-align=\"right\">Data aktywno\u015bci testu<\/th><\/tr><\/thead><tbody><tr><td>e-Anatomy<\/td><td class=\"has-text-align-right\" data-align=\"right\">December 7th, 2023 - January 7th, 2024<\/td><\/tr><tr><td>JoVE Research<\/td><td class=\"has-text-align-right\" data-align=\"right\">November 1st, 2023 - April 30th, 2024<\/td><\/tr><tr><td>BMJ Best Practice<\/td><td class=\"has-text-align-right\" data-align=\"right\">November 1st - December 31st, 2023<\/td><\/tr><tr><td>Rehabilitation &amp; Sports Medicine Source<br>Rehabilitation Reference Center<\/td><td class=\"has-text-align-right\" data-align=\"right\">June 1st - August 27th, 2023<\/td><\/tr><tr><td>Osmosis<\/td><td class=\"has-text-align-right\" data-align=\"right\">May 5th - July 3rd, 2023<\/td><\/tr><tr><td>Wolters Kluwer educational resources:<br><br>Acland\u2019s Video Atlas of Human Anatomy,<br>Grant\u2019s Dissection Video Collection,<br>LWW Health&nbsp;Library Premium Basic Sciences Collection<br>Czasopisma wydawcy New England Journal of Medicine (NEJM Group)<\/td><td class=\"has-text-align-right\" data-align=\"right\">May 8th - June 7th, 2023&nbsp;<\/td><\/tr><tr><td>ClinicalKey Student<\/td><td class=\"has-text-align-right\" data-align=\"right\">May 4th - July 2nd, 2023<\/td><\/tr><tr><td>Oxford University Press resources: <br><br>Oxford Medicine Online,<br>Oxford Clinical Psychology,<br>Very Short Introductions &#8211; Medicine &amp; Health Module,<br>Oxford Scholarship Online &#8211; Clinical Medicine and Allied Health Module,<br>AMA Manual of Style<\/td><td class=\"has-text-align-right\" data-align=\"right\">March 16th - June 17th, 2023<\/td><\/tr><\/tbody><\/table><\/figure>\n\n\n\n<p><\/p>","protected":false},"excerpt":{"rendered":"<p>2026 rok Narz\u0119dzie testowane Data aktywno\u015bci testu ClinicalKey AI kwiecie\u0144 2026 r. mp.pl Premium 26 stycznia &#8211; 31 marca 2026&nbsp;r. Embase AI 2 stycznia &#8211; 2 lutego 2026 r. 2025 rok Narz\u0119dzie testowane Data aktywno\u015bci testu Ovid Discovery AI, EBMR, JBI + SUMARI oraz NutriHealth 9 pa\u017cdziernika &#8211; 12 grudnia 2025 r. Web of Science [&hellip;]<\/p>","protected":false},"author":3,"featured_media":0,"parent":0,"menu_order":0,"comment_status":"closed","ping_status":"closed","template":"","meta":{"_eb_attr":"","footnotes":""},"categories":[208],"tags":[],"class_list":["post-20703","page","type-page","status-publish","hentry","category-dostepy-testowe"],"publishpress_future_action":{"enabled":false,"date":"2026-04-12 16:36:54","action":"change-status","newStatus":"draft","terms":[],"taxonomy":"category","extraData":[]},"publishpress_future_workflow_manual_trigger":{"enabledWorkflows":[]},"_links":{"self":[{"href":"https:\/\/biblioteka.sum.edu.pl\/en\/wp-json\/wp\/v2\/pages\/20703","targetHints":{"allow":["GET"]}}],"collection":[{"href":"https:\/\/biblioteka.sum.edu.pl\/en\/wp-json\/wp\/v2\/pages"}],"about":[{"href":"https:\/\/biblioteka.sum.edu.pl\/en\/wp-json\/wp\/v2\/types\/page"}],"author":[{"embeddable":true,"href":"https:\/\/biblioteka.sum.edu.pl\/en\/wp-json\/wp\/v2\/users\/3"}],"replies":[{"embeddable":true,"href":"https:\/\/biblioteka.sum.edu.pl\/en\/wp-json\/wp\/v2\/comments?post=20703"}],"version-history":[{"count":21,"href":"https:\/\/biblioteka.sum.edu.pl\/en\/wp-json\/wp\/v2\/pages\/20703\/revisions"}],"predecessor-version":[{"id":28201,"href":"https:\/\/biblioteka.sum.edu.pl\/en\/wp-json\/wp\/v2\/pages\/20703\/revisions\/28201"}],"wp:attachment":[{"href":"https:\/\/biblioteka.sum.edu.pl\/en\/wp-json\/wp\/v2\/media?parent=20703"}],"wp:term":[{"taxonomy":"category","embeddable":true,"href":"https:\/\/biblioteka.sum.edu.pl\/en\/wp-json\/wp\/v2\/categories?post=20703"},{"taxonomy":"post_tag","embeddable":true,"href":"https:\/\/biblioteka.sum.edu.pl\/en\/wp-json\/wp\/v2\/tags?post=20703"}],"curies":[{"name":"wp","href":"https:\/\/api.w.org\/{rel}","templated":true}]}}