{"id":20682,"date":"2023-12-14T14:44:53","date_gmt":"2023-12-14T13:44:53","guid":{"rendered":"https:\/\/biblioteka2.sum.edu.pl\/?page_id=20682"},"modified":"2025-03-18T09:33:45","modified_gmt":"2025-03-18T08:33:45","slug":"polska-platforma-medyczna-2","status":"publish","type":"page","link":"https:\/\/biblioteka.sum.edu.pl\/en\/polska-platforma-medyczna-2\/","title":{"rendered":"Polish Platform of Medical Research"},"content":{"rendered":"<h3 class=\"wp-block-heading\">About the project<\/h3>\n\n\n\n<p class=\"translation-block\">The project  <em><strong>Polish Platform of Medical Research: a portal for knowledge management and research potential<\/strong><\/em> aims to prepare a platform that integrates, presents and promotes scientific achievements and supports <strong>open access to resources in medicine<\/strong>, pharmacy, dentistry, public health, occupational health and safety, ergonomics and healthcare.<\/p>\n\n\n\n<p>Polish Platform of Medical Research (PPM) is a partnership project between nine medical universities (UMW - leading university in the project, UMB, GUMed, SUM, UM in Lublin, PUM, WUM, UJ CM, UMED in Lodz ) and one institute (IMP in Lodz). An important element of the portal is a database of experts from various areas of medical science and a common domain repository.<\/p>\n\n\n\n<p><a href=\"https:\/\/projekt.ppm.edu.pl\/index.php\/en\/start-2\/\" target=\"_blank\" rel=\"noreferrer noopener\">Read about project.<\/a><\/p>\n\n\n\n<div class=\"wp-block-columns is-layout-flex wp-container-core-columns-is-layout-28f84493 wp-block-columns-is-layout-flex\">\n<div class=\"wp-block-column is-layout-flow wp-block-column-is-layout-flow\">\n<div class=\"wp-block-essential-blocks-button  root-eb-button-2nmznqr\"><div class=\"eb-parent-wrapper eb-parent-eb-button-2nmznqr\"><div class=\"eb-button-wrapper eb-button-alignment eb-button-2nmznqr\"><div class=\"eb-button\"><div class=\"eb-button-inner-wrapper\"><a class=\"eb-button-anchor\" href=\"https:\/\/ppm.edu.pl\/\" rel=\"noopener\"><strong>Polish Platform of Medical Research<\/strong><\/a><\/div><\/div><\/div><\/div><\/div>\n<\/div>\n\n\n\n<div class=\"wp-block-column is-layout-flow wp-block-column-is-layout-flow\"><\/div>\n<\/div>\n\n\n\n<hr class=\"wp-block-separator has-alpha-channel-opacity\"\/>\n\n\n\n<p class=\"translation-block\">An integral part of the PPM is the local platform <strong>Polish Platform of Medical Research - Medical University of Silesia (PPM SUM)<\/strong> and the <strong>SUM Repository<\/strong>, which enables archiving and sharing in an open model of full texts of, among others: articles, research data, monographs, chapters, doctoral theses and other documents. The Repository is designed to make available and disseminate the scientific and research output of SUM's employees, doctoral students and students, to promote the research and to contribute to wider cooperation with the economic sector.<\/p>\n\n\n\n<div class=\"wp-block-columns is-layout-flex wp-container-core-columns-is-layout-28f84493 wp-block-columns-is-layout-flex\">\n<div class=\"wp-block-column is-layout-flow wp-block-column-is-layout-flow\">\n<div class=\"wp-block-essential-blocks-button  root-eb-button-ycsb0ny\"><div class=\"eb-parent-wrapper eb-parent-eb-button-ycsb0ny\"><div class=\"eb-button-wrapper eb-button-alignment eb-button-ycsb0ny\"><div class=\"eb-button\"><div class=\"eb-button-inner-wrapper\"><a class=\"eb-button-anchor\" href=\"https:\/\/ppm.sum.edu.pl\/\" rel=\"noopener\"><strong>Polish Platform of Medical Research <br> SUM Repository<\/strong><\/a><\/div><\/div><\/div><\/div><\/div>\n<\/div>\n\n\n\n<div class=\"wp-block-column is-layout-flow wp-block-column-is-layout-flow\"><\/div>\n<\/div>\n\n\n\n<p>Contact<\/p>\n\n\n\n<p>Repository and Open Science Promotion Department<br><strong>Mr Krzysztof Go\u015bciniak, MA<\/strong><br><a href=\"mailto:kgosciniak@sum.edu.pl\">kgosciniak@sum.edu.pl<\/a><br>Phone number: +48 32 208 3633<\/p>\n\n\n\n<hr class=\"wp-block-separator has-alpha-channel-opacity\"\/>\n\n\n\n<h3 class=\"wp-block-heading\">Legal regulations related to the PPM<\/h3>\n\n\n\n<p><a href=\"https:\/\/aktyprawne.sum.edu.pl\/oneitem?id=1879\" target=\"_blank\" rel=\"noreferrer noopener\">Resolution No. 127\/2018 of October 24th, 2018 (text only in Polish) <\/a><br>on: the introduction of the Openness Policy of the Polish Platform of Medical Research at the Medical University of Silesia in Katowice.<\/p>\n\n\n\n<p><a href=\"https:\/\/aktyprawne.sum.edu.pl\/oneitem?id=1693\" target=\"_blank\" rel=\"noreferrer noopener\">Decision No. 167\/2020 of September 18th, 2020 (text only in Polish) <\/a><br>on: making unpublished theses and dissertations available at the Medical University of Silesia in Katowice.<\/p>\n\n\n\n<p><a href=\"https:\/\/aktyprawne.sum.edu.pl\/oneitem?id=877\\\" target=\"_blank\" rel=\"noreferrer noopener\">Decision No. 168\/2020 of September 18th, 2020 (text only in Polish) <\/a><br>on: collecting, archiving and making available the results of scientific, research and teaching activities of employees, doctoral students and students of the Medical University of Silesia in Katowice (including the SUM Repository Regulations).<\/p>\n\n\n\n<p><a href=\"https:\/\/biblioteka.sum.edu.pl\/en\/repozytorium-sum-wzory-umow-licencyjnych-i-umowy-przekazania-praw-majatkowych\/\" data-type=\"link\" data-id=\"https:\/\/biblioteka.sum.edu.pl\/repozytorium-sum-wzory-umow-licencyjnych-i-umowy-przekazania-praw-majatkowych\/\">Appendices to the SUM Repository Regulations (text only in Polish) <\/a><br>model licensing or transfer of ownership agreements.<\/p>","protected":false},"excerpt":{"rendered":"<p>O Platformie Projekt Polska Platforma Medyczna: portal zarz\u0105dzania wiedz\u0105 i potencja\u0142em badawczym ma na celu przygotowanie platformy integruj\u0105cej, prezentuj\u0105cej i promuj\u0105cej osi\u0105gni\u0119cia naukowe oraz wspieraj\u0105cej otwarty dost\u0119p do zasob\u00f3w z zakresu medycyny, farmacji, stomatologii, zdrowia publicznego, bezpiecze\u0144stwa i higieny pracy, ergonomiii ochrony zdrowia. Polska Platforma Medyczna (PPM) jest projektem partnerskim, realizowanym przez dziewi\u0119\u0107 uniwersytet\u00f3w medycznych [&hellip;]<\/p>","protected":false},"author":3,"featured_media":0,"parent":0,"menu_order":0,"comment_status":"closed","ping_status":"closed","template":"","meta":{"_eb_attr":"","footnotes":""},"categories":[],"tags":[],"class_list":["post-20682","page","type-page","status-publish","hentry"],"publishpress_future_action":{"enabled":false,"date":"2026-04-12 13:54:47","action":"change-status","newStatus":"draft","terms":[],"taxonomy":"category","extraData":[]},"publishpress_future_workflow_manual_trigger":{"enabledWorkflows":[]},"_links":{"self":[{"href":"https:\/\/biblioteka.sum.edu.pl\/en\/wp-json\/wp\/v2\/pages\/20682","targetHints":{"allow":["GET"]}}],"collection":[{"href":"https:\/\/biblioteka.sum.edu.pl\/en\/wp-json\/wp\/v2\/pages"}],"about":[{"href":"https:\/\/biblioteka.sum.edu.pl\/en\/wp-json\/wp\/v2\/types\/page"}],"author":[{"embeddable":true,"href":"https:\/\/biblioteka.sum.edu.pl\/en\/wp-json\/wp\/v2\/users\/3"}],"replies":[{"embeddable":true,"href":"https:\/\/biblioteka.sum.edu.pl\/en\/wp-json\/wp\/v2\/comments?post=20682"}],"version-history":[{"count":17,"href":"https:\/\/biblioteka.sum.edu.pl\/en\/wp-json\/wp\/v2\/pages\/20682\/revisions"}],"predecessor-version":[{"id":26440,"href":"https:\/\/biblioteka.sum.edu.pl\/en\/wp-json\/wp\/v2\/pages\/20682\/revisions\/26440"}],"wp:attachment":[{"href":"https:\/\/biblioteka.sum.edu.pl\/en\/wp-json\/wp\/v2\/media?parent=20682"}],"wp:term":[{"taxonomy":"category","embeddable":true,"href":"https:\/\/biblioteka.sum.edu.pl\/en\/wp-json\/wp\/v2\/categories?post=20682"},{"taxonomy":"post_tag","embeddable":true,"href":"https:\/\/biblioteka.sum.edu.pl\/en\/wp-json\/wp\/v2\/tags?post=20682"}],"curies":[{"name":"wp","href":"https:\/\/api.w.org\/{rel}","templated":true}]}}