{"id":20627,"date":"2023-12-14T12:03:21","date_gmt":"2023-12-14T11:03:21","guid":{"rendered":"https:\/\/biblioteka2.sum.edu.pl\/?page_id=20627"},"modified":"2025-03-03T12:53:02","modified_gmt":"2025-03-03T11:53:02","slug":"naukowiec-doskonaly","status":"publish","type":"page","link":"https:\/\/biblioteka.sum.edu.pl\/en\/szkolenia-i-warsztaty-2\/naukowiec-doskonaly\/","title":{"rendered":"Naukowiec doskona\u0142y"},"content":{"rendered":"<h2 class=\"wp-block-heading\">Naukowiec Doskona\u0142y \u2013 Szkolenia dla naukowc\u00f3w i publikuj\u0105cych<\/h2>\n\n\n\n<div class=\"wp-block-kadence-accordion alignnone\"><div class=\"kt-accordion-wrap kt-accordion-id20627_d2baed-eb kt-accordion-has-5-panes kt-active-pane-0 kt-accordion-block kt-pane-header-alignment-left kt-accodion-icon-style-arrow kt-accodion-icon-side-right\" style=\"max-width:none\"><div class=\"kt-accordion-inner-wrap\" data-allow-multiple-open=\"false\" data-start-open=\"none\">\n<div class=\"wp-block-kadence-pane kt-accordion-pane kt-accordion-pane-1 kt-pane20627_4a3129-50\"><div class=\"kt-accordion-header-wrap\"><button class=\"kt-blocks-accordion-header kt-acccordion-button-label-show\" type=\"button\"><span class=\"kt-blocks-accordion-title-wrap\"><span class=\"kt-blocks-accordion-title\">Pa\u017adziernik-Grudzie\u0144 2022<\/span><\/span><span class=\"kt-blocks-accordion-icon-trigger\"><\/span><\/button><\/div><div class=\"kt-accordion-panel kt-accordion-panel-hidden\"><div class=\"kt-accordion-panel-inner\">\n<figure class=\"wp-block-table\"><table><tbody><tr><td><strong>Mendeley \u2013 obowi\u0105zkowe narz\u0119dzie naukowca doskona\u0142ego<\/strong><br><br>Wa\u017cnym elementem warsztatu naukowca doskona\u0142ego s\u0105 narz\u0119dzia, kt\u00f3re pozwalaj\u0105 sprawnie zarz\u0105dza\u0107 publikacjami oraz przyspieszaj\u0105 prac\u0119 w edytorach tekstu. Takim narz\u0119dziem jest MENDELEY &#8211; program darmowy i ciesz\u0105cy si\u0119 rosn\u0105cym zainteresowaniem na naszej Uczelni.<br>Podczas szkolenia uczestnicy zostan\u0105 zapoznani z obs\u0142ug\u0105 najwa\u017cniejszych funkcji MENDELEY\u2019A ze szczeg\u00f3lnym naciskiem na proces automatycznego generowania przypis\u00f3w oraz bibliografii za\u0142\u0105cznikowej.<\/td><td><strong>19.10.2022<br><\/strong><br>Prowadz\u0105cy:&nbsp;Marek Halkiewicz,<br>Dzia\u0142&nbsp;Bibliografii i Bibliometrii,<br>Phone number: + 48 32 208 35 66<\/td><\/tr><tr><td><strong>Polska Platforma Medyczna \u015al\u0105skiego Uniwersytetu Medycznego w Katowicach \u2013 jak korzysta\u0107 z platformy?<\/strong><br> <br>PPM to&nbsp;platforma integruj\u0105ca, prezentuj\u0105ca i promuj\u0105ca osi\u0105gni\u0119cia naukowe oraz wspieraj\u0105ca otwarty dost\u0119p do zasob\u00f3w z zakresu medycyny, farmacji, stomatologii, zdrowia publicznego, bezpiecze\u0144stwa i higieny pracy, ergonomii i ochrony zdrowia. Wa\u017cnymi elementami portalu s\u0105 baza ekspert\u00f3w z r\u00f3\u017cnych obszar\u00f3w nauk medycznych i repozytorium dziedzinowe.<br>Szkolenie obejmie prezentacj\u0119 platformy PPM-SUM, jej funkcjonalno\u015bci oraz metod wyszukiwania informacji.<\/td><td><strong>26.10.2022<\/strong><br><strong><br><\/strong>Prowadz\u0105cy:&nbsp;Krzysztof Go\u015bciniak,&nbsp;<br>Dzia\u0142 Dzia\u0142 Repozytorium&nbsp;i Promocji Otwartej Nauki,&nbsp;<br>phone no. +48 32 208 36 33<\/td><\/tr><tr><td><strong>Warsztat o tym, jak Biblioteka SUM nabywa dost\u0119p do zasob\u00f3w elektronicznych i o u\u0142udzie, \u017ce w Google jest wszystko (za darmo!)<\/strong><br><br> W trakcie warsztatu pokazane zostan\u0105 sposoby nabywania przez Bibliotek\u0119 SUM zasob\u00f3w elektronicznych takich jak: medyczne bazy danych, czasopisma i ksi\u0105\u017cki elektroniczne. Om\u00f3wione zostan\u0105 r\u00f3\u017cne modele zakupu, \u017ar\u00f3d\u0142a finansowania, sposoby pozyskiwania informacji o nowych zasobach, \u017ar\u00f3d\u0142a informacji o wykorzystaniu kupowanych zasob\u00f3w elektronicznych.<br>Celem warsztatu jest w\u0142\u0105czenie spo\u0142eczno\u015bci akademickiej w proces budowania kolekcji zasob\u00f3w elektronicznych w Bibliotece SUM<\/td><td><strong>27.10.2022<br><\/strong><br>Prowadz\u0105cy: Justyna Seiffert,<br>Dzia\u0142 Gromadzenia&nbsp;i Opracowania Zbior\u00f3w,&nbsp;<br>Phone number: +48 32 208 35 63<\/td><\/tr><tr><td><strong>Jak stworzy\u0107 plan zarz\u0105dzania danymi (Data Management Plan)?<\/strong> <br><br>Plan zarz\u0105dzania danymi (Data Management Plan (DMP)) to dokument opisuj\u0105cy czynno\u015bci wykonywane w trakcie bada\u0144 naukowych; powinien by\u0107 napisany zrozumia\u0142ym j\u0119zykiem i stanowi\u0107 narz\u0119dzie codziennej pracy. DMP winien by\u0107 na bie\u017c\u0105co weryfikowany, tak aby odzwierciedla\u0142 przebieg procesu badawczego zar\u00f3wno w czasie jego trwania, jak i po zako\u0144czeniu. Wa\u017cne, aby stanowi\u0142 informator i umo\u017cliwia\u0142 wdro\u017cenie kolejnych os\u00f3b w realizacj\u0119 zadania badawczego.<br>W trakcie warsztatu om\u00f3wione zostan\u0105 praktyczne aspekty tworzenia DMP.<\/td><td><strong>28.10.2022<br><\/strong><br>Prowadz\u0105cy:&nbsp;Monika Paj\u0105k,&nbsp;<br>Dzia\u0142 Informacji Naukowej&nbsp;i Udost\u0119pniania Zbior\u00f3w,&nbsp;<br>tel.&nbsp;32 208 35 62&nbsp;<\/td><\/tr><tr><td><strong>ORCID<\/strong><br><br>ORCID to mi\u0119dzynarodowy system identyfikacji autor\u00f3w prac naukowych bez wzgl\u0119du na dyscyplin\u0119 nauki, region \u015bwiata czy afiliacj\u0119. Wydawcy wymagaj\u0105 od os\u00f3b publikuj\u0105cych posiadanie ORCID ID. Dedykowana platforma orcid.org umo\u017cliwia ka\u017cdemu w\u0142a\u015bcicielowi identyfikatora kompleksow\u0105 prezentacj\u0119 swojej sylwetki zawodowej (afiliacje, \u017cyciorys, spis publikacji itd.).<br>Podczas szkolenia uczestnicy nab\u0119d\u0105 umiej\u0119tno\u015bci, dzi\u0119ki kt\u00f3rym maksymalnie wykorzystaj\u0105 potencja\u0142 ORCID w kierunku zwi\u0119kszenia swojej rozpoznawalno\u015bci w \u015bwiecie nauki.<\/td><td><strong>2.11.2022<\/strong><br><br>Prowadz\u0105cy: Marek Halkiewicz,<br>Dzia\u0142&nbsp;Bibliografii i Bibliometrii,<br>Phone number: + 48 32 208 35 66<\/td><\/tr><tr><td><strong>Programy publikowania w Open Access jako forma wsparcia dla \u015brodowiska naukowego<\/strong><br><br>\u015al\u0105ski Uniwersytet Medyczny w Katowicach bierze udzia\u0142 w licznych programach publikowania otwartego.<br>W trakcie spotkania zostan\u0105 om\u00f3wione wybrane programy, kt\u00f3re zak\u0142adaj\u0105 dofinansowanie lub bezp\u0142atne publikowanie artyku\u0142\u00f3w naukowych we wskazanych czasopismach presti\u017cowych wydawnictw naukowych. Odpowiemy na pytanie czy artyku\u0142y publikowane w ramach OA podlegaj\u0105 tym samym kryteriom oceny jak teksty naukowe; czy musz\u0105 by\u0107 recenzowane i akceptowane tak jak tradycyjne modele publikacji?<\/td><td><strong>4.11.2022<\/strong><br><br>Prowadz\u0105cy: Monika Paj\u0105k,&nbsp;<br>Dzia\u0142 Informacji Naukowej&nbsp;i Udost\u0119pniania Zbior\u00f3w,&nbsp;<br>tel.&nbsp;32 208 35 62&nbsp;<\/td><\/tr><tr><td><strong>Otwarte dane badawcze (Open Research Data) \u2013 teoria i praktyka<\/strong><br><br>Otwieranie danych badawczych staje si\u0119 coraz cz\u0119\u015bciej wymogiem stawianym przez instytucje finansuj\u0105ce nauk\u0119 wobec pracownik\u00f3w naukowych ubiegaj\u0105cych si\u0119 o \u015brodki na prowadzenie swoich bada\u0144.<br>W trakcie szkolenia zostan\u0105 om\u00f3wione tematy zwi\u0105zane z przygotowaniem, deponowaniem i udost\u0119pnianiem otwartych danych badawczych.<\/td><td><strong>08.11.2022<\/strong><br><br>Prowadz\u0105cy:&nbsp;Krzysztof Go\u015bciniak,&nbsp;<br>Dzia\u0142 Repozytorium&nbsp;i Promocji Otwartej Nauki,&nbsp;<br>phone no. +48 32 208 36 33<\/td><\/tr><tr><td><strong>Jak efektywnie korzysta\u0107 z bazy Bibliografia Publikacji SUM \u2013 mo\u017cliwo\u015bci filtrowania, pobieranie wynik\u00f3w w r\u00f3\u017cnych formatach, analizy<\/strong><br>Baza Bibliografia Publikacji SUM jest redagowana przez Dzia\u0142 Bibliografii i Bibliometrii i zawiera wyczerpuj\u0105ce dane bibliograficzne publikacji dostarczonych przez autor\u00f3w do Biblioteki SUM. Baza zawiera r\u00f3wnie\u017c funkcjonalno\u015bci umo\u017cliwiaj\u0105ce generowanie raport\u00f3w, kt\u00f3re daj\u0105 zr\u00f3\u017cnicowany obraz osi\u0105gni\u0119\u0107 i rozwoju danego pracownika.<br>Podczas szkolenia uczestnicy zostan\u0105 zapoznani z obs\u0142ug\u0105 Bibliografii Publikacji SUM, dzi\u0119ki czemu b\u0119d\u0105 w stanie samodzielnie monitorowa\u0107 swoje osi\u0105gni\u0119cia oraz ich znaczenie na tle dorobku innych pracownik\u00f3w Uczelni.<\/td><td><strong>15.11.2022<\/strong><br><br>Prowadz\u0105cy: Wioletta Dyjas,<br>Dzia\u0142&nbsp;Bibliografii i Bibliometrii,<br>Phone number: + 48 32 208 35 66<\/td><\/tr><tr><td><strong>Bazy Web of Science i Scopus &#8211; analiza cytowa\u0144 i porz\u0105dkowanie dorobku w profilach autor\u00f3w<\/strong><br><br>Web of Science oraz Scopus to jedne z najwa\u017cniejszych baz danych zawieraj\u0105cych informacje o opublikowanych pracach naukowych. Szczeg\u00f3lnym rodzajem tych informacji s\u0105 cytowania publikacji. W interesie ka\u017cdego naukowca le\u017cy zatem d\u0105\u017cno\u015b\u0107 do maksymalizacji reprezentacji swojego dorobku w obu bazach.<br>Podczas szkolenia zostan\u0105 przybli\u017cone uczestnikom sposoby analizy cytowa\u0144 oraz porz\u0105dkowania swoich publikacji indeksowanych (uwzgl\u0119dnianych) w bazach Web of Science oraz Scopus.<\/td><td><strong>17.11.2022<\/strong><br><br>Prowadz\u0105cy: Agnieszka Goliszek,<br>Dzia\u0142&nbsp;Bibliografii i Bibliometrii,<br>Phone number: + 48 32 208 35 66<\/td><\/tr><tr><td><strong>Otwarta nauka: prawo autorskie, wolne licencje.<\/strong><br><br>W trakcie spotkania zostanie przybli\u017cona wiedza na temat zagadnie\u0144 zwi\u0105zanych z wolnymi licencjami Creative Commons (CC) i prawem autorskim w konte\u015bcie otwartego dost\u0119pu (OA) do publikacji naukowych.<\/td><td><strong>18.11.2022<\/strong><br><br>Prowadz\u0105cy: Monika Paj\u0105k,&nbsp;<br>Dzia\u0142 Informacji Naukowej&nbsp;i Udost\u0119pniania Zbior\u00f3w,&nbsp;<br>tel.&nbsp;32 208 35 62&nbsp;<\/td><\/tr><tr><td><strong>InCites &#8211;&nbsp;narz\u0119dzie analizy i oceny produktywno\u015bci i efektywno\u015bci naukowej.<\/strong><br><br>W trakcie szkolenia przedstawiona zostanie funkcjonalno\u015b\u0107 narz\u0119dzia InCites.<br>InCites Benchmarking &amp; Analytics\u2122 to narz\u0119dzie analizy i oceny, przeznaczone dla badaczy do analizowania produktywno\u015bci i efektywno\u015bci naukowej. Zapewnia obiektywne i wiarygodne wska\u017aniki potrzebne do podejmowania pewnych, opartych na danych decyzji dotycz\u0105cych program\u00f3w badawczych. Umo\u017cliwia kierowanie obszarem analizy wed\u0142ug: os\u00f3b, organizacji, region\u00f3w, obszar\u00f3w badawczych, czasopism, ksi\u0105\u017cek, materia\u0142\u00f3w konferencyjnych i agencji finansuj\u0105cych.<br>Szkolenie zostanie przeprowadzone przez przedstwiciela firmy Clarivate, producenta narz\u0119dzia.<\/td><td><strong>24.11.2022<\/strong><br><br>Prowadz\u0105cy Marcin Kapczy\u0144ski, firma Clarivate<br>kontakt:&nbsp;Dzia\u0142&nbsp;Bibliografii i Bibliometrii,<br>Phone number: + 48 32 208 35 66<\/td><\/tr><tr><td><strong>Medyczne bazy danych: Embase, Web of Science, PubMed itd. &#8211; wyszukiwanie informacji.<\/strong><br><br>Bibliograficzne bazy medyczne s\u0105 jednymi z podstawowych narz\u0119dzi pracy badaczy. Wyszukanie w nich potrzebnych informacji o publikacjach na wybrany temat mo\u017ce wydawa\u0107 si\u0119 trudne.<br>W trakcie szkolenia pokazane zostan\u0105 podstawowe funkcjonalno\u015bci baz, strategie wyszukiwania oraz mo\u017cliwo\u015bci przej\u015bcia do pe\u0142nych tekst\u00f3w publikacji.<\/td><td><strong>30.11.2022<\/strong><br><br>Prowadz\u0105cy: Monika Paj\u0105k,&nbsp;<br>Dzia\u0142 Informacji Naukowej&nbsp;i Udost\u0119pniania Zbior\u00f3w,&nbsp;<br>tel.&nbsp;32 208 35 62<\/td><\/tr><tr><td><strong>SciVal jako \u017ar\u00f3d\u0142o informacji o badaczu i dla badacza \u2013 perspektywa bibliometryczna.<\/strong><br><br>Podczas warsztatu podzielimy si\u0119 z uczestnika praktycznymi wskaz\u00f3wkami, w jaki spos\u00f3b narz\u0119dzie SciVal mo\u017ce u\u0142atwi\u0107 pozyskiwanie informacji na r\u00f3\u017cnych poziomach. Przyjrzymy si\u0119 r\u00f3wnie\u017c mo\u017cliwo\u015bciom analitycznym pracuj\u0105cym na korzy\u015b\u0107 naukowc\u00f3w, pozwalaj\u0105cym na \u201epodgl\u0105d\u201d ich samych w kontek\u015bcie podejmowanych temat\u00f3w badawczych w swoich pracach. Postaramy si\u0119 wsp\u00f3lnie znale\u017a\u0107 odpowied\u017a na pytania: w jakim \u017ar\u00f3dle warto ulokowa\u0107 swoj\u0105 publikacj\u0119, z kim mo\u017cna nawi\u0105za\u0107 wsp\u00f3\u0142prac\u0119 oraz jaka jest moja pozycja w wybranym obszarze nauki. Podczas spotkania poruszymy:&nbsp; &nbsp;praktyczne aspekty narz\u0119dzia SciVal, kwestie pozycjonowania w tematach badawczych, poszukiwanie potencjalnych wsp\u00f3\u0142pracownik\u00f3w, a tak\u017ce cytowania, h-indeksy, kwartyle i inne wska\u017aniki.<\/td><td><strong>6.12.2022<br><\/strong><br>Prowadz\u0105cy:&nbsp;Bartlomiej Wi\u0119ckowski,&nbsp;firma Elsevier<br>kontakt:&nbsp;Dzia\u0142&nbsp;Bibliografii i Bibliometrii,<br>Phone number: + 48 32 208 35 66<\/td><\/tr><\/tbody><\/table><\/figure>\n<\/div><\/div><\/div>\n\n\n\n<div class=\"wp-block-kadence-pane kt-accordion-pane kt-accordion-pane-2 kt-pane20627_5d85c8-9a\"><div class=\"kt-accordion-header-wrap\"><button class=\"kt-blocks-accordion-header kt-acccordion-button-label-show\" type=\"button\"><span class=\"kt-blocks-accordion-title-wrap\"><span class=\"kt-blocks-accordion-title\">Czerwiec 2022<\/span><\/span><span class=\"kt-blocks-accordion-icon-trigger\"><\/span><\/button><\/div><div class=\"kt-accordion-panel kt-accordion-panel-hidden\"><div class=\"kt-accordion-panel-inner\">\n<figure class=\"wp-block-table\"><table><tbody><tr><td><strong>Warsztat o tym, jak Biblioteka SUM nabywa dost\u0119p do zasob\u00f3w elektronicznych i o u\u0142udzie, \u017ce w Google jest wszystko (za darmo!)<\/strong><br><br>W trakcie warsztatu pokazane zostan\u0105 sposoby nabywania przez Bibliotek\u0119 SUM zasob\u00f3w elektronicznych takich jak: medyczne bazy danych, czasopisma i ksi\u0105\u017cki elektroniczne. Om\u00f3wione zostan\u0105 r\u00f3\u017cne modele zakupu, \u017ar\u00f3d\u0142a finansowania, sposoby pozyskiwania informacji o nowych zasobach, \u017ar\u00f3d\u0142a informacji o wykorzystaniu kupowanych zasob\u00f3w elektronicznych.<br>Celem warsztatu jest w\u0142\u0105czenie spo\u0142eczno\u015bci akademickiej w proces budowania kolekcji zasob\u00f3w elektronicznych w Bibliotece SUM.<\/td><td><strong>21.06.2022 r.<\/strong><br><br>Acquisition<br>i Opracowania Zbior\u00f3w,<br>Phone number: +48 32 208 35 63<\/td><\/tr><tr><td><strong>Polska Platforma Medyczna \u015al\u0105skiego Uniwersytetu Medycznego w Katowicach \u2013 jak korzysta\u0107 z platformy?<\/strong><br><br>PPM to&nbsp;platforma integruj\u0105ca, prezentuj\u0105ca i promuj\u0105ca osi\u0105gni\u0119cia naukowe oraz wspieraj\u0105ca otwarty dost\u0119p do zasob\u00f3w z zakresu medycyny, farmacji, stomatologii, zdrowia publicznego, bezpiecze\u0144stwa i higieny pracy, ergonomii i ochrony zdrowia. Wa\u017cnymi elementami portalu s\u0105 baza ekspert\u00f3w z r\u00f3\u017cnych obszar\u00f3w nauk medycznych i repozytorium dziedzinowe.<br>Szkolenie obejmie prezentacj\u0119 platformy PPM-SUM, jej funkcjonalno\u015bci oraz metod wyszukiwania informacji.<\/td><td><strong>24.06.2022 r.<\/strong><br><br>Dzia\u0142 Repozytorium<br>i Promocji Otwartej Nauki<br>Phone number: +48 32 208 36 33<\/td><\/tr><tr><td><strong>Jak stworzy\u0107 plan zarz\u0105dzania danymi (Data Management Plan)?<\/strong><br><br>Plan zarz\u0105dzania danymi (Data Management Plan (DMP)) to dokument opisuj\u0105cy czynno\u015bci wykonywane w trakcie bada\u0144 naukowych; powinien by\u0107 napisany zrozumia\u0142ym j\u0119zykiem i stanowi\u0107 narz\u0119dzie codziennej pracy. DMP winien by\u0107 na bie\u017c\u0105co weryfikowany, tak aby odzwierciedla\u0142 przebieg procesu badawczego zar\u00f3wno w czasie jego trwania, jak i po zako\u0144czeniu. Wa\u017cne, aby stanowi\u0142 informator i umo\u017cliwia\u0142 wdro\u017cenie kolejnych os\u00f3b w realizacj\u0119 zadania badawczego.<br>W trakcie warsztatu om\u00f3wione zostan\u0105 praktyczne aspekty tworzenia DMP.<\/td><td><strong>29.06.2022 r.<\/strong><br><br>Dzia\u0142 Informacji Naukowej<br>i Udost\u0119pniania Zbior\u00f3w<br>Phone number: +48 32 208 35 62<\/td><\/tr><\/tbody><\/table><\/figure>\n<\/div><\/div><\/div>\n\n\n\n<div class=\"wp-block-kadence-pane kt-accordion-pane kt-accordion-pane-4 kt-pane20627_e678f3-cf\"><div class=\"kt-accordion-header-wrap\"><button class=\"kt-blocks-accordion-header kt-acccordion-button-label-show\" type=\"button\"><span class=\"kt-blocks-accordion-title-wrap\"><span class=\"kt-blocks-accordion-title\">Marzec-kwiecie\u0144 2020 (ODWO\u0141ANE)<\/span><\/span><span class=\"kt-blocks-accordion-icon-trigger\"><\/span><\/button><\/div><div class=\"kt-accordion-panel kt-accordion-panel-hidden\"><div class=\"kt-accordion-panel-inner\">\n<figure class=\"wp-block-table\"><table><tbody><tr><td><strong>Open access? Naukowcu, dowiedz si\u0119 wi\u0119cej o Twoim udziale w otwartej nauce. Licencje CC, programy publikowania otwartego, zyski z publikowania otwartego.<\/strong><\/td><td><strong>19.03.2020 <\/strong><br><br>Dzia\u0142 Obs\u0142ugi U\u017cytkownika,<br>tel. 32 208 35 20 \/ 35 62<\/td><\/tr><tr><td><strong>Open access? Naukowcu, dowiedz si\u0119 wi\u0119cej o Twoim udziale w otwartej nauce. Licencje CC, programy publikowania otwartego, zyski z publikowania otwartego.<\/strong><\/td><td><strong>20.03.2020 <\/strong><br><br>Dzia\u0142 Obs\u0142ugi U\u017cytkownika,<br>tel. 32 208 35 20 \/ 35 62<\/td><\/tr><tr><td><strong>Sloty i zasady punktacji dorobku naukowego na potrzeby ewaluacji<\/strong><\/td><td><strong>31.03.2020<\/strong><br><br>p.o. Dyrektora<br>Ewa Nowak<br>32 208 35 37<\/td><\/tr><tr><td><strong>Jak efektywnie korzysta\u0107 z bazy Bibliografia Publikacji SUM \u2013 mo\u017cliwo\u015bci filtrowania, pobieranie wynik\u00f3w w r\u00f3\u017cnych formatach, analizy.<\/strong><\/td><td><strong>01.04.2020<\/strong><br><br>Bibliography<br>i Dokumentacji<br>Phone number: + 48 32 208 35 66<\/td><\/tr><tr><td><strong>Baza Scopus \u2013 analiza cytowa\u0144 i porz\u0105dkowanie dorobku w profilach autor\u00f3w.<\/strong><\/td><td><strong>02.04.2020<\/strong><br><br>Dzia\u0142 Bibliografiii Dokumentacjitel. 32 208 35 66<\/td><\/tr><tr><td><strong>Wyb\u00f3r czasopisma jako miejsca publikacji pracy naukowej \u2013 na co zwraca\u0107 uwag\u0119 &#8211; czasopisma drapie\u017cne, indeksowanie w bazach, punktacja.<\/strong><\/td><td><strong>03.04.2020<\/strong><br><br>Dzia\u0142 Bibliografiii Dokumentacjitel. 32 208 35 66<\/td><\/tr><\/tbody><\/table><\/figure>\n<\/div><\/div><\/div>\n\n\n\n<div class=\"wp-block-kadence-pane kt-accordion-pane kt-accordion-pane-5 kt-pane20627_1a039c-23\"><div class=\"kt-accordion-header-wrap\"><button class=\"kt-blocks-accordion-header kt-acccordion-button-label-show\" type=\"button\"><span class=\"kt-blocks-accordion-title-wrap\"><span class=\"kt-blocks-accordion-title\">Stycze\u0144 2020<\/span><\/span><span class=\"kt-blocks-accordion-icon-trigger\"><\/span><\/button><\/div><div class=\"kt-accordion-panel kt-accordion-panel-hidden\"><div class=\"kt-accordion-panel-inner\">\n<figure class=\"wp-block-table\"><table><tbody><tr><td><strong>&nbsp;DMP: Konieczno\u015b\u0107 stworzenia planu zarz\u0105dzania danymi &#8211; i co dalej?<\/strong><\/td><td><strong>16.01.2020 <\/strong><br><br>Dzia\u0142 Obs\u0142ugi U\u017cytkownika,<br>tel. 32 208 35 20 \/ 35 62<\/td><\/tr><tr><td><strong>Wyb\u00f3r czasopisma jako miejsca publikacji pracy naukowej \u2013 na co zwraca\u0107 uwag\u0119 &#8211; czasopisma drapie\u017cne, indeksowanie w bazach, punktacja.<\/strong><\/td><td><strong>21.01.2020 <\/strong><br><br>Bibliography<br>i Dokumentacji<br>Phone number: + 48 32 208 35 66<\/td><\/tr><tr><td><strong>Baza Scopus \u2013 analiza cytowa\u0144 i porz\u0105dkowanie dorobku w profilach autor\u00f3w.<\/strong><\/td><td><strong>22.01.2020<\/strong><br><br>Bibliography<br>i Dokumentacji<br>Phone number: + 48 32 208 35 66<\/td><\/tr><tr><td><strong>Baza Web of Science \u2013 analiza cytowa\u0144 i porz\u0105dkowanie dorobku w profilach autor\u00f3w.<\/strong><\/td><td><strong>23.01.2020<\/strong><br><br>Bibliography<br>i Dokumentacji<br>Phone number: + 48 32 208 35 66<\/td><\/tr><tr><td><strong>Jak efektywnie korzysta\u0107 z bazy Bibliografia Publikacji SUM \u2013 mo\u017cliwo\u015bci filtrowania, pobieranie wynik\u00f3w w r\u00f3\u017cnych formatach, analizy.<\/strong><\/td><td><strong>24.01.2020<\/strong><br><br>Bibliography<br>i Dokumentacji<br>Phone number: + 48 32 208 35 66<\/td><\/tr><tr><td><strong>Open access? Naukowcu, dowiedz si\u0119 wi\u0119cej o Twoim udziale w otwartej nauce. Licencje CC, programy publikowania otwartego, zyski z publikowania otwartego.<\/strong><\/td><td><strong>24.01.2020<\/strong><br><br>Dzia\u0142 Obs\u0142ugi U\u017cytkownika,<br>tel. 32 208 35 20 \/ 35 62<\/td><\/tr><tr><td><strong>Sloty i zasady punktacji dorobku naukowego na potrzeby ewaluacji 2021.<\/strong><\/td><td><strong>28.01.2020<\/strong><br><br>p.o. Dyrektora<br>Ewa Nowak<br>32 208 35 37<\/td><\/tr><tr><td><strong>Sloty i zasady punktacji dorobku naukowego na potrzeby ewaluacji 2021.<\/strong><\/td><td><strong>30.01.2020<\/strong><br><br>p.o. Dyrektora<br>Ewa Nowak<br>32 208 35 37<\/td><\/tr><tr><td><strong>Open access? Naukowcu, dowiedz si\u0119 wi\u0119cej o Twoim udziale w otwartej nauce. Licencje CC, programy publikowania otwartego, zyski z publikowania otwartego.<\/strong><\/td><td><strong>31.01.2020<\/strong><br><br>Dzia\u0142 Obs\u0142ugi U\u017cytkownika,<br>tel. 32 208 35 20 \/ 35 62<\/td><\/tr><\/tbody><\/table><\/figure>\n<\/div><\/div><\/div>\n<\/div><\/div><\/div>","protected":false},"excerpt":{"rendered":"<p>Naukowiec Doskona\u0142y \u2013 Szkolenia dla naukowc\u00f3w i publikuj\u0105cych<\/p>","protected":false},"author":4,"featured_media":0,"parent":20617,"menu_order":0,"comment_status":"closed","ping_status":"closed","template":"","meta":{"_eb_attr":"","footnotes":""},"categories":[],"tags":[],"class_list":["post-20627","page","type-page","status-publish","hentry"],"publishpress_future_action":{"enabled":false,"date":"2026-04-12 19:17:24","action":"change-status","newStatus":"draft","terms":[],"taxonomy":"category","extraData":[]},"publishpress_future_workflow_manual_trigger":{"enabledWorkflows":[]},"_links":{"self":[{"href":"https:\/\/biblioteka.sum.edu.pl\/en\/wp-json\/wp\/v2\/pages\/20627","targetHints":{"allow":["GET"]}}],"collection":[{"href":"https:\/\/biblioteka.sum.edu.pl\/en\/wp-json\/wp\/v2\/pages"}],"about":[{"href":"https:\/\/biblioteka.sum.edu.pl\/en\/wp-json\/wp\/v2\/types\/page"}],"author":[{"embeddable":true,"href":"https:\/\/biblioteka.sum.edu.pl\/en\/wp-json\/wp\/v2\/users\/4"}],"replies":[{"embeddable":true,"href":"https:\/\/biblioteka.sum.edu.pl\/en\/wp-json\/wp\/v2\/comments?post=20627"}],"version-history":[{"count":31,"href":"https:\/\/biblioteka.sum.edu.pl\/en\/wp-json\/wp\/v2\/pages\/20627\/revisions"}],"predecessor-version":[{"id":26276,"href":"https:\/\/biblioteka.sum.edu.pl\/en\/wp-json\/wp\/v2\/pages\/20627\/revisions\/26276"}],"up":[{"embeddable":true,"href":"https:\/\/biblioteka.sum.edu.pl\/en\/wp-json\/wp\/v2\/pages\/20617"}],"wp:attachment":[{"href":"https:\/\/biblioteka.sum.edu.pl\/en\/wp-json\/wp\/v2\/media?parent=20627"}],"wp:term":[{"taxonomy":"category","embeddable":true,"href":"https:\/\/biblioteka.sum.edu.pl\/en\/wp-json\/wp\/v2\/categories?post=20627"},{"taxonomy":"post_tag","embeddable":true,"href":"https:\/\/biblioteka.sum.edu.pl\/en\/wp-json\/wp\/v2\/tags?post=20627"}],"curies":[{"name":"wp","href":"https:\/\/api.w.org\/{rel}","templated":true}]}}