{"id":20552,"date":"2023-12-05T15:38:04","date_gmt":"2023-12-05T14:38:04","guid":{"rendered":"https:\/\/biblioteka2.sum.edu.pl\/?page_id=20552"},"modified":"2024-03-05T12:24:42","modified_gmt":"2024-03-05T11:24:42","slug":"konfiguracja-przegladarki-usluga-proxy-dla-studentow-sum","status":"publish","type":"page","link":"https:\/\/biblioteka.sum.edu.pl\/en\/konfiguracja-przegladarki-usluga-proxy-dla-studentow-sum\/","title":{"rendered":"Konfiguracja przegl\u0105darki &#8211; us\u0142uga proxy dla student\u00f3w SUM"},"content":{"rendered":"<h2 class=\"wp-block-heading translation-block\">Browser configuration<br>\n- proxy service for SUM students<\/h2>\n\n\n\n<div class=\"wp-block-essential-blocks-accordion\"><div class=\"eb-parent-wrapper eb-parent-eb-accordion-on1iy28\"><div class=\"eb-accordion-container eb-accordion-on1iy28\" data-accordion-type=\"accordion\" data-tab-icon=\"fas fa-angle-right\" data-expanded-icon=\"fas fa-angle-down\" data-transition-duration=\"300\"><div class=\"eb-accordion-inner\">\n<div class=\"eb-accordion-item-79wvrzs eb-accordion-wrapper\" data-clickable=\"false\"><div class=\"eb-accordion-title-wrapper\" tabindex=\"0\"><span class=\"eb-accordion-icon-wrapper\"><span class=\"fas fa-angle-right eb-accordion-icon\"><\/span><\/span><p class=\"eb-accordion-title\"><img decoding=\"async\" style=\"width: 30px;\" src=\"https:\/\/biblioteka.sum.edu.pl\/wp-content\/uploads\/2024\/03\/proxy_firefox.png\" alt=\"\"> Mozilla Firefox<\/p><\/div><div class=\"eb-accordion-content-wrapper\"><div class=\"eb-accordion-content\">\n<ul class=\"wp-block-list\">\n<li>Start the Mozilla Firefox browser. Select \"Tools\" from the main menu -&gt; \"Settings\".<\/li>\n<\/ul>\n\n\n\n<figure class=\"wp-block-image\"><img loading=\"lazy\" decoding=\"async\" width=\"663\" height=\"280\" src=\"https:\/\/biblioteka.sum.edu.pl\/wp-content\/uploads\/2023\/12\/1_proxy_ff.png\" alt=\"\" class=\"wp-image-20558\" srcset=\"https:\/\/biblioteka.sum.edu.pl\/wp-content\/uploads\/2023\/12\/1_proxy_ff.png 663w, https:\/\/biblioteka.sum.edu.pl\/wp-content\/uploads\/2023\/12\/1_proxy_ff-300x127.png 300w, https:\/\/biblioteka.sum.edu.pl\/wp-content\/uploads\/2023\/12\/1_proxy_ff-18x8.png 18w\" sizes=\"auto, (max-width: 663px) 100vw, 663px\" \/><\/figure>\n\n\n\n<ul class=\"wp-block-list\">\n<li>Type \"proxy\" into the search engine and then click on \"Settings...\".<br>The address must be entered with the prefix \"http:\/\/....\"<br>Confirm by clicking OK.<\/li>\n<\/ul>\n\n\n\n<figure class=\"wp-block-image is-resized\"><img loading=\"lazy\" decoding=\"async\" width=\"643\" height=\"324\" src=\"https:\/\/biblioteka.sum.edu.pl\/wp-content\/uploads\/2023\/12\/2_proxy_ff.png\" alt=\"\" class=\"wp-image-20560\" style=\"aspect-ratio:1.9845679012345678;width:712px;height:auto\" srcset=\"https:\/\/biblioteka.sum.edu.pl\/wp-content\/uploads\/2023\/12\/2_proxy_ff.png 643w, https:\/\/biblioteka.sum.edu.pl\/wp-content\/uploads\/2023\/12\/2_proxy_ff-300x151.png 300w, https:\/\/biblioteka.sum.edu.pl\/wp-content\/uploads\/2023\/12\/2_proxy_ff-18x9.png 18w\" sizes=\"auto, (max-width: 643px) 100vw, 643px\" \/><\/figure>\n\n\n\n<p><\/p>\n\n\n\n<figure class=\"wp-block-image\"><img loading=\"lazy\" decoding=\"async\" width=\"600\" height=\"680\" src=\"https:\/\/biblioteka.sum.edu.pl\/wp-content\/uploads\/2023\/12\/3_proxy_ff.png\" alt=\"\" class=\"wp-image-20562\" srcset=\"https:\/\/biblioteka.sum.edu.pl\/wp-content\/uploads\/2023\/12\/3_proxy_ff.png 600w, https:\/\/biblioteka.sum.edu.pl\/wp-content\/uploads\/2023\/12\/3_proxy_ff-265x300.png 265w, https:\/\/biblioteka.sum.edu.pl\/wp-content\/uploads\/2023\/12\/3_proxy_ff-11x12.png 11w\" sizes=\"auto, (max-width: 600px) 100vw, 600px\" \/><\/figure>\n\n\n\n<ul class=\"wp-block-list\">\n<li>Restart the browser.<\/li>\n<\/ul>\n<\/div><\/div><\/div>\n\n\n\n<div class=\"eb-accordion-item-prmqyac eb-accordion-wrapper\" data-clickable=\"false\"><div class=\"eb-accordion-title-wrapper\" tabindex=\"0\"><span class=\"eb-accordion-icon-wrapper\"><span class=\"fas fa-angle-right eb-accordion-icon\"><\/span><\/span><p class=\"eb-accordion-title\"><img decoding=\"async\" src=\"https:\/\/biblioteka.sum.edu.pl\/wp-content\/uploads\/2024\/03\/proxy_edge.png\" alt=\"\" style=\"width: 30px;\"> Microsoft Edge  <img decoding=\"async\" src=\"https:\/\/biblioteka.sum.edu.pl\/wp-content\/uploads\/2024\/03\/proxy_chrome.png\" alt=\"\" style=\"width: 30px;\">  \u00a0Google Chrome <img decoding=\"async\" src=\"https:\/\/biblioteka.sum.edu.pl\/wp-content\/uploads\/2024\/03\/proxy_opera.png\" alt=\"\" style=\"width: 30px;\">  Opera<\/p><\/div><div class=\"eb-accordion-content-wrapper\"><div class=\"eb-accordion-content\">\n<ul class=\"wp-block-list\">\n<li>Start the Windows \"Control Panel\". Search for the keyword \"proxy\"....<\/li>\n<\/ul>\n\n\n\n<figure class=\"wp-block-image\"><img loading=\"lazy\" decoding=\"async\" width=\"592\" height=\"284\" src=\"https:\/\/biblioteka.sum.edu.pl\/wp-content\/uploads\/2023\/12\/1_proxy_ie_chrome.png\" alt=\"\" class=\"wp-image-20559\" srcset=\"https:\/\/biblioteka.sum.edu.pl\/wp-content\/uploads\/2023\/12\/1_proxy_ie_chrome.png 592w, https:\/\/biblioteka.sum.edu.pl\/wp-content\/uploads\/2023\/12\/1_proxy_ie_chrome-300x144.png 300w, https:\/\/biblioteka.sum.edu.pl\/wp-content\/uploads\/2023\/12\/1_proxy_ie_chrome-18x9.png 18w\" sizes=\"auto, (max-width: 592px) 100vw, 592px\" \/><\/figure>\n\n\n\n<ul class=\"wp-block-list\">\n<li>... select \"Configure proxy server\".<\/li>\n\n\n\n<li>Select the \"Connections\" tab and then click on \"LAN settings\".<\/li>\n<\/ul>\n\n\n\n<figure class=\"wp-block-image\"><img loading=\"lazy\" decoding=\"async\" width=\"423\" height=\"560\" src=\"https:\/\/biblioteka.sum.edu.pl\/wp-content\/uploads\/2023\/12\/2_proxy_ie_chrome.png\" alt=\"\" class=\"wp-image-20561\" srcset=\"https:\/\/biblioteka.sum.edu.pl\/wp-content\/uploads\/2023\/12\/2_proxy_ie_chrome.png 423w, https:\/\/biblioteka.sum.edu.pl\/wp-content\/uploads\/2023\/12\/2_proxy_ie_chrome-227x300.png 227w, https:\/\/biblioteka.sum.edu.pl\/wp-content\/uploads\/2023\/12\/2_proxy_ie_chrome-9x12.png 9w\" sizes=\"auto, (max-width: 423px) 100vw, 423px\" \/><\/figure>\n\n\n\n<ul class=\"wp-block-list\">\n<li>Check \"Use auto-configuration script\" and enter http:\/\/sum.edu.pl\/proxy.pac.<\/li>\n<\/ul>\n\n\n\n<figure class=\"wp-block-image\"><img loading=\"lazy\" decoding=\"async\" width=\"418\" height=\"343\" src=\"https:\/\/biblioteka.sum.edu.pl\/wp-content\/uploads\/2023\/12\/3_proxy_ie_chrome.png\" alt=\"\" class=\"wp-image-20563\" srcset=\"https:\/\/biblioteka.sum.edu.pl\/wp-content\/uploads\/2023\/12\/3_proxy_ie_chrome.png 418w, https:\/\/biblioteka.sum.edu.pl\/wp-content\/uploads\/2023\/12\/3_proxy_ie_chrome-300x246.png 300w, https:\/\/biblioteka.sum.edu.pl\/wp-content\/uploads\/2023\/12\/3_proxy_ie_chrome-15x12.png 15w\" sizes=\"auto, (max-width: 418px) 100vw, 418px\" \/><\/figure>\n\n\n\n<ul class=\"wp-block-list\">\n<li>The address must be entered with the prefix \"http:\/\/....\"<br>Confirm by clicking OK and then OK.<\/li>\n\n\n\n<li>Restart the browser.<\/li>\n<\/ul>\n<\/div><\/div><\/div>\n\n\n\n<div class=\"eb-accordion-item-r3w28xj eb-accordion-wrapper\" data-clickable=\"false\"><div class=\"eb-accordion-title-wrapper\" tabindex=\"0\"><span class=\"eb-accordion-icon-wrapper\"><span class=\"fas fa-angle-right eb-accordion-icon\"><\/span><\/span><p class=\"eb-accordion-title\"><img decoding=\"async\" src=\"https:\/\/biblioteka.sum.edu.pl\/wp-content\/uploads\/2024\/03\/proxy_mac_os.png\" alt=\"\" style=\"width: 30px;\">macOS<\/p><\/div><div class=\"eb-accordion-content-wrapper\"><div class=\"eb-accordion-content\">\n<ul class=\"wp-block-list\">\n<li>Install the Chrome browser from the App Store.<\/li>\n\n\n\n<li>In the system preferences, select \"Network\".<\/li>\n<\/ul>\n\n\n\n<figure class=\"wp-block-image\"><img loading=\"lazy\" decoding=\"async\" width=\"524\" height=\"412\" src=\"https:\/\/biblioteka.sum.edu.pl\/wp-content\/uploads\/2023\/12\/macOS1.png\" alt=\"\" class=\"wp-image-20567\" srcset=\"https:\/\/biblioteka.sum.edu.pl\/wp-content\/uploads\/2023\/12\/macOS1.png 524w, https:\/\/biblioteka.sum.edu.pl\/wp-content\/uploads\/2023\/12\/macOS1-300x236.png 300w, https:\/\/biblioteka.sum.edu.pl\/wp-content\/uploads\/2023\/12\/macOS1-15x12.png 15w\" sizes=\"auto, (max-width: 524px) 100vw, 524px\" \/><\/figure>\n\n\n\n<ul class=\"wp-block-list\">\n<li>In the panel listing the available internet networks, select the network you are using and then click on the \"Advanced...\" button.<\/li>\n<\/ul>\n\n\n\n<figure class=\"wp-block-image\"><img loading=\"lazy\" decoding=\"async\" width=\"523\" height=\"393\" src=\"https:\/\/biblioteka.sum.edu.pl\/wp-content\/uploads\/2023\/12\/macOS2.png\" alt=\"\" class=\"wp-image-20568\" srcset=\"https:\/\/biblioteka.sum.edu.pl\/wp-content\/uploads\/2023\/12\/macOS2.png 523w, https:\/\/biblioteka.sum.edu.pl\/wp-content\/uploads\/2023\/12\/macOS2-300x225.png 300w, https:\/\/biblioteka.sum.edu.pl\/wp-content\/uploads\/2023\/12\/macOS2-16x12.png 16w\" sizes=\"auto, (max-width: 523px) 100vw, 523px\" \/><\/figure>\n\n\n\n<ul class=\"wp-block-list\">\n<li>Select the \"Proxy\" tab, then tick \"Automatic proxy configuration\" and enter the URL in the entry: http:\/\/sum.edu.pl\/proxy.pac<\/li>\n<\/ul>\n\n\n\n<figure class=\"wp-block-image\"><img loading=\"lazy\" decoding=\"async\" width=\"523\" height=\"394\" src=\"https:\/\/biblioteka.sum.edu.pl\/wp-content\/uploads\/2023\/12\/macOS3.png\" alt=\"\" class=\"wp-image-20569\" srcset=\"https:\/\/biblioteka.sum.edu.pl\/wp-content\/uploads\/2023\/12\/macOS3.png 523w, https:\/\/biblioteka.sum.edu.pl\/wp-content\/uploads\/2023\/12\/macOS3-300x226.png 300w, https:\/\/biblioteka.sum.edu.pl\/wp-content\/uploads\/2023\/12\/macOS3-16x12.png 16w\" sizes=\"auto, (max-width: 523px) 100vw, 523px\" \/><\/figure>\n\n\n\n<ul class=\"wp-block-list\">\n<li>The address must be entered with the prefix \"http:\/\/....\"<\/li>\n\n\n\n<li>Confirm by clicking OK. You can close any previously opened windows. To use the proxy, restart the Chrome browser.<\/li>\n<\/ul>\n<\/div><\/div><\/div>\n\n\n\n<div class=\"eb-accordion-item-xxcqcz1 eb-accordion-wrapper\" data-clickable=\"false\"><div class=\"eb-accordion-title-wrapper\" tabindex=\"0\"><span class=\"eb-accordion-icon-wrapper\"><span class=\"fas fa-angle-right eb-accordion-icon\"><\/span><\/span><p class=\"eb-accordion-title\"><img decoding=\"async\" src=\"https:\/\/biblioteka.sum.edu.pl\/wp-content\/uploads\/2024\/03\/proxy-android-logo.png\" alt=\"\" style=\"width: 30px;\"> Android - mobile devices<\/p><\/div><div class=\"eb-accordion-content-wrapper\"><div class=\"eb-accordion-content\">\n<p>Configuring the Firefox Nightly mobile browser to work with PROXY:<\/p>\n\n\n\n<ul class=\"wp-block-list\">\n<li>Download and install the Firefox Nightly browser from the Google Play Store<\/li>\n\n\n\n<li>After launching Firefox Nightly, in the address field type: about:config, then search for network.proxy.type and set the value: 2.<\/li>\n<\/ul>\n\n\n\n<figure class=\"wp-block-image\"><img loading=\"lazy\" decoding=\"async\" width=\"450\" height=\"388\" src=\"https:\/\/biblioteka.sum.edu.pl\/wp-content\/uploads\/2023\/12\/proxy_android_1.png\" alt=\"\" class=\"wp-image-20574\" srcset=\"https:\/\/biblioteka.sum.edu.pl\/wp-content\/uploads\/2023\/12\/proxy_android_1.png 450w, https:\/\/biblioteka.sum.edu.pl\/wp-content\/uploads\/2023\/12\/proxy_android_1-300x259.png 300w, https:\/\/biblioteka.sum.edu.pl\/wp-content\/uploads\/2023\/12\/proxy_android_1-14x12.png 14w\" sizes=\"auto, (max-width: 450px) 100vw, 450px\" \/><\/figure>\n\n\n\n<ul class=\"wp-block-list\">\n<li>Set another parameter - network.proxy.autoconfig_url - type http:\/\/sum.edu.pl\/proxy.pac<\/li>\n<\/ul>\n\n\n\n<figure class=\"wp-block-image\"><img loading=\"lazy\" decoding=\"async\" width=\"480\" height=\"519\" src=\"https:\/\/biblioteka.sum.edu.pl\/wp-content\/uploads\/2023\/12\/proxy_android_2.png\" alt=\"\" class=\"wp-image-20575\" srcset=\"https:\/\/biblioteka.sum.edu.pl\/wp-content\/uploads\/2023\/12\/proxy_android_2.png 480w, https:\/\/biblioteka.sum.edu.pl\/wp-content\/uploads\/2023\/12\/proxy_android_2-277x300.png 277w, https:\/\/biblioteka.sum.edu.pl\/wp-content\/uploads\/2023\/12\/proxy_android_2-11x12.png 11w\" sizes=\"auto, (max-width: 480px) 100vw, 480px\" \/><\/figure>\n\n\n\n<ul class=\"wp-block-list\">\n<li><\/li>\n<\/ul>\n\n\n\n<p><\/p>\n<\/div><\/div><\/div>\n\n\n\n<div class=\"eb-accordion-item-wt6qcoc eb-accordion-wrapper\" data-clickable=\"false\"><div class=\"eb-accordion-title-wrapper\" tabindex=\"0\"><span class=\"eb-accordion-icon-wrapper\"><span class=\"fas fa-angle-right eb-accordion-icon\"><\/span><\/span><p class=\"eb-accordion-title\"><img decoding=\"async\" src=\"https:\/\/biblioteka.sum.edu.pl\/wp-content\/uploads\/2024\/03\/proxy_ios.png\" alt=\"\" style=\"width: 30px;\"> iOS - mobile devices - iPad\/iPhone<\/p><\/div><div class=\"eb-accordion-content-wrapper\"><div class=\"eb-accordion-content\">\n<ul class=\"wp-block-list\">\n<li>Enter the system settings by clicking on the cogwheel icon:<\/li>\n<\/ul>\n\n\n\n<figure class=\"wp-block-image aligncenter is-resized\"><img loading=\"lazy\" decoding=\"async\" width=\"142\" height=\"142\" src=\"https:\/\/biblioteka.sum.edu.pl\/wp-content\/uploads\/2023\/12\/ipadstart.jpg\" alt=\"\" class=\"wp-image-20579\" style=\"aspect-ratio:1;width:72px;height:auto\" srcset=\"https:\/\/biblioteka.sum.edu.pl\/wp-content\/uploads\/2023\/12\/ipadstart.jpg 142w, https:\/\/biblioteka.sum.edu.pl\/wp-content\/uploads\/2023\/12\/ipadstart-12x12.jpg 12w\" sizes=\"auto, (max-width: 142px) 100vw, 142px\" \/><\/figure>\n\n\n\n<ul class=\"wp-block-list\">\n<li>In the \"Settings\" menu, select \"Wi-Fi\" (1) and then select the network (2) to which you are connected.<\/li>\n<\/ul>\n\n\n\n<figure class=\"wp-block-image aligncenter is-resized\"><img loading=\"lazy\" decoding=\"async\" width=\"768\" height=\"417\" src=\"https:\/\/biblioteka.sum.edu.pl\/wp-content\/uploads\/2023\/12\/ipad1.jpg\" alt=\"\" class=\"wp-image-20580\" style=\"aspect-ratio:1.841726618705036;width:499px;height:auto\" srcset=\"https:\/\/biblioteka.sum.edu.pl\/wp-content\/uploads\/2023\/12\/ipad1.jpg 768w, https:\/\/biblioteka.sum.edu.pl\/wp-content\/uploads\/2023\/12\/ipad1-300x163.jpg 300w, https:\/\/biblioteka.sum.edu.pl\/wp-content\/uploads\/2023\/12\/ipad1-18x10.jpg 18w\" sizes=\"auto, (max-width: 768px) 100vw, 768px\" \/><\/figure>\n\n\n\n<ul class=\"wp-block-list\">\n<li>In the configuration panel of your Wi-Fi network, select \"Auto\" (3) and in the URL box (4) enter http:\/\/sum.edu.pl\/proxy.pac (it is important that the address is entered with the prefix http:\/\/....):<\/li>\n<\/ul>\n\n\n\n<figure class=\"wp-block-image aligncenter is-resized\"><img loading=\"lazy\" decoding=\"async\" width=\"768\" height=\"761\" src=\"https:\/\/biblioteka.sum.edu.pl\/wp-content\/uploads\/2023\/12\/ipad2.jpg\" alt=\"\" class=\"wp-image-20576\" style=\"aspect-ratio:1.0091984231274638;width:494px;height:auto\" srcset=\"https:\/\/biblioteka.sum.edu.pl\/wp-content\/uploads\/2023\/12\/ipad2.jpg 768w, https:\/\/biblioteka.sum.edu.pl\/wp-content\/uploads\/2023\/12\/ipad2-300x297.jpg 300w, https:\/\/biblioteka.sum.edu.pl\/wp-content\/uploads\/2023\/12\/ipad2-150x150.jpg 150w, https:\/\/biblioteka.sum.edu.pl\/wp-content\/uploads\/2023\/12\/ipad2-12x12.jpg 12w\" sizes=\"auto, (max-width: 768px) 100vw, 768px\" \/><\/figure>\n\n\n\n<ul class=\"wp-block-list\">\n<li>Close the network configuration by clicking on the \"Wi-FI\" option (5).<\/li>\n<\/ul>\n\n\n\n<ul class=\"wp-block-list\">\n<li>Restart the browser or the entire device before connecting for the first time.<\/li>\n<\/ul>\n\n\n\n<ul class=\"wp-block-list\">\n<li>From now on you can already browse the pages of electronic resources available from the SUM network. The browser will only ask you to log in, which is explained below.<\/li>\n<\/ul>\n\n\n\n<hr class=\"wp-block-separator has-alpha-channel-opacity\"\/>\n\n\n\n<ul class=\"wp-block-list\">\n<li>The latest versions of IOS will first display a message that authentication is required.<\/li>\n<\/ul>\n\n\n\n<figure class=\"wp-block-image aligncenter\"><img loading=\"lazy\" decoding=\"async\" width=\"285\" height=\"189\" src=\"https:\/\/biblioteka.sum.edu.pl\/wp-content\/uploads\/2023\/12\/ipad3.png\" alt=\"\" class=\"wp-image-20577\" srcset=\"https:\/\/biblioteka.sum.edu.pl\/wp-content\/uploads\/2023\/12\/ipad3.png 285w, https:\/\/biblioteka.sum.edu.pl\/wp-content\/uploads\/2023\/12\/ipad3-18x12.png 18w\" sizes=\"auto, (max-width: 285px) 100vw, 285px\" \/><\/figure>\n\n\n\n<p><\/p>\n\n\n\n<ul class=\"wp-block-list\">\n<li>Select 'Settings', then the system will take you to your WiFi settings and ask you to enter your student account login and password.<\/li>\n<\/ul>\n\n\n\n<figure class=\"wp-block-image aligncenter\"><img loading=\"lazy\" decoding=\"async\" width=\"280\" height=\"245\" src=\"https:\/\/biblioteka.sum.edu.pl\/wp-content\/uploads\/2023\/12\/ipad4.png\" alt=\"\" class=\"wp-image-20578\" srcset=\"https:\/\/biblioteka.sum.edu.pl\/wp-content\/uploads\/2023\/12\/ipad4.png 280w, https:\/\/biblioteka.sum.edu.pl\/wp-content\/uploads\/2023\/12\/ipad4-14x12.png 14w\" sizes=\"auto, (max-width: 280px) 100vw, 280px\" \/><\/figure>\n\n\n\n<ul class=\"wp-block-list\">\n<li>Log in to PROXY with your @365.sum.edu.pl domain email address and password.<\/li>\n<\/ul>\n\n\n\n<hr class=\"wp-block-separator has-alpha-channel-opacity\"\/>\n\n\n\n<p>Note: If you were browsing the web, even though you had previously logged in, the message \"Authentication required\" would show up again:<\/p>\n\n\n\n<ul class=\"wp-block-list\">\n<li>select 'Settings',<\/li>\n\n\n\n<li>In the next window, where login and password are required, select \"Cancel\" without entering your data. On IOS systems older than version 13, you can select \"OK\" - without entering your login and password.<\/li>\n<\/ul>\n\n\n\n<p>If this method does not work and the IOS still frequently requires you to log in, then follow the procedure below:<\/p>\n\n\n\n<ul class=\"wp-block-list\">\n<li>Check if IOS updates are available, if so, execute them.<\/li>\n\n\n\n<li>Clear the browsing history and site data for the web browser you are using.<\/li>\n\n\n\n<li>Switch the entire device off and on.<\/li>\n\n\n\n<li>Launch your browser and log in to PROXY.<\/li>\n<\/ul>\n<\/div><\/div><\/div>\n<\/div><\/div><\/div><\/div>","protected":false},"excerpt":{"rendered":"<p class=\"translation-block\">Browser configuration<br>\n- proxy service for SUM students<\/p>","protected":false},"author":3,"featured_media":0,"parent":0,"menu_order":0,"comment_status":"closed","ping_status":"closed","template":"","meta":{"_eb_attr":"","footnotes":""},"categories":[],"tags":[],"class_list":["post-20552","page","type-page","status-publish","hentry"],"publishpress_future_action":{"enabled":false,"date":"2026-04-12 11:12:16","action":"change-status","newStatus":"draft","terms":[],"taxonomy":"category","extraData":[]},"publishpress_future_workflow_manual_trigger":{"enabledWorkflows":[]},"_links":{"self":[{"href":"https:\/\/biblioteka.sum.edu.pl\/en\/wp-json\/wp\/v2\/pages\/20552","targetHints":{"allow":["GET"]}}],"collection":[{"href":"https:\/\/biblioteka.sum.edu.pl\/en\/wp-json\/wp\/v2\/pages"}],"about":[{"href":"https:\/\/biblioteka.sum.edu.pl\/en\/wp-json\/wp\/v2\/types\/page"}],"author":[{"embeddable":true,"href":"https:\/\/biblioteka.sum.edu.pl\/en\/wp-json\/wp\/v2\/users\/3"}],"replies":[{"embeddable":true,"href":"https:\/\/biblioteka.sum.edu.pl\/en\/wp-json\/wp\/v2\/comments?post=20552"}],"version-history":[{"count":27,"href":"https:\/\/biblioteka.sum.edu.pl\/en\/wp-json\/wp\/v2\/pages\/20552\/revisions"}],"predecessor-version":[{"id":23104,"href":"https:\/\/biblioteka.sum.edu.pl\/en\/wp-json\/wp\/v2\/pages\/20552\/revisions\/23104"}],"wp:attachment":[{"href":"https:\/\/biblioteka.sum.edu.pl\/en\/wp-json\/wp\/v2\/media?parent=20552"}],"wp:term":[{"taxonomy":"category","embeddable":true,"href":"https:\/\/biblioteka.sum.edu.pl\/en\/wp-json\/wp\/v2\/categories?post=20552"},{"taxonomy":"post_tag","embeddable":true,"href":"https:\/\/biblioteka.sum.edu.pl\/en\/wp-json\/wp\/v2\/tags?post=20552"}],"curies":[{"name":"wp","href":"https:\/\/api.w.org\/{rel}","templated":true}]}}