{"id":20258,"date":"2023-11-30T14:52:53","date_gmt":"2023-11-30T13:52:53","guid":{"rendered":"https:\/\/biblioteka2.sum.edu.pl\/?page_id=20258"},"modified":"2026-02-10T13:22:44","modified_gmt":"2026-02-10T12:22:44","slug":"atlas-3d-complete-anatomy","status":"publish","type":"page","link":"https:\/\/biblioteka.sum.edu.pl\/en\/zasoby\/najczesciej-uzywane-bazy\/atlas-3d-complete-anatomy\/","title":{"rendered":"Complete Anatomy 3D Atlas"},"content":{"rendered":"<h2 class=\"wp-block-heading\">Complete Anatomy 3D Atlas<\/h2>\n\n\n\n<div class=\"wp-block-essential-blocks-notice  root-eb-notice-y2mja7u\"><div class=\"eb-parent-wrapper eb-parent-eb-notice-y2mja7u\"><div class=\"eb-notice-wrapper eb-notice-y2mja7u\" data-id=\"eb-notice-y2mja7u\" data-show-again=\"false\"><div class=\"eb-notice-title-wrapper\"><div class=\"eb-notice-title\">Please, note!<\/div><\/div><span class=\"eb-notice-dismiss\" style=\"cursor:pointer\"><\/span><div><div class=\"eb-notice-text\">\u017beby uzyska\u0107 dost\u0119p do Atlasu:\u00a01.  pobierz aplikacj\u0119,2. utw\u00f3rz konto.<\/div><\/div><\/div><\/div><\/div>\n\n\n\n<p>Detailed Instructions:<\/p>\n\n\n\n<ul class=\"wp-block-list\">\n<li class=\"translation-block\">go to: <a href=\"https:\/\/3d4medical.com\/download\" target=\"_self\">https:\/\/3d4medical.com\/download<\/a>  and go to the relevant app shop (Google Play, Microsoft Windows 10, App Store) - installation on computers or mobile devices is possible,<\/li>\n\n\n\n<li>download the app to your device,<\/li>\n\n\n\n<li>click on GET STARTED at the top of the screen and select SIGN UP FOR FREE,<\/li>\n\n\n\n<li class=\"translation-block\">register an account by entering an e-mail address in the domain <em><strong>@365.sum.edu.pl (students)<\/strong> <\/em> or <em><strong>@sum.edu.pl (academic teachers)<\/strong> <\/em>, to which an activation link will be sent,<\/li>\n\n\n\n<li>once activated, click on the round avatar icon at the top of the screen - a window with SETTINGS \/ MY ACCOUNT will open.<\/li>\n\n\n\n<li>In the Redeem Code field, type\/copy the following code:<\/li>\n<\/ul>\n\n\n\n<div class=\"wp-block-essential-blocks-advanced-tabs  root-eb-advanced-tabs-0mx9jeb\"><div class=\"eb-parent-wrapper eb-parent-eb-advanced-tabs-0mx9jeb\"><div class=\"eb-advanced-tabs-0mx9jeb eb-advanced-tabs-wrapper horizontal\" data-min-height=\"true\"><div class=\"eb-tabs-nav\"><ul class=\"tabTitles\" data-tabs-ul-id=\"eb-advanced-tabs-0mx9jeb\"><li data-title-tab-id=\"1\" data-title-custom-id=\"\" class=\"active\"><div class=\"tab-title-wrap\"><h6 class=\"tab-title-text\">Students<br>account @365.sum.edu.pl<\/h6><\/div><\/li><li data-title-tab-id=\"2\" data-title-custom-id=\"\" class=\"inactive\"><div class=\"tab-title-wrap\"><h6 class=\"tab-title-text\">Academic teachers<br>account @sum.edu.pl<\/h6><\/div><\/li><\/ul><\/div><div class=\"eb-tabs-contents\">\n<div class=\"eb-tab-wrapper\" data-tab-id=\"1\" data-tab-parent-id=\"eb-advanced-tabs-0mx9jeb\"><div class=\"eb-tab-inner\">\n<figure class=\"wp-block-table\"><table><tbody><tr><td class=\"has-text-align-center\" data-align=\"center\"><strong>586395442895<\/strong><\/td><\/tr><\/tbody><\/table><\/figure>\n<\/div><\/div>\n\n\n\n<div class=\"eb-tab-wrapper\" data-tab-id=\"2\" data-tab-parent-id=\"eb-advanced-tabs-0mx9jeb\"><div class=\"eb-tab-inner\">\n<figure class=\"wp-block-table\"><table><tbody><tr><td class=\"has-text-align-center\" data-align=\"center\"><strong>EEP14XWEE55J<\/strong><\/td><\/tr><\/tbody><\/table><\/figure>\n<\/div><\/div>\n<\/div><\/div><\/div><\/div>\n\n\n\n<p>Nagranie najnowszego webinaru z u\u017cywania atlasu Complete Anatomy &#8211; 12 listopada 2025 r.<br><a href=\"https:\/\/click30.bigmarker.com\/links\/wDinHBX0M1E\/pYQJMvLiE\/srAROi1xuSx\/B6LMwjEQ0f_?bu=fe5a41e3617546e1603928a518ce2a677319385dc1c5703f42f7b4636f52c4a6ca45ddf7b96b0f4f9495ca8c1a74f679ce91ace0c3275daf12539ac3597712c7230c8c727dbc9014e5385f85e9d081ae3f5146e5603ed702c248fd3aba0f19c85c1ae995f4e544d9d07e5776376bfa97236971851ec30d58e95d4cd89e7eea68cdab68a7bf5a9076da14c7745ab5a186d20b0d8aeecfb806dad72f70a60cb7734c8a3baceb3d94eba96e54764982a34cce1afe1123cbe01f28c7d12a71087b1bb5b8f9e49a1118c3c7d1bcb813d634f3f6fe0ec6676a948a23723b982c931407bc69ed4275c5eb9e13bcca79abf206bff83e00b9cde12d2d163ec1bab36e442e\">Obejrzyj nagranie<\/a> (demonstracja funkcji na \u017cywo &#8211; 29.00 minuta nagrania)<br><\/p>\n\n\n\n<div class=\"wp-block-kadence-accordion alignnone\"><div class=\"kt-accordion-wrap kt-accordion-id20258_a75633-79 kt-accordion-has-70-panes kt-active-pane-0 kt-accordion-block kt-pane-header-alignment-left kt-accodion-icon-style-arrow kt-accodion-icon-side-right\" style=\"max-width:none\"><div class=\"kt-accordion-inner-wrap\" data-allow-multiple-open=\"false\" data-start-open=\"none\">\n<div class=\"wp-block-kadence-pane kt-accordion-pane kt-accordion-pane-1 kt-pane20258_f982ac-0f\"><div class=\"kt-accordion-header-wrap\"><button class=\"kt-blocks-accordion-header kt-acccordion-button-label-show\" type=\"button\"><span class=\"kt-blocks-accordion-title-wrap\"><span class=\"kt-blocks-accordion-title\"><strong><strong><strong><strong>About the Atlas<\/strong><\/strong><\/strong><\/strong>&nbsp;<\/span><\/span><span class=\"kt-blocks-accordion-icon-trigger\"><\/span><\/button><\/div><div class=\"kt-accordion-panel kt-accordion-panel-hidden\"><div class=\"kt-accordion-panel-inner\">\n<ul class=\"wp-block-list\">\n<li>A highly accurate, realistic, interactive model of the human body (comprising 17,000 three-dimensional structures),<\/li>\n\n\n\n<li>English and Latin terminology, full descriptions, definitions, pronunciation,<\/li>\n\n\n\n<li>1,500 clinical videos,<\/li>\n\n\n\n<li>The most advanced technology: beating heart, muscle and bone movements, cross-sections, micro-anatomical models, quizzes and tests,<\/li>\n\n\n\n<li>Tools for editing anatomical models, with which you can: perform virtual organ dissection, simulate pain and pathological changes, add labels and notes, import images,<\/li>\n\n\n\n<li>Possibility to create your own resources, lectures and courses,<\/li>\n\n\n\n<li>Possibility to share all content with students, both existing on the platform and created by the teacher,<\/li>\n\n\n\n<li>Portfolio of ready-made courses and lectures.<\/li>\n<\/ul>\n<\/div><\/div><\/div>\n\n\n\n<div class=\"wp-block-kadence-pane kt-accordion-pane kt-accordion-pane-61 kt-pane20258_013058-7f\"><div class=\"kt-accordion-header-wrap\"><button class=\"kt-blocks-accordion-header kt-acccordion-button-label-show\" type=\"button\"><span class=\"kt-blocks-accordion-title-wrap\"><span class=\"kt-blocks-accordion-title\"><strong>More information<\/strong><\/span><\/span><span class=\"kt-blocks-accordion-icon-trigger\"><\/span><\/button><\/div><div class=\"kt-accordion-panel kt-accordion-panel-hidden\"><div class=\"kt-accordion-panel-inner\">\n<ul class=\"wp-block-list\">\n<li class=\"translation-block\"><a rel=\"noreferrer noopener\" href=\"https:\/\/3d4medical.com\/use-of-imagery-videos\" target=\"_blank\">Use of Imagery &amp; Videos<\/a><\/li>\n\n\n\n<li><a rel=\"noreferrer noopener\" href=\"https:\/\/service.elsevier.com\/app\/answers\/detail\/a_id\/31766\/c\/10541\/supporthub\/complete-anatomy\/\" target=\"_blank\">Basics of the use<\/a><\/li>\n\n\n\n<li><a rel=\"noreferrer noopener\" href=\"https:\/\/3d4medical.com\/category\/support\/complete-anatomy\/tutorials\" target=\"_blank\">Video Tutorials<\/a><\/li>\n\n\n\n<li><a href=\"https:\/\/3d4medical.com\/live\" target=\"_blank\" rel=\"noreferrer noopener\">Webinars<\/a>&nbsp;<\/li>\n\n\n\n<li><a rel=\"noreferrer noopener\" href=\"https:\/\/www.youtube.com\/playlist?list=PL4UJ51L9AD1XAbkpGkcydgyVgU9pS__DQ\" target=\"_blank\">Professor Alice Roberts' YouTube channel - teaching anatomy using Complete Anatomy<\/a>&nbsp;<\/li>\n\n\n\n<li><a href=\"https:\/\/3d4medical.com\/blog-topic\/histology\" target=\"_blank\" rel=\"noreferrer noopener\">Teaching histology with Complete Anatomy<\/a><\/li>\n<\/ul>\n<\/div><\/div><\/div>\n<\/div><\/div><\/div>\n\n\n\n<p><\/p>","protected":false},"excerpt":{"rendered":"<p>Atlas 3D Complete Anatomy Szczeg\u00f3\u0142owa instrukcja: Nagranie najnowszego webinaru z u\u017cywania atlasu Complete Anatomy &#8211; 12 listopada 2025 r.Obejrzyj nagranie (demonstracja funkcji na \u017cywo &#8211; 29.00 minuta nagrania)<\/p>","protected":false},"author":3,"featured_media":0,"parent":23302,"menu_order":0,"comment_status":"closed","ping_status":"closed","template":"","meta":{"_eb_attr":"","footnotes":""},"categories":[],"tags":[],"class_list":["post-20258","page","type-page","status-publish","hentry"],"publishpress_future_action":{"enabled":false,"date":"2026-04-12 16:13:32","action":"change-status","newStatus":"draft","terms":[],"taxonomy":"category","extraData":[]},"publishpress_future_workflow_manual_trigger":{"enabledWorkflows":[]},"_links":{"self":[{"href":"https:\/\/biblioteka.sum.edu.pl\/en\/wp-json\/wp\/v2\/pages\/20258","targetHints":{"allow":["GET"]}}],"collection":[{"href":"https:\/\/biblioteka.sum.edu.pl\/en\/wp-json\/wp\/v2\/pages"}],"about":[{"href":"https:\/\/biblioteka.sum.edu.pl\/en\/wp-json\/wp\/v2\/types\/page"}],"author":[{"embeddable":true,"href":"https:\/\/biblioteka.sum.edu.pl\/en\/wp-json\/wp\/v2\/users\/3"}],"replies":[{"embeddable":true,"href":"https:\/\/biblioteka.sum.edu.pl\/en\/wp-json\/wp\/v2\/comments?post=20258"}],"version-history":[{"count":33,"href":"https:\/\/biblioteka.sum.edu.pl\/en\/wp-json\/wp\/v2\/pages\/20258\/revisions"}],"predecessor-version":[{"id":27721,"href":"https:\/\/biblioteka.sum.edu.pl\/en\/wp-json\/wp\/v2\/pages\/20258\/revisions\/27721"}],"up":[{"embeddable":true,"href":"https:\/\/biblioteka.sum.edu.pl\/en\/wp-json\/wp\/v2\/pages\/23302"}],"wp:attachment":[{"href":"https:\/\/biblioteka.sum.edu.pl\/en\/wp-json\/wp\/v2\/media?parent=20258"}],"wp:term":[{"taxonomy":"category","embeddable":true,"href":"https:\/\/biblioteka.sum.edu.pl\/en\/wp-json\/wp\/v2\/categories?post=20258"},{"taxonomy":"post_tag","embeddable":true,"href":"https:\/\/biblioteka.sum.edu.pl\/en\/wp-json\/wp\/v2\/tags?post=20258"}],"curies":[{"name":"wp","href":"https:\/\/api.w.org\/{rel}","templated":true}]}}