{"id":19933,"date":"2023-11-29T10:33:46","date_gmt":"2023-11-29T09:33:46","guid":{"rendered":"https:\/\/biblioteka2.sum.edu.pl\/?page_id=19933"},"modified":"2026-03-31T10:31:50","modified_gmt":"2026-03-31T08:31:50","slug":"podreczniki-wydawnictwa-sum","status":"publish","type":"page","link":"https:\/\/biblioteka.sum.edu.pl\/en\/zasoby\/podreczniki-wydawnictwa-sum\/","title":{"rendered":"University Press textbooks"},"content":{"rendered":"<h2 class=\"wp-block-heading\">SUM University Press textbooks<\/h2>\n\n\n\n<h3 class=\"wp-block-heading\">Selected textbooks<\/h3>\n\n\n\n<p>A selection of electronic scripts is available on computers in the reading room of the Main Library and its Branches.<\/p>\n\n\n\n<div class=\"wp-block-kadence-accordion alignnone\"><div class=\"kt-accordion-wrap kt-accordion-id19933_36aa04-81 kt-accordion-has-5-panes kt-active-pane-0 kt-accordion-block kt-pane-header-alignment-left kt-accodion-icon-style-arrow kt-accodion-icon-side-right\" style=\"max-width:none\"><div class=\"kt-accordion-inner-wrap\" data-allow-multiple-open=\"false\" data-start-open=\"none\">\n<div class=\"wp-block-kadence-pane kt-accordion-pane kt-accordion-pane-1 kt-pane19933_665281-bd\"><div class=\"kt-accordion-header-wrap\"><button class=\"kt-blocks-accordion-header kt-acccordion-button-label-show\" type=\"button\"><span class=\"kt-blocks-accordion-title-wrap\"><span class=\"kt-blocks-accordion-title\"><strong>Titles<\/strong><\/span><\/span><span class=\"kt-blocks-accordion-icon-trigger\"><\/span><\/button><\/div><div class=\"kt-accordion-panel kt-accordion-panel-hidden\"><div class=\"kt-accordion-panel-inner\">\n<p><img loading=\"lazy\" decoding=\"async\" width=\"30\" height=\"36\" class=\"wp-image-19026\" style=\"width: 30px;\" src=\"https:\/\/biblioteka.sum.edu.pl\/wp-content\/uploads\/2023\/11\/PDF.png\" alt=\"\" srcset=\"https:\/\/biblioteka.sum.edu.pl\/wp-content\/uploads\/2023\/11\/PDF.png 50w, https:\/\/biblioteka.sum.edu.pl\/wp-content\/uploads\/2023\/11\/PDF-10x12.png 10w\" sizes=\"auto, (max-width: 30px) 100vw, 30px\" \/> <a href=\"https:\/\/biblioteka.sum.edu.pl\/wp-content\/uploads\/2024\/02\/anatomia2007.pdf\">Anatomiczne podstawy post\u0119powania lekarskiego \/ pod red. Konstantego \u015alusarczyka i Jacka Kosiewicza ; aut. Robert Jarosz [i in.]. Wyd. 2. Katowice : \u015al\u0105ski Uniwersytet Medyczny w Katowicach, 2007. (pdf; 3 MB)<\/a><\/p>\n\n\n\n<p><img loading=\"lazy\" decoding=\"async\" width=\"30\" height=\"36\" class=\"wp-image-19026\" style=\"width: 30px;\" src=\"https:\/\/biblioteka.sum.edu.pl\/wp-content\/uploads\/2023\/11\/PDF.png\" alt=\"\" srcset=\"https:\/\/biblioteka.sum.edu.pl\/wp-content\/uploads\/2023\/11\/PDF.png 50w, https:\/\/biblioteka.sum.edu.pl\/wp-content\/uploads\/2023\/11\/PDF-10x12.png 10w\" sizes=\"auto, (max-width: 30px) 100vw, 30px\" \/> <a href=\"https:\/\/biblioteka.sum.edu.pl\/wp-content\/uploads\/2024\/02\/cwiczenia_z_chorob_wewnetrznych.pdf\"> \u0106wiczenia z chor\u00f3b wewn\u0119trznych i piel\u0119gniarstwa internistycznego \/ red. Jan Szewieczek, Jan Du\u0142awa ; [aut. Jan Du\u0142awa i in.]. Wyd. 2 zmien. Katowice : \u015al\u0105ski Uniwersytet Medyczny w Katowicach, 2008. (pdf; 1 MB)<\/a><\/p>\n\n\n\n<p><img loading=\"lazy\" decoding=\"async\" width=\"30\" height=\"36\" class=\"wp-image-19026\" style=\"width: 30px;\" src=\"https:\/\/biblioteka.sum.edu.pl\/wp-content\/uploads\/2023\/11\/PDF.png\" alt=\"\" srcset=\"https:\/\/biblioteka.sum.edu.pl\/wp-content\/uploads\/2023\/11\/PDF.png 50w, https:\/\/biblioteka.sum.edu.pl\/wp-content\/uploads\/2023\/11\/PDF-10x12.png 10w\" sizes=\"auto, (max-width: 30px) 100vw, 30px\" \/>  <a href=\"https:\/\/biblioteka.sum.edu.pl\/wp-content\/uploads\/2024\/02\/inzynieria_genetyczna.pdf\">In\u017cynieria genetyczna i terapia genowa : zagadnienia podstawowe i aspekty praktyczne \/ pod red. Ilony Bednarek ; [aut. Ilona Bednarek i in.]. Katowice : \u015al\u0105ski Uniwersytet Medyczny w Katowicach, 2008.  (pdf; 2 MB)<\/a><\/p>\n\n\n\n<p><img loading=\"lazy\" decoding=\"async\" width=\"30\" height=\"36\" class=\"wp-image-19026\" style=\"width: 30px;\" src=\"https:\/\/biblioteka.sum.edu.pl\/wp-content\/uploads\/2023\/11\/PDF.png\" alt=\"\" srcset=\"https:\/\/biblioteka.sum.edu.pl\/wp-content\/uploads\/2023\/11\/PDF.png 50w, https:\/\/biblioteka.sum.edu.pl\/wp-content\/uploads\/2023\/11\/PDF-10x12.png 10w\" sizes=\"auto, (max-width: 30px) 100vw, 30px\" \/>  <a href=\"https:\/\/biblioteka.sum.edu.pl\/wp-content\/uploads\/2024\/02\/oral_presentations_in_english.pdf\">Oral presentations in English : tutorial for students \/ Andrzej K. Kuropatnicki. Katowice : \u015al\u0105ski Uniwersytet Medyczny w Katowicach, 2007. (pdf; 741 kB)<\/a><\/p>\n\n\n\n<p><img loading=\"lazy\" decoding=\"async\" width=\"30\" height=\"36\" class=\"wp-image-19026\" style=\"width: 30px;\" src=\"https:\/\/biblioteka.sum.edu.pl\/wp-content\/uploads\/2023\/11\/PDF.png\" alt=\"\" srcset=\"https:\/\/biblioteka.sum.edu.pl\/wp-content\/uploads\/2023\/11\/PDF.png 50w, https:\/\/biblioteka.sum.edu.pl\/wp-content\/uploads\/2023\/11\/PDF-10x12.png 10w\" sizes=\"auto, (max-width: 30px) 100vw, 30px\" \/>  <a href=\"https:\/\/biblioteka.sum.edu.pl\/wp-content\/uploads\/2024\/02\/podstawowe_zagadnienia.pdf\">Podstawowe zagadnienia z obszaru biotechnologii farmaceutycznej \/ pod red. Ilony Bednarek. Katowice : \u015al\u0105ski Uniwersytet Medyczny w Katowicach, 2007. (pdf; 2 MB)<\/a><\/p>\n\n\n\n<p><img loading=\"lazy\" decoding=\"async\" width=\"30\" height=\"36\" class=\"wp-image-19026\" style=\"width: 30px;\" src=\"https:\/\/biblioteka.sum.edu.pl\/wp-content\/uploads\/2023\/11\/PDF.png\" alt=\"\" srcset=\"https:\/\/biblioteka.sum.edu.pl\/wp-content\/uploads\/2023\/11\/PDF.png 50w, https:\/\/biblioteka.sum.edu.pl\/wp-content\/uploads\/2023\/11\/PDF-10x12.png 10w\" sizes=\"auto, (max-width: 30px) 100vw, 30px\" \/> <a href=\"https:\/\/biblioteka.sum.edu.pl\/wp-content\/uploads\/2024\/02\/psychiatria.pdf\">Psychiatria : podr\u0119cznik dla student\u00f3w piel\u0119gniarstwa \/ pod red. Ireny Krupki Matuszczyk, Macieja Matuszczyka ; [aut. rozdz. Aleksandra Cie\u015blik i in.]. Katowice : \u015al\u0105ski Uniwersytet Medyczny w Katowicach, 2007. (pdf; 2 MB)<\/a><\/p>\n<\/div><\/div><\/div>\n<\/div><\/div><\/div>\n\n\n\n<hr class=\"wp-block-separator has-alpha-channel-opacity\"\/>\n\n\n\n<h3 class=\"wp-block-heading\">Other books<\/h3>\n\n\n\n<p><a href=\"https:\/\/primo-48slam.hosted.exlibrisgroup.com\/primo-explore\/search?query=any,contains,%C5%9Al%C4%85ski%20Uniwersytet%20Medyczny,AND&amp;query=sub,contains,CD-ROM,AND&amp;tab=aleph_tab&amp;search_scope=aleph_scope&amp;sortby=date&amp;vid=48SLAM_VIEW&amp;lang=pl_PL&amp;mode=advanced&amp;offset=0\" data-type=\"link\" data-id=\"https:\/\/primo-48slam.hosted.exlibrisgroup.com\/primo-explore\/search?query=any,contains,%C5%9Al%C4%85ski%20Uniwersytet%20Medyczny,AND&amp;query=sub,contains,CD-ROM,AND&amp;tab=aleph_tab&amp;search_scope=aleph_scope&amp;sortby=date&amp;vid=48SLAM_VIEW&amp;lang=pl_PL&amp;mode=advanced&amp;offset=0\">Other electronic books by SUM University Press<\/a> are available on individual computers in each of the network's libraries.<\/p>\n\n\n\n<p class=\"translation-block\">Please <a href=\"https:\/\/biblioteka2.sum.edu.pl\/en\/kontakt-i-godziny-otwarcia\/\" data-type=\"page\" data-id=\"16504\" target=\"_self\">contact the library of your choice for access details<\/a>. Scripts made available in this way can only be viewed <strong>without copying, printing or saving.<\/strong><\/p>\n\n\n\n<p><\/p>\n\n\n\n<hr class=\"wp-block-separator has-alpha-channel-opacity\"\/>\n\n\n\n<h3 class=\"wp-block-heading\">How to purchase SUM University Press publications<\/h3>\n\n\n\n<p>For information on purchasing publications from the SUM University Press, visit <a href=\"\/en\/the University Press website\/\" data-type=\"link\" data-id=\"https:\/\/www.wydawnictwo.sum.edu.pl\/\">the University Press website<\/a><\/p>","protected":false},"excerpt":{"rendered":"<p>Podr\u0119czniki Wydawnictwa \u015aUM Wybrane skrypty Wybrane skrypty w wersji elektronicznej dost\u0119pne s\u0105 na komputerach w czytelni Biblioteki G\u0142\u00f3wnej oraz jej Oddzia\u0142ach. Pozosta\u0142e ksi\u0105\u017cki Pozosta\u0142e elektroniczne ksi\u0105\u017cki Wydawnictwa SUM dost\u0119pne s\u0105 na pojedynczych komputerach w ka\u017cdej z bibliotek sieci. W celu uzyskania szczeg\u00f3\u0142owych informacji dotycz\u0105cych dost\u0119pu prosimy o kontakt z wybran\u0105 bibliotek\u0105. Udost\u0119pnione w ten spos\u00f3b [&hellip;]<\/p>","protected":false},"author":3,"featured_media":0,"parent":132,"menu_order":0,"comment_status":"closed","ping_status":"closed","template":"","meta":{"_eb_attr":"","footnotes":""},"categories":[],"tags":[],"class_list":["post-19933","page","type-page","status-publish","hentry"],"publishpress_future_action":{"enabled":false,"date":"2026-04-12 11:12:16","action":"change-status","newStatus":"draft","terms":[],"taxonomy":"category","extraData":[]},"publishpress_future_workflow_manual_trigger":{"enabledWorkflows":[]},"_links":{"self":[{"href":"https:\/\/biblioteka.sum.edu.pl\/en\/wp-json\/wp\/v2\/pages\/19933","targetHints":{"allow":["GET"]}}],"collection":[{"href":"https:\/\/biblioteka.sum.edu.pl\/en\/wp-json\/wp\/v2\/pages"}],"about":[{"href":"https:\/\/biblioteka.sum.edu.pl\/en\/wp-json\/wp\/v2\/types\/page"}],"author":[{"embeddable":true,"href":"https:\/\/biblioteka.sum.edu.pl\/en\/wp-json\/wp\/v2\/users\/3"}],"replies":[{"embeddable":true,"href":"https:\/\/biblioteka.sum.edu.pl\/en\/wp-json\/wp\/v2\/comments?post=19933"}],"version-history":[{"count":31,"href":"https:\/\/biblioteka.sum.edu.pl\/en\/wp-json\/wp\/v2\/pages\/19933\/revisions"}],"predecessor-version":[{"id":28354,"href":"https:\/\/biblioteka.sum.edu.pl\/en\/wp-json\/wp\/v2\/pages\/19933\/revisions\/28354"}],"up":[{"embeddable":true,"href":"https:\/\/biblioteka.sum.edu.pl\/en\/wp-json\/wp\/v2\/pages\/132"}],"wp:attachment":[{"href":"https:\/\/biblioteka.sum.edu.pl\/en\/wp-json\/wp\/v2\/media?parent=19933"}],"wp:term":[{"taxonomy":"category","embeddable":true,"href":"https:\/\/biblioteka.sum.edu.pl\/en\/wp-json\/wp\/v2\/categories?post=19933"},{"taxonomy":"post_tag","embeddable":true,"href":"https:\/\/biblioteka.sum.edu.pl\/en\/wp-json\/wp\/v2\/tags?post=19933"}],"curies":[{"name":"wp","href":"https:\/\/api.w.org\/{rel}","templated":true}]}}