{"id":19868,"date":"2023-11-27T13:32:30","date_gmt":"2023-11-27T12:32:30","guid":{"rendered":"https:\/\/biblioteka2.sum.edu.pl\/?page_id=19868"},"modified":"2023-11-27T13:32:30","modified_gmt":"2023-11-27T12:32:30","slug":"lex-wolters-kluwer","status":"publish","type":"page","link":"https:\/\/biblioteka.sum.edu.pl\/en\/lex-wolters-kluwer\/","title":{"rendered":"Lex Wolters Kluwer"},"content":{"rendered":"<h2 class=\"wp-block-heading\">Baza &#8211; Lex Wolters Kluwer<\/h2>\n\n\n\n<p>W celu uzyskania dost\u0119pu do platformy LEX nale\u017cy:<\/p>\n\n\n\n<ul class=\"wp-block-list\">\n<li>przej\u015b\u0107 do strony wydawcy &#8211; <a href=\"https:\/\/www.lex.pl\/\">https:\/\/www.lex.pl\/<\/a><\/li>\n\n\n\n<li>wybra\u0107 ikon\u0119 \u201eLogowanie do LEX\u201d (prawy g\u00f3rny r\u00f3g), a nast\u0119pnie klikn\u0105\u0107 w dost\u0119p przez IP,<\/li>\n\n\n\n<li>w serwisie logowania pojawi si\u0119 opcja wej\u015bcia do dw\u00f3ch serwis\u00f3w Wolters Kluwers,<\/li>\n\n\n\n<li>nale\u017cy klikn\u0105\u0107 w ikon\u0119 o nazwie LEX (Czasopisma Premium, Komentarze, Prawo Cywilne i 12 pakiet\u00f3w wi\u0119cej).<\/li>\n<\/ul>","protected":false},"excerpt":{"rendered":"<p>Baza &#8211; Lex Wolters Kluwer W celu uzyskania dost\u0119pu do platformy LEX nale\u017cy:<\/p>","protected":false},"author":3,"featured_media":0,"parent":0,"menu_order":0,"comment_status":"closed","ping_status":"closed","template":"","meta":{"_eb_attr":"","footnotes":""},"categories":[],"tags":[],"class_list":["post-19868","page","type-page","status-publish","hentry"],"publishpress_future_action":{"enabled":false,"date":"2026-04-12 16:14:09","action":"change-status","newStatus":"draft","terms":[],"taxonomy":"category","extraData":[]},"publishpress_future_workflow_manual_trigger":{"enabledWorkflows":[]},"_links":{"self":[{"href":"https:\/\/biblioteka.sum.edu.pl\/en\/wp-json\/wp\/v2\/pages\/19868","targetHints":{"allow":["GET"]}}],"collection":[{"href":"https:\/\/biblioteka.sum.edu.pl\/en\/wp-json\/wp\/v2\/pages"}],"about":[{"href":"https:\/\/biblioteka.sum.edu.pl\/en\/wp-json\/wp\/v2\/types\/page"}],"author":[{"embeddable":true,"href":"https:\/\/biblioteka.sum.edu.pl\/en\/wp-json\/wp\/v2\/users\/3"}],"replies":[{"embeddable":true,"href":"https:\/\/biblioteka.sum.edu.pl\/en\/wp-json\/wp\/v2\/comments?post=19868"}],"version-history":[{"count":2,"href":"https:\/\/biblioteka.sum.edu.pl\/en\/wp-json\/wp\/v2\/pages\/19868\/revisions"}],"predecessor-version":[{"id":19870,"href":"https:\/\/biblioteka.sum.edu.pl\/en\/wp-json\/wp\/v2\/pages\/19868\/revisions\/19870"}],"wp:attachment":[{"href":"https:\/\/biblioteka.sum.edu.pl\/en\/wp-json\/wp\/v2\/media?parent=19868"}],"wp:term":[{"taxonomy":"category","embeddable":true,"href":"https:\/\/biblioteka.sum.edu.pl\/en\/wp-json\/wp\/v2\/categories?post=19868"},{"taxonomy":"post_tag","embeddable":true,"href":"https:\/\/biblioteka.sum.edu.pl\/en\/wp-json\/wp\/v2\/tags?post=19868"}],"curies":[{"name":"wp","href":"https:\/\/api.w.org\/{rel}","templated":true}]}}