{"id":19795,"date":"2023-11-24T14:45:04","date_gmt":"2023-11-24T13:45:04","guid":{"rendered":"https:\/\/biblioteka2.sum.edu.pl\/?page_id=19795"},"modified":"2024-10-12T09:44:20","modified_gmt":"2024-10-12T07:44:20","slug":"ramowe-porozumienie-z-bs","status":"publish","type":"page","link":"https:\/\/biblioteka.sum.edu.pl\/en\/projekty-4\/ramowe-porozumienie-z-bs\/","title":{"rendered":"Framework agreement with the&nbsp;Silesian Library"},"content":{"rendered":"<h3 class=\"wp-block-heading\">Agreement on cooperation between SUM and the Silesian Library<\/h3>\n\n\n\n<p>The Medical University of Silesia in Katowice signed a framework agreement with the <strong>Silesian Library<\/strong> on December 1st, 2021.<\/p>\n\n\n\n<p>Within the framework of the Agreement, the parties declare their mutual support and cooperation in stimulating public interest in medical sciences, with particular emphasis on research conducted in Silesian centres, strengthening circles involved in the popularisation of medical knowledge, building public awareness of the need for health protection and promotion.<\/p>\n\n\n\n<p>The aim of the collaboration is to:<\/p>\n\n\n\n<ul class=\"wp-block-list\">\n<li>implementation of joint projects to popularise medical science,<\/li>\n\n\n\n<li>organisation of exhibitions, lectures and seminars,<\/li>\n\n\n\n<li>publication of popular science publications.<\/li>\n<\/ul>\n\n\n\n<p>The agreement provides for the Silesian Medical University to support the Silesian Library in terms of content, access to the collections of the SUM Library and the SUM Museum of Medicine and Pharmacy, as well as organisational support in the implementation of joint projects related to the dissemination of medical knowledge and the popularisation of the history of medicine in Silesia.<\/p>\n\n\n\n<p>The Silesian Library has pledged to provide access to the collection and infrastructure (digitisation and digitalisation facilities), as well as organisational support for joint projects.<\/p>","protected":false},"excerpt":{"rendered":"<p>Porozumienie o wsp\u00f3\u0142pracy pomi\u0119dzy \u015aUM a Bibliotek\u0105 \u015al\u0105sk\u0105 \u015al\u0105ski Uniwersytet Medyczny w Katowicach w dniu 1 grudnia 2021 r. podpisa\u0142 z Bibliotek\u0105 \u015al\u0105sk\u0105 porozumienie ramowe. W ramach Porozumienia strony deklaruj\u0105 wzajemne wsparcie i wsp\u00f3\u0142prac\u0119 w pobudzaniu spo\u0142ecznego zainteresowania naukami medycznymi, ze szczeg\u00f3lnym uwzgl\u0119dnieniem bada\u0144 prowadzonych w \u015bl\u0105skich o\u015brodkach, wzmacnianiu \u015brodowisk zajmuj\u0105cych si\u0119 popularyzacj\u0105 wiedzy medycznej, [&hellip;]<\/p>","protected":false},"author":7,"featured_media":0,"parent":19753,"menu_order":0,"comment_status":"closed","ping_status":"closed","template":"","meta":{"_eb_attr":"","footnotes":""},"categories":[],"tags":[],"class_list":["post-19795","page","type-page","status-publish","hentry"],"publishpress_future_action":{"enabled":false,"date":"2026-04-12 19:17:04","action":"change-status","newStatus":"draft","terms":[],"taxonomy":"category","extraData":[]},"publishpress_future_workflow_manual_trigger":{"enabledWorkflows":[]},"_links":{"self":[{"href":"https:\/\/biblioteka.sum.edu.pl\/en\/wp-json\/wp\/v2\/pages\/19795","targetHints":{"allow":["GET"]}}],"collection":[{"href":"https:\/\/biblioteka.sum.edu.pl\/en\/wp-json\/wp\/v2\/pages"}],"about":[{"href":"https:\/\/biblioteka.sum.edu.pl\/en\/wp-json\/wp\/v2\/types\/page"}],"author":[{"embeddable":true,"href":"https:\/\/biblioteka.sum.edu.pl\/en\/wp-json\/wp\/v2\/users\/7"}],"replies":[{"embeddable":true,"href":"https:\/\/biblioteka.sum.edu.pl\/en\/wp-json\/wp\/v2\/comments?post=19795"}],"version-history":[{"count":8,"href":"https:\/\/biblioteka.sum.edu.pl\/en\/wp-json\/wp\/v2\/pages\/19795\/revisions"}],"predecessor-version":[{"id":25007,"href":"https:\/\/biblioteka.sum.edu.pl\/en\/wp-json\/wp\/v2\/pages\/19795\/revisions\/25007"}],"up":[{"embeddable":true,"href":"https:\/\/biblioteka.sum.edu.pl\/en\/wp-json\/wp\/v2\/pages\/19753"}],"wp:attachment":[{"href":"https:\/\/biblioteka.sum.edu.pl\/en\/wp-json\/wp\/v2\/media?parent=19795"}],"wp:term":[{"taxonomy":"category","embeddable":true,"href":"https:\/\/biblioteka.sum.edu.pl\/en\/wp-json\/wp\/v2\/categories?post=19795"},{"taxonomy":"post_tag","embeddable":true,"href":"https:\/\/biblioteka.sum.edu.pl\/en\/wp-json\/wp\/v2\/tags?post=19795"}],"curies":[{"name":"wp","href":"https:\/\/api.w.org\/{rel}","templated":true}]}}