{"id":19793,"date":"2023-11-24T14:44:32","date_gmt":"2023-11-24T13:44:32","guid":{"rendered":"https:\/\/biblioteka2.sum.edu.pl\/?page_id=19793"},"modified":"2024-10-12T09:42:33","modified_gmt":"2024-10-12T07:42:33","slug":"dzialalnosc-upowszechniajaca-nauke-dun","status":"publish","type":"page","link":"https:\/\/biblioteka.sum.edu.pl\/en\/projekty-4\/dzialalnosc-upowszechniajaca-nauke-dun\/","title":{"rendered":"Activities promoting science (DUN)"},"content":{"rendered":"<h3 class=\"wp-block-heading\">Activities promoting science (DUN)<\/h3>\n\n\n\n<p><\/p>\n\n\n\n<figure class=\"wp-block-image size-large\"><img loading=\"lazy\" decoding=\"async\" width=\"1024\" height=\"588\" src=\"https:\/\/biblioteka.sum.edu.pl\/wp-content\/uploads\/2024\/01\/ministerstwo-nauki-1024x588.jpg\" alt=\"\" class=\"wp-image-21112\" srcset=\"https:\/\/biblioteka.sum.edu.pl\/wp-content\/uploads\/2024\/01\/ministerstwo-nauki-1024x588.jpg 1024w, https:\/\/biblioteka.sum.edu.pl\/wp-content\/uploads\/2024\/01\/ministerstwo-nauki-300x172.jpg 300w, https:\/\/biblioteka.sum.edu.pl\/wp-content\/uploads\/2024\/01\/ministerstwo-nauki-768x441.jpg 768w, https:\/\/biblioteka.sum.edu.pl\/wp-content\/uploads\/2024\/01\/ministerstwo-nauki-18x10.jpg 18w, https:\/\/biblioteka.sum.edu.pl\/wp-content\/uploads\/2024\/01\/ministerstwo-nauki.jpg 1044w\" sizes=\"auto, (max-width: 1024px) 100vw, 1024px\" \/><\/figure>\n\n\n\n<p><\/p>\n\n\n\n<p>The Library of the Medical University of Silesia in Katowice in 2018 received funding from the Ministry of Science and Higher Education in the field of promoting science (DUN) for the task 'Digitalisation and dissemination of unique materials on the history of medicine in Upper Silesia and Cieszyn Silesia from the collection of the Main Library of the Medical University of Silesia in Katowice - a task financed under agreement No. 584\/P-DUN\/2018 of 18.06.2018 from the funds of the Ministry of Science and Higher Education earmarked for promoting of science'.<br>The project has digitised (all works only in Polish):<\/p>\n\n\n\n<ul class=\"wp-block-list\">\n<li>J\u00f3zef Polak's <a href=\"https:\/\/www.sbc.org.pl\/dlibra\/publication\/345488\/edition\/326385\" data-type=\"link\" data-id=\"https:\/\/www.sbc.org.pl\/dlibra\/publication\/345488\/edition\/326385\" target=\"_blank\" rel=\"noreferrer noopener\">O znaczeniu sztuki lekarskiej i o stanowisku lekarzy<\/a> (Warsaw 1883),<\/li>\n\n\n\n<li>Adam Bendarski's <a href=\"https:\/\/www.sbc.org.pl\/dlibra\/publication\/345754\/edition\/326638\" data-type=\"link\" data-id=\"https:\/\/www.sbc.org.pl\/dlibra\/publication\/345754\/edition\/326638\" target=\"_blank\" rel=\"noreferrer noopener\">Okulistyka zio\u0142opis\u00f3w polskich w XVI i na pocz\u0105tku XVII wieku<\/a> (Lviv 1917),<\/li>\n\n\n\n<li>anonymous <a href=\"https:\/\/www.sbc.org.pl\/dlibra\/publication\/346643\/edition\/327498\" data-type=\"link\" data-id=\"https:\/\/www.sbc.org.pl\/dlibra\/publication\/346643\/edition\/327498\" target=\"_blank\" rel=\"noreferrer noopener\">Zak\u0142ad zdrojowo-k\u0105pielowy Ryman\u00f3w. Solanka jodo-bromowa w Galicyi<\/a> (Lviv 1894),<\/li>\n\n\n\n<li>manucript <a href=\"https:\/\/www.sbc.org.pl\/dlibra\/publication\/345799#structure\" data-type=\"link\" data-id=\"https:\/\/www.sbc.org.pl\/dlibra\/publication\/345799#structure\" target=\"_blank\" rel=\"noreferrer noopener\">[Receptariusz apteczny Szpitala Chor\u00f3b P\u0142ucnych w Cieszynie],<\/a><\/li>\n\n\n\n<li>colection: <a href=\"https:\/\/www.sbc.org.pl\/dlibra\/publication\/345781#structure\" data-type=\"link\" data-id=\"https:\/\/www.sbc.org.pl\/dlibra\/publication\/345781#structure\" target=\"_blank\" rel=\"noreferrer noopener\">Kartoteka nekrolog\u00f3w os\u00f3b zwi\u0105zanych z medycyn\u0105 na G\u00f3rnym \u015al\u0105sku z prasy regionalnej i fachowej za lata 1988\u20132017<\/a>established at the SUM Main Library.<\/li>\n<\/ul>\n\n\n\n<p>The digitised materials have been placed in the resources of the Silesian Digital Library.<\/p>\n\n\n\n<p><\/p>\n\n\n\n<hr class=\"wp-block-separator has-alpha-channel-opacity is-style-wide\"\/>\n\n\n\n<p class=\"translation-block\">In 2014, the Library of the Silesian Medical University in Katowice received funding from the Ministry of Science and Higher Education from the scope of activities promoting science (DUN), for the implementation of the task \"Digitisation and posting of Internet of unique materials concerning the history of medicine of Upper Silesia and Cieszyn Region from the collection of the Main Library of the Medical University of Silesia in Katowice\".<\/p>\n\n\n\n<p>The digitised materials have been placed in the collection of <a href=\"https:\/\/www.sbc.org.pl\/en\/dlibra\/results?q=&amp;action=SimpleSearchAction&amp;type=-6&amp;p=0&amp;qf1=collections:75\" data-type=\"link\" data-id=\"https:\/\/www.sbc.org.pl\/dlibra\/results?q=&amp;action=SimpleSearchAction&amp;type=-6&amp;p=0&amp;qf1=collections:75\" target=\"_blank\" rel=\"noreferrer noopener\">Silesian Digital Library<\/a>.<\/p>\n\n\n\n<p><\/p>\n\n\n\n<hr class=\"wp-block-separator has-alpha-channel-opacity is-style-wide\"\/>\n\n\n\n<p>The Library of the Medical University of Silesia in Katowice received funding from the Ministry of Science and Higher Education in 2014 from the scope of activities promoting science (DUN), for the task 'Purchase of a bibliographic-factographic conversion service for the works database of the Documentation Centre for the History of Medicine and Pharmacy of Upper Silesia to the Aleph500 programme'.<\/p>\n\n\n\n<p><a href=\"https:\/\/katalog.sum.edu.pl\/F?func=file&amp;file_name=base-list-cdm01&amp;local_base=cdm01\" data-type=\"link\" data-id=\"https:\/\/aleph.sum.edu.pl\/F?func=file&amp;file_name=base-list-cdm01&amp;local_base=cdm01\" target=\"_blank\" rel=\"noreferrer noopener\">Enter the resource<\/a><\/p>","protected":false},"excerpt":{"rendered":"<p>Dzia\u0142alno\u015b\u0107 Upowszechniaj\u0105ca Nauk\u0119 (DUN) Biblioteka \u015al\u0105skiego Uniwersytetu Medycznego w Katowicach w 2018 roku otrzyma\u0142a dofinansowanie z Ministerstwa Nauki i Szkolnictwa Wy\u017cszego z zakresu dzia\u0142alno\u015bci upowszechniaj\u0105cej nauk\u0119 (DUN), na realizacj\u0119 zadania \u201eDigitalizacja i upowszechnienie unikatowych materia\u0142\u00f3w dotycz\u0105cych historii medycyny na G\u00f3rnym \u015al\u0105sku i \u015al\u0105sku Cieszy\u0144skim ze zbior\u00f3w Biblioteki G\u0142\u00f3wnej \u015al\u0105skiego Uniwersytetu Medycznego w Katowicach \u2013 zadanie [&hellip;]<\/p>","protected":false},"author":6,"featured_media":0,"parent":19753,"menu_order":0,"comment_status":"closed","ping_status":"closed","template":"","meta":{"_eb_attr":"","footnotes":""},"categories":[],"tags":[],"class_list":["post-19793","page","type-page","status-publish","hentry"],"publishpress_future_action":{"enabled":false,"date":"2026-04-12 19:17:04","action":"change-status","newStatus":"draft","terms":[],"taxonomy":"category","extraData":[]},"publishpress_future_workflow_manual_trigger":{"enabledWorkflows":[]},"_links":{"self":[{"href":"https:\/\/biblioteka.sum.edu.pl\/en\/wp-json\/wp\/v2\/pages\/19793","targetHints":{"allow":["GET"]}}],"collection":[{"href":"https:\/\/biblioteka.sum.edu.pl\/en\/wp-json\/wp\/v2\/pages"}],"about":[{"href":"https:\/\/biblioteka.sum.edu.pl\/en\/wp-json\/wp\/v2\/types\/page"}],"author":[{"embeddable":true,"href":"https:\/\/biblioteka.sum.edu.pl\/en\/wp-json\/wp\/v2\/users\/6"}],"replies":[{"embeddable":true,"href":"https:\/\/biblioteka.sum.edu.pl\/en\/wp-json\/wp\/v2\/comments?post=19793"}],"version-history":[{"count":8,"href":"https:\/\/biblioteka.sum.edu.pl\/en\/wp-json\/wp\/v2\/pages\/19793\/revisions"}],"predecessor-version":[{"id":25005,"href":"https:\/\/biblioteka.sum.edu.pl\/en\/wp-json\/wp\/v2\/pages\/19793\/revisions\/25005"}],"up":[{"embeddable":true,"href":"https:\/\/biblioteka.sum.edu.pl\/en\/wp-json\/wp\/v2\/pages\/19753"}],"wp:attachment":[{"href":"https:\/\/biblioteka.sum.edu.pl\/en\/wp-json\/wp\/v2\/media?parent=19793"}],"wp:term":[{"taxonomy":"category","embeddable":true,"href":"https:\/\/biblioteka.sum.edu.pl\/en\/wp-json\/wp\/v2\/categories?post=19793"},{"taxonomy":"post_tag","embeddable":true,"href":"https:\/\/biblioteka.sum.edu.pl\/en\/wp-json\/wp\/v2\/tags?post=19793"}],"curies":[{"name":"wp","href":"https:\/\/api.w.org\/{rel}","templated":true}]}}