{"id":19791,"date":"2023-11-24T14:43:27","date_gmt":"2023-11-24T13:43:27","guid":{"rendered":"https:\/\/biblioteka2.sum.edu.pl\/?page_id=19791"},"modified":"2024-10-12T09:38:43","modified_gmt":"2024-10-12T07:38:43","slug":"cialo-czlowieka-bez-tajemnic","status":"publish","type":"page","link":"https:\/\/biblioteka.sum.edu.pl\/en\/projekty-4\/cialo-czlowieka-bez-tajemnic\/","title":{"rendered":"Human body without secrets"},"content":{"rendered":"<h3 class=\"wp-block-heading\">Human body without secrets<\/h3>\n\n\n\n<p>Projekt &#8222;Cia\u0142o cz\u0142owieka bez tajemnic&#8221; zrealizowany zosta\u0142 ze \u015brodk\u00f3w Ministerstwa Edukacji i Nauki na podstawie umowy nr SONP\/SP\/548813\/2022 z dnia 23.12.2022 r.<\/p>\n\n\n\n<p>Name of project: \"The human body without secrets\"; amount of funds: PLN 80 266.83.<br>Planned period of implementation: November 1st 2022 - October 31st 2024.<\/p>\n\n\n\n<p>The project \"<strong>Human body without secrets<\/strong>\" was an activity that combined learning about anatomy with improving skills in using various sources of information. It was aimed at pupils in the seventh and eighth grades of primary schools and secondary school students.<\/p>\n\n\n\n<p>Over the course of five meetings, led by specialists from the Department of Anatomy of the Faculty of Health Sciences in Katowice and the SUM Library Branch in Katowice-Ligota, participants learnt the ins and outs of various organ systems and gained skills in searching for reliable and credible information.<\/p>\n\n\n\n<p>The project implemented a modern form of classes using multimedia techniques (films, e-books from the SUM Library, databases, slide shows and interactive animations) and anatomical models (virtual - in the form of 3D atlases, as well as traditional ones). The aim of the project was to demonstrate the attractiveness of modern science and to promote among students an attitude of actively developing their interests and expanding their knowledge in a competent manner.<\/p>\n\n\n\n<p>The project was carried out in collaboration with the Centre for Distance Learning and Analysis of Educational Outcomes at the SUM and the Department of Anatomy of the Faculty of Health Sciences in Katowice.<\/p>\n\n\n\n<p>Class topics:<\/p>\n\n\n\n<p>Topic no. 1<\/p>\n\n\n\n<ul class=\"wp-block-list\">\n<li>Musculoskeletal system<\/li>\n\n\n\n<li>Introduction to information research<\/li>\n<\/ul>\n\n\n\n<p>Topic no. 2<\/p>\n\n\n\n<ul class=\"wp-block-list\">\n<li>Circulatory system<\/li>\n\n\n\n<li>Searching for valuable information in traditional collections<\/li>\n<\/ul>\n\n\n\n<p>Topic no. 3<\/p>\n\n\n\n<ul class=\"wp-block-list\">\n<li>Digestive system<\/li>\n\n\n\n<li>Medical database research<\/li>\n<\/ul>\n\n\n\n<p>Topic no. 4<\/p>\n\n\n\n<ul class=\"wp-block-list\">\n<li>Nervous system<\/li>\n\n\n\n<li>Researching library e-collections<\/li>\n<\/ul>\n\n\n\n<p>Topic no. 5<\/p>\n\n\n\n<ul class=\"wp-block-list\">\n<li>Respiratory system<\/li>\n\n\n\n<li>Summary of all research methods concluding with a library challenge<\/li>\n<\/ul>\n\n\n\n<p>See more:<\/p>\n\n\n\n<p><a href=\"https:\/\/cialoczlowieka.sum.edu.pl\/\" target=\"_blank\" rel=\"noreferrer noopener\">https:\/\/cialoczlowieka.sum.edu.pl\/<\/a><\/p>\n\n\n\n<p><\/p>\n\n\n\n<figure class=\"wp-block-image size-large\"><a href=\"https:\/\/cialoczlowieka.sum.edu.pl\/\" target=\"_blank\" rel=\"noreferrer noopener\"><img loading=\"lazy\" decoding=\"async\" width=\"1024\" height=\"208\" src=\"https:\/\/biblioteka.sum.edu.pl\/wp-content\/uploads\/2024\/01\/Baner_cialo_czlowieka_bez_tajemnic-1024x208.png\" alt=\"\" class=\"wp-image-21261\" srcset=\"https:\/\/biblioteka.sum.edu.pl\/wp-content\/uploads\/2024\/01\/Baner_cialo_czlowieka_bez_tajemnic-1024x208.png 1024w, https:\/\/biblioteka.sum.edu.pl\/wp-content\/uploads\/2024\/01\/Baner_cialo_czlowieka_bez_tajemnic-300x61.png 300w, https:\/\/biblioteka.sum.edu.pl\/wp-content\/uploads\/2024\/01\/Baner_cialo_czlowieka_bez_tajemnic-768x156.png 768w, https:\/\/biblioteka.sum.edu.pl\/wp-content\/uploads\/2024\/01\/Baner_cialo_czlowieka_bez_tajemnic-1536x312.png 1536w, https:\/\/biblioteka.sum.edu.pl\/wp-content\/uploads\/2024\/01\/Baner_cialo_czlowieka_bez_tajemnic-18x4.png 18w, https:\/\/biblioteka.sum.edu.pl\/wp-content\/uploads\/2024\/01\/Baner_cialo_czlowieka_bez_tajemnic.png 1920w\" sizes=\"auto, (max-width: 1024px) 100vw, 1024px\" \/><\/a><\/figure>","protected":false},"excerpt":{"rendered":"<p>Projekt Cia\u0142o cz\u0142owieka bez tajemnic Projekt &#8222;Cia\u0142o cz\u0142owieka bez tajemnic&#8221; zrealizowany zosta\u0142 ze \u015brodk\u00f3w Ministerstwa Edukacji i Nauki na podstawie umowy nr SONP\/SP\/548813\/2022 z dnia 23.12.2022 r. Nazwa projektu: \u201eCia\u0142o cz\u0142owieka bez tajemnic\u201d; kwota \u015brodk\u00f3w: 80 266,83 z\u0142.Planowany okres realizacji: 01.11.2022 \u2013 31.10.2024 Projekt \u201eCia\u0142o cz\u0142owieka bez tajemnic\u201d to zaj\u0119cia, kt\u00f3re \u0142\u0105czy\u0142y nauk\u0119 anatomii z [&hellip;]<\/p>","protected":false},"author":7,"featured_media":0,"parent":19753,"menu_order":0,"comment_status":"closed","ping_status":"closed","template":"","meta":{"_eb_attr":"","footnotes":""},"categories":[],"tags":[],"class_list":["post-19791","page","type-page","status-publish","hentry"],"publishpress_future_action":{"enabled":false,"date":"2026-04-12 19:17:09","action":"change-status","newStatus":"draft","terms":[],"taxonomy":"category","extraData":[]},"publishpress_future_workflow_manual_trigger":{"enabledWorkflows":[]},"_links":{"self":[{"href":"https:\/\/biblioteka.sum.edu.pl\/en\/wp-json\/wp\/v2\/pages\/19791","targetHints":{"allow":["GET"]}}],"collection":[{"href":"https:\/\/biblioteka.sum.edu.pl\/en\/wp-json\/wp\/v2\/pages"}],"about":[{"href":"https:\/\/biblioteka.sum.edu.pl\/en\/wp-json\/wp\/v2\/types\/page"}],"author":[{"embeddable":true,"href":"https:\/\/biblioteka.sum.edu.pl\/en\/wp-json\/wp\/v2\/users\/7"}],"replies":[{"embeddable":true,"href":"https:\/\/biblioteka.sum.edu.pl\/en\/wp-json\/wp\/v2\/comments?post=19791"}],"version-history":[{"count":9,"href":"https:\/\/biblioteka.sum.edu.pl\/en\/wp-json\/wp\/v2\/pages\/19791\/revisions"}],"predecessor-version":[{"id":25004,"href":"https:\/\/biblioteka.sum.edu.pl\/en\/wp-json\/wp\/v2\/pages\/19791\/revisions\/25004"}],"up":[{"embeddable":true,"href":"https:\/\/biblioteka.sum.edu.pl\/en\/wp-json\/wp\/v2\/pages\/19753"}],"wp:attachment":[{"href":"https:\/\/biblioteka.sum.edu.pl\/en\/wp-json\/wp\/v2\/media?parent=19791"}],"wp:term":[{"taxonomy":"category","embeddable":true,"href":"https:\/\/biblioteka.sum.edu.pl\/en\/wp-json\/wp\/v2\/categories?post=19791"},{"taxonomy":"post_tag","embeddable":true,"href":"https:\/\/biblioteka.sum.edu.pl\/en\/wp-json\/wp\/v2\/tags?post=19791"}],"curies":[{"name":"wp","href":"https:\/\/api.w.org\/{rel}","templated":true}]}}