{"id":19789,"date":"2023-11-24T14:42:02","date_gmt":"2023-11-24T13:42:02","guid":{"rendered":"https:\/\/biblioteka2.sum.edu.pl\/?page_id=19789"},"modified":"2024-09-05T10:46:49","modified_gmt":"2024-09-05T08:46:49","slug":"sumienny-student","status":"publish","type":"page","link":"https:\/\/biblioteka.sum.edu.pl\/en\/projekty-4\/sumienny-student\/","title":{"rendered":"SUMienny student"},"content":{"rendered":"<h3 class=\"wp-block-heading\">\"Conscientious student\" project<\/h3>\n\n\n\n<p>The aim of the project is to disseminate knowledge on the history of medicine and pharmacy, to familiarise young people with ancient and modern pharmaceuticals, therapeutic methods, diagnostic methods, herbalism and herbal medicine. The main purpose of the didactic content prepared in the project is to promote the study of medicine in the Upper Silesia, emphasising the role of the medical profession and its social responsibility as a profession of high public trust. Classes for secondary school students were held in several thematic modules:<\/p>\n\n\n\n<ul class=\"wp-block-list\">\n<li>\"Medicines from the old pharmacy\"<\/li>\n\n\n\n<li>\"Action Resuscitation\"<\/li>\n\n\n\n<li>\"Naturotherapy\"<\/li>\n\n\n\n<li>\"What a drop of blood hides\"<\/li>\n\n\n\n<li>\"Deaf or deaf mute\"<\/li>\n<\/ul>\n\n\n\n<p>Given the opportunity to study at a University with traditions, the project will present the history of the duration of the medical professions chosen by the young people of the Metropolis, and future students will be introduced to the skills that doctors and pharmacists used to have in relation to modern research methods.<\/p>\n\n\n\n<p>The project \"Conscientious student - History of medicine and pharmacy in theory and practice from A to Z\" has been co-financed by the Upper Silesian and Zag\u0142\u0119bie Metropolis within the framework of the Programme \"Metropolitan Fund for Support of Science\" in the years 2022-2024.<\/p>\n\n\n\n<figure class=\"wp-block-image size-large\"><img loading=\"lazy\" decoding=\"async\" width=\"1024\" height=\"724\" src=\"https:\/\/biblioteka.sum.edu.pl\/wp-content\/uploads\/2024\/01\/10HOR-1024x724.jpg\" alt=\"\" class=\"wp-image-21265\" srcset=\"https:\/\/biblioteka.sum.edu.pl\/wp-content\/uploads\/2024\/01\/10HOR-1024x724.jpg 1024w, https:\/\/biblioteka.sum.edu.pl\/wp-content\/uploads\/2024\/01\/10HOR-300x212.jpg 300w, https:\/\/biblioteka.sum.edu.pl\/wp-content\/uploads\/2024\/01\/10HOR-768x543.jpg 768w, https:\/\/biblioteka.sum.edu.pl\/wp-content\/uploads\/2024\/01\/10HOR-1536x1086.jpg 1536w, https:\/\/biblioteka.sum.edu.pl\/wp-content\/uploads\/2024\/01\/10HOR-18x12.jpg 18w, https:\/\/biblioteka.sum.edu.pl\/wp-content\/uploads\/2024\/01\/10HOR.jpg 1588w\" sizes=\"auto, (max-width: 1024px) 100vw, 1024px\" \/><\/figure>\n\n\n\n<figure class=\"wp-block-image size-large\"><img loading=\"lazy\" decoding=\"async\" width=\"1024\" height=\"724\" src=\"https:\/\/biblioteka.sum.edu.pl\/wp-content\/uploads\/2024\/01\/11HOR-1024x724.jpg\" alt=\"\" class=\"wp-image-21266\" srcset=\"https:\/\/biblioteka.sum.edu.pl\/wp-content\/uploads\/2024\/01\/11HOR-1024x724.jpg 1024w, https:\/\/biblioteka.sum.edu.pl\/wp-content\/uploads\/2024\/01\/11HOR-300x212.jpg 300w, https:\/\/biblioteka.sum.edu.pl\/wp-content\/uploads\/2024\/01\/11HOR-768x543.jpg 768w, https:\/\/biblioteka.sum.edu.pl\/wp-content\/uploads\/2024\/01\/11HOR-1536x1086.jpg 1536w, https:\/\/biblioteka.sum.edu.pl\/wp-content\/uploads\/2024\/01\/11HOR-18x12.jpg 18w, https:\/\/biblioteka.sum.edu.pl\/wp-content\/uploads\/2024\/01\/11HOR.jpg 1588w\" sizes=\"auto, (max-width: 1024px) 100vw, 1024px\" \/><\/figure>","protected":false},"excerpt":{"rendered":"<p>Projekt SUMienny student Cel projektu to upowszechnianie wiedzy z zakresu historii medycyny i farmacji, zapoznanie m\u0142odzie\u017cy z dawnymi i wsp\u00f3\u0142czesnymi \u015brodkami farmaceutycznymi, metodami leczniczymi, metodami diagnostycznymi, zielarstwem i zio\u0142olecznictwem. G\u0142\u00f3wnym przeznaczeniem przygotowanych w projekcie tre\u015bci dydaktycznych jest promocja studiowania na kierunkach medycznych w GZM z podkre\u015bleniem roli zawod\u00f3w medycznych i ich odpowiedzialno\u015bci spo\u0142ecznej jako zawod\u00f3w [&hellip;]<\/p>","protected":false},"author":7,"featured_media":0,"parent":19753,"menu_order":0,"comment_status":"closed","ping_status":"closed","template":"","meta":{"_eb_attr":"","footnotes":""},"categories":[],"tags":[],"class_list":["post-19789","page","type-page","status-publish","hentry"],"publishpress_future_action":{"enabled":false,"date":"2026-04-12 19:17:23","action":"change-status","newStatus":"draft","terms":[],"taxonomy":"category","extraData":[]},"publishpress_future_workflow_manual_trigger":{"enabledWorkflows":[]},"_links":{"self":[{"href":"https:\/\/biblioteka.sum.edu.pl\/en\/wp-json\/wp\/v2\/pages\/19789","targetHints":{"allow":["GET"]}}],"collection":[{"href":"https:\/\/biblioteka.sum.edu.pl\/en\/wp-json\/wp\/v2\/pages"}],"about":[{"href":"https:\/\/biblioteka.sum.edu.pl\/en\/wp-json\/wp\/v2\/types\/page"}],"author":[{"embeddable":true,"href":"https:\/\/biblioteka.sum.edu.pl\/en\/wp-json\/wp\/v2\/users\/7"}],"replies":[{"embeddable":true,"href":"https:\/\/biblioteka.sum.edu.pl\/en\/wp-json\/wp\/v2\/comments?post=19789"}],"version-history":[{"count":4,"href":"https:\/\/biblioteka.sum.edu.pl\/en\/wp-json\/wp\/v2\/pages\/19789\/revisions"}],"predecessor-version":[{"id":24442,"href":"https:\/\/biblioteka.sum.edu.pl\/en\/wp-json\/wp\/v2\/pages\/19789\/revisions\/24442"}],"up":[{"embeddable":true,"href":"https:\/\/biblioteka.sum.edu.pl\/en\/wp-json\/wp\/v2\/pages\/19753"}],"wp:attachment":[{"href":"https:\/\/biblioteka.sum.edu.pl\/en\/wp-json\/wp\/v2\/media?parent=19789"}],"wp:term":[{"taxonomy":"category","embeddable":true,"href":"https:\/\/biblioteka.sum.edu.pl\/en\/wp-json\/wp\/v2\/categories?post=19789"},{"taxonomy":"post_tag","embeddable":true,"href":"https:\/\/biblioteka.sum.edu.pl\/en\/wp-json\/wp\/v2\/tags?post=19789"}],"curies":[{"name":"wp","href":"https:\/\/api.w.org\/{rel}","templated":true}]}}